{"id":403,"date":"2018-09-03T15:41:46","date_gmt":"2018-09-03T18:41:46","guid":{"rendered":"https:\/\/www3.unicentro.br\/petquimica\/?page_id=403"},"modified":"2025-09-09T20:10:58","modified_gmt":"2025-09-09T23:10:58","slug":"editais","status":"publish","type":"page","link":"https:\/\/www3.unicentro.br\/petquimica\/editais\/","title":{"rendered":"Editais"},"content":{"rendered":"<div class=\"wpb-content-wrapper\"><p>[vc_row][vc_column][vc_custom_heading text=&#8221;EDITAIS&#8221; font_container=&#8221;tag:h2|font_size:60|text_align:center|color:%23b20000&#8243; google_fonts=&#8221;font_family:Arimo%3Aregular%2Citalic%2C700%2C700italic|font_style:700%20bold%20regular%3A700%3Anormal&#8221;][vc_column_text]<\/p>\n<p style=\"text-align: justify\"><span style=\"color: #000000;font-size: 14pt;font-family: georgia, palatino, serif\">Nesta p\u00e1gina voc\u00ea pode acompanhar todas as aberturas de edital para sele\u00e7\u00e3o de novos membros do PET Qu\u00edmica, acompanhe!<\/span><\/p>\n<p>[\/vc_column_text][\/vc_column][\/vc_row][vc_row][vc_column][vc_empty_space][vc_zigzag][vc_custom_heading text=&#8221;ABERTOS&#8221; font_container=&#8221;tag:h2|font_size:30|text_align:center|color:%23aa0000&#8243; google_fonts=&#8221;font_family:Arimo%3Aregular%2Citalic%2C700%2C700italic|font_style:700%20bold%20regular%3A700%3Anormal&#8221;][vc_column_text css=&#8221;&#8221;]<\/p>\n<h3 class=\"single-content-title\">Edital N\u00b0 03\/2025 \u2013 PET-Qu\u00edmica \u2013 Sele\u00e7\u00e3o de novos PETianos<\/h3>\n<h2 class=\"single-content-title\"><a href=\"https:\/\/www3.unicentro.br\/petquimica\/wp-content\/uploads\/sites\/39\/2025\/09\/Edital_PETQuimica_3x.pdf\"><span style=\"color: #0000ff\"><strong>Edital N\u00b0 03\/2025 \u2013 PET-Qu\u00edmica \u2013 Sele\u00e7\u00e3o de novos PETianos<\/strong><\/span><\/a><\/h2>\n<p>[\/vc_column_text][vc_row_inner][vc_column_inner][vc_empty_space][\/vc_column_inner][\/vc_row_inner][vc_zigzag][vc_custom_heading text=&#8221;FECHADOS&#8221; font_container=&#8221;tag:h2|font_size:30|text_align:center|color:%23aa0000&#8243; google_fonts=&#8221;font_family:Arimo%3Aregular%2Citalic%2C700%2C700italic|font_style:700%20bold%20regular%3A700%3Anormal&#8221;][vc_column_text css=&#8221;&#8221;]<\/p>\n<h3 class=\"single-content-title\">Edital N\u00b0 02\/2025 \u2013 PET-Qu\u00edmica \u2013 Resultado final<\/h3>\n<h3><\/h3>\n<h2 class=\"single-content-title\"><span style=\"color: #993300\"><em><a style=\"color: #993300\" href=\"https:\/\/www3.unicentro.br\/petquimica\/wp-content\/uploads\/sites\/39\/2025\/06\/2025-EDITAL-2-RESULTADO-FINAL.pdf\"><span style=\"text-decoration: underline\">2025 &#8211; EDITAL 2 &#8211; RESULTADO FINAL<\/span><\/a><\/em><\/span><\/h2>\n<p>[\/vc_column_text][vc_separator][vc_column_text css=&#8221;&#8221;]<\/p>\n<h3 class=\"single-content-title\">Edital N\u00b0 02\/2025 \u2013 PET-Qu\u00edmica \u2013 Convoca\u00e7\u00e3o para a etapa de prova escrita e entrevista<\/h3>\n<h3><\/h3>\n<h2 class=\"single-content-title\"><span style=\"text-decoration: underline;color: #993300\"><em><a style=\"color: #993300;text-decoration: underline\" href=\"https:\/\/www3.unicentro.br\/petquimica\/wp-content\/uploads\/sites\/39\/2025\/06\/2025-CONVOCACAO.pdf\" target=\"_blank\" rel=\"noopener\">Edital N\u00b0 02\/2025 \u2013 PET-Qu\u00edmica \u2013 Convoca\u00e7\u00e3o<\/a><\/em><\/span><\/h2>\n<p>[\/vc_column_text][vc_separator][vc_column_text css=&#8221;&#8221;]<\/p>\n<h3 class=\"single-content-title\">Edital N\u00b0 02\/2025 \u2013 PET-Qu\u00edmica \u2013 Homologa\u00e7\u00e3o das Inscri\u00e7\u00f5es do processe seletivo 02 de 2025<\/h3>\n<h3><\/h3>\n<h2 class=\"single-content-title\"><span style=\"color: #993300\"><em><a style=\"color: #993300\" href=\"https:\/\/www3.unicentro.br\/petquimica\/wp-content\/uploads\/sites\/39\/2025\/06\/2025-EDITAL-2-HOMOLOGACAO-DAS-INSCRICOES.pdf\">2025 &#8211; EDITAL 2 &#8211; HOMOLOGACAO<\/a><\/em> <em><a style=\"color: #993300\" href=\"https:\/\/www3.unicentro.br\/petquimica\/wp-content\/uploads\/sites\/39\/2025\/06\/2025-EDITAL-2-HOMOLOGACAO-DAS-INSCRICOES.pdf\">DAS<\/a><\/em><em><a style=\"color: #993300\" href=\"https:\/\/www3.unicentro.br\/petquimica\/wp-content\/uploads\/sites\/39\/2025\/06\/2025-EDITAL-2-HOMOLOGACAO-DAS-INSCRICOES.pdf\"> INSCRICOES<\/a><\/em><\/span><\/h2>\n<p>[\/vc_column_text][vc_column_text css=&#8221;&#8221;]<\/p>\n<h3 class=\"single-content-title\">Edital N\u00b0 02\/2025 \u2013 PET-Qu\u00edmica \u2013 Sele\u00e7\u00e3o de novos PETianos<\/h3>\n<h2 class=\"single-content-title\"><span style=\"text-decoration: underline;color: #0000ff\"><em><a href=\"https:\/\/www3.unicentro.br\/petquimica\/wp-content\/uploads\/sites\/39\/2025\/05\/2025-ABERTURA-EDITAL-2-QUIMICA.pdf\" target=\"_blank\" rel=\"noopener\"><span style=\"color: #0000ff;text-decoration: underline\"><span style=\"color: #993300;text-decoration: underline\">Abertura de processo seletivo de discente para participar do programa de educa\u00e7\u00e3o tutorial &#8211; PET\/Qu\u00edmica 2025<\/span><\/span><\/a><\/em><\/span><\/h2>\n<p>[\/vc_column_text][vc_column_text css=&#8221;&#8221;]<\/p>\n<h3 class=\"single-content-title\">Edital N\u00b0 01\/2025 \u2013 PET-Qu\u00edmica \u2013 Sele\u00e7\u00e3o de novos PETianos<\/h3>\n<h2 class=\"single-content-title\"><span style=\"text-decoration: underline;color: #993300\"><em><a style=\"color: #993300;text-decoration: underline\" href=\"https:\/\/www3.unicentro.br\/petquimica\/wp-content\/uploads\/sites\/39\/2025\/04\/Homologacao-do-reesultado-da-selecao-de-academicos-para-o-Programa-de-Educacao-Tutorial-PET-Quimica-.pdf\">Homologa\u00e7\u00e3o do resultado da sele\u00e7\u00e3o de acad\u00eamicos para o Programa de Educa\u00e7\u00e3o Tutorial-PET Qu\u00edmica<\/a><\/em><\/span><\/h2>\n<p>[\/vc_column_text][vc_column_text css=&#8221;&#8221;]<\/p>\n<h3 class=\"single-content-title\">Edital N\u00b0 01\/2025 \u2013 PET-Qu\u00edmica \u2013 Sele\u00e7\u00e3o de novos PETianos<\/h3>\n<h2 class=\"single-content-title\"><span style=\"text-decoration: underline;color: #993300\"><em><a style=\"color: #993300;text-decoration: underline\" href=\"https:\/\/www3.unicentro.br\/petquimica\/wp-content\/uploads\/sites\/39\/2025\/03\/2025-HOMOLOGACAO-DAS-INSCRICOES.pdf\">2025 &#8211; HOMOLOGACAO DAS INSCRICOES<\/a><\/em><\/span><\/h2>\n<p>&nbsp;<\/p>\n<p>[\/vc_column_text][vc_column_text css=&#8221;&#8221;]<\/p>\n<h3 class=\"single-content-title\">Edital N\u00b0 01\/2025 \u2013 PET-Qu\u00edmica \u2013 Sele\u00e7\u00e3o de novos PETianos<\/h3>\n<h2 class=\"single-content-title\"><span style=\"text-decoration: underline;color: #993300\"><em><a style=\"color: #993300;text-decoration: underline\" href=\"https:\/\/www3.unicentro.br\/petquimica\/wp-content\/uploads\/sites\/39\/2025\/03\/Edital-No-1-2025-Selecao-de-novos-PETianos.pdf\">Edital N\u00ba 1\/2025-Sele\u00e7\u00e3o de novos PETianos<\/a><\/em><\/span><\/h2>\n<p>[\/vc_column_text][vc_column_text]<\/p>\n<h3 class=\"single-content-title\">Edital N\u00b0 04\/2023 \u2013 PET-Qu\u00edmica \u2013 Homologa\u00e7\u00e3o bolsista PET Qu\u00edmica<\/h3>\n<h2 class=\"single-content-title\"><span style=\"color: #993300\"><a style=\"color: #993300\" href=\"https:\/\/www3.unicentro.br\/petquimica\/wp-content\/uploads\/sites\/39\/2023\/06\/Edital-2423-Homologacao-bolsista-PET-Quimica.pdf\">Edital 2423 &#8211; Homologa\u00e7\u00e3o bolsista PET Qu\u00edmica<\/a><\/span><\/h2>\n<p>[\/vc_column_text][vc_column_text]<\/p>\n<h2><span style=\"font-size: 18pt;color: #000000\">Sele\u00e7\u00e3o 1\u00ba semestre letivo 2022:<\/span><\/h2>\n<h2 class=\"single-content-title\">Edital N\u00b0 03\/2023 \u2013 PET-Qu\u00edmica \u2013 Da homologa\u00e7\u00e3o das incri\u00e7\u00f5es<\/h2>\n<h2 class=\"single-content-title\"><span style=\"font-size: 12pt;color: #800000\"><a style=\"color: #800000\" href=\"https:\/\/www3.unicentro.br\/petquimica\/wp-content\/uploads\/sites\/39\/2023\/05\/2023-HOMOLOGACAO-DAS-INSCRICOES-EDITAL-3-QUIMICA-1.pdf\">2023 &#8211; HOMOLOGACAO DAS INSCRICOES &#8211; EDITAL 3 &#8211; QUIMICA<\/a><\/span><\/h2>\n<p>[\/vc_column_text][vc_column_text]<span style=\"font-size: 18pt;color: #000000\">Sele\u00e7\u00e3o 1\u00ba semestre letivo 2022:<\/span><\/p>\n<p style=\"text-align: left\">*Obs: o edital abaixo ser\u00e1 prorrogado e um novo edital estar\u00e1 dispon\u00edvel em breve! Ainda assim ja \u00e9 poss\u00edvel fazer sua inscri\u00e7\u00e3o, entre em contato com o grupo.<\/p>\n<p><span style=\"color: #800000;font-size: 14pt\"><a style=\"color: #800000\" href=\"https:\/\/www3.unicentro.br\/petquimica\/wp-content\/uploads\/sites\/39\/2022\/06\/20220610132152968.pdf\">-Edital de sele\u00e7\u00e3o de novos petianos 1\u00ba semestre 2022<\/a><\/span>[\/vc_column_text][vc_column_text]<span style=\"font-size: 18pt;color: #000000\">Sele\u00e7\u00e3o 1\u00ba semestre letivo 2022:<\/span><\/p>\n<p style=\"text-align: left\">*Obs: o edital abaixo ser\u00e1 prorrogado e um novo edital estar\u00e1 dispon\u00edvel em breve! Ainda assim ja \u00e9 poss\u00edvel fazer sua inscri\u00e7\u00e3o, entre em contato com o grupo.<\/p>\n<p><span style=\"color: #800000;font-size: 14pt\"><a style=\"color: #800000\" href=\"https:\/\/www3.unicentro.br\/petquimica\/wp-content\/uploads\/sites\/39\/2022\/06\/20220610132152968.pdf\">-Edital de sele\u00e7\u00e3o de novos petianos 1\u00ba semestre 2022<\/a><\/span>[\/vc_column_text][\/vc_column][vc_column][\/vc_column][\/vc_row][vc_row][vc_column][vc_custom_heading text=&#8221;EDITAIS ANTERIORES&#8221; font_container=&#8221;tag:h2|font_size:30|text_align:center|color:%23aa0000&#8243; google_fonts=&#8221;font_family:Arimo%3Aregular%2Citalic%2C700%2C700italic|font_style:700%20bold%20regular%3A700%3Anormal&#8221;][vc_column_text]<span style=\"color: #000000;font-size: 14pt;font-family: georgia, palatino, serif\">Sele\u00e7\u00e3o 1\u00ba semestre de 2021:<\/span><\/p>\n<p><span style=\"font-size: 14pt;color: #800000\">&#8211;<span style=\"text-decoration: underline\"><span style=\"font-family: georgia, palatino, serif\"><a style=\"color: #800000;text-decoration: underline\" href=\"https:\/\/www3.unicentro.br\/petquimica\/wp-content\/uploads\/sites\/39\/2021\/07\/EDITAL-PET-2021-2-Convocacao-para-Segunda-etapa-1.pdf\">Convoca\u00e7\u00e3o dos candidatos para a entrevista do processo seletivo-2021<\/a><\/span><\/span><\/span><\/p>\n<p><span style=\"font-family: georgia, palatino, serif\"><a href=\"https:\/\/www3.unicentro.br\/petquimica\/wp-content\/uploads\/sites\/39\/2021\/07\/EDITAL-PET-2021-1-Selecao-QUIMICA-REMOTO.pdf\"><span style=\"font-size: 14pt;color: #800000\">&#8211;<\/span><\/a><\/span><span style=\"text-decoration: underline\"><span style=\"font-family: georgia, palatino, serif\"><a href=\"https:\/\/www3.unicentro.br\/petquimica\/wp-content\/uploads\/sites\/39\/2021\/07\/EDITAL-PET-2021-1-Selecao-QUIMICA-REMOTO.pdf\"><span style=\"font-size: 14pt;color: #800000;text-decoration: underline\">Abertura de edital de sele\u00e7\u00e3o remota para novos Petianos &#8211; 2021<\/span><\/a><\/span><\/span>[\/vc_column_text][vc_column_text]<span style=\"color: #000000;font-size: 14pt;font-family: georgia, palatino, serif\">Sele\u00e7\u00e3o 1\u00ba semestre de 2020:<\/span><\/p>\n<p><a href=\"https:\/\/www3.unicentro.br\/petquimica\/wp-content\/uploads\/sites\/39\/2020\/11\/EDITAL_13-2020-PROEN-PET_homologacao-QUIMICA.pdf\">&#8211;<span style=\"text-decoration: underline\"><span style=\"font-size: 14pt;color: #800000;font-family: georgia, palatino, serif;text-decoration: underline\">Resultado da sele\u00e7\u00e3o de novos petianos 2020<\/span><\/span><\/a><\/p>\n<p style=\"text-align: justify\"><span style=\"color: #000000;font-size: 14pt;font-family: georgia, palatino, serif\">Sele\u00e7\u00e3o 1\u00ba semestre de 2019:<\/span><\/p>\n<p><span style=\"font-size: 14pt;color: #000000;font-family: georgia, palatino, serif\">\u00a0&#8211; <span style=\"color: #800000\"><a style=\"color: #800000\" href=\"https:\/\/www3.unicentro.br\/petquimica\/wp-content\/uploads\/sites\/39\/2019\/02\/edital_quimica.pdf\"><span style=\"text-decoration: underline\">Abertura de sele\u00e7\u00e3o PET Qu\u00edmica 2019\/1<\/span><\/a><\/span>.<\/span><\/p>\n<p><span style=\"font-size: 14pt;color: #000000;font-family: georgia, palatino, serif\">\u00a0&#8211;\u00a0<a href=\"https:\/\/www3.unicentro.br\/petquimica\/wp-content\/uploads\/sites\/39\/2019\/03\/homo_quimica-1.pdf\"><span style=\"text-decoration: underline;color: #800000\">Resultado sele\u00e7\u00e3o PET Qu\u00edmica 2019\/1<\/span><\/a>.<\/span><\/p>\n<p style=\"text-align: justify\"><span style=\"color: #000000;font-size: 14pt;font-family: georgia, palatino, serif\">Sele\u00e7\u00e3o 2\u00ba semestre de 2018:<\/span><\/p>\n<p><span style=\"font-size: 14pt;color: #000000;font-family: georgia, palatino, serif\">\u00a0&#8211; <span style=\"text-decoration: underline\"><a href=\"https:\/\/www3.unicentro.br\/petquimica\/wp-content\/uploads\/sites\/39\/2018\/09\/Edital_002_AberturadeSelecao_agosto_2018.pdf\"><span style=\"color: #800000;text-decoration: underline\">Abertura de sele\u00e7\u00e3o PET Qu\u00edmica 2018\/2<\/span><\/a><\/span>.<\/span><\/p>\n<p style=\"text-align: justify\"><span style=\"font-size: 14pt;color: #000000;font-family: georgia, palatino, serif\">\u00a0&#8211; <a href=\"https:\/\/www3.unicentro.br\/petquimica\/wp-content\/uploads\/sites\/39\/2018\/09\/homo_quimica.pdf\"><span style=\"text-decoration: underline\"><span style=\"color: #800000;text-decoration: underline\">Resultado sele\u00e7\u00e3o 2018\/2<\/span><\/span><\/a>.<\/span><\/p>\n<p>[\/vc_column_text][\/vc_column][\/vc_row]<\/p>\n<\/div>","protected":false},"excerpt":{"rendered":"<p>[vc_row][vc_column][vc_custom_heading text=&#8221;EDITAIS&#8221; font_container=&#8221;tag:h2|font_size:60|text_align:center|color:%23b20000&#8243; google_fonts=&#8221;font_family:Arimo%3Aregular%2Citalic%2C700%2C700italic|font_style:700%20bold%20regular%3A700%3Anormal&#8221;][vc_column_text] Nesta p\u00e1gina voc\u00ea pode acompanhar todas as aberturas de edital para sele\u00e7\u00e3o de novos membros do PET Qu\u00edmica, acompanhe! [\/vc_column_text][\/vc_column][\/vc_row][vc_row][vc_column][vc_empty_space][vc_zigzag][vc_custom_heading text=&#8221;ABERTOS&#8221; font_container=&#8221;tag:h2|font_size:30|text_align:center|color:%23aa0000&#8243; google_fonts=&#8221;font_family:Arimo%3Aregular%2Citalic%2C700%2C700italic|font_style:700%20bold%20regular%3A700%3Anormal&#8221;][vc_column_text css=&#8221;&#8221;] Edital N\u00b0 03\/2025 \u2013 PET-Qu\u00edmica \u2013 Sele\u00e7\u00e3o de novos PETianos Edital N\u00b0 03\/2025 \u2013 PET-Qu\u00edmica \u2013 Sele\u00e7\u00e3o de novos PETianos [\/vc_column_text][vc_row_inner][vc_column_inner][vc_empty_space][\/vc_column_inner][\/vc_row_inner][vc_zigzag][vc_custom_heading text=&#8221;FECHADOS&#8221; font_container=&#8221;tag:h2|font_size:30|text_align:center|color:%23aa0000&#8243; google_fonts=&#8221;font_family:Arimo%3Aregular%2Citalic%2C700%2C700italic|font_style:700%20bold%20regular%3A700%3Anormal&#8221;][vc_column_text css=&#8221;&#8221;] Edital N\u00b0 [&hellip;]<\/p>\n","protected":false},"author":115,"featured_media":0,"parent":0,"menu_order":0,"comment_status":"closed","ping_status":"closed","template":"","meta":{"_exactmetrics_skip_tracking":false,"_exactmetrics_sitenote_active":false,"_exactmetrics_sitenote_note":"","_exactmetrics_sitenote_category":0,"footnotes":"","_links_to":"","_links_to_target":""},"class_list":["post-403","page","type-page","status-publish","hentry"],"_links":{"self":[{"href":"https:\/\/www3.unicentro.br\/petquimica\/wp-json\/wp\/v2\/pages\/403","targetHints":{"allow":["GET"]}}],"collection":[{"href":"https:\/\/www3.unicentro.br\/petquimica\/wp-json\/wp\/v2\/pages"}],"about":[{"href":"https:\/\/www3.unicentro.br\/petquimica\/wp-json\/wp\/v2\/types\/page"}],"author":[{"embeddable":true,"href":"https:\/\/www3.unicentro.br\/petquimica\/wp-json\/wp\/v2\/users\/115"}],"replies":[{"embeddable":true,"href":"https:\/\/www3.unicentro.br\/petquimica\/wp-json\/wp\/v2\/comments?post=403"}],"version-history":[{"count":2,"href":"https:\/\/www3.unicentro.br\/petquimica\/wp-json\/wp\/v2\/pages\/403\/revisions"}],"predecessor-version":[{"id":1186,"href":"https:\/\/www3.unicentro.br\/petquimica\/wp-json\/wp\/v2\/pages\/403\/revisions\/1186"}],"wp:attachment":[{"href":"https:\/\/www3.unicentro.br\/petquimica\/wp-json\/wp\/v2\/media?parent=403"}],"curies":[{"name":"wp","href":"https:\/\/api.w.org\/{rel}","templated":true}]}}