{"id":27,"date":"2018-06-20T08:47:41","date_gmt":"2018-06-20T11:47:41","guid":{"rendered":"https:\/\/www3.unicentro.br\/petquimica\/?page_id=27"},"modified":"2020-07-04T13:38:12","modified_gmt":"2020-07-04T16:38:12","slug":"o-que-e-o-pet","status":"publish","type":"page","link":"https:\/\/www3.unicentro.br\/petquimica\/quem-somos\/o-que-e-o-pet\/","title":{"rendered":"O que \u00e9 o PET?"},"content":{"rendered":"<div class=\"wpb-content-wrapper\"><p>[vc_row][vc_column][vc_custom_heading text=&#8221;PET&#8221; font_container=&#8221;tag:h2|font_size:50|text_align:center|color:%23bc0000&#8243; google_fonts=&#8221;font_family:Arimo%3Aregular%2Citalic%2C700%2C700italic|font_style:700%20bold%20regular%3A700%3Anormal&#8221;][\/vc_column][\/vc_row][vc_row][vc_column][vc_column_text]<\/p>\n<p style=\"text-align: justify\"><span style=\"color: #000000\"><span style=\"font-family: georgia, palatino, serif;font-size: 14pt\">\u00a0 \u00a0 \u00a0O Programa de Educa\u00e7\u00e3o Tutorial (PET) \u00e9 um programa que envolve tr\u00eas pilares, sendo eles pesquisa, ensino e extens\u00e3o. O mesmo \u00e9 desenvolvido por grupos de estudantes, com tutoria de um docente, organizados a partir de forma\u00e7\u00f5es em n\u00edvel de gradua\u00e7\u00e3o nas Institui\u00e7\u00f5es de Ensino Superior do Pa\u00eds. M<\/span><span style=\"font-family: georgia, palatino, serif;font-size: 14pt\">ant\u00e9m suas atividades por tempo indeterminado. No entanto, os seus membros possuem um tempo m\u00e1ximo de v\u00ednculo: ao bolsista de gradua\u00e7\u00e3o \u00e9 permitida a perman\u00eancia at\u00e9 a conclus\u00e3o da sua gradua\u00e7\u00e3o e, ao tutor, por um per\u00edodo de, no m\u00e1ximo, seis anos, desde que obedecidas as normas do Programa.<\/span><\/span><\/p>\n<p style=\"text-align: justify\"><span style=\"font-family: georgia, palatino, serif;font-size: 14pt;color: #000000\">\u00a0 \u00a0 \u00a0A Universidade Estadual do Centro-Oeste (UNICENTRO) conta com oito grupos PET, de diversos cursos de gradua\u00e7\u00e3o, sendo eles: Agronomia, Engenharias (Ambiental e Florestal), Filosofia, F\u00edsica, Geografia, Hist\u00f3ria, Letras e Qu\u00edmica.<\/span><\/p>\n<p style=\"text-align: justify\"><span style=\"font-family: georgia, palatino, serif;font-size: 14pt;color: #000000\">\u00a0 \u00a0 \u00a0O grupo PET Qu\u00edmica existe desde 2010 e atua principalmente nas \u00e1reas de ensino e extens\u00e3o. As atividades realizadas pelo PET Qu\u00edmica v\u00e3o desde monitorias para alunos da gradua\u00e7\u00e3o, a minicursos e oficinas ministrados em col\u00e9gios estaduais da cidade. Vale ressaltar tamb\u00e9m que o PET tamb\u00e9m realiza alguns trabalhos sociais. Al\u00e9m disso, os membros do grupo realizam pesquisas individuais em \u00e1reas especificas.<\/span><\/p>\n<p><span style=\"font-family: arial, helvetica, sans-serif;color: #000000\">\u00a0 \u00a0 <\/span>[\/vc_column_text][\/vc_column][\/vc_row]<\/p>\n<\/div>","protected":false},"excerpt":{"rendered":"<p>[vc_row][vc_column][vc_custom_heading text=&#8221;PET&#8221; font_container=&#8221;tag:h2|font_size:50|text_align:center|color:%23bc0000&#8243; google_fonts=&#8221;font_family:Arimo%3Aregular%2Citalic%2C700%2C700italic|font_style:700%20bold%20regular%3A700%3Anormal&#8221;][\/vc_column][\/vc_row][vc_row][vc_column][vc_column_text] \u00a0 \u00a0 \u00a0O Programa de Educa\u00e7\u00e3o Tutorial (PET) \u00e9 um programa que envolve tr\u00eas pilares, sendo eles pesquisa, ensino e extens\u00e3o. O mesmo \u00e9 desenvolvido por grupos de estudantes, com tutoria de um docente, organizados a partir de forma\u00e7\u00f5es em n\u00edvel de gradua\u00e7\u00e3o nas Institui\u00e7\u00f5es de Ensino Superior do Pa\u00eds. Mant\u00e9m [&hellip;]<\/p>\n","protected":false},"author":3,"featured_media":0,"parent":819,"menu_order":1,"comment_status":"closed","ping_status":"closed","template":"","meta":{"_exactmetrics_skip_tracking":false,"_exactmetrics_sitenote_active":false,"_exactmetrics_sitenote_note":"","_exactmetrics_sitenote_category":0,"footnotes":"","_links_to":"","_links_to_target":""},"class_list":["post-27","page","type-page","status-publish","hentry"],"_links":{"self":[{"href":"https:\/\/www3.unicentro.br\/petquimica\/wp-json\/wp\/v2\/pages\/27","targetHints":{"allow":["GET"]}}],"collection":[{"href":"https:\/\/www3.unicentro.br\/petquimica\/wp-json\/wp\/v2\/pages"}],"about":[{"href":"https:\/\/www3.unicentro.br\/petquimica\/wp-json\/wp\/v2\/types\/page"}],"author":[{"embeddable":true,"href":"https:\/\/www3.unicentro.br\/petquimica\/wp-json\/wp\/v2\/users\/3"}],"replies":[{"embeddable":true,"href":"https:\/\/www3.unicentro.br\/petquimica\/wp-json\/wp\/v2\/comments?post=27"}],"version-history":[{"count":0,"href":"https:\/\/www3.unicentro.br\/petquimica\/wp-json\/wp\/v2\/pages\/27\/revisions"}],"up":[{"embeddable":true,"href":"https:\/\/www3.unicentro.br\/petquimica\/wp-json\/wp\/v2\/pages\/819"}],"wp:attachment":[{"href":"https:\/\/www3.unicentro.br\/petquimica\/wp-json\/wp\/v2\/media?parent=27"}],"curies":[{"name":"wp","href":"https:\/\/api.w.org\/{rel}","templated":true}]}}