{"id":23,"date":"2018-06-19T17:15:22","date_gmt":"2018-06-19T20:15:22","guid":{"rendered":"https:\/\/www3.unicentro.br\/petquimica\/?page_id=23"},"modified":"2025-03-26T16:59:28","modified_gmt":"2025-03-26T19:59:28","slug":"inicial","status":"publish","type":"page","link":"https:\/\/www3.unicentro.br\/petquimica\/","title":{"rendered":"Home"},"content":{"rendered":"<div class=\"wpb-content-wrapper\"><p>[vc_row][vc_column][vc_single_image image=&#8221;683&#8243; alignment=&#8221;center&#8221;][\/vc_column][\/vc_row][vc_row][vc_column]    <div class=\"un-heading un-heading-heading_1972 \" data-delay=0>\n    \t<div class=\"un-heading-wrap\">\n            <span class=\"un-heading-line un-heading-before\"><span><\/span><\/span>\n                            <span class='btn btn-default btn-lg btn-lighter un-heading-content'>\n                            Informa\u00e7\u00f5es                            <\/span>\n                        <span class=\"un-heading-line un-heading-after\"><span><\/span><\/span>\n        <\/div>\n        <div class=\"clearfix\"><\/div>\n    <\/div>\n    [\/vc_column][\/vc_row][vc_row][vc_column][vc_column_text css=&#8221;&#8221;]<\/p>\n<p style=\"text-align: center\"><span style=\"font-family: georgia, palatino, serif;font-size: 24pt;color: #800000\">RECEP\u00c7\u00c3O DOS CALOUROS<\/span><\/p>\n<p>[\/vc_column_text][vc_column_text css_animation=&#8221;bounceIn&#8221; css=&#8221;&#8221;]<span style=\"font-weight: 400\">A atividade contou com a elabora\u00e7\u00e3o de slides pelos petianos, com conte\u00fado sobre o Grupo PET que foi apresentado tanto para o bacharel no per\u00edodo matutino quanto para a licenciatura no per\u00edodo noturno. Essa apresenta\u00e7\u00e3o teve o intuito de mostrar as atividades que o Grupo PET desenvolve, al\u00e9m de realizar um convite para os calouros, para que eles participassem do programa. A recep\u00e7\u00e3o tamb\u00e9m teve como objetivo promover a integra\u00e7\u00e3o com os novos alunos, para que eles se sentissem acolhidos pelos colegas acad\u00eamicos. A\u00e7\u00f5es como essa podem ajudar na diminui\u00e7\u00e3o de evas\u00e3o do curso de Qu\u00edmica e esclarecer d\u00favidas frequentes entre os calouros.<\/span>[\/vc_column_text][vc_images_carousel images=&#8221;1154,1155,1156,1157&#8243; img_size=&#8221;720X560&#8243; css=&#8221;&#8221;][vc_separator border_width=&#8221;2&#8243; css=&#8221;&#8221;][vc_column_text css=&#8221;&#8221;]<\/p>\n<p style=\"text-align: center\"><span style=\"font-family: georgia, palatino, serif;font-size: 24pt;color: #800000\">APRESENTA\u00c7\u00c3O DE EXPERIMENTOS EM COL\u00c9GIOS<\/span><\/p>\n<p>[\/vc_column_text][vc_column_text css_animation=&#8221;bounceIn&#8221; css=&#8221;&#8221;]<\/p>\n<p style=\"text-align: justify\">O Grupo PET Qu\u00edmica realizou apresenta\u00e7\u00f5es de experimentos qu\u00edmicos vis\u00edveis para estudantes do ensino m\u00e9dio, com o objetivo de despertar o interesse pela ci\u00eancia e demonstrar a aplica\u00e7\u00e3o pr\u00e1tica da qu\u00edmica no cotidiano. Foram realizados experimentos que chamaram a aten\u00e7\u00e3o pela visualidade e interatividade. Os alunos puderam observar os fen\u00f4menos qu\u00edmicos de perto, al\u00e9m de participar de discuss\u00f5es sobre os conceitos envolvidos. A atividade foi avaliada como um sucesso, tanto pelo engajamento dos estudantes quanto pela motiva\u00e7\u00e3o gerada para o estudo da qu\u00edmica. A iniciativa refor\u00e7ou a import\u00e2ncia de a\u00e7\u00f5es extensionistas que aproximam a universidade da comunidade escolar.<\/p>\n<p>[\/vc_column_text][vc_images_carousel images=&#8221;1134,1135,1136,1137,1138,1139,1140,1141&#8243; img_size=&#8221;720X560&#8243; css=&#8221;&#8221;][vc_column_text css=&#8221;&#8221;]<\/p>\n<p style=\"text-align: center\"><span style=\"font-family: georgia, palatino, serif;font-size: 24pt;color: #800000\">MINICURSO DE CALCULADORA CIENT\u00cdFICA<\/span><\/p>\n<p>[\/vc_column_text][vc_column_text css_animation=&#8221;bounceIn&#8221; css=&#8221;&#8221;]<\/p>\n<p style=\"text-align: justify\">O Grupo PET Qu\u00edmica promoveu um minicurso sobre o uso de calculadoras cient\u00edficas, com o objetivo de capacitar os participantes a utilizarem esse recurso de forma eficiente em c\u00e1lculos e an\u00e1lises. Durante o minicurso, foram abordadas fun\u00e7\u00f5es b\u00e1sicas e intermedi\u00e1rias, al\u00e9m de dicas para otimizar o tempo em provas e atividades pr\u00e1ticas. Os participantes tiveram a oportunidade de praticar com exemplos reais, esclarecendo d\u00favidas e explorando as funcionalidades das calculadoras. O feedback foi extremamente positivo, destacando a relev\u00e2ncia do conte\u00fado para o desempenho acad\u00eamico. O minicurso refor\u00e7ou a import\u00e2ncia de dominar ferramentas que facilitam o aprendizado e a aplica\u00e7\u00e3o da qu\u00edmica e \u00e1reas afins.<\/p>\n<p>[\/vc_column_text][vc_images_carousel images=&#8221;1130,1131,1132,1133&#8243; img_size=&#8221;720X560&#8243; css=&#8221;&#8221;][vc_column_text css=&#8221;&#8221;]<\/p>\n<p style=\"text-align: center\"><span style=\"font-family: georgia, palatino, serif;font-size: 24pt;color: #800000\">TREINAMENTO PARA O EAIC<\/span><\/p>\n<p>[\/vc_column_text][vc_column_text css_animation=&#8221;bounceIn&#8221; css=&#8221;&#8221;]<\/p>\n<p style=\"text-align: justify\">O Grupo PET Qu\u00edmica realizou um treinamento preparat\u00f3rio para o Encontro Anual de Inicia\u00e7\u00e3o Cient\u00edfica (EAIC), com o objetivo de capacitar os membros para a apresenta\u00e7\u00e3o de trabalhos e participa\u00e7\u00e3o no evento. Durante a atividade, foram abordados temas como elabora\u00e7\u00e3o de p\u00f4steres, t\u00e9cnicas de apresenta\u00e7\u00e3o oral e normas de submiss\u00e3o de resumos. Os participantes tamb\u00e9m simularam apresenta\u00e7\u00f5es, recebendo feedbacks construtivos para aprimorar sua comunica\u00e7\u00e3o e confian\u00e7a. O treinamento refor\u00e7ou a import\u00e2ncia da prepara\u00e7\u00e3o para eventos cient\u00edficos, contribuindo para o desenvolvimento acad\u00eamico e profissional dos integrantes. A atividade foi avaliada como essencial para o sucesso da participa\u00e7\u00e3o no EAIC.<\/p>\n<p>[\/vc_column_text][vc_images_carousel images=&#8221;1128,1129&#8243; img_size=&#8221;720X560&#8243; css=&#8221;&#8221;][vc_column_text css=&#8221;&#8221;]<\/p>\n<p style=\"text-align: center\"><span style=\"font-family: georgia, palatino, serif;font-size: 24pt;color: #800000\">VISITA T\u00c9CNICA NA CERVEJARIA<\/span><\/p>\n<p>[\/vc_column_text][vc_column_text css_animation=&#8221;bounceIn&#8221; css=&#8221;&#8221;]<\/p>\n<p style=\"text-align: justify\">Alguns os membros do Grupo PET Qu\u00edmica realizaram uma visita t\u00e9cnica \u00e0 cervejaria Ambev Adri\u00e1tica, com o objetivo de ampliar o conhecimento sobre processos industriais e aplica\u00e7\u00f5es pr\u00e1ticas da qu\u00edmica. Durante a atividade, os participantes acompanharam as etapas de produ\u00e7\u00e3o, desde a sele\u00e7\u00e3o de mat\u00e9rias-primas at\u00e9 o envase, com destaque para os controles de qualidade e an\u00e1lises qu\u00edmicas envolvidas. A visita proporcionou um aprendizado significativo, integrando teoria e pr\u00e1tica, al\u00e9m de refor\u00e7ar a import\u00e2ncia da qu\u00edmica em setores industriais. O grupo destacou a relev\u00e2ncia da experi\u00eancia para a forma\u00e7\u00e3o acad\u00eamica e a motiva\u00e7\u00e3o para futuras pesquisas e aplica\u00e7\u00f5es na \u00e1rea.<\/p>\n<p>[\/vc_column_text][vc_images_carousel images=&#8221;1125,1126,1127&#8243; img_size=&#8221;720X560&#8243; css=&#8221;&#8221;][vc_column_text css=&#8221;&#8221;]<\/p>\n<p style=\"text-align: center\"><span style=\"font-family: georgia, palatino, serif;font-size: 24pt;color: #800000\">UM DIA COMO UNIVERSIT\u00c1RIO<\/span><\/p>\n<p>[\/vc_column_text][vc_column_text css_animation=&#8221;bounceIn&#8221; css=&#8221;&#8221;]<\/p>\n<p style=\"text-align: justify\">Durante o evento, os participantes visitaram salas de aula, laborat\u00f3rios e espa\u00e7os de conviv\u00eancia, al\u00e9m de interagir com estudantes e professores em rodas de conversa. A atividade buscou motivar os jovens, mostrando as oportunidades acad\u00eamicas e profissionais que o ensino superior oferece. O feedback dos participantes foi positivo, destacando o entusiasmo e a clareza sobre as possibilidades de futuro. A iniciativa refor\u00e7ou a import\u00e2ncia de a\u00e7\u00f5es que aproximam a universidade da comunidade.<\/p>\n<p>[\/vc_column_text][vc_images_carousel images=&#8221;1120,1121,1122,1123,1124&#8243; img_size=&#8221;720X560&#8243; css=&#8221;&#8221;][vc_column_text css=&#8221;&#8221;]<\/p>\n<p style=\"text-align: center\"><span style=\"font-family: georgia, palatino, serif;font-size: 24pt;color: #800000\">OFICINA DE QU\u00cdMICA FORENSE<\/span><\/p>\n<p>[\/vc_column_text][vc_column_text css_animation=&#8221;bounceIn&#8221; css=&#8221;&#8221;]<\/p>\n<p style=\"text-align: justify\"><span style=\"font-weight: 400;font-size: 14pt;color: #000000\">No dia 20 de setembro, foi realizada uma oficina de Qu\u00edmica Forense, com a participa\u00e7\u00e3o de alunos interessados em aprender sobre os procedimentos t\u00e9cnicos utilizados em investiga\u00e7\u00f5es criminais.\u00a0 <\/span><span style=\"font-weight: 400;color: #000000;font-size: 14pt\">O objetivo principal da oficina foi demonstrar, de forma pr\u00e1tica, como a ci\u00eancia pode auxiliar na resolu\u00e7\u00e3o de crimes. Para isso, os alunos foram expostos a t\u00e9cnicas como an\u00e1lise da cena do crime, entrevistas de suspeitos e experimentos para obten\u00e7\u00e3o de provas, para que chegassem ao \u201cculpado\u201d.<\/span><\/p>\n<p>[\/vc_column_text][vc_images_carousel images=&#8221;1103,1104,1105,1106,1107,1102&#8243; img_size=&#8221;720X560&#8243; css=&#8221;&#8221;][\/vc_column][vc_column][vc_column_text css=&#8221;&#8221;]<\/p>\n<p style=\"text-align: center\"><span style=\"color: #870808;font-family: arial, helvetica, sans-serif\"><span style=\"font-size: 24px\"><b>PRODU\u00c7\u00c3O DE SAB\u00c3O COM A COMUNIDADE<\/b><\/span><\/span><\/p>\n<p>&nbsp;<\/p>\n<p class=\"cvGsUA direction-ltr align-justify para-style-body\"><span class=\"OYPEnA font-feature-liga-off font-feature-clig-off font-feature-calt-off text-decoration-none text-strikethrough-none\">A ideia nasceu como uma forma de juntar duas atividades desenvolvidas pelo grupo, que s\u00e3o: <\/span><span class=\"OYPEnA font-feature-liga-off font-feature-clig-off font-feature-calt-off text-decoration-none text-strikethrough-none\">PET MEIO AMBIENTE<\/span><span class=\"OYPEnA font-feature-liga-off font-feature-clig-off font-feature-calt-off text-decoration-none text-strikethrough-none\"> e<\/span><span class=\"OYPEnA font-feature-liga-off font-feature-clig-off font-feature-calt-off text-decoration-none text-strikethrough-none\"> PET E SOCIAL<\/span><span class=\"OYPEnA font-feature-liga-off font-feature-clig-off font-feature-calt-off text-decoration-none text-strikethrough-none\">.<\/span><\/p>\n<p class=\"cvGsUA direction-ltr align-justify para-style-body\"><span class=\"OYPEnA font-feature-liga-off font-feature-clig-off font-feature-calt-off text-decoration-none text-strikethrough-none\">Ent\u00e3o, com aux\u00edlio da <\/span><span class=\"OYPEnA font-feature-liga-off font-feature-clig-off font-feature-calt-off text-decoration-none text-strikethrough-none\">Incubadora Social da Unicentro<\/span><span class=\"OYPEnA font-feature-liga-off font-feature-clig-off font-feature-calt-off text-decoration-none text-strikethrough-none\"> e a <\/span><span class=\"OYPEnA font-feature-liga-off font-feature-clig-off font-feature-calt-off text-decoration-none text-strikethrough-none\">Secretaria da Mulher,<\/span><span class=\"OYPEnA font-feature-liga-off font-feature-clig-off font-feature-calt-off text-decoration-none text-strikethrough-none\"> desenvolvemos o projeto, que visa <\/span><span class=\"OYPEnA font-feature-liga-off font-feature-clig-off font-feature-calt-off text-decoration-none text-strikethrough-none\">conscientiza\u00e7\u00e3o <\/span><span class=\"OYPEnA font-feature-liga-off font-feature-clig-off font-feature-calt-off text-decoration-none text-strikethrough-none\">sobre <\/span><span class=\"OYPEnA font-feature-liga-off font-feature-clig-off font-feature-calt-off text-decoration-none text-strikethrough-none\">produtos qu\u00edmicos<\/span><span class=\"OYPEnA font-feature-liga-off font-feature-clig-off font-feature-calt-off text-decoration-none text-strikethrough-none\"> de uso dom\u00e9stico, descarte correto de<\/span><span class=\"OYPEnA font-feature-liga-off font-feature-clig-off font-feature-calt-off text-decoration-none text-strikethrough-none\"> \u00f3leo<\/span><span class=\"OYPEnA font-feature-liga-off font-feature-clig-off font-feature-calt-off text-decoration-none text-strikethrough-none\"> e sua reciclagem obtendo como produto o <\/span><span class=\"OYPEnA font-feature-liga-off font-feature-clig-off font-feature-calt-off text-decoration-none text-strikethrough-none\">sab\u00e3o<\/span><span class=\"OYPEnA font-feature-liga-off font-feature-clig-off font-feature-calt-off text-decoration-none text-strikethrough-none\"> e tamb\u00e9m o <\/span><span class=\"OYPEnA font-feature-liga-off font-feature-clig-off font-feature-calt-off text-decoration-none text-strikethrough-none\">incentivo<\/span><span class=\"OYPEnA font-feature-liga-off font-feature-clig-off font-feature-calt-off text-decoration-none text-strikethrough-none\"> \u00e0s mulheres que podem utilizar desse recurso para<\/span><span class=\"OYPEnA font-feature-liga-off font-feature-clig-off font-feature-calt-off text-decoration-none text-strikethrough-none\"> obten\u00e7\u00e3o de renda<\/span><span class=\"OYPEnA font-feature-liga-off font-feature-clig-off font-feature-calt-off text-decoration-none text-strikethrough-none\"> com a venda de sab\u00f5es e sabonetes.<\/span><\/p>\n<div>\n<div class=\"wp-block-image\">\n<div class=\"wp-block-image\">\n<div class=\"wp-block-image\">\n<div class=\"wp-block-image\">\n<div class=\"wp-block-image\">\n<div class=\"wp-block-image\">\n<div class=\"wp-block-image\">\n<p>&nbsp;<\/p>\n<div class=\"wp-block-image\">\n<p>&nbsp;<\/p>\n<div class=\"wp-block-image\"><\/div>\n<\/div>\n<\/div>\n<div class=\"wp-block-image\">\n<p>&nbsp;<\/p>\n<div class=\"wp-block-image\">\n<p>&nbsp;<\/p>\n<\/div>\n<\/div>\n<\/div>\n<\/div>\n<\/div>\n<\/div>\n<\/div>\n<\/div>\n<\/div>\n<p>[\/vc_column_text][vc_images_carousel images=&#8221;1092,1091,1090,1115,1116,1117,1118,1119&#8243; img_size=&#8221;720X560&#8243; css=&#8221;&#8221;][\/vc_column][vc_column][\/vc_column][\/vc_row][vc_row][vc_column][vc_column_text]<\/p>\n<p style=\"text-align: center\"><span style=\"color: #870808;font-size: 18pt\"><strong><span style=\"font-family: arial, helvetica, sans-serif\">DIA DAS CRIAN\u00c7AS COM O PET<\/span><\/strong><\/span><\/p>\n<div class=\"wp-block-image\"><\/div>\n<div>\n<p>\u00a0 \u00a0 \u00a0 \u00a0 \u00a0 \u00a0No dia 11 de Outubro de 2023, os alunos do grupo PET Qu\u00edmica Unicentro, realizaram a entrega de doces para as crian\u00e7as do <a href=\"https:\/\/www.instagram.com\/iadbguarapuava\/\">Instituto Assistencial Dom Bosco<\/a>, estes doces que foram arrecadados com a colabora\u00e7\u00e3o do grupo <a href=\"https:\/\/www3.unicentro.br\/petagronomia\/pet\/pet-agronomia-unicentro\/\">PET Agronomia Unicentro<\/a> por meio de doa\u00e7\u00f5es recebidas da comunidade, e teve por objetivo proporcianar junto a essa entrega, um dia l\u00fadico de entretenimento, tornando esse Dia das Crian\u00e7as, n\u00e3o apenas mais um dia.<\/p>\n<div class=\"wp-block-image\">\n<div class=\"wp-block-image\">\n<div class=\"wp-block-image\">\n<div class=\"wp-block-image\">\n<div class=\"wp-block-image\">\n<div class=\"wp-block-image\">\n<p><img loading=\"lazy\" decoding=\"async\" class=\"alignnone size-full wp-image-1053\" src=\"https:\/\/www3.unicentro.br\/petquimica\/wp-content\/uploads\/sites\/39\/2023\/11\/post-2-top-essa.jpg\" alt=\"\" width=\"1200\" height=\"1200\" srcset=\"https:\/\/www3.unicentro.br\/petquimica\/wp-content\/uploads\/sites\/39\/2023\/11\/post-2-top-essa.jpg 1200w, https:\/\/www3.unicentro.br\/petquimica\/wp-content\/uploads\/sites\/39\/2023\/11\/post-2-top-essa-300x300.jpg 300w, https:\/\/www3.unicentro.br\/petquimica\/wp-content\/uploads\/sites\/39\/2023\/11\/post-2-top-essa-1024x1024.jpg 1024w, https:\/\/www3.unicentro.br\/petquimica\/wp-content\/uploads\/sites\/39\/2023\/11\/post-2-top-essa-150x150.jpg 150w, https:\/\/www3.unicentro.br\/petquimica\/wp-content\/uploads\/sites\/39\/2023\/11\/post-2-top-essa-768x768.jpg 768w, https:\/\/www3.unicentro.br\/petquimica\/wp-content\/uploads\/sites\/39\/2023\/11\/post-2-top-essa-50x50.jpg 50w, https:\/\/www3.unicentro.br\/petquimica\/wp-content\/uploads\/sites\/39\/2023\/11\/post-2-top-essa-80x80.jpg 80w, https:\/\/www3.unicentro.br\/petquimica\/wp-content\/uploads\/sites\/39\/2023\/11\/post-2-top-essa-263x263.jpg 263w, https:\/\/www3.unicentro.br\/petquimica\/wp-content\/uploads\/sites\/39\/2023\/11\/post-2-top-essa-100x100.jpg 100w, https:\/\/www3.unicentro.br\/petquimica\/wp-content\/uploads\/sites\/39\/2023\/11\/post-2-top-essa-526x526.jpg 526w, https:\/\/www3.unicentro.br\/petquimica\/wp-content\/uploads\/sites\/39\/2023\/11\/post-2-top-essa-255x255.jpg 255w\" sizes=\"auto, (max-width: 1200px) 100vw, 1200px\" \/><\/p>\n<div class=\"wp-block-image\">\n<p><img loading=\"lazy\" decoding=\"async\" class=\"alignnone size-full wp-image-1052\" src=\"https:\/\/www3.unicentro.br\/petquimica\/wp-content\/uploads\/sites\/39\/2023\/11\/Post-1-top-essa.jpg\" alt=\"\" width=\"1200\" height=\"1200\" srcset=\"https:\/\/www3.unicentro.br\/petquimica\/wp-content\/uploads\/sites\/39\/2023\/11\/Post-1-top-essa.jpg 1200w, https:\/\/www3.unicentro.br\/petquimica\/wp-content\/uploads\/sites\/39\/2023\/11\/Post-1-top-essa-300x300.jpg 300w, https:\/\/www3.unicentro.br\/petquimica\/wp-content\/uploads\/sites\/39\/2023\/11\/Post-1-top-essa-1024x1024.jpg 1024w, https:\/\/www3.unicentro.br\/petquimica\/wp-content\/uploads\/sites\/39\/2023\/11\/Post-1-top-essa-150x150.jpg 150w, https:\/\/www3.unicentro.br\/petquimica\/wp-content\/uploads\/sites\/39\/2023\/11\/Post-1-top-essa-768x768.jpg 768w, https:\/\/www3.unicentro.br\/petquimica\/wp-content\/uploads\/sites\/39\/2023\/11\/Post-1-top-essa-50x50.jpg 50w, https:\/\/www3.unicentro.br\/petquimica\/wp-content\/uploads\/sites\/39\/2023\/11\/Post-1-top-essa-80x80.jpg 80w, https:\/\/www3.unicentro.br\/petquimica\/wp-content\/uploads\/sites\/39\/2023\/11\/Post-1-top-essa-263x263.jpg 263w, https:\/\/www3.unicentro.br\/petquimica\/wp-content\/uploads\/sites\/39\/2023\/11\/Post-1-top-essa-100x100.jpg 100w, https:\/\/www3.unicentro.br\/petquimica\/wp-content\/uploads\/sites\/39\/2023\/11\/Post-1-top-essa-526x526.jpg 526w, https:\/\/www3.unicentro.br\/petquimica\/wp-content\/uploads\/sites\/39\/2023\/11\/Post-1-top-essa-255x255.jpg 255w\" sizes=\"auto, (max-width: 1200px) 100vw, 1200px\" \/><\/p>\n<div class=\"wp-block-image\">\n<p><img loading=\"lazy\" decoding=\"async\" class=\"alignnone size-full wp-image-1055\" src=\"https:\/\/www3.unicentro.br\/petquimica\/wp-content\/uploads\/sites\/39\/2023\/11\/post-4.jpg\" alt=\"\" width=\"1200\" height=\"1200\" srcset=\"https:\/\/www3.unicentro.br\/petquimica\/wp-content\/uploads\/sites\/39\/2023\/11\/post-4.jpg 1200w, https:\/\/www3.unicentro.br\/petquimica\/wp-content\/uploads\/sites\/39\/2023\/11\/post-4-300x300.jpg 300w, https:\/\/www3.unicentro.br\/petquimica\/wp-content\/uploads\/sites\/39\/2023\/11\/post-4-1024x1024.jpg 1024w, https:\/\/www3.unicentro.br\/petquimica\/wp-content\/uploads\/sites\/39\/2023\/11\/post-4-150x150.jpg 150w, https:\/\/www3.unicentro.br\/petquimica\/wp-content\/uploads\/sites\/39\/2023\/11\/post-4-768x768.jpg 768w, https:\/\/www3.unicentro.br\/petquimica\/wp-content\/uploads\/sites\/39\/2023\/11\/post-4-50x50.jpg 50w, https:\/\/www3.unicentro.br\/petquimica\/wp-content\/uploads\/sites\/39\/2023\/11\/post-4-80x80.jpg 80w, https:\/\/www3.unicentro.br\/petquimica\/wp-content\/uploads\/sites\/39\/2023\/11\/post-4-263x263.jpg 263w, https:\/\/www3.unicentro.br\/petquimica\/wp-content\/uploads\/sites\/39\/2023\/11\/post-4-100x100.jpg 100w, https:\/\/www3.unicentro.br\/petquimica\/wp-content\/uploads\/sites\/39\/2023\/11\/post-4-526x526.jpg 526w, https:\/\/www3.unicentro.br\/petquimica\/wp-content\/uploads\/sites\/39\/2023\/11\/post-4-255x255.jpg 255w\" sizes=\"auto, (max-width: 1200px) 100vw, 1200px\" \/><\/p>\n<div class=\"wp-block-image\"><img loading=\"lazy\" decoding=\"async\" class=\"alignnone size-full wp-image-1054\" src=\"https:\/\/www3.unicentro.br\/petquimica\/wp-content\/uploads\/sites\/39\/2023\/11\/post-3-e1699385534985.jpg\" alt=\"\" width=\"700\" height=\"700\" \/><\/div>\n<\/div>\n<\/div>\n<\/div>\n<\/div>\n<\/div>\n<\/div>\n<\/div>\n<\/div>\n<\/div>\n<p>[\/vc_column_text][\/vc_column][\/vc_row][vc_row][vc_column][vc_column_text]<\/p>\n<p style=\"text-align: center\"><strong><span style=\"font-family: georgia, palatino, serif;font-size: 14pt;color: #800000\">CAMPANHA DE DOA\u00c7\u00c3O DE \u00c1LCOOL GEL \u00c0 INSTITUI\u00c7\u00d5ES<\/span><\/strong><\/p>\n<p>[\/vc_column_text][\/vc_column][\/vc_row][vc_row][vc_column][vc_column_text]<\/p>\n<p style=\"text-align: justify\"><span style=\"font-family: georgia, palatino, serif;font-size: 14pt;color: #000000\">Durante a pandemia, n\u00f3s do grupo PET Qu\u00edmica \u2013 Unicentro realizamos uma campanha solid\u00e1ria e de conscientiza\u00e7\u00e3o doando \u00e1lcool 70% (em gel e glicerinado), os quais foram produzidos pela NOVATEC a partir de \u00e1lcool recuperado de bebidas apreendidas pela receita federal e disponibilizados pela Unicentro, onde Associa\u00e7\u00f5es e Institui\u00e7\u00f5es que realizam trabalhos sociais na cidade foram beneficiadas, entre elas:<\/span><\/p>\n<ul>\n<li style=\"text-align: justify\"><span style=\"font-family: georgia, palatino, serif;font-size: 14pt;color: #000000\">APAE \u2013 Associa\u00e7\u00e3o de Pais e Amigos dos Excepcionais;<\/span><\/li>\n<li style=\"text-align: justify\"><span style=\"font-family: georgia, palatino, serif;font-size: 14pt;color: #000000\">AFH \u2013 Associa\u00e7\u00e3o de Apoio \u00e0s Fam\u00edlias com Hansen\u00edase;<\/span><\/li>\n<li style=\"text-align: justify\"><span style=\"font-family: georgia, palatino, serif;font-size: 14pt;color: #000000\">APADEVI \u2013 Associa\u00e7\u00e3o dos Pais e Amigos dos Deficientes Visuais;<\/span><\/li>\n<li style=\"text-align: justify\"><span style=\"font-family: georgia, palatino, serif;font-size: 14pt;color: #000000\">Instituto de A\u00e7\u00e3o Social Jo\u00e3o Paulo II.<\/span><\/li>\n<\/ul>\n<p>[\/vc_column_text][vc_images_carousel images=&#8221;740,739,738,737,736,735&#8243; img_size=&#8221;720X560&#8243; onclick=&#8221;link_no&#8221; autoplay=&#8221;yes&#8221; wrap=&#8221;yes&#8221;][\/vc_column][\/vc_row][vc_row][vc_column][vc_column_text]<\/p>\n<p style=\"text-align: center\"><strong><span style=\"font-family: georgia, palatino, serif;font-size: 14pt;color: #800000\">CONHE\u00c7AM NOSSO CANAL DO YOUTUBE!<\/span><\/strong><\/p>\n<p>[\/vc_column_text][\/vc_column][\/vc_row][vc_row][vc_column][vc_video link=&#8221;https:\/\/www.youtube.com\/watch?v=FgODxY9FZ90&amp;t=2s&#8221; align=&#8221;center&#8221;][\/vc_column][\/vc_row][vc_row][vc_column][vc_separator border_width=&#8221;7&#8243;][\/vc_column][\/vc_row][vc_row][vc_column][vc_column_text]<\/p>\n<p style=\"text-align: center\"><span style=\"color: #800000\"><strong><span style=\"font-family: georgia, palatino, serif;font-size: 14pt\">SIGA-NOS NO INSTAGRAM!<\/span><\/strong><\/span><\/p>\n<p style=\"text-align: center\"><a href=\"https:\/\/instagram.com\/petquimicaunicentro?igshid=1gvok4mc8jinh\"><img loading=\"lazy\" decoding=\"async\" class=\"alignnone wp-image-680 size-thumb_50x50\" src=\"https:\/\/www3.unicentro.br\/petquimica\/wp-content\/uploads\/sites\/39\/2020\/04\/instagram-logo-png-clip-art-50x50.png\" alt=\"\" width=\"50\" height=\"50\" srcset=\"https:\/\/www3.unicentro.br\/petquimica\/wp-content\/uploads\/sites\/39\/2020\/04\/instagram-logo-png-clip-art-50x50.png 50w, https:\/\/www3.unicentro.br\/petquimica\/wp-content\/uploads\/sites\/39\/2020\/04\/instagram-logo-png-clip-art-300x300.png 300w, https:\/\/www3.unicentro.br\/petquimica\/wp-content\/uploads\/sites\/39\/2020\/04\/instagram-logo-png-clip-art-150x150.png 150w, https:\/\/www3.unicentro.br\/petquimica\/wp-content\/uploads\/sites\/39\/2020\/04\/instagram-logo-png-clip-art-768x768.png 768w, https:\/\/www3.unicentro.br\/petquimica\/wp-content\/uploads\/sites\/39\/2020\/04\/instagram-logo-png-clip-art-80x80.png 80w, https:\/\/www3.unicentro.br\/petquimica\/wp-content\/uploads\/sites\/39\/2020\/04\/instagram-logo-png-clip-art-263x263.png 263w, https:\/\/www3.unicentro.br\/petquimica\/wp-content\/uploads\/sites\/39\/2020\/04\/instagram-logo-png-clip-art-100x100.png 100w, https:\/\/www3.unicentro.br\/petquimica\/wp-content\/uploads\/sites\/39\/2020\/04\/instagram-logo-png-clip-art-526x526.png 526w, https:\/\/www3.unicentro.br\/petquimica\/wp-content\/uploads\/sites\/39\/2020\/04\/instagram-logo-png-clip-art-255x255.png 255w, https:\/\/www3.unicentro.br\/petquimica\/wp-content\/uploads\/sites\/39\/2020\/04\/instagram-logo-png-clip-art.png 910w\" sizes=\"auto, (max-width: 50px) 100vw, 50px\" \/><\/a><\/p>\n<p>[\/vc_column_text][\/vc_column][\/vc_row][vc_row][vc_column][vc_media_grid style=&#8221;load-more&#8221; grid_id=&#8221;vc_gid:1743018409749-5a7a7217-9e4b-1&#8243; include=&#8221;688,689,690,691,692,693,694,695,696,697,698,699,701,703,704,705,708,588,587,584,585,586,630,631,632,633,634,635,656,657,653,654&#8243;][\/vc_column][\/vc_row]<\/p>\n<\/div>","protected":false},"excerpt":{"rendered":"<p>[vc_row][vc_column][vc_single_image image=&#8221;683&#8243; alignment=&#8221;center&#8221;][\/vc_column][\/vc_row][vc_row][vc_column][\/vc_column][\/vc_row][vc_row][vc_column][vc_column_text css=&#8221;&#8221;] RECEP\u00c7\u00c3O DOS CALOUROS [\/vc_column_text][vc_column_text css_animation=&#8221;bounceIn&#8221; css=&#8221;&#8221;]A atividade contou com a elabora\u00e7\u00e3o de slides pelos petianos, com conte\u00fado sobre o Grupo PET que foi apresentado tanto para o bacharel no per\u00edodo matutino quanto para a licenciatura no per\u00edodo noturno. Essa apresenta\u00e7\u00e3o teve o intuito de mostrar as atividades que o Grupo PET [&hellip;]<\/p>\n","protected":false},"author":3,"featured_media":0,"parent":0,"menu_order":1,"comment_status":"closed","ping_status":"closed","template":"page-templates\/front-page.php","meta":{"_exactmetrics_skip_tracking":false,"_exactmetrics_sitenote_active":false,"_exactmetrics_sitenote_note":"","_exactmetrics_sitenote_category":0,"footnotes":"","_links_to":"","_links_to_target":""},"class_list":["post-23","page","type-page","status-publish","hentry"],"_links":{"self":[{"href":"https:\/\/www3.unicentro.br\/petquimica\/wp-json\/wp\/v2\/pages\/23","targetHints":{"allow":["GET"]}}],"collection":[{"href":"https:\/\/www3.unicentro.br\/petquimica\/wp-json\/wp\/v2\/pages"}],"about":[{"href":"https:\/\/www3.unicentro.br\/petquimica\/wp-json\/wp\/v2\/types\/page"}],"author":[{"embeddable":true,"href":"https:\/\/www3.unicentro.br\/petquimica\/wp-json\/wp\/v2\/users\/3"}],"replies":[{"embeddable":true,"href":"https:\/\/www3.unicentro.br\/petquimica\/wp-json\/wp\/v2\/comments?post=23"}],"version-history":[{"count":2,"href":"https:\/\/www3.unicentro.br\/petquimica\/wp-json\/wp\/v2\/pages\/23\/revisions"}],"predecessor-version":[{"id":1158,"href":"https:\/\/www3.unicentro.br\/petquimica\/wp-json\/wp\/v2\/pages\/23\/revisions\/1158"}],"wp:attachment":[{"href":"https:\/\/www3.unicentro.br\/petquimica\/wp-json\/wp\/v2\/media?parent=23"}],"curies":[{"name":"wp","href":"https:\/\/api.w.org\/{rel}","templated":true}]}}