{"id":53,"date":"2018-09-13T09:32:39","date_gmt":"2018-09-13T12:32:39","guid":{"rendered":"https:\/\/www3.unicentro.br\/petletras\/?page_id=53"},"modified":"2024-08-22T16:23:32","modified_gmt":"2024-08-22T19:23:32","slug":"galeria","status":"publish","type":"page","link":"https:\/\/www3.unicentro.br\/petletras\/galeria\/","title":{"rendered":"Galeria PET NAS M\u00cdDIAS"},"content":{"rendered":"<div class=\"wpb-content-wrapper\"><p>[vc_row][vc_column][vc_column_text css=&#8221;&#8221;]<a href=\"https:\/\/www3.unicentro.br\/petletras\/wp-content\/uploads\/sites\/55\/2024\/03\/edital-pet-2024.docx\">edital pet 2024<\/a><\/p>\n<p>&nbsp;<\/p>\n<p>&nbsp;<\/p>\n<p>&nbsp;<\/p>\n<div id=\"gtx-trans\" style=\"position: absolute; left: -12px; top: 30px;\">\n<div class=\"gtx-trans-icon\"><\/div>\n<\/div>\n<p>[\/vc_column_text][\/vc_column][\/vc_row][vc_row][vc_column width=&#8221;1\/4&#8243;][vc_icon type=&#8221;typicons&#8221; icon_typicons=&#8221;typcn typcn-social-instagram&#8221; color=&#8221;black&#8221; background_style=&#8221;rounded&#8221; background_color=&#8221;purple&#8221; size=&#8221;xl&#8221; align=&#8221;center&#8221; css=&#8221;&#8221; link=&#8221;url:https%3A%2F%2Fwww.instagram.com%2Fpetletrasunicentro%2F|title:INSTAGRAM|target:_blank&#8221;][\/vc_column][vc_column width=&#8221;3\/4&#8243;][vc_column_text css=&#8221;&#8221;]<span style=\"font-size: 18pt; font-family: georgia, palatino, serif;\"><strong>PET LETRAS<\/strong> est\u00e1 presente no Instagram, siga-nos para sempre receber atualiza\u00e7\u00f5es sobre o programa e at\u00e9 mesmo conte\u00fados sobre literatura, arte, lingu\u00edstica, livros etc.<\/span><\/p>\n<p><span style=\"font-size: 18pt; font-family: georgia, palatino, serif;\">Para <strong>acessar,<\/strong> basta clicar no \u00edcone do instagram ao lado!\u00a0<\/span>[\/vc_column_text][\/vc_column][\/vc_row][vc_row][vc_column][vc_separator color=&#8221;black&#8221; style=&#8221;shadow&#8221; border_width=&#8221;5&#8243; css_animation=&#8221;fadeInUp&#8221; css=&#8221;&#8221;][\/vc_column][\/vc_row][vc_row][vc_column][vc_column_text css=&#8221;&#8221;]<\/p>\n<p style=\"text-align: center;\"><span style=\"font-size: 18pt;\"><strong>CONFIRA ABAIXO NOSSAS POSTAGENS SOBRE AS OBRAS LITER\u00c1RIAS DE 2024\/2025<\/strong><\/span><\/p>\n<p>[\/vc_column_text][vc_separator color=&#8221;black&#8221; style=&#8221;shadow&#8221; border_width=&#8221;5&#8243; css_animation=&#8221;fadeInUp&#8221; css=&#8221;&#8221;][\/vc_column][\/vc_row][vc_row content_placement=&#8221;middle&#8221; css_animation=&#8221;none&#8221; u_row_style=&#8221;0&#8243; u_row_paralax=&#8221;0&#8243; u_row_scheme=&#8221;0&#8243;][vc_column width=&#8221;1\/2&#8243;][vc_images_carousel images=&#8221;755,773,774,775,776,777,778,779,780&#8243; img_size=&#8221;400&#215;400&#8243; css=&#8221;&#8221;][\/vc_column][vc_column width=&#8221;1\/2&#8243;][vc_images_carousel images=&#8221;716,717,718,719&#8243; img_size=&#8221;400&#215;400&#8243; css=&#8221;&#8221;][\/vc_column][\/vc_row][vc_row content_placement=&#8221;middle&#8221; css_animation=&#8221;none&#8221; u_row_style=&#8221;0&#8243; u_row_paralax=&#8221;0&#8243; u_row_scheme=&#8221;0&#8243;][vc_column width=&#8221;1\/2&#8243;][vc_images_carousel images=&#8221;720,721,722,723,724,725,726&#8243; img_size=&#8221;400&#215;400&#8243; css=&#8221;&#8221;][\/vc_column][vc_column width=&#8221;1\/2&#8243;][vc_images_carousel images=&#8221;727,728,729&#8243; img_size=&#8221;400&#215;400&#8243; css=&#8221;&#8221;][\/vc_column][\/vc_row][vc_row content_placement=&#8221;middle&#8221; css_animation=&#8221;none&#8221; u_row_style=&#8221;0&#8243; u_row_paralax=&#8221;0&#8243; u_row_scheme=&#8221;0&#8243;][vc_column width=&#8221;1\/2&#8243;][vc_images_carousel images=&#8221;730,731,732,733,734,735,736,737,738&#8243; img_size=&#8221;400&#215;400&#8243; css=&#8221;&#8221;][\/vc_column][vc_column width=&#8221;1\/2&#8243;][vc_images_carousel images=&#8221;740,741,742&#8243; img_size=&#8221;400&#215;400&#8243; css=&#8221;&#8221;][\/vc_column][\/vc_row][vc_row content_placement=&#8221;middle&#8221; css_animation=&#8221;none&#8221; u_row_style=&#8221;0&#8243; u_row_paralax=&#8221;0&#8243; u_row_scheme=&#8221;0&#8243;][vc_column width=&#8221;1\/2&#8243;][vc_images_carousel images=&#8221;747,748,749&#8243; img_size=&#8221;400&#215;400&#8243; css=&#8221;&#8221;][\/vc_column][vc_column width=&#8221;1\/2&#8243;][vc_images_carousel images=&#8221;750,751,752,753,754&#8243; img_size=&#8221;400&#215;400&#8243; css=&#8221;&#8221;][\/vc_column][\/vc_row][vc_row content_placement=&#8221;middle&#8221; css_animation=&#8221;none&#8221; u_row_style=&#8221;0&#8243; u_row_paralax=&#8221;0&#8243; u_row_scheme=&#8221;0&#8243;][vc_column width=&#8221;1\/2&#8243;][vc_images_carousel images=&#8221;756,757,758,759,760&#8243; img_size=&#8221;400&#215;400&#8243; css=&#8221;&#8221;][\/vc_column][vc_column width=&#8221;1\/2&#8243;][vc_images_carousel images=&#8221;762,763,764,765,766,767&#8243; img_size=&#8221;400&#215;400&#8243; css=&#8221;&#8221;][\/vc_column][\/vc_row][vc_row content_placement=&#8221;middle&#8221; css_animation=&#8221;none&#8221; u_row_style=&#8221;0&#8243; u_row_paralax=&#8221;0&#8243; u_row_scheme=&#8221;0&#8243;][vc_column width=&#8221;1\/2&#8243;][vc_single_image image=&#8221;786&#8243; img_size=&#8221;400&#215;400&#8243; onclick=&#8221;custom_link&#8221; img_link_target=&#8221;_blank&#8221; css=&#8221;&#8221; link=&#8221;https:\/\/www.instagram.com\/p\/CxywGbzAGNZ\/?utm_source=ig_web_copy_link&#038;igsh=MzRlODBiNWFlZA==&#8221;][\/vc_column][vc_column width=&#8221;1\/2&#8243;][vc_single_image image=&#8221;782&#8243; img_size=&#8221;400&#215;400&#8243; onclick=&#8221;custom_link&#8221; img_link_target=&#8221;_blank&#8221; css=&#8221;&#8221; link=&#8221;https:\/\/www.instagram.com\/p\/CwjMXdAAeiM\/?utm_source=ig_web_copy_link&#038;igsh=MzRlODBiNWFlZA==&#8221;][\/vc_column][\/vc_row][vc_row content_placement=&#8221;middle&#8221; css_animation=&#8221;none&#8221; u_row_style=&#8221;0&#8243; u_row_paralax=&#8221;0&#8243; u_row_scheme=&#8221;0&#8243;][vc_column][vc_single_image image=&#8221;784&#8243; img_size=&#8221;400&#215;400&#8243; onclick=&#8221;custom_link&#8221; img_link_target=&#8221;_blank&#8221; css=&#8221;&#8221; link=&#8221;https:\/\/www.instagram.com\/p\/Cvd7Qy9sJ96\/?utm_source=ig_web_copy_link&#038;igsh=MzRlODBiNWFlZA==&#8221;][\/vc_column][\/vc_row][vc_row][vc_column][vc_separator color=&#8221;black&#8221; style=&#8221;shadow&#8221; border_width=&#8221;6&#8243; css=&#8221;&#8221;][\/vc_column][\/vc_row]<\/p>\n<\/div>","protected":false},"excerpt":{"rendered":"<p>[vc_row][vc_column][vc_column_text css=&#8221;&#8221;]edital pet 2024 &nbsp; &nbsp; &nbsp; [\/vc_column_text][\/vc_column][\/vc_row][vc_row][vc_column width=&#8221;1\/4&#8243;][vc_icon type=&#8221;typicons&#8221; icon_typicons=&#8221;typcn typcn-social-instagram&#8221; color=&#8221;black&#8221; background_style=&#8221;rounded&#8221; background_color=&#8221;purple&#8221; size=&#8221;xl&#8221; align=&#8221;center&#8221; css=&#8221;&#8221; link=&#8221;url:https%3A%2F%2Fwww.instagram.com%2Fpetletrasunicentro%2F|title:INSTAGRAM|target:_blank&#8221;][\/vc_column][vc_column width=&#8221;3\/4&#8243;][vc_column_text css=&#8221;&#8221;]PET LETRAS est\u00e1 presente no Instagram, siga-nos para sempre receber atualiza\u00e7\u00f5es sobre o programa e at\u00e9 mesmo conte\u00fados sobre literatura, arte, lingu\u00edstica, livros etc. Para acessar, basta clicar no \u00edcone do instagram ao lado!\u00a0[\/vc_column_text][\/vc_column][\/vc_row][vc_row][vc_column][vc_separator color=&#8221;black&#8221; [&hellip;]<\/p>\n","protected":false},"author":3,"featured_media":0,"parent":0,"menu_order":0,"comment_status":"closed","ping_status":"closed","template":"","meta":{"_exactmetrics_skip_tracking":false,"_exactmetrics_sitenote_active":false,"_exactmetrics_sitenote_note":"","_exactmetrics_sitenote_category":0,"footnotes":"","_links_to":"","_links_to_target":""},"class_list":["post-53","page","type-page","status-publish","hentry"],"_links":{"self":[{"href":"https:\/\/www3.unicentro.br\/petletras\/wp-json\/wp\/v2\/pages\/53","targetHints":{"allow":["GET"]}}],"collection":[{"href":"https:\/\/www3.unicentro.br\/petletras\/wp-json\/wp\/v2\/pages"}],"about":[{"href":"https:\/\/www3.unicentro.br\/petletras\/wp-json\/wp\/v2\/types\/page"}],"author":[{"embeddable":true,"href":"https:\/\/www3.unicentro.br\/petletras\/wp-json\/wp\/v2\/users\/3"}],"replies":[{"embeddable":true,"href":"https:\/\/www3.unicentro.br\/petletras\/wp-json\/wp\/v2\/comments?post=53"}],"version-history":[{"count":2,"href":"https:\/\/www3.unicentro.br\/petletras\/wp-json\/wp\/v2\/pages\/53\/revisions"}],"predecessor-version":[{"id":563,"href":"https:\/\/www3.unicentro.br\/petletras\/wp-json\/wp\/v2\/pages\/53\/revisions\/563"}],"wp:attachment":[{"href":"https:\/\/www3.unicentro.br\/petletras\/wp-json\/wp\/v2\/media?parent=53"}],"curies":[{"name":"wp","href":"https:\/\/api.w.org\/{rel}","templated":true}]}}