{"id":43,"date":"2018-09-13T09:29:28","date_gmt":"2018-09-13T12:29:28","guid":{"rendered":"https:\/\/www3.unicentro.br\/petletras\/?page_id=43"},"modified":"2026-03-24T16:25:25","modified_gmt":"2026-03-24T19:25:25","slug":"contato","status":"publish","type":"page","link":"https:\/\/www3.unicentro.br\/petletras\/pet\/contato\/","title":{"rendered":"Contato"},"content":{"rendered":"<div class=\"wpb-content-wrapper\"><p>[vc_row][vc_column][vc_column_text css=&#8221;&#8221;]<\/p>\n<h1 class=\"postheader\"><span style=\"font-size: 14pt; font-family: 'book antiqua', palatino, serif; color: #000000;\">Universidade Estadual do Centro-Oeste \u2013 Unicentro<\/span><\/h1>\n<div class=\"postcontent\">\n<p><span style=\"font-size: 14pt; font-family: 'book antiqua', palatino, serif; color: #000000;\">Rua Padre Salvatore Renna, 875 &#8211; Santa Cruz, Bloco M, Sala 1101<\/span><br \/>\n<span style=\"font-size: 14pt; font-family: 'book antiqua', palatino, serif; color: #000000;\">CEP: 85015-430<\/span><br \/>\n<span style=\"font-size: 14pt; font-family: 'book antiqua', palatino, serif; color: #000000;\">Guarapuava \u2013 Paran\u00e1<\/span><\/p>\n<\/div>\n<p>[\/vc_column_text][\/vc_column][\/vc_row][vc_row][vc_column css_animation=&#8221;bounceInRight&#8221; width=&#8221;1\/6&#8243;][vc_icon type=&#8221;material&#8221; icon_material=&#8221;vc-material vc-material-navigation&#8221; color=&#8221;custom&#8221; background_style=&#8221;rounded&#8221; background_color=&#8221;turquoise&#8221; size=&#8221;xl&#8221; css=&#8221;&#8221; link=&#8221;url:https%3A%2F%2Fmaps.app.goo.gl%2FYa5qHPFwJTJzuFF89|title:Localiza%C3%A7%C3%A3o%20No%20Google%20Maps|target:_blank&#8221; custom_color=&#8221;#0a0000&#8243;][\/vc_column][vc_column width=&#8221;2\/3&#8243;][vc_column_text css=&#8221;&#8221;]<span style=\"font-family: 'book antiqua', palatino, serif; color: #000000;\"><strong><span style=\"font-size: 14pt;\">Para acessar rapidamente a localiza\u00e7\u00e3o do PET Letras, clique no \u00edcone que est\u00e1 ao lado.<\/span><\/strong><\/span>[\/vc_column_text][\/vc_column][vc_column width=&#8221;1\/6&#8243;][\/vc_column][\/vc_row][vc_row content_placement=&#8221;middle&#8221; u_row_style=&#8221;0&#8243; u_row_paralax=&#8221;0&#8243; u_row_scheme=&#8221;0&#8243;][vc_column width=&#8221;1\/2&#8243;][vc_separator color=&#8221;black&#8221; css=&#8221;&#8221;][vc_column_text css=&#8221;&#8221;]<span style=\"color: #000000;\"><span style=\"font-size: 18px; font-family: 'times new roman', times, serif;\">Nos acompanhe nas redes sociais!<\/span><\/span><\/p>\n<p><span style=\"color: #000000;\"><span style=\"font-size: 18px; font-family: 'times new roman', times, serif;\">Estamos no Instagram, sempre postando sobre livros, filmes, assuntos sobre o curso de letras e outras coisas mais.<\/span><\/span><\/p>\n<p><span style=\"color: #000000;\"><span style=\"font-size: 18px; font-family: 'times new roman', times, serif;\">Nos siga no @petletrasunicentro ou clicando no icone ao lado e sendo redirecionado para nossa p\u00e1gina.<\/span><\/span>[\/vc_column_text][vc_separator color=&#8221;black&#8221; css=&#8221;&#8221;][\/vc_column][vc_column width=&#8221;1\/2&#8243;][vc_separator color=&#8221;black&#8221; css=&#8221;&#8221;][vc_icon icon_fontawesome=&#8221;fa fa-brands fa-square-instagram&#8221; color=&#8221;pink&#8221; size=&#8221;xl&#8221; align=&#8221;center&#8221; css=&#8221;&#8221; link=&#8221;url:https%3A%2F%2Fwww.instagram.com%2Fpetletrasunicentro%2F|title:INSTAGRAM|target:_blank&#8221;][\/vc_column][\/vc_row][vc_row][vc_column width=&#8221;5\/6&#8243;][vc_column_text css=&#8221;&#8221;]<span style=\"color: #000000;\"><strong><span style=\"font-size: 14pt; font-family: 'book antiqua', palatino, serif;\">Atualmente existe dois e-mails para entrar em contato com o PET Letras:<\/span><\/strong><\/span><\/p>\n<p><span style=\"color: #0000ff; font-size: 14pt; font-family: 'book antiqua', palatino, serif;\"><a style=\"color: #0000ff;\" href=\"mailto:upetletras@gmail.com\">upetletras@gmail.com<\/a><\/span><\/p>\n<p><span style=\"color: #0000ff; font-size: 14pt; font-family: 'book antiqua', palatino, serif;\"><a style=\"color: #0000ff;\" href=\"mailto:petletrasunicentro@yahoo.com.br\">petletrasunicentro@yahoo.com.br<\/a><\/span>[\/vc_column_text][\/vc_column][vc_column width=&#8221;1\/6&#8243;][vc_icon icon_fontawesome=&#8221;fas fa-envelope&#8221; color=&#8221;black&#8221; background_style=&#8221;rounded&#8221; background_color=&#8221;purple&#8221; size=&#8221;xl&#8221; align=&#8221;center&#8221; css_animation=&#8221;flipInX&#8221; css=&#8221;&#8221;][\/vc_column][\/vc_row][vc_row][vc_column][vc_separator color=&#8221;black&#8221; border_width=&#8221;3&#8243; css=&#8221;&#8221;][\/vc_column][\/vc_row][vc_row][vc_column][\/vc_column][\/vc_row]<\/p>\n<\/div>","protected":false},"excerpt":{"rendered":"<p>[vc_row][vc_column][vc_column_text css=&#8221;&#8221;] Universidade Estadual do Centro-Oeste \u2013 Unicentro Rua Padre Salvatore Renna, 875 &#8211; Santa Cruz, Bloco M, Sala 1101 CEP: 85015-430 Guarapuava \u2013 Paran\u00e1 [\/vc_column_text][\/vc_column][\/vc_row][vc_row][vc_column css_animation=&#8221;bounceInRight&#8221; width=&#8221;1\/6&#8243;][vc_icon type=&#8221;material&#8221; icon_material=&#8221;vc-material vc-material-navigation&#8221; color=&#8221;custom&#8221; background_style=&#8221;rounded&#8221; background_color=&#8221;turquoise&#8221; size=&#8221;xl&#8221; css=&#8221;&#8221; link=&#8221;url:https%3A%2F%2Fmaps.app.goo.gl%2FYa5qHPFwJTJzuFF89|title:Localiza%C3%A7%C3%A3o%20No%20Google%20Maps|target:_blank&#8221; custom_color=&#8221;#0a0000&#8243;][\/vc_column][vc_column width=&#8221;2\/3&#8243;][vc_column_text css=&#8221;&#8221;]Para acessar rapidamente a localiza\u00e7\u00e3o do PET Letras, clique no \u00edcone que est\u00e1 ao lado.[\/vc_column_text][\/vc_column][vc_column width=&#8221;1\/6&#8243;][\/vc_column][\/vc_row][vc_row [&hellip;]<\/p>\n","protected":false},"author":3,"featured_media":0,"parent":31,"menu_order":0,"comment_status":"closed","ping_status":"closed","template":"","meta":{"_exactmetrics_skip_tracking":false,"_exactmetrics_sitenote_active":false,"_exactmetrics_sitenote_note":"","_exactmetrics_sitenote_category":0,"footnotes":"","_links_to":"","_links_to_target":""},"class_list":["post-43","page","type-page","status-publish","hentry"],"_links":{"self":[{"href":"https:\/\/www3.unicentro.br\/petletras\/wp-json\/wp\/v2\/pages\/43","targetHints":{"allow":["GET"]}}],"collection":[{"href":"https:\/\/www3.unicentro.br\/petletras\/wp-json\/wp\/v2\/pages"}],"about":[{"href":"https:\/\/www3.unicentro.br\/petletras\/wp-json\/wp\/v2\/types\/page"}],"author":[{"embeddable":true,"href":"https:\/\/www3.unicentro.br\/petletras\/wp-json\/wp\/v2\/users\/3"}],"replies":[{"embeddable":true,"href":"https:\/\/www3.unicentro.br\/petletras\/wp-json\/wp\/v2\/comments?post=43"}],"version-history":[{"count":3,"href":"https:\/\/www3.unicentro.br\/petletras\/wp-json\/wp\/v2\/pages\/43\/revisions"}],"predecessor-version":[{"id":884,"href":"https:\/\/www3.unicentro.br\/petletras\/wp-json\/wp\/v2\/pages\/43\/revisions\/884"}],"up":[{"embeddable":true,"href":"https:\/\/www3.unicentro.br\/petletras\/wp-json\/wp\/v2\/pages\/31"}],"wp:attachment":[{"href":"https:\/\/www3.unicentro.br\/petletras\/wp-json\/wp\/v2\/media?parent=43"}],"curies":[{"name":"wp","href":"https:\/\/api.w.org\/{rel}","templated":true}]}}