{"id":41,"date":"2018-09-13T09:29:12","date_gmt":"2018-09-13T12:29:12","guid":{"rendered":"https:\/\/www3.unicentro.br\/petletras\/?page_id=41"},"modified":"2026-02-04T14:32:10","modified_gmt":"2026-02-04T17:32:10","slug":"tutora","status":"publish","type":"page","link":"https:\/\/www3.unicentro.br\/petletras\/pet\/tutora\/","title":{"rendered":"Tutora"},"content":{"rendered":"<div class=\"wpb-content-wrapper\"><p>[vc_row][vc_column][vc_column_text css=&#8221;&#8221;]<\/p>\n<h2 class=\"nome\"><strong>N\u00edncia Cec\u00edlia Ribas Borges Teixeira<\/strong><\/h2>\n<p><img loading=\"lazy\" decoding=\"async\" class=\" wp-image-109 alignright\" src=\"https:\/\/www3.unicentro.br\/petletras\/wp-content\/uploads\/sites\/55\/2019\/07\/53646139_2234798756578213_8869574084371939328_n-300x300.jpg\" alt=\"\" width=\"238\" height=\"238\" srcset=\"https:\/\/www3.unicentro.br\/petletras\/wp-content\/uploads\/sites\/55\/2019\/07\/53646139_2234798756578213_8869574084371939328_n-300x300.jpg 300w, https:\/\/www3.unicentro.br\/petletras\/wp-content\/uploads\/sites\/55\/2019\/07\/53646139_2234798756578213_8869574084371939328_n-150x150.jpg 150w, https:\/\/www3.unicentro.br\/petletras\/wp-content\/uploads\/sites\/55\/2019\/07\/53646139_2234798756578213_8869574084371939328_n-50x50.jpg 50w, https:\/\/www3.unicentro.br\/petletras\/wp-content\/uploads\/sites\/55\/2019\/07\/53646139_2234798756578213_8869574084371939328_n-80x80.jpg 80w, https:\/\/www3.unicentro.br\/petletras\/wp-content\/uploads\/sites\/55\/2019\/07\/53646139_2234798756578213_8869574084371939328_n-263x263.jpg 263w, https:\/\/www3.unicentro.br\/petletras\/wp-content\/uploads\/sites\/55\/2019\/07\/53646139_2234798756578213_8869574084371939328_n-100x100.jpg 100w, https:\/\/www3.unicentro.br\/petletras\/wp-content\/uploads\/sites\/55\/2019\/07\/53646139_2234798756578213_8869574084371939328_n-526x526.jpg 526w, https:\/\/www3.unicentro.br\/petletras\/wp-content\/uploads\/sites\/55\/2019\/07\/53646139_2234798756578213_8869574084371939328_n-255x255.jpg 255w, https:\/\/www3.unicentro.br\/petletras\/wp-content\/uploads\/sites\/55\/2019\/07\/53646139_2234798756578213_8869574084371939328_n.jpg 754w\" sizes=\"auto, (max-width: 238px) 100vw, 238px\" \/><\/p>\n<p><span style=\"font-size: 14pt\">P\u00f3s-doutora pela UFRJ. Doutora em Letras pela Universidade Estadual Paulista J\u00falio de Mesquita Filho (2005), Mestre em Letras pela Universidade Estadual de Londrina. \u00c9 Professora Associada da Universidade Estadual do Centro-Oeste (UNICENTRO-PR). Professora no curso de Letras\u00a0 Docente no Programa de P\u00f3s Gradua\u00e7\u00e3o em Letras da UNICENTRO. Coordenadora do Laborat\u00f3rio de Estudos Culturais, Identidades e Representa\u00e7\u00f5es (LABECIR\/UNICENTRO). .<\/span><\/p>\n<p>[\/vc_column_text][\/vc_column][\/vc_row]<\/p>\n<\/div>","protected":false},"excerpt":{"rendered":"<p>[vc_row][vc_column][vc_column_text css=&#8221;&#8221;] N\u00edncia Cec\u00edlia Ribas Borges Teixeira P\u00f3s-doutora pela UFRJ. Doutora em Letras pela Universidade Estadual Paulista J\u00falio de Mesquita Filho (2005), Mestre em Letras pela Universidade Estadual de Londrina. \u00c9 Professora Associada da Universidade Estadual do Centro-Oeste (UNICENTRO-PR). Professora no curso de Letras\u00a0 Docente no Programa de P\u00f3s Gradua\u00e7\u00e3o em Letras da UNICENTRO. Coordenadora [&hellip;]<\/p>\n","protected":false},"author":3,"featured_media":0,"parent":31,"menu_order":0,"comment_status":"closed","ping_status":"closed","template":"","meta":{"_exactmetrics_skip_tracking":false,"_exactmetrics_sitenote_active":false,"_exactmetrics_sitenote_note":"","_exactmetrics_sitenote_category":0,"footnotes":"","_links_to":"","_links_to_target":""},"class_list":["post-41","page","type-page","status-publish","hentry"],"_links":{"self":[{"href":"https:\/\/www3.unicentro.br\/petletras\/wp-json\/wp\/v2\/pages\/41","targetHints":{"allow":["GET"]}}],"collection":[{"href":"https:\/\/www3.unicentro.br\/petletras\/wp-json\/wp\/v2\/pages"}],"about":[{"href":"https:\/\/www3.unicentro.br\/petletras\/wp-json\/wp\/v2\/types\/page"}],"author":[{"embeddable":true,"href":"https:\/\/www3.unicentro.br\/petletras\/wp-json\/wp\/v2\/users\/3"}],"replies":[{"embeddable":true,"href":"https:\/\/www3.unicentro.br\/petletras\/wp-json\/wp\/v2\/comments?post=41"}],"version-history":[{"count":1,"href":"https:\/\/www3.unicentro.br\/petletras\/wp-json\/wp\/v2\/pages\/41\/revisions"}],"predecessor-version":[{"id":862,"href":"https:\/\/www3.unicentro.br\/petletras\/wp-json\/wp\/v2\/pages\/41\/revisions\/862"}],"up":[{"embeddable":true,"href":"https:\/\/www3.unicentro.br\/petletras\/wp-json\/wp\/v2\/pages\/31"}],"wp:attachment":[{"href":"https:\/\/www3.unicentro.br\/petletras\/wp-json\/wp\/v2\/media?parent=41"}],"curies":[{"name":"wp","href":"https:\/\/api.w.org\/{rel}","templated":true}]}}