{"id":35,"date":"2018-09-13T09:28:17","date_gmt":"2018-09-13T12:28:17","guid":{"rendered":"https:\/\/www3.unicentro.br\/petletras\/?page_id=35"},"modified":"2026-03-24T15:52:41","modified_gmt":"2026-03-24T18:52:41","slug":"pet-letras-unicentro","status":"publish","type":"page","link":"https:\/\/www3.unicentro.br\/petletras\/pet-letras-unicentro\/","title":{"rendered":"PET Letras Unicentro"},"content":{"rendered":"<div class=\"wpb-content-wrapper\"><p>[vc_row][vc_column][vc_column_text css=&#8221;&#8221;]<span style=\"font-family: georgia, palatino, serif; font-size: 14pt;\">&nbsp; &nbsp; &nbsp; &nbsp;<\/span><\/p>\n<div class=\"wp-block-image\"><img loading=\"lazy\" decoding=\"async\" class=\"wpa-warning wpa-image-missing-alt size-full wp-image-815 alignright\" src=\"https:\/\/www3.unicentro.br\/petletras\/wp-content\/uploads\/sites\/55\/2025\/03\/baixados.jpg\" alt=\"\" width=\"253\" height=\"199\" data-warning=\"Missing alt text\"><\/div>\n<p><span style=\"font-family: georgia, palatino, serif; font-size: 14pt;\">Na Unicentro o PET Letras foi institu\u00eddo em novembro de 1991, por iniciativa da Professora Mail Marques de Azevedo, na \u00e9poca Coordenadora de Pesquisa. Desde ent\u00e3o, j\u00e1 fizeram parte do grupo cerca de 60 bolsistas, muitos dos quais s\u00e3o, atualmente, especialistas, mestres e doutores, inclusive professores na nossa Institui\u00e7\u00e3o. Nesse per\u00edodo o grupo PET desenvolveu, al\u00e9m de pesquisas individuais e em grupo, palestras, grupos de estudos e mini-cursos voltados para os acad\u00eamicos da Institui\u00e7\u00e3o e em outros momentos para a comunidade.<\/span><\/p>\n<p><span style=\"font-family: georgia, palatino, serif; font-size: 14pt;\">&nbsp; &nbsp; &nbsp; &nbsp; &nbsp; Para ingressar no Programa de Educa\u00e7\u00e3o Tutorial \u2013 PET\/Letras, o aluno interessado ter\u00e1, al\u00e9m de atender os requisitos que constam no Regimento, que passar por um teste seletivo, constitu\u00eddo de uma prova escrita e entrevista. Caso julgue necess\u00e1rio, o grupo poder\u00e1 aplicar outros m\u00e9todos avaliativos, como debates e din\u00e2micas de grupo.<\/span><\/p>\n<p><span style=\"font-family: georgia, palatino, serif; font-size: 14pt;\">&nbsp; &nbsp; &nbsp; &nbsp; &nbsp; Caso o grupo PET\/Letras opte em ter colaboradores como integrantes, estes ter\u00e3o os mesmos direitos e deveres que os bolsistas. E, t\u00e3o logo que abra uma vaga para bolsista, o colaborador assumir\u00e1 esta vaga, respeitando-se a ordem de classifica\u00e7\u00e3o do processo seletivo.<\/span><\/p>\n<div class=\"wp-block-image\"><\/div>\n<p>[\/vc_column_text][vc_separator color=&#8221;custom&#8221; style=&#8221;dotted&#8221; border_width=&#8221;5&#8243; css=&#8221;&#8221; accent_color=&#8221;#FF0000&#8243;][vc_column_text css=&#8221;&#8221;]<\/p>\n<p style=\"text-align: center;\"><span style=\"color: #ff0000;\"><strong><span style=\"font-size: 32px; font-family: 'times new roman', times, serif;\">EQUIPE PET LETRAS 2026<\/span><\/strong><\/span><\/p>\n<p>[\/vc_column_text][\/vc_column][\/vc_row][vc_row][vc_column][vc_single_image image=&#8221;879&#8243; img_size=&#8221;1600&#215;1600&#8243; add_caption=&#8221;yes&#8221; alignment=&#8221;center&#8221; css=&#8221;&#8221;][\/vc_column][\/vc_row][vc_row][vc_column][vc_separator color=&#8221;black&#8221; style=&#8221;shadow&#8221; border_width=&#8221;5&#8243; css=&#8221;&#8221;][\/vc_column][\/vc_row]<\/p>\n<\/div>","protected":false},"excerpt":{"rendered":"<p>[vc_row][vc_column][vc_column_text css=&#8221;&#8221;]&nbsp; &nbsp; &nbsp; &nbsp; Na Unicentro o PET Letras foi institu\u00eddo em novembro de 1991, por iniciativa da Professora Mail Marques de Azevedo, na \u00e9poca Coordenadora de Pesquisa. Desde ent\u00e3o, j\u00e1 fizeram parte do grupo cerca de 60 bolsistas, muitos dos quais s\u00e3o, atualmente, especialistas, mestres e doutores, inclusive professores na nossa Institui\u00e7\u00e3o. Nesse [&hellip;]<\/p>\n","protected":false},"author":3,"featured_media":0,"parent":0,"menu_order":0,"comment_status":"closed","ping_status":"closed","template":"","meta":{"_exactmetrics_skip_tracking":false,"_exactmetrics_sitenote_active":false,"_exactmetrics_sitenote_note":"","_exactmetrics_sitenote_category":0,"footnotes":"","_links_to":"","_links_to_target":""},"class_list":["post-35","page","type-page","status-publish","hentry"],"_links":{"self":[{"href":"https:\/\/www3.unicentro.br\/petletras\/wp-json\/wp\/v2\/pages\/35","targetHints":{"allow":["GET"]}}],"collection":[{"href":"https:\/\/www3.unicentro.br\/petletras\/wp-json\/wp\/v2\/pages"}],"about":[{"href":"https:\/\/www3.unicentro.br\/petletras\/wp-json\/wp\/v2\/types\/page"}],"author":[{"embeddable":true,"href":"https:\/\/www3.unicentro.br\/petletras\/wp-json\/wp\/v2\/users\/3"}],"replies":[{"embeddable":true,"href":"https:\/\/www3.unicentro.br\/petletras\/wp-json\/wp\/v2\/comments?post=35"}],"version-history":[{"count":4,"href":"https:\/\/www3.unicentro.br\/petletras\/wp-json\/wp\/v2\/pages\/35\/revisions"}],"predecessor-version":[{"id":881,"href":"https:\/\/www3.unicentro.br\/petletras\/wp-json\/wp\/v2\/pages\/35\/revisions\/881"}],"wp:attachment":[{"href":"https:\/\/www3.unicentro.br\/petletras\/wp-json\/wp\/v2\/media?parent=35"}],"curies":[{"name":"wp","href":"https:\/\/api.w.org\/{rel}","templated":true}]}}