{"id":31,"date":"2018-09-13T09:27:36","date_gmt":"2018-09-13T12:27:36","guid":{"rendered":"https:\/\/www3.unicentro.br\/petletras\/?page_id=31"},"modified":"2026-03-24T14:59:41","modified_gmt":"2026-03-24T17:59:41","slug":"pet","status":"publish","type":"page","link":"https:\/\/www3.unicentro.br\/petletras\/pet\/","title":{"rendered":"PET- Letras na Unicentro"},"content":{"rendered":"<div class=\"wpb-content-wrapper\"><p>[vc_row][vc_column][vc_column_text css=&#8221;&#8221;]<\/p>\n<div class=\"wp-block-image\"><\/div>\n<div><\/div>\n<p style=\"text-align: left\"><span style=\"font-size: 14pt\">O PET Letras foi institu\u00eddo na Unicentro em novembro de 1991, por iniciativa da Professora Mail Marques de Azevedo, na \u00e9poca Coordenadora de Pesquisa. Desde ent\u00e3o, j\u00e1 fizeram parte do grupo cerca de 160 bolsistas, muitos dos quais s\u00e3o, atualmente, especialistas, mestres e doutores, inclusive professores na nossa Institui\u00e7\u00e3o. Nesse per\u00edodo, o grupo PET desenvolveu, al\u00e9m de pesquisas individuais e em grupo, palestras, grupos de estudos e minicursos voltados para os acad\u00eamicos da Institui\u00e7\u00e3o e em outros momentos para a comunidade.<\/span><\/p>\n<div class=\"wp-block-image\"><img loading=\"lazy\" decoding=\"async\" class=\"wpa-warning wpa-image-missing-alt alignnone size-full wp-image-815\" src=\"https:\/\/www3.unicentro.br\/petletras\/wp-content\/uploads\/sites\/55\/2025\/03\/baixados.jpg\" alt=\"\" width=\"253\" height=\"199\" data-warning=\"Texto alternativo ausente\" \/><\/div>\n<p>[\/vc_column_text][vc_separator color=&#8221;black&#8221; border_width=&#8221;3&#8243; css=&#8221;&#8221;][\/vc_column][\/vc_row]<\/p>\n<\/div>","protected":false},"excerpt":{"rendered":"<p>[vc_row][vc_column][vc_column_text css=&#8221;&#8221;] O PET Letras foi institu\u00eddo na Unicentro em novembro de 1991, por iniciativa da Professora Mail Marques de Azevedo, na \u00e9poca Coordenadora de Pesquisa. Desde ent\u00e3o, j\u00e1 fizeram parte do grupo cerca de 160 bolsistas, muitos dos quais s\u00e3o, atualmente, especialistas, mestres e doutores, inclusive professores na nossa Institui\u00e7\u00e3o. Nesse per\u00edodo, o grupo [&hellip;]<\/p>\n","protected":false},"author":3,"featured_media":0,"parent":0,"menu_order":0,"comment_status":"closed","ping_status":"closed","template":"","meta":{"_exactmetrics_skip_tracking":false,"_exactmetrics_sitenote_active":false,"_exactmetrics_sitenote_note":"","_exactmetrics_sitenote_category":0,"footnotes":"","_links_to":"","_links_to_target":""},"class_list":["post-31","page","type-page","status-publish","hentry"],"_links":{"self":[{"href":"https:\/\/www3.unicentro.br\/petletras\/wp-json\/wp\/v2\/pages\/31","targetHints":{"allow":["GET"]}}],"collection":[{"href":"https:\/\/www3.unicentro.br\/petletras\/wp-json\/wp\/v2\/pages"}],"about":[{"href":"https:\/\/www3.unicentro.br\/petletras\/wp-json\/wp\/v2\/types\/page"}],"author":[{"embeddable":true,"href":"https:\/\/www3.unicentro.br\/petletras\/wp-json\/wp\/v2\/users\/3"}],"replies":[{"embeddable":true,"href":"https:\/\/www3.unicentro.br\/petletras\/wp-json\/wp\/v2\/comments?post=31"}],"version-history":[{"count":2,"href":"https:\/\/www3.unicentro.br\/petletras\/wp-json\/wp\/v2\/pages\/31\/revisions"}],"predecessor-version":[{"id":878,"href":"https:\/\/www3.unicentro.br\/petletras\/wp-json\/wp\/v2\/pages\/31\/revisions\/878"}],"wp:attachment":[{"href":"https:\/\/www3.unicentro.br\/petletras\/wp-json\/wp\/v2\/media?parent=31"}],"curies":[{"name":"wp","href":"https:\/\/api.w.org\/{rel}","templated":true}]}}