{"id":29,"date":"2018-09-13T09:16:33","date_gmt":"2018-09-13T12:16:33","guid":{"rendered":"https:\/\/www3.unicentro.br\/petletras\/?page_id=29"},"modified":"2026-02-04T13:32:39","modified_gmt":"2026-02-04T16:32:39","slug":"inicial","status":"publish","type":"page","link":"https:\/\/www3.unicentro.br\/petletras\/","title":{"rendered":"Inicial"},"content":{"rendered":"<div class=\"wpb-content-wrapper\"><p>[vc_row][vc_column][vc_column_text]<\/p>\n<div class=\"wp-block-image\"><img loading=\"lazy\" decoding=\"async\" class=\"wpa-warning wpa-image-missing-alt alignnone size-medium wp-image-845\" src=\"https:\/\/www3.unicentro.br\/petletras\/wp-content\/uploads\/sites\/55\/2026\/02\/cb44d42b-9fad-4b4f-af65-44591a0bb624-300x94.jpeg\" alt=\"\" width=\"300\" height=\"94\" data-warning=\"Texto alternativo ausente\" srcset=\"https:\/\/www3.unicentro.br\/petletras\/wp-content\/uploads\/sites\/55\/2026\/02\/cb44d42b-9fad-4b4f-af65-44591a0bb624-300x94.jpeg 300w, https:\/\/www3.unicentro.br\/petletras\/wp-content\/uploads\/sites\/55\/2026\/02\/cb44d42b-9fad-4b4f-af65-44591a0bb624-1024x321.jpeg 1024w, https:\/\/www3.unicentro.br\/petletras\/wp-content\/uploads\/sites\/55\/2026\/02\/cb44d42b-9fad-4b4f-af65-44591a0bb624-768x240.jpeg 768w, https:\/\/www3.unicentro.br\/petletras\/wp-content\/uploads\/sites\/55\/2026\/02\/cb44d42b-9fad-4b4f-af65-44591a0bb624-255x80.jpeg 255w, https:\/\/www3.unicentro.br\/petletras\/wp-content\/uploads\/sites\/55\/2026\/02\/cb44d42b-9fad-4b4f-af65-44591a0bb624.jpeg 1150w\" sizes=\"auto, (max-width: 300px) 100vw, 300px\" \/><\/div>\n<p dir=\"ltr\"><span style=\"font-size: 18px\">I<\/span><span style=\"font-size: 21px\"><span style=\"font-size: 18px\">n<\/span>stitu\u00eddo pela <a href=\"https:\/\/portal.mec.gov.br\/index.php?option=com_docman&amp;view=download&amp;alias=332-leisetembro2005&amp;category_slug=pet-programa-de-educacao-tutorial&amp;Itemid=30192\">Lei n\u00ba 11.180\/2005\u00a0<\/a>e regulamentado pela\u00a0<a href=\"https:\/\/portal.mec.gov.br\/index.php?option=com_docman&amp;view=download&amp;alias=14912-portaria-n-976&amp;category_slug=dezembro-2013-pdf&amp;Itemid=30192\">Portaria MEC n\u00ba 976\/2010<\/a>, o Programa de Educa\u00e7\u00e3o Tutorial (PET) exerce um papel estrat\u00e9gico no fortalecimento do ensino superior brasileiro ao promover, de forma integrada os tr\u00eas pilares essenciais da forma\u00e7\u00e3o universit\u00e1ria: o ensino, a pesquisa e a extens\u00e3o.<\/span><\/p>\n<p dir=\"ltr\"><span style=\"font-size: 21px\"><span class=\"visualHighlight\">O PET promove a forma\u00e7\u00e3o acad\u00eamica de excel\u00eancia ao apoiar grupos tutoriais nas Institui\u00e7\u00f5es de Ensino Superior (IES) em todo o pa\u00eds<\/span><span class=\"visualHighlight\">.<\/span>\u00a0Esses grupos s\u00e3o integrados por at\u00e9 doze estudantes de gradua\u00e7\u00e3o, sob a orienta\u00e7\u00e3o de um professor tutor, que desenvolvem a\u00e7\u00f5es que articulam conhecimento acad\u00eamico e compromisso social. O programa concede bolsas a discentes e tutores e destina recursos para custear atividades previstas no plano de trabalho de cada grupo.\u00a0<\/span><\/p>\n<p dir=\"ltr\"><span style=\"font-size: 21px\">Atualmente, o\u00a0<span class=\"visualHighlight\">PET conta com mais de 10 mil bolsistas, distribu\u00eddos em 881 grupos ativos em institui\u00e7\u00f5es de ensino superior p\u00fablicas e particulares em todo o pa\u00eds<\/span><span class=\"visualHighlight\">.<\/span>\u00a0O programa contribui diretamente para a forma\u00e7\u00e3o de profissionais cr\u00edticos, reflexivos e socialmente comprometidos, ao mesmo tempo em que fortalece a miss\u00e3o das institui\u00e7\u00f5es de ensino superior e promove a inova\u00e7\u00e3o no ambiente universit\u00e1rio.<\/span><\/p>\n<p dir=\"ltr\">fonte: <a href=\"https:\/\/www.gov.br\/mec\/pt-br\/pet\">Programa de Educa\u00e7\u00e3o Tutorial (PET) \u2014 Minist\u00e9rio da Educa\u00e7\u00e3o<\/a><\/p>\n<p>[\/vc_column_text][\/vc_column][\/vc_row]<\/p>\n<\/div>","protected":false},"excerpt":{"rendered":"<p>[vc_row][vc_column][vc_column_text] Institu\u00eddo pela Lei n\u00ba 11.180\/2005\u00a0e regulamentado pela\u00a0Portaria MEC n\u00ba 976\/2010, o Programa de Educa\u00e7\u00e3o Tutorial (PET) exerce um papel estrat\u00e9gico no fortalecimento do ensino superior brasileiro ao promover, de forma integrada os tr\u00eas pilares essenciais da forma\u00e7\u00e3o universit\u00e1ria: o ensino, a pesquisa e a extens\u00e3o. O PET promove a forma\u00e7\u00e3o acad\u00eamica de excel\u00eancia ao [&hellip;]<\/p>\n","protected":false},"author":3,"featured_media":0,"parent":0,"menu_order":0,"comment_status":"closed","ping_status":"closed","template":"page-templates\/front-page.php","meta":{"_exactmetrics_skip_tracking":false,"_exactmetrics_sitenote_active":false,"_exactmetrics_sitenote_note":"","_exactmetrics_sitenote_category":0,"footnotes":"","_links_to":"","_links_to_target":""},"class_list":["post-29","page","type-page","status-publish","hentry"],"_links":{"self":[{"href":"https:\/\/www3.unicentro.br\/petletras\/wp-json\/wp\/v2\/pages\/29","targetHints":{"allow":["GET"]}}],"collection":[{"href":"https:\/\/www3.unicentro.br\/petletras\/wp-json\/wp\/v2\/pages"}],"about":[{"href":"https:\/\/www3.unicentro.br\/petletras\/wp-json\/wp\/v2\/types\/page"}],"author":[{"embeddable":true,"href":"https:\/\/www3.unicentro.br\/petletras\/wp-json\/wp\/v2\/users\/3"}],"replies":[{"embeddable":true,"href":"https:\/\/www3.unicentro.br\/petletras\/wp-json\/wp\/v2\/comments?post=29"}],"version-history":[{"count":1,"href":"https:\/\/www3.unicentro.br\/petletras\/wp-json\/wp\/v2\/pages\/29\/revisions"}],"predecessor-version":[{"id":848,"href":"https:\/\/www3.unicentro.br\/petletras\/wp-json\/wp\/v2\/pages\/29\/revisions\/848"}],"wp:attachment":[{"href":"https:\/\/www3.unicentro.br\/petletras\/wp-json\/wp\/v2\/media?parent=29"}],"curies":[{"name":"wp","href":"https:\/\/api.w.org\/{rel}","templated":true}]}}