{"id":968,"date":"2021-05-31T12:11:39","date_gmt":"2021-05-31T15:11:39","guid":{"rendered":"https:\/\/www3.unicentro.br\/petgeografia\/?page_id=968"},"modified":"2026-03-11T11:59:14","modified_gmt":"2026-03-11T14:59:14","slug":"cinepet-2","status":"publish","type":"page","link":"https:\/\/www3.unicentro.br\/petgeografia\/cinepet-2\/","title":{"rendered":"CinePET"},"content":{"rendered":"<div class=\"wpb-content-wrapper\"><p>[vc_row][vc_column width=&#8221;1\/3&#8243;][vc_hoverbox image=&#8221;2360&#8243; primary_title=&#8221;&#8221; primary_align=&#8221;left&#8221; hover_title=&#8221;O Compl\u00f4&#8221;]<a href=\"https:\/\/drive.google.com\/file\/d\/1bWzp2cy0HjPbNXIopVcbNBsUKfMcqsz4\/view\"><span style=\"font-family: georgia, palatino, serif;font-size: 12pt\">Acesse aqui!<\/span><\/a>[\/vc_hoverbox][vc_hoverbox image=&#8221;2324&#8243; primary_title=&#8221;&#8221; primary_align=&#8221;left&#8221; hover_title=&#8221;Paisagens Brasileiras \u2013 Culturas Populares&#8221;]<a href=\"https:\/\/drive.google.com\/file\/d\/1ZVWzfp9nV3dWgN6L38BZDynbVOYdzSYe\/view?usp=sharing\"><span style=\"font-family: georgia, palatino, serif;font-size: 12pt\">Acesse aqui!<\/span><\/a>[\/vc_hoverbox][vc_hoverbox image=&#8221;2323&#8243; primary_title=&#8221;&#8221; primary_align=&#8221;left&#8221; hover_title=&#8221;Bicha! A homofobia no futebol brasileiro.&#8221;]<a href=\"https:\/\/drive.google.com\/file\/d\/1USX0FhgSNnL2vPxKo3YYnIfuhEpzgAUw\/view?usp=sharing\"><span style=\"font-family: georgia, palatino, serif;font-size: 12pt\">Acesse aqui!<\/span><\/a>[\/vc_hoverbox][vc_hoverbox image=&#8221;2245&#8243; primary_title=&#8221;&#8221; primary_align=&#8221;left&#8221; hover_title=&#8221;Amaz\u00f4nia: da impertin\u00eancia \u00e0 concilia\u00e7\u00e3o&#8221;]<a href=\"https:\/\/drive.google.com\/file\/d\/1MsLyxRT_4oY9kpSbAAbw6tdQIc1R9Gr6\/view?usp=sharing\"><span style=\"font-family: georgia, palatino, serif;font-size: 12pt\">Acesse aqui!<\/span><\/a>[\/vc_hoverbox][vc_hoverbox image=&#8221;2246&#8243; primary_title=&#8221;&#8221; primary_align=&#8221;left&#8221; hover_title=&#8221;Maria da Penha: uma hist\u00f3ria real amea\u00e7ada por discursos negacionistas&#8221;]<a href=\"https:\/\/drive.google.com\/file\/d\/1-fz7tKWe0qBYretMkOWK8t9B7ovKNApd\/view?usp=sharing\"><span style=\"font-family: georgia, palatino, serif;font-size: 12pt\">Acesse aqui!<\/span><\/a>[\/vc_hoverbox][vc_hoverbox image=&#8221;2227&#8243; primary_title=&#8221;&#8221; primary_align=&#8221;left&#8221; hover_title=&#8221;Desigualdade Global &#8211; Cap\u00edtulo 5: Brasil&#8221;]<a href=\"https:\/\/drive.google.com\/file\/d\/1N_EZ-U9tyfCnMckUws3I7hRyLE0XWbhQ\/view?usp=sharing\"><span style=\"font-family: georgia, palatino, serif;font-size: 12pt\">Acesse aqui!<\/span><\/a>[\/vc_hoverbox][vc_hoverbox image=&#8221;2216&#8243; primary_title=&#8221;&#8221; primary_align=&#8221;left&#8221; hover_title=&#8221;Domingo Espetacular &#8211; Holocausto Brasileiro&#8221;]<a href=\"https:\/\/drive.google.com\/file\/d\/1WPsOPHBtsUUtctwqJogYVV2P5SYjWuha\/view?usp=sharing\"><span style=\"font-family: georgia, palatino, serif;font-size: 12pt\">Acesse aqui!<\/span><\/a>[\/vc_hoverbox][vc_hoverbox image=&#8221;2214&#8243; primary_title=&#8221;&#8221; primary_align=&#8221;left&#8221; hover_title=&#8221;Patrim\u00f4nio cultural dos c\u00e2nions paulistas&#8221;]<a href=\"https:\/\/drive.google.com\/file\/d\/1cTkRmSMnPvmsGLSk7qdZQzUwwFdB_CuZ\/view?usp=sharing\"><span style=\"font-family: georgia, palatino, serif;font-size: 12pt\">Acesse aqui!<\/span><\/a>[\/vc_hoverbox][vc_hoverbox image=&#8221;2210&#8243; primary_title=&#8221;&#8221; primary_align=&#8221;left&#8221; hover_title=&#8221;O abismo que separa duas cidades com menor e maior IDH do Brasil&#8221;]<a href=\"https:\/\/drive.google.com\/file\/d\/16rq4ZJLwijNO6WcSxyD8wqPo2erUIRIa\/view?usp=sharing\"><span style=\"font-family: georgia, palatino, serif;font-size: 12pt\">Acesse aqui!<\/span><\/a>[\/vc_hoverbox][vc_hoverbox image=&#8221;2197&#8243; primary_title=&#8221;&#8221; primary_align=&#8221;left&#8221; hover_title=&#8221;A Saga: da terra vermelha brotou o sangue&#8221;]<a href=\"https:\/\/drive.google.com\/file\/d\/1iLKJom1-SUqD6CLkldh30U7vIzQnsELC\/view?usp=sharing\"><span style=\"font-family: georgia, palatino, serif;font-size: 12pt\">Acesse aqui!<\/span><\/a>[\/vc_hoverbox][vc_hoverbox image=&#8221;2194&#8243; primary_title=&#8221;&#8221; primary_align=&#8221;left&#8221; hover_title=&#8221;Alerta Vermelho &#8211; Mudan\u00e7as clim\u00e1ticas&#8221;]<a href=\"https:\/\/drive.google.com\/file\/d\/1iWcS7Hc_po2e0MI5VmbeboyQ11gJXKcF\/view?usp=sharing\"><span style=\"font-family: georgia, palatino, serif;font-size: 12pt\">Acesse aqui!<\/span><\/a>[\/vc_hoverbox][vc_hoverbox image=&#8221;1005&#8243; primary_title=&#8221;&#8221; primary_align=&#8221;left&#8221; hover_title=&#8221;Desertos Verdes &#8211; planta\u00e7\u00f5es de eucalipto, agrot\u00f3xicos e \u00e1gua&#8221;]<a href=\"https:\/\/drive.google.com\/file\/d\/1XAtTgowbuefSNgVZ7dhZlVC_Un_ZkA_1\/view?usp=sharing\"><span style=\"font-family: georgia, palatino, serif;font-size: 12pt\">Acesse aqui!<\/span><\/a>[\/vc_hoverbox][vc_hoverbox image=&#8221;2034&#8243; primary_title=&#8221;&#8221; hover_title=&#8221;Icebergs: Alerta Global&#8221; css=&#8221;.vc_custom_1726683534669{background-position: center !important;background-repeat: no-repeat !important;background-size: contain !important;}&#8221;]<a href=\"https:\/\/drive.google.com\/file\/d\/13vduZiuot6fWjX61rQHHsS0xs-X_-eYy\/view?usp=sharing\"><span style=\"font-family: georgia, palatino, serif;font-size: 12pt\">Acesse aqui!<\/span><\/a>[\/vc_hoverbox][vc_hoverbox image=&#8221;1114&#8243; primary_title=&#8221;&#8221; hover_title=&#8221;A Lei da \u00c1gua&#8221; css=&#8221;.vc_custom_1726683651892{background-position: center !important;background-repeat: no-repeat !important;background-size: contain !important;}&#8221;]<a href=\"https:\/\/drive.google.com\/file\/d\/18FsqL_N6AW1T_cT2jGmS2EqMEqwAKjCd\/view?usp=sharing\"><span style=\"font-family: georgia, palatino, serif;font-size: 12pt\">Acesse aqui!<\/span><\/a>[\/vc_hoverbox][vc_hoverbox image=&#8221;1165&#8243; primary_title=&#8221;&#8221; hover_title=&#8221;Caminhos de Darwin&#8221;]<a href=\"https:\/\/drive.google.com\/file\/d\/1ZAdzUnR_dvDF5wArVtPpiSefPnYXEn-u\/view?usp=sharing\">Acesse aqui!<\/a>[\/vc_hoverbox][vc_hoverbox image=&#8221;1200&#8243; primary_title=&#8221;&#8221; primary_title_font_container=&#8221;font_size:A%20atividade%20humana%20na%20extin%C3%A7%C3%A3o%20das%20esp%C3%A9cies|color:%23000000&#8243; hover_title=&#8221;A atividade humana na extin\u00e7\u00e3o das esp\u00e9cies&#8221; use_custom_fonts_primary_title=&#8221;true&#8221;]<a href=\"https:\/\/drive.google.com\/file\/d\/18jYEXRroDJ6r7XGmST_mb-r7xlsoASfr\/view?usp=sharing\">Acesse aqui!<\/a>[\/vc_hoverbox][vc_hoverbox image=&#8221;1252&#8243; primary_title=&#8221;&#8221; primary_title_font_container=&#8221;color:%23000000&#8243; hover_title=&#8221;Refugiados e migrantes: longe de casa&#8221; use_custom_fonts_primary_title=&#8221;true&#8221;]<a href=\"https:\/\/drive.google.com\/file\/d\/1dcCffRyCmsxVVmE0ugN6aV5DNsoaqlF6\/view?usp=sharing\">Acesse aqui!<\/a>[\/vc_hoverbox][vc_hoverbox image=&#8221;1361&#8243; primary_title=&#8221;&#8221; hover_title=&#8221;Atividade tur\u00edstica&#8221; hover_background_color=&#8221;custom&#8221;]<a href=\"https:\/\/drive.google.com\/file\/d\/1or6D8KYwtw4Eowtr6PsJCsQbwDYMoWDl\/view?usp=sharing\">Acesse aqui<\/a>[\/vc_hoverbox][vc_hoverbox image=&#8221;1435&#8243; primary_title=&#8221;&#8221; hover_title=&#8221;Am\u00e9rica do Sul: Geodiversidade entre dois mares&#8221; hover_background_color=&#8221;custom&#8221;]<a href=\"https:\/\/drive.google.com\/file\/d\/1kydAvkcSnGtQUDETMbutO95tGkhWQBFB\/view?usp=sharing\">Acesse aqui<\/a>[\/vc_hoverbox][vc_hoverbox image=&#8221;1471&#8243; primary_title=&#8221;&#8221; hover_title=&#8221;Conhecendo o Pantanal Brasileiro&#8221; hover_background_color=&#8221;custom&#8221;]<a href=\"https:\/\/drive.google.com\/file\/d\/1HAIPW8Gd8ZLKjCF2rOnab33eO5Huf23D\/view?usp=sharing\">Acesse aqui<\/a>[\/vc_hoverbox][vc_hoverbox image=&#8221;1673&#8243; primary_title=&#8221;&#8221; hover_title=&#8221;Territorialidade &#8211; Milton Santos&#8221;]<a href=\"https:\/\/drive.google.com\/file\/d\/14mdJNmy3kseXm1Q2ZJmJSEgfHihmXEJr\/view\">Acesse aqui!<\/a>[\/vc_hoverbox][vc_hoverbox image=&#8221;1770&#8243; primary_title=&#8221;&#8221; hover_title=&#8221;Tem gringo no morro.&#8221;]<a href=\"https:\/\/drive.google.com\/file\/d\/1MEuyF1jdfhIuALs0CgD3OUnMTacZ62rM\/view?usp=drive_link\">Acesse aqui!<\/a>[\/vc_hoverbox][vc_hoverbox image=&#8221;1932&#8243; primary_title=&#8221;&#8221; hover_title=&#8221;Montanha T\u00eaxtil: O Fardo Oculto dos Res\u00edduos da Moda&#8221;]<a href=\"https:\/\/drive.google.com\/file\/d\/1hM2OAiJo8WR2dXfBXXETjMgpboB11kPB\/view\">Acesse Aqui!<\/a>[\/vc_hoverbox][vc_hoverbox image=&#8221;1989&#8243; primary_title=&#8221;&#8221; hover_title=&#8221;Guerras do Brasil \u2013 Epis\u00f3dio 4 \u2013 A Revolu\u00e7\u00e3o de 1930.&#8221;]<a href=\"https:\/\/drive.google.com\/file\/d\/1YXNAaY0lc8_WNXAbvU2jkuLNtC12XY3s\/view\">Acesse aqui!<\/a>[\/vc_hoverbox][vc_hoverbox image=&#8221;2010&#8243; primary_title=&#8221;&#8221; hover_title=&#8221;Projeto Faxinais: preservar o meio ambiente e preservar uma cultura&#8221;]<a href=\"https:\/\/drive.google.com\/file\/d\/1ad0l0RfbG-nMRJeabkP04xbBWhwXxczA\/view?usp=sharing\">Acesse aqui!<\/a>[\/vc_hoverbox][vc_hoverbox image=&#8221;2052&#8243; primary_title=&#8221;&#8221; hover_title=&#8221;Document\u00e1rio: Rios do Sul &#8211; Bacia Hidrogr\u00e1fica Taquari \/Antas&#8221;]<a href=\"https:\/\/drive.google.com\/file\/d\/1d0KlpUM3KkT0dXWA7oN5LyTdeokp6Ssk\/view\">Acesse aqui!<\/a>[\/vc_hoverbox][\/vc_column][vc_column width=&#8221;1\/3&#8243;][vc_hoverbox image=&#8221;2361&#8243; primary_title=&#8221;&#8221; hover_title=&#8221;Terra: ainda temos tempo&#8221;]<a href=\"https:\/\/drive.google.com\/file\/d\/1OMBHVV9Q_-bLlAk8CZ84tiKYXkZLweMd\/view?usp=sharing\"><span style=\"font-family: georgia, palatino, serif;font-size: 12pt\">Acesse aqui!<\/span><\/a>[\/vc_hoverbox][vc_hoverbox image=&#8221;2322&#8243; primary_title=&#8221;&#8221; hover_title=&#8221;South Korea is Over (A Coreia do Sul Acabou)&#8221;]<a href=\"https:\/\/drive.google.com\/file\/d\/1oEC22xJNwTwkh8XlXngXD1zJIcijtu4O\/view?usp=sharing\"><span style=\"font-family: georgia, palatino, serif;font-size: 12pt\">Acesse aqui!<\/span><\/a>[\/vc_hoverbox][vc_hoverbox image=&#8221;2198&#8243; primary_title=&#8221;&#8221; hover_title=&#8221;Al\u00e9m do lixo: her\u00f3is invis\u00edveis da reciclagem&#8221;]<a href=\"https:\/\/drive.google.com\/file\/d\/1xnB8mSgVG5i5qyjiVIxpY5UX5l7u5TpA\/view?usp=sharing\"><span style=\"font-family: georgia, palatino, serif;font-size: 12pt\">Acesse aqui!<\/span><\/a>[\/vc_hoverbox][vc_hoverbox image=&#8221;1006&#8243; primary_title=&#8221;&#8221; hover_title=&#8221;Construindo o planeta Terra&#8221;]<a href=\"https:\/\/drive.google.com\/file\/d\/1xiYtvlTLzpaLBDjVlzoCrhMFIJgx5lM2\/view?usp=sharing\"><span style=\"font-family: georgia, palatino, serif;font-size: 12pt\">Acesse aqui!<\/span><\/a>[\/vc_hoverbox][vc_hoverbox image=&#8221;1072&#8243; primary_title=&#8221;&#8221; hover_title=&#8221;Biogeografia e Gal\u00e1pagos&#8221; css=&#8221;.vc_custom_1726683566870{background-position: center !important;background-repeat: no-repeat !important;background-size: contain !important;}&#8221;]<a href=\"https:\/\/drive.google.com\/file\/d\/12aGPvSAtRbbzpfCMK60TKByb3B5PJQQ-\/view?usp=sharing\"><span style=\"font-family: georgia, palatino, serif;font-size: 12pt\">Acesse aqui!<\/span><\/a>[\/vc_hoverbox][vc_hoverbox image=&#8221;1125&#8243; primary_title=&#8221;&#8221; hover_title=&#8221;Mudan\u00e7as do Clima, Mudan\u00e7as de Vidas&#8221;]<a href=\"https:\/\/drive.google.com\/file\/d\/13FdvjT_piyRsBuFo3xFmnK7LZ19ROs72\/view?usp=sharing\">Acesse aqui!<\/a>[\/vc_hoverbox][vc_hoverbox image=&#8221;1192&#8243; primary_title=&#8221;&#8221; hover_title=&#8221;Ilha Das Flores&#8221;]<a href=\"https:\/\/drive.google.com\/file\/d\/1RFfxhNZQxu60b7LZDf0tW4i3uUiABLm2\/view?usp=sharing\">Acesse aqui!<\/a>[\/vc_hoverbox][vc_hoverbox image=&#8221;1245&#8243; primary_title=&#8221;&#8221; hover_title=&#8221;O valor das Unidades de Conserva\u00e7\u00e3o para a sociedade brasileira&#8221;]<a href=\"https:\/\/drive.google.com\/file\/d\/1RE_ay4qT73-2mjMz3CWPQlOJcdDXSWC7\/view?usp=shhttps:\/\/drive.google.com\/file\/d\/1RE_ay4qT73-2mjMz3CWPQlOJcdDXSWC7\/view?usp=sharingaring\">Acesse aqui!<\/a>[\/vc_hoverbox][vc_hoverbox image=&#8221;1348&#8243; primary_title=&#8221;&#8221; hover_title=&#8221;Semeando o futuro: agricultura tamanho fam\u00edlia&#8221;]<a href=\"https:\/\/drive.google.com\/file\/d\/1ccPr851NTnhwzUzGX0fHzzXJhXe2PL3f\/view?usp=sharing\">Acesse aqui!<\/a>[\/vc_hoverbox][vc_hoverbox image=&#8221;1434&#8243; primary_title=&#8221;&#8221; hover_title=&#8221;Animais silvestres&#8221;]<a href=\"https:\/\/drive.google.com\/file\/d\/1wQbX1aNciMo9tsaQcuSdASR4gkKR91ZM\/view?usp=sharing\">Acesse aqui!<\/a>[\/vc_hoverbox][vc_hoverbox image=&#8221;1460&#8243; primary_title=&#8221;&#8221; hover_title=&#8221;Sistema de drenagem urbana sustent\u00e1vel&#8221;]<a href=\"https:\/\/drive.google.com\/file\/d\/1SSBflaUVcrTFZjiUgccDNf9SnaYnbY7t\/view?usp=sharing\">Acesse aqui!<\/a>[\/vc_hoverbox][vc_hoverbox image=&#8221;1474&#8243; primary_title=&#8221;&#8221; hover_title=&#8221;A rebeli\u00e3o dos pinguins&#8221;]<a href=\"https:\/\/drive.google.com\/file\/d\/1fCX_x35stUZsS_n0GmuZAxqclhHHv7_H\/view?usp=sharing\">Acesse aqui!<\/a>[\/vc_hoverbox][vc_hoverbox image=&#8221;1671&#8243; primary_title=&#8221;&#8221; hover_title=&#8221;Document\u00e1rio: Ponto de Vista&#8221;]<a href=\"https:\/\/drive.google.com\/file\/d\/1AZzIzUz3bxkJ7d2qOrx5k5HPnWXp6GTc\/view\">Acesse aqui!<\/a>[\/vc_hoverbox][vc_hoverbox image=&#8221;1674&#8243; primary_title=&#8221;&#8221; hover_title=&#8221;document\u00e1rio: Desigualdades sociais no Brasil&#8221;]<a href=\"https:\/\/drive.google.com\/file\/d\/1phxU_AbkiRCnHEy-BUvcQCASpNpFYFXY\/view\">Acesse aqui!<\/a>[\/vc_hoverbox][vc_hoverbox image=&#8221;1924&#8243; primary_title=&#8221;&#8221; hover_title=&#8221;Ilegal: a vida n\u00e3o espera&#8221;]<a href=\"https:\/\/drive.google.com\/file\/d\/1_4jfhAVLM23XPg4FYlyKuNUD7-tBQfkc\/view\">Acesse aqui!<\/a>[\/vc_hoverbox][vc_hoverbox image=&#8221;1987&#8243; primary_title=&#8221;&#8221; hover_title=&#8221;FEBEM &#8211; come\u00e7o do fim&#8221;]<a href=\"https:\/\/drive.google.com\/file\/d\/1ZodlEQnexKntPdhnfuxmE8mv6Edv9B3V\/view\">Acesse aqui!<\/a>[\/vc_hoverbox][vc_hoverbox image=&#8221;2050&#8243; primary_title=&#8221;&#8221; hover_title=&#8221;Contestado: mem\u00f3ria e esperan\u00e7a&#8221;]<a href=\"https:\/\/drive.google.com\/file\/d\/1TCkKlYpowmEc0TDdSRNm3AjA7dYJc2yg\/view\">Acesse aqui!<\/a>[\/vc_hoverbox][\/vc_column][vc_column width=&#8221;1\/3&#8243;][vc_hoverbox image=&#8221;2362&#8243; primary_title=&#8221;&#8221; hover_title=&#8221;Guerra do Paraguai&#8221; css=&#8221;.vc_custom_1773240982021{background-position: center !important;background-repeat: no-repeat !important;background-size: contain !important;}&#8221;]<a href=\"https:\/\/drive.google.com\/file\/d\/1UoQCHdXo6-MEHImOYAYBWYwcTd_xRWo-\/view?usp=sharing\"><span style=\"font-family: georgia, palatino, serif;font-size: 12pt\">Acesse aqui!<\/span><\/a>[\/vc_hoverbox][vc_hoverbox image=&#8221;2325&#8243; primary_title=&#8221;&#8221; hover_title=&#8221;Vidas entregues&#8221; css=&#8221;.vc_custom_1762794528360{background-position: center !important;background-repeat: no-repeat !important;background-size: contain !important;}&#8221;]<a href=\"https:\/\/drive.google.com\/file\/d\/1l8ObD1I5s6cEIktT9qUvPEjh7PG08Sob\/view?usp=sharing\"><span style=\"font-family: georgia, palatino, serif;font-size: 12pt\">Acesse aqui!<\/span><\/a>[\/vc_hoverbox][vc_hoverbox image=&#8221;2199&#8243; primary_title=&#8221;&#8221; hover_title=&#8221;Como se tornar um tirano&#8221; css=&#8221;.vc_custom_1747253617732{background-position: center !important;background-repeat: no-repeat !important;background-size: contain !important;}&#8221;]<a href=\"https:\/\/drive.google.com\/file\/d\/13CfNaUHwoxb4Nm_RXStPzBhVH3E616Nj\/view?usp=sharing\"><span style=\"font-family: georgia, palatino, serif;font-size: 12pt\">Acesse aqui!<\/span><\/a>[\/vc_hoverbox][vc_hoverbox image=&#8221;2196&#8243; primary_title=&#8221;&#8221; hover_title=&#8221;Uma viagem ao pa\u00eds mais obeso, mais fumante e menos visitado&#8221; css=&#8221;.vc_custom_1747253174256{background-position: center !important;background-repeat: no-repeat !important;background-size: contain !important;}&#8221;]<a href=\"https:\/\/drive.google.com\/file\/d\/1QWOSRtErxZ4xjumVRIhaCsIiD1DjXSvM\/view?usp=sharing\"><span style=\"font-family: georgia, palatino, serif;font-size: 12pt\">Acesse aqui!<\/span><\/a>[\/vc_hoverbox][vc_hoverbox image=&#8221;1036&#8243; primary_title=&#8221;&#8221; hover_title=&#8221;OUR PLANET (NOSSO PLANETA)&#8221; css=&#8221;.vc_custom_1726527082116{background-position: center !important;background-repeat: no-repeat !important;background-size: contain !important;}&#8221;]<a href=\"https:\/\/drive.google.com\/file\/d\/18GjYztCgJuERZC5gm3p00SJ7alhvMadk\/view?usp=sharing\"><span style=\"font-family: georgia, palatino, serif;font-size: 12pt\">Acesse aqui!<\/span><\/a>[\/vc_hoverbox][vc_hoverbox image=&#8221;1110&#8243; primary_title=&#8221;&#8221; hover_title=&#8221;Ind\u00fastria 4.0&#8243; css=&#8221;.vc_custom_1726683596820{background-position: center !important;background-repeat: no-repeat !important;background-size: contain !important;}&#8221;]<a href=\"https:\/\/drive.google.com\/file\/d\/1WzCL89JpciCuhcQFSJyh94ByTiumFt9d\/view?usp=sharing\"><span style=\"font-family: georgia, palatino, serif;font-size: 12pt\">Acesse aqui!<\/span><\/a>[\/vc_hoverbox][vc_hoverbox image=&#8221;1163&#8243; primary_title=&#8221;&#8221; hover_title=&#8221;Jornada Geol\u00f3gica &#8211; A Grande Fenda Africana&#8221;]<a href=\"https:\/\/drive.google.com\/file\/d\/1zkxn9sHTZTGnoxOlGH4RsCRpHZvpbSoj\/view?usp=sharing\">Acesse aqui!<\/a>[\/vc_hoverbox][vc_hoverbox image=&#8221;1243&#8243; primary_title=&#8221;&#8221; hover_title=&#8221;A Hist\u00f3ria de Deus&#8221;]<a href=\"https:\/\/drive.google.com\/file\/d\/16UPjBqcbiQcd-EDOfoIGDmtIZJNkRc9n\/view?usp=sharing\">Acesse aqui!<\/a>[\/vc_hoverbox][vc_hoverbox image=&#8221;1246&#8243; primary_title=&#8221;&#8221; hover_title=&#8221;O veneno est\u00e1 na mesa&#8221;]<a href=\"https:\/\/drive.google.com\/file\/d\/1WN6EMIpkTXznJolTCqaEzOSzng_V7Dqt\/view?usp=sharing\">Acesse aqui!<\/a>[\/vc_hoverbox][vc_hoverbox image=&#8221;1397&#8243; primary_title=&#8221;&#8221; hover_title=&#8221;Res\u00edduos s\u00f3lidos&#8221;]<a href=\"https:\/\/drive.google.com\/file\/d\/1evBpo0RxOAHR0XFbm0skPoQD-4d4BWnc\/view?usp=share_link\">Acesse aqui\u00a0<\/a>[\/vc_hoverbox][vc_hoverbox image=&#8221;1433&#8243; primary_title=&#8221;&#8221; hover_title=&#8221;\u201cA ponte\u201d e \u201cAlphaville \u2013 Do lado de dentro do muro\u201d&#8221;]<a href=\"https:\/\/drive.google.com\/file\/d\/1IjZWLHf3STObfW8qzIv0x38WV0D9po6w\/view?usp=sharing\">Acesse aqui\u00a0<\/a>[\/vc_hoverbox][vc_hoverbox image=&#8221;1461&#8243; primary_title=&#8221;&#8221; hover_title=&#8221;Impacto do uso de agrot\u00f3xicos para a sa\u00fade&#8221;]<a href=\"https:\/\/drive.google.com\/file\/d\/1xMo1TBX-Gm7ul7eRSCsRSY_V9VktFkXs\/view?usp=sharing\">Acesse aqui\u00a0<\/a>[\/vc_hoverbox][vc_hoverbox image=&#8221;1670&#8243; primary_title=&#8221;&#8221; hover_title=&#8221;Document\u00e1rio: Os saltos da humanidade: como o homem chegou mais perto de outros mundos&#8221;]<a href=\"https:\/\/drive.google.com\/file\/d\/1YzIClM_BaXAonXVYJa87-bUzIqBInKRy\/view\">Acesse aqui!<\/a>[\/vc_hoverbox][vc_hoverbox image=&#8221;1772&#8243; primary_title=&#8221;&#8221; hover_title=&#8221;Povos: territ\u00f3rios, identidade e tradi\u00e7\u00e3o&#8221;]<a href=\"https:\/\/drive.google.com\/file\/d\/1KqzEKE5-89pj68VMBTZvqE53qixQ30s-\/view?usp=sharing\">Acesse Aqui!<\/a>[\/vc_hoverbox][vc_hoverbox image=&#8221;1929&#8243; primary_title=&#8221;&#8221; hover_title=&#8221;Gera\u00e7\u00e3o de Energia&#8221;]<a href=\"https:\/\/drive.google.com\/file\/d\/1qkngTm9rjaukzFwHSGb4aswxTeUHZtHr\/view\">Acesse Aqui!<\/a>[\/vc_hoverbox][vc_hoverbox image=&#8221;1981&#8243; primary_title=&#8221;&#8221; hover_title=&#8221;Uma Rocha Estranha, epis\u00f3dio 1 &#8211; suspiro&#8221;]<a href=\"https:\/\/drive.google.com\/file\/d\/1L2KepSepFhGcOEorslCAzOXFfrP9zLbz\/view?pli=1\">Acesse aqui!<\/a>[\/vc_hoverbox][vc_hoverbox image=&#8221;2009&#8243; primary_title=&#8221;&#8221; hover_title=&#8221;O lado obscuro da ind\u00fastria farmac\u00eautica&#8221;]<a href=\"https:\/\/drive.google.com\/file\/d\/1toQGPZuad56TcT3bsVgxR3sUIJorXPQY\/view?usp=sharing\">Acesse aqui!<\/a><\/p>\n<div class=\"wp-block-image\"><\/div>\n<p>[\/vc_hoverbox][vc_hoverbox image=&#8221;2051&#8243; hover_title=&#8221;Palestra (Johan Rockstr\u00f6m): The tipping points of climate change &#8211; and where we stand&#8221;]<a href=\"https:\/\/drive.google.com\/file\/d\/1wWifFjek2AROLDv13Q4YUBoEgkKwPmeS\/view\">Acesse aqui!<\/a>[\/vc_hoverbox][\/vc_column][\/vc_row][vc_row][vc_column][\/vc_column][vc_column][\/vc_column][\/vc_row][vc_row][vc_column][\/vc_column][\/vc_row]<\/p>\n<\/div>","protected":false},"excerpt":{"rendered":"<p>[vc_row][vc_column width=&#8221;1\/3&#8243;][vc_hoverbox image=&#8221;2360&#8243; primary_title=&#8221;&#8221; primary_align=&#8221;left&#8221; hover_title=&#8221;O Compl\u00f4&#8221;]Acesse aqui![\/vc_hoverbox][vc_hoverbox image=&#8221;2324&#8243; primary_title=&#8221;&#8221; primary_align=&#8221;left&#8221; hover_title=&#8221;Paisagens Brasileiras \u2013 Culturas Populares&#8221;]Acesse aqui![\/vc_hoverbox][vc_hoverbox image=&#8221;2323&#8243; primary_title=&#8221;&#8221; primary_align=&#8221;left&#8221; hover_title=&#8221;Bicha! A homofobia no futebol brasileiro.&#8221;]Acesse aqui![\/vc_hoverbox][vc_hoverbox image=&#8221;2245&#8243; primary_title=&#8221;&#8221; primary_align=&#8221;left&#8221; hover_title=&#8221;Amaz\u00f4nia: da impertin\u00eancia \u00e0 concilia\u00e7\u00e3o&#8221;]Acesse aqui![\/vc_hoverbox][vc_hoverbox image=&#8221;2246&#8243; primary_title=&#8221;&#8221; primary_align=&#8221;left&#8221; hover_title=&#8221;Maria da Penha: uma hist\u00f3ria real amea\u00e7ada por discursos negacionistas&#8221;]Acesse aqui![\/vc_hoverbox][vc_hoverbox image=&#8221;2227&#8243; primary_title=&#8221;&#8221; primary_align=&#8221;left&#8221; hover_title=&#8221;Desigualdade Global [&hellip;]<\/p>\n","protected":false},"author":324,"featured_media":0,"parent":0,"menu_order":0,"comment_status":"closed","ping_status":"closed","template":"","meta":{"_exactmetrics_skip_tracking":false,"_exactmetrics_sitenote_active":false,"_exactmetrics_sitenote_note":"","_exactmetrics_sitenote_category":0,"footnotes":"","_links_to":"","_links_to_target":""},"class_list":["post-968","page","type-page","status-publish","hentry"],"_links":{"self":[{"href":"https:\/\/www3.unicentro.br\/petgeografia\/wp-json\/wp\/v2\/pages\/968","targetHints":{"allow":["GET"]}}],"collection":[{"href":"https:\/\/www3.unicentro.br\/petgeografia\/wp-json\/wp\/v2\/pages"}],"about":[{"href":"https:\/\/www3.unicentro.br\/petgeografia\/wp-json\/wp\/v2\/types\/page"}],"author":[{"embeddable":true,"href":"https:\/\/www3.unicentro.br\/petgeografia\/wp-json\/wp\/v2\/users\/324"}],"replies":[{"embeddable":true,"href":"https:\/\/www3.unicentro.br\/petgeografia\/wp-json\/wp\/v2\/comments?post=968"}],"version-history":[{"count":8,"href":"https:\/\/www3.unicentro.br\/petgeografia\/wp-json\/wp\/v2\/pages\/968\/revisions"}],"predecessor-version":[{"id":2290,"href":"https:\/\/www3.unicentro.br\/petgeografia\/wp-json\/wp\/v2\/pages\/968\/revisions\/2290"}],"wp:attachment":[{"href":"https:\/\/www3.unicentro.br\/petgeografia\/wp-json\/wp\/v2\/media?parent=968"}],"curies":[{"name":"wp","href":"https:\/\/api.w.org\/{rel}","templated":true}]}}