{"id":597,"date":"2020-11-20T10:57:00","date_gmt":"2020-11-20T13:57:00","guid":{"rendered":"https:\/\/www3.unicentro.br\/petgeografia\/?page_id=597"},"modified":"2026-03-11T11:26:18","modified_gmt":"2026-03-11T14:26:18","slug":"atividades-de-pesquisa-2","status":"publish","type":"page","link":"https:\/\/www3.unicentro.br\/petgeografia\/atividades-de-pesquisa-2\/","title":{"rendered":"Atividades de Pesquisa"},"content":{"rendered":"<div class=\"wpb-content-wrapper\"><p>[vc_row][vc_column][vc_column_text css=&#8221;&#8221;]<\/p>\n<div>\n<p class=\"western\" align=\"justify\"><span style=\"font-size: 12pt;font-family: georgia, palatino, serif;color: #000000\"><strong>Espacializa\u00e7\u00e3o dos cemit\u00e9rios de Guarapuava (PR) e avalia\u00e7\u00e3o do potencial de contamina\u00e7\u00e3o da \u00e1gua subterr\u00e2nea<\/strong><\/span><\/p>\n<\/div>\n<div>\n<div class=\"wp-block-image\"><img loading=\"lazy\" decoding=\"async\" class=\"wpa-warning wpa-image-missing-alt alignnone size-medium wp-image-2212\" src=\"https:\/\/www3.unicentro.br\/petgeografia\/wp-content\/uploads\/sites\/38\/2025\/05\/Captura-de-tela-2025-05-16-160502-300x159.png\" alt=\"\" width=\"300\" height=\"159\" data-warning=\"Missing alt text\" srcset=\"https:\/\/www3.unicentro.br\/petgeografia\/wp-content\/uploads\/sites\/38\/2025\/05\/Captura-de-tela-2025-05-16-160502-300x159.png 300w, https:\/\/www3.unicentro.br\/petgeografia\/wp-content\/uploads\/sites\/38\/2025\/05\/Captura-de-tela-2025-05-16-160502-255x135.png 255w, https:\/\/www3.unicentro.br\/petgeografia\/wp-content\/uploads\/sites\/38\/2025\/05\/Captura-de-tela-2025-05-16-160502.png 532w\" sizes=\"auto, (max-width: 300px) 100vw, 300px\" \/><\/div>\n<div>\n<p class=\"western\" align=\"justify\"><span style=\"font-family: georgia, palatino, serif;font-size: 12pt;color: #000000\"><b>Petiana: Amanda Isabelly Ribeiro<\/b><\/span><\/p>\n<p class=\"western\" align=\"justify\"><span style=\"font-family: georgia, palatino, serif;font-size: 12pt;color: #000000\"><b>Orientador: Mauricio Camargo Filho <\/b><\/span><\/p>\n<p class=\"western\" align=\"justify\"><span style=\"font-family: georgia, palatino, serif;font-size: 12pt\">O projeto tem como seu principal objetivo analisar o potencial de contamina\u00e7\u00e3o de \u00e1gua subterr\u00e2nea causada pelos cemit\u00e9rios de Guarapuava-PR utilizando abordagem geoespacial. J\u00e1 sua justificativa baseia-se no fato de que cemit\u00e9rios tendem a liberar subst\u00e2ncias contaminantes, como nitratos e metais pesados durante sua decomposi\u00e7\u00e3o, o que pode representar um risco para aqu\u00edferos locais. O projeto busca identificar suas \u00e1reas vulner\u00e1veis.<\/span><\/p>\n<p class=\"western\" align=\"justify\"><span style=\"font-family: georgia, palatino, serif;font-size: 12pt\">A metodologia envolve a aplica\u00e7\u00e3o de t\u00e9cnicas de an\u00e1lise espacial por meio da SIG, com o uso do software QGIS para a integra\u00e7\u00e3o de dados geol\u00f3gicos, pedol\u00f3gicos, topogr\u00e1ficos e de uso do solo. Ser\u00e1 utilizado o modelo DRASTIC (adaptado) para avaliar a vulnerabilidade ambiental, combinando sobreposi\u00e7\u00e3o de camadas e avalia\u00e7\u00e3o multicrit\u00e9rio. Al\u00e9m disso, ser\u00e3o realizadas visitas de campo para inspe\u00e7\u00e3o da infraestrutura dos cemit\u00e9rios e coleta de dados, visando validar as an\u00e1lises espaciais.<\/span><\/p>\n<p class=\"western\" align=\"justify\"><span style=\"font-family: georgia, palatino, serif;font-size: 12pt\">Espera-se como resultados a gera\u00e7\u00e3o de mapas tem\u00e1ticos que identifiquem as \u00e1reas de maior risco de contamina\u00e7\u00e3o, a cria\u00e7\u00e3o de um banco de dados georreferenciados, a produ\u00e7\u00e3o de relat\u00f3rios t\u00e9cnicos e um artigo cient\u00edfico com recomenda\u00e7\u00f5es para a mitiga\u00e7\u00e3o dos impactos ambientais.<\/span><\/p>\n<p class=\"western\" align=\"justify\"><span style=\"font-family: georgia, palatino, serif;font-size: 12pt\">O projeto pretende contribuir para pol\u00edticas p\u00fablicas mais eficazes na prote\u00e7\u00e3o dos recursos h\u00eddricos em Guarapuava.<\/span><\/p>\n<\/div>\n<\/div>\n<div>\n<p class=\"western\" lang=\"pt-PT\" align=\"justify\">\n<\/div>\n<div class=\"wp-block-image\">\n<div>\n<p class=\"western\" align=\"justify\"><span style=\"font-family: georgia, palatino, serif;font-size: 12pt;color: #333333\"><b>Grupos de poder e territ\u00f3rio nas elei\u00e7\u00f5es municipais de 2024 em Guarapuava\/PR<\/b><\/span><\/p>\n<\/div>\n<p><img loading=\"lazy\" decoding=\"async\" class=\"wpa-warning wpa-image-missing-alt alignnone size-medium wp-image-2186\" style=\"font-family: georgia, palatino, serif;font-size: 12pt\" src=\"https:\/\/www3.unicentro.br\/petgeografia\/wp-content\/uploads\/sites\/38\/2025\/05\/elisa-300x199.jpg\" alt=\"\" width=\"300\" height=\"199\" data-warning=\"Missing alt text\" \/><\/p>\n<\/div>\n<div class=\"wp-block-image\">\n<div>\n<p class=\"western\" align=\"justify\"><span style=\"font-family: georgia, palatino, serif;font-size: 12pt;color: #333333\"><b>Petiana: El\u00edsa Harmuch<\/b><\/span><\/p>\n<p class=\"western\" align=\"justify\"><span style=\"font-family: georgia, palatino, serif;font-size: 12pt;color: #333333\"><b>Orientadora: Prof. Dra. M\u00e1rcia da Silva<\/b><\/span><\/p>\n<p class=\"western\" align=\"justify\"><span style=\"font-family: georgia, palatino, serif;font-size: 12pt;color: #333333\">O projeto tem como objetivo analisar a din\u00e2mica pol\u00edtico-partid\u00e1ria de Guarapuava-PR, com foco nos grupos de poder das elei\u00e7\u00f5es municipais de 2024 e seus discursos direcionados ao territ\u00f3rio local. <\/span><\/p>\n<p class=\"western\" align=\"justify\"><span style=\"font-family: georgia, palatino, serif;font-size: 12pt;color: #333333\">A pesquisa envolve a constru\u00e7\u00e3o de um referencial te\u00f3rico sobre poder, espa\u00e7o pol\u00edtico e territ\u00f3rio, al\u00e9m da identifica\u00e7\u00e3o e an\u00e1lise dos grupos de poder e suas pr\u00e1ticas no espa\u00e7o urbano e rural. <\/span><\/p>\n<p align=\"justify\"><span style=\"color: #333333;font-size: 12pt;font-family: georgia, palatino, serif\">Utilizando m\u00e9todos como pesquisa bibliogr\u00e1fica e coleta de dados secund\u00e1rios, o estudo busca compreender criticamente as formas de organiza\u00e7\u00e3o do poder pol\u00edtico e suas implica\u00e7\u00f5es territoriais, considerando as estrat\u00e9gias discursivas e simb\u00f3licas no cen\u00e1rio local.<\/span><\/p>\n<p class=\"western\" align=\"justify\"><span style=\"font-family: georgia, palatino, serif;font-size: 12pt;color: #333333\"><b>Geografia financeira e criptomoedas: a reconfigura\u00e7\u00e3o do espa\u00e7o monet\u00e1rio na era digital<\/b><\/span><\/p>\n<div class=\"wp-block-image\">\n<div class=\"wp-block-image\"><span style=\"font-family: georgia, palatino, serif;font-size: 12pt;color: #333333\"><img loading=\"lazy\" decoding=\"async\" class=\"wpa-warning wpa-image-missing-alt alignnone size-medium wp-image-2191\" src=\"https:\/\/www3.unicentro.br\/petgeografia\/wp-content\/uploads\/sites\/38\/2025\/05\/luan-300x169.jpg\" alt=\"\" width=\"300\" height=\"169\" data-warning=\"Missing alt text\" srcset=\"https:\/\/www3.unicentro.br\/petgeografia\/wp-content\/uploads\/sites\/38\/2025\/05\/luan-300x169.jpg 300w, https:\/\/www3.unicentro.br\/petgeografia\/wp-content\/uploads\/sites\/38\/2025\/05\/luan-768x432.jpg 768w, https:\/\/www3.unicentro.br\/petgeografia\/wp-content\/uploads\/sites\/38\/2025\/05\/luan-255x143.jpg 255w, https:\/\/www3.unicentro.br\/petgeografia\/wp-content\/uploads\/sites\/38\/2025\/05\/luan.jpg 900w\" sizes=\"auto, (max-width: 300px) 100vw, 300px\" \/><\/span><\/div>\n<div>\n<p class=\"western\" align=\"justify\"><span style=\"font-family: georgia, palatino, serif;font-size: 12pt;color: #333333\"><b>Petiano: Luan Kesley Ferreira Guergechechen<\/b><\/span><\/p>\n<p class=\"western\" align=\"justify\"><span style=\"font-family: georgia, palatino, serif;font-size: 12pt;color: #333333\"><b>Orientadora: Profa. Dra. Sandra L\u00facia Videira G\u00f3is<\/b><\/span><\/p>\n<p class=\"western\" align=\"justify\"><span style=\"font-family: georgia, palatino, serif;font-size: 12pt;color: #333333\">Pretende-se, com este estudo, compreender as transforma\u00e7\u00f5es decorrentes da digitaliza\u00e7\u00e3o da economia global e o papel da moeda nesse novo cen\u00e1rio. Com o advento de tecnologias digitais no \u00e2mbito informacional, o capitalismo tem promovido, como aponta Harvey (2008), uma crescente compress\u00e3o do espa\u00e7o e do tempo. As criptomoedas se inserem nesse quadro como express\u00e3o das mutabilidades do capitalismo contempor\u00e2neo e das novas formas de acumula\u00e7\u00e3o, atuando como agentes com potencial para alterar a din\u00e2mica dos fluxos financeiros e reconfigurar o espa\u00e7o monet\u00e1rio. Nesse sentido, \u00e9 fundamental explorar de que formas ocorrem essas transforma\u00e7\u00f5es e de que modo elas reorganizam o espa\u00e7o financeiro, al\u00e9m de suas implica\u00e7\u00f5es no territ\u00f3rio. <\/span><\/p>\n<p class=\"western\" align=\"justify\"><span style=\"font-family: georgia, palatino, serif;font-size: 12pt;color: #333333\">A pesquisa tem como metodologia a consulta de bibliografia especializada no assunto e que tratam de temas como a mundializa\u00e7\u00e3o do capital, moedas digitais, regula\u00e7\u00e3o monet\u00e1ria, meio t\u00e9cnico cient\u00edfico informacional, entre outros. Al\u00e9m disso, ser\u00e3o consultadas fontes institucionais relevantes, como a BOMESP \u2013 Bolsa de Moedas Virtuais Empresariais de S\u00e3o Paulo.<\/span><\/p>\n<p class=\"western\" align=\"justify\"><span style=\"font-family: georgia, palatino, serif;font-size: 12pt;color: #333333\">Espera-se ao final do projeto, compreender de que formas o espa\u00e7o monet\u00e1rio se organiza na era digital e como as criptomoedas se inserem nessas transforma\u00e7\u00f5es.<\/span><\/p>\n<\/div>\n<p>&nbsp;<\/p>\n<p><b style=\"font-family: georgia, palatino, serif;font-size: 12pt\">Gest\u00e3o ambiental aplicada na avalia\u00e7\u00e3o de lava-carros no munic\u00edpio de Guarapuava<\/b><\/p>\n<\/div>\n<\/div>\n<div>\n<div class=\"wp-block-image\"><span style=\"font-family: georgia, palatino, serif;font-size: 12pt;color: #333333\"><img loading=\"lazy\" decoding=\"async\" class=\"wpa-warning wpa-image-missing-alt alignnone size-medium wp-image-2187\" src=\"https:\/\/www3.unicentro.br\/petgeografia\/wp-content\/uploads\/sites\/38\/2025\/05\/marize-300x156.jpg\" alt=\"\" width=\"300\" height=\"156\" data-warning=\"Missing alt text\" srcset=\"https:\/\/www3.unicentro.br\/petgeografia\/wp-content\/uploads\/sites\/38\/2025\/05\/marize-300x156.jpg 300w, https:\/\/www3.unicentro.br\/petgeografia\/wp-content\/uploads\/sites\/38\/2025\/05\/marize-255x133.jpg 255w, https:\/\/www3.unicentro.br\/petgeografia\/wp-content\/uploads\/sites\/38\/2025\/05\/marize.jpg 311w\" sizes=\"auto, (max-width: 300px) 100vw, 300px\" \/><\/span><\/div>\n<div>\n<p class=\"western\"><span style=\"font-family: georgia, palatino, serif;font-size: 12pt;color: #333333\"><b>Petiana: Marize Goreth Correa<\/b><\/span><\/p>\n<p class=\"western\"><span style=\"font-family: georgia, palatino, serif;font-size: 12pt;color: #333333\"><b>Orientador: Prof. Dr. Glauco Nonose Negr\u00e3o<\/b><\/span><\/p>\n<p class=\"western\" align=\"justify\"><span style=\"font-family: georgia, palatino, serif;font-size: 12pt;color: #333333\">O projeto tem o objetivo de analisar a gest\u00e3o ambiental aplicada na avalia\u00e7\u00e3o de lava-carros no munic\u00edpio de Guarapuava. Os estabelecimentos de lavagem de carros podem gerar polui\u00e7\u00e3o ambiental devido \u00e0 utiliza\u00e7\u00e3o de produtos qu\u00edmicos, \u00f3leos e graxas, al\u00e9m do descarte inadequado de res\u00edduos e consumo elevado de recursos h\u00eddricos, sendo uma atividade potencialmente poluidora, e para atender as exig\u00eancias do licenciamento ambiental, os propriet\u00e1rios de lava-carros devem adotar pr\u00e1ticas que minimizem esses impactos ambientais.<\/span><\/p>\n<p class=\"western\" align=\"justify\"><span style=\"font-family: georgia, palatino, serif;font-size: 12pt;color: #333333\">O plano de atividades tem os objetivos de realizar o diagn\u00f3stico ambiental de lava-carros licenciados no munic\u00edpio para avalia\u00e7\u00e3o dos aspectos e impactos ambientais, ser\u00e3o desempenhadas visitas aos estabelecimentos para identificar o perfil do estabelecimento, recolhimento de dados, an\u00e1lise da potencialidade de cada impacto similar ao grau de relev\u00e2ncia fundamentado na metodologia do <i>checklist<\/i>. As etapas a serem realizadas s\u00e3o as seguintes: identifica\u00e7\u00e3o e classifica\u00e7\u00e3o dos aspectos ambientais; identifica\u00e7\u00e3o dos impactos ambientais associados; an\u00e1lise, mensura\u00e7\u00e3o e avalia\u00e7\u00e3o dos potenciais impactos ambientais; registro e gerenciamento dos aspectos e impactos significativos.<\/span><\/p>\n<p class=\"western\" align=\"justify\"><span style=\"font-family: georgia, palatino, serif;font-size: 12pt;color: #333333\">A Avalia\u00e7\u00e3o de Impacto Ambiental (AIA) envolve um conjunto de m\u00e9todos e t\u00e9cnicas de gest\u00e3o ambiental que identifica, prognostica e avalia os efeitos e impactos gerados por atividades sobre o meio ambiente. <\/span><\/p>\n<p class=\"western\" align=\"justify\"><span style=\"font-family: georgia, palatino, serif;font-size: 12pt;color: #333333\">O objetivo do estudo resume-se em estrat\u00e9gias de interven\u00e7\u00e3o que possam minimizar o impacto ambiental proveniente das atividades do empreendimento, aplicando os conceitos de sustentabilidade, em que busca o equil\u00edbrio entre o desenvolvimento econ\u00f4mico e meio ambiente.<\/span><\/p>\n<div>\n<p class=\"western\" align=\"justify\"><b style=\"font-family: georgia, palatino, serif;font-size: 12pt\">Ferrovias e cidade: o caso de Guarapuava-PR<\/b><\/p>\n<\/div>\n<\/div>\n<\/div>\n<div class=\"wp-block-image\"><span style=\"font-family: georgia, palatino, serif;font-size: 12pt;color: #333333\"><img loading=\"lazy\" decoding=\"async\" class=\"wpa-warning wpa-image-missing-alt alignnone size-medium wp-image-2188\" src=\"https:\/\/www3.unicentro.br\/petgeografia\/wp-content\/uploads\/sites\/38\/2025\/05\/regina-300x196.png\" alt=\"\" width=\"300\" height=\"196\" data-warning=\"Missing alt text\" srcset=\"https:\/\/www3.unicentro.br\/petgeografia\/wp-content\/uploads\/sites\/38\/2025\/05\/regina-300x196.png 300w, https:\/\/www3.unicentro.br\/petgeografia\/wp-content\/uploads\/sites\/38\/2025\/05\/regina-255x167.png 255w, https:\/\/www3.unicentro.br\/petgeografia\/wp-content\/uploads\/sites\/38\/2025\/05\/regina.png 738w\" sizes=\"auto, (max-width: 300px) 100vw, 300px\" \/><\/span><\/div>\n<div>\n<p align=\"justify\"><span style=\"font-family: georgia, palatino, serif;font-size: 12pt;color: #333333\"><b>Petiana: Regina de Fatima Garcia<\/b><\/span><\/p>\n<p align=\"justify\"><span style=\"font-family: georgia, palatino, serif;font-size: 12pt;color: #333333\"><b>Orientador: Prof. Dr. <\/b><b>Lisandro Pezzi Schmidt<\/b><\/span><\/p>\n<p align=\"justify\"><span style=\"font-family: georgia, palatino, serif;font-size: 12pt;color: #333333\">O projeto <i>Ferrovias e cidade: o caso de Guarapuava-PR<\/i> tem como objetivo geral investigar o patrim\u00f4nio ferrovi\u00e1rio do munic\u00edpio, com foco em identificar elementos representativos da mem\u00f3ria ferrovi\u00e1ria e produzir referenciais para o estudo do patrim\u00f4nio urbano. Justifica-se pela relev\u00e2ncia das ferrovias como elementos estruturantes da urbaniza\u00e7\u00e3o e pelo seu valor simb\u00f3lico e hist\u00f3rico, contribuindo para a compreens\u00e3o das transforma\u00e7\u00f5es na paisagem urbana e das pol\u00edticas de planejamento. A pesquisa se alinha ao Objetivo de Desenvolvimento Sustent\u00e1vel (ODS) 11 da ONU, especialmente no que tange \u00e0 prote\u00e7\u00e3o do patrim\u00f4nio cultural e \u00e0 promo\u00e7\u00e3o de cidades inclusivas e sustent\u00e1veis. A metodologia adotada \u00e9 qualitativa, com base em revis\u00e3o de literatura, pesquisa documental e trabalho de campo, permitindo levantar dados hist\u00f3ricos e observar diretamente as condi\u00e7\u00f5es atuais da infraestrutura ferrovi\u00e1ria de Guarapuava.<\/span><\/p>\n<p class=\"western\" align=\"justify\"><span style=\"font-family: georgia, palatino, serif;font-size: 12pt;color: #333333\">Os resultados da pesquisa contribuir\u00e3o para o avan\u00e7o das \u00e1reas de planejamento urbano e produ\u00e7\u00e3o do espa\u00e7o urbano, fortalecendo a forma\u00e7\u00e3o acad\u00eamica dos envolvidos e gerando novas refer\u00eancias bibliogr\u00e1ficas. Al\u00e9m disso, possibilitar\u00e3o a elabora\u00e7\u00e3o de roteiros e projetos de extens\u00e3o e ensino em Geografia e outras \u00e1reas do conhecimento. Ao investigar o patrim\u00f4nio ferrovi\u00e1rio local, o estudo colabora com o debate sobre a mem\u00f3ria urbana, a valoriza\u00e7\u00e3o cultural e a busca por alternativas de planejamento voltadas \u00e0 sustentabilidade e inclus\u00e3o social.<\/span><\/p>\n<p class=\"western\" align=\"justify\"><span style=\"font-family: georgia, palatino, serif;font-size: 12pt;color: #333333\"><b>Vulnerabilidade social das popula\u00e7\u00f5es ribeirinhas do rio Cascavelzinho em Guarapuava\/PR<\/b><\/span><\/p>\n<\/div>\n<div class=\"wp-block-image\"><span style=\"font-family: georgia, palatino, serif;font-size: 12pt;color: #333333\"><img loading=\"lazy\" decoding=\"async\" class=\"wpa-warning wpa-image-missing-alt alignnone size-medium wp-image-2189\" src=\"https:\/\/www3.unicentro.br\/petgeografia\/wp-content\/uploads\/sites\/38\/2025\/05\/renato-192x300.jpg\" alt=\"\" width=\"192\" height=\"300\" data-warning=\"Missing alt text\" srcset=\"https:\/\/www3.unicentro.br\/petgeografia\/wp-content\/uploads\/sites\/38\/2025\/05\/renato-192x300.jpg 192w, https:\/\/www3.unicentro.br\/petgeografia\/wp-content\/uploads\/sites\/38\/2025\/05\/renato-255x398.jpg 255w, https:\/\/www3.unicentro.br\/petgeografia\/wp-content\/uploads\/sites\/38\/2025\/05\/renato.jpg 468w\" sizes=\"auto, (max-width: 192px) 100vw, 192px\" \/><\/span><\/div>\n<div>\n<p class=\"western\" align=\"justify\"><span style=\"font-family: georgia, palatino, serif;font-size: 12pt;color: #333333\"><b>Petiano: Renato S\u00e9rgio Martins<\/b><\/span><\/p>\n<p class=\"western\" align=\"justify\"><span style=\"font-family: georgia, palatino, serif;font-size: 12pt;color: #333333\"><b>Orientador: Prof. Dr. Clayton Luiz da Silva<\/b><\/span><\/p>\n<p class=\"western\" align=\"justify\"><span style=\"font-family: georgia, palatino, serif;font-size: 12pt;color: #333333\">A pesquisa prop\u00f5e uma an\u00e1lise aprofundada da vulnerabilidade social enfrentada pelas popula\u00e7\u00f5es ribeirinhas do rio Cascavelzinho, em Guarapuava\/PR, considerando os m\u00faltiplos fatores que contribuem para a precariedade das condi\u00e7\u00f5es de vida nessas comunidades.<\/span><\/p>\n<p class=\"western\" align=\"justify\"><span style=\"font-family: georgia, palatino, serif;font-size: 12pt;color: #333333\">A investiga\u00e7\u00e3o tem como principal objetivo identificar os elementos que intensificam a exposi\u00e7\u00e3o dessas fam\u00edlias a riscos socioambientais, como enchentes frequentes, aus\u00eancia de infraestrutura b\u00e1sica, irregularidade fundi\u00e1ria e car\u00eancia de pol\u00edticas p\u00fablicas habitacionais eficazes.<\/span><\/p>\n<p class=\"western\" align=\"justify\"><span style=\"font-family: georgia, palatino, serif;font-size: 12pt;color: #333333\">Justifica-se a relev\u00e2ncia do estudo pelo contexto hist\u00f3rico de ocupa\u00e7\u00f5es desordenadas ao longo do rio, associadas \u00e0 polui\u00e7\u00e3o crescente e \u00e0 neglig\u00eancia do poder p\u00fablico em oferecer alternativas seguras e dignas de moradia.<\/span><\/p>\n<p class=\"western\" align=\"justify\"><span style=\"font-family: georgia, palatino, serif;font-size: 12pt;color: #333333\">A metodologia empregada ser\u00e1 de natureza qualitativa, com base em revis\u00e3o bibliogr\u00e1fica, mapeamentos da \u00e1rea de estudo, entrevistas com os moradores locais e observa\u00e7\u00e3o direta em campo. Adicionalmente, ser\u00e1 realizada uma an\u00e1lise dos dados pluviom\u00e9tricos da regi\u00e3o para compreender a frequ\u00eancia e intensidade das enchentes, estabelecendo uma correla\u00e7\u00e3o entre os epis\u00f3dios de alagamento e os danos materiais e sociais causados nas comunidades atingidas.<\/span><\/p>\n<p class=\"western\" align=\"justify\"><span style=\"font-family: georgia, palatino, serif;font-size: 12pt;color: #333333\">Espera-se que os resultados obtidos contribuam para a constru\u00e7\u00e3o de um diagn\u00f3stico preciso da realidade vivida nas margens do rio Cascavelzinho, fornecendo subs\u00eddios para a formula\u00e7\u00e3o de pol\u00edticas p\u00fablicas integradas. Pretende-se, ainda, propor interven\u00e7\u00f5es alinhadas com programas habitacionais existentes, como o \u201cMinha Casa Minha Vida\u201d, de modo a oferecer alternativas reais de reassentamento \u00e0s fam\u00edlias em situa\u00e7\u00e3o de risco. Com isso, a pesquisa almeja fortalecer o debate sobre justi\u00e7a social, direito \u00e0 cidade e sustentabilidade urbana em Guarapuava\/PR.<\/span><\/p>\n<\/div>\n<p>&nbsp;<\/p>\n<\/div>\n<p>[\/vc_column_text][\/vc_column][\/vc_row]<\/p>\n<\/div>","protected":false},"excerpt":{"rendered":"<p>[vc_row][vc_column][vc_column_text css=&#8221;&#8221;] Espacializa\u00e7\u00e3o dos cemit\u00e9rios de Guarapuava (PR) e avalia\u00e7\u00e3o do potencial de contamina\u00e7\u00e3o da \u00e1gua subterr\u00e2nea Petiana: Amanda Isabelly Ribeiro Orientador: Mauricio Camargo Filho O projeto tem como seu principal objetivo analisar o potencial de contamina\u00e7\u00e3o de \u00e1gua subterr\u00e2nea causada pelos cemit\u00e9rios de Guarapuava-PR utilizando abordagem geoespacial. J\u00e1 sua justificativa baseia-se no fato de [&hellip;]<\/p>\n","protected":false},"author":324,"featured_media":0,"parent":0,"menu_order":0,"comment_status":"closed","ping_status":"closed","template":"","meta":{"_exactmetrics_skip_tracking":false,"_exactmetrics_sitenote_active":false,"_exactmetrics_sitenote_note":"","_exactmetrics_sitenote_category":0,"footnotes":"","_links_to":"","_links_to_target":""},"class_list":["post-597","page","type-page","status-publish","hentry"],"_links":{"self":[{"href":"https:\/\/www3.unicentro.br\/petgeografia\/wp-json\/wp\/v2\/pages\/597","targetHints":{"allow":["GET"]}}],"collection":[{"href":"https:\/\/www3.unicentro.br\/petgeografia\/wp-json\/wp\/v2\/pages"}],"about":[{"href":"https:\/\/www3.unicentro.br\/petgeografia\/wp-json\/wp\/v2\/types\/page"}],"author":[{"embeddable":true,"href":"https:\/\/www3.unicentro.br\/petgeografia\/wp-json\/wp\/v2\/users\/324"}],"replies":[{"embeddable":true,"href":"https:\/\/www3.unicentro.br\/petgeografia\/wp-json\/wp\/v2\/comments?post=597"}],"version-history":[{"count":7,"href":"https:\/\/www3.unicentro.br\/petgeografia\/wp-json\/wp\/v2\/pages\/597\/revisions"}],"predecessor-version":[{"id":2357,"href":"https:\/\/www3.unicentro.br\/petgeografia\/wp-json\/wp\/v2\/pages\/597\/revisions\/2357"}],"wp:attachment":[{"href":"https:\/\/www3.unicentro.br\/petgeografia\/wp-json\/wp\/v2\/media?parent=597"}],"curies":[{"name":"wp","href":"https:\/\/api.w.org\/{rel}","templated":true}]}}