{"id":596,"date":"2020-11-20T10:57:00","date_gmt":"2020-11-20T13:57:00","guid":{"rendered":"https:\/\/www3.unicentro.br\/petgeografia\/?page_id=596"},"modified":"2026-03-11T11:47:31","modified_gmt":"2026-03-11T14:47:31","slug":"atividades-de-ensino","status":"publish","type":"page","link":"https:\/\/www3.unicentro.br\/petgeografia\/atividades-de-ensino\/","title":{"rendered":"Atividades de Ensino"},"content":{"rendered":"<div class=\"wpb-content-wrapper\"><p>[vc_row][vc_column][vc_tta_accordion][vc_tta_section title=&#8221;Conhecendo o Paran\u00e1&#8221; tab_id=&#8221;1721259945518-6dce6851-752f&#8221;][vc_column_text css=&#8221;&#8221;]<a href=\"https:\/\/www.youtube.com\/watch?v=CjgocQvKw78\"><span style=\"font-size: 18.6667px\">Foz do Igua\u00e7u<\/span><\/a><\/p>\n<div id=\"gtx-trans\" style=\"position: absolute;left: -2px;top: -8px\">\n<div class=\"gtx-trans-icon\"><\/div>\n<\/div>\n<p>[\/vc_column_text][vc_column_text css=&#8221;&#8221;]<a href=\"https:\/\/www.youtube.com\/watch?v=Xr6PNpMsx0o&amp;t=32s\"><span style=\"font-size: 18.6667px\">Carambe\u00ed<\/span><\/a><\/p>\n<div id=\"gtx-trans\" style=\"position: absolute;left: -2px;top: -8px\">\n<div class=\"gtx-trans-icon\"><\/div>\n<\/div>\n<p>[\/vc_column_text][vc_column_text css=&#8221;&#8221;]<a href=\"https:\/\/www.youtube.com\/watch?v=UD_ku5ouB8A\"><span style=\"font-size: 18.6667px\">Castro<\/span><\/a><\/p>\n<div id=\"gtx-trans\" style=\"position: absolute;left: -2px;top: -8px\">\n<div class=\"gtx-trans-icon\"><\/div>\n<\/div>\n<p>[\/vc_column_text][vc_column_text css=&#8221;&#8221;]<a href=\"https:\/\/www.youtube.com\/watch?v=GSdcx2YsxL4\"><span style=\"font-size: 18.6667px\">Curitiba<\/span><\/a><\/p>\n<div id=\"gtx-trans\" style=\"position: absolute;left: -2px;top: -8px\">\n<div class=\"gtx-trans-icon\"><\/div>\n<\/div>\n<p>[\/vc_column_text][vc_column_text css=&#8221;&#8221;]<a href=\"https:\/\/www.youtube.com\/watch?v=2sKWW55iUkA\"><span style=\"font-size: 18.6667px\">Londrina<\/span><\/a><\/p>\n<div id=\"gtx-trans\" style=\"position: absolute;left: -2px;top: -8px\">\n<div class=\"gtx-trans-icon\"><\/div>\n<\/div>\n<p>[\/vc_column_text][vc_column_text css=&#8221;&#8221;]<a href=\"https:\/\/www.youtube.com\/watch?v=gPp7gYr95VU&amp;t=53s\"><span style=\"font-size: 18.6667px\">Mandaguari<\/span><\/a><\/p>\n<div id=\"gtx-trans\" style=\"position: absolute;left: -2px;top: -8px\">\n<div class=\"gtx-trans-icon\"><\/div>\n<\/div>\n<p>[\/vc_column_text][vc_column_text css=&#8221;&#8221;]<a href=\"https:\/\/www.youtube.com\/watch?v=3wIigeU6TXE\"><span style=\"font-size: 18.6667px\">Marialva<\/span><\/a><\/p>\n<div id=\"gtx-trans\" style=\"position: absolute;left: -2px;top: -8px\">\n<div class=\"gtx-trans-icon\"><\/div>\n<\/div>\n<p>[\/vc_column_text][vc_column_text css=&#8221;&#8221;]<a href=\"https:\/\/www.youtube.com\/watch?v=gopdJ9a2Ozg\"><span style=\"font-size: 18.6667px\">Maring\u00e1<\/span><\/a><\/p>\n<div id=\"gtx-trans\" style=\"position: absolute;left: -2px;top: -8px\">\n<div class=\"gtx-trans-icon\"><\/div>\n<\/div>\n<p>[\/vc_column_text][vc_column_text css=&#8221;&#8221;]<a href=\"https:\/\/www.youtube.com\/watch?v=bcBdV_UIa0s&amp;t=1s\"><span style=\"font-size: 14pt\">Palmeira<\/span><\/a><\/p>\n<div id=\"gtx-trans\" style=\"position: absolute;left: -2px;top: -8px\">\n<div class=\"gtx-trans-icon\"><\/div>\n<\/div>\n<p>[\/vc_column_text][vc_column_text css=&#8221;&#8221;]<a href=\"https:\/\/www.youtube.com\/watch?v=fMP4Th1VjcY\"><span style=\"font-size: 14pt\">Paranagu\u00e1<\/span><\/a><\/p>\n<div id=\"gtx-trans\" style=\"position: absolute;left: -2px;top: -8px\">\n<div class=\"gtx-trans-icon\"><\/div>\n<\/div>\n<p>[\/vc_column_text][vc_column_text css=&#8221;&#8221;]<a href=\"https:\/\/www.youtube.com\/watch?v=krCs7iu-7W0\"><span style=\"font-size: 18.6667px\">Ponta Grossa<\/span><\/a><\/p>\n<div id=\"gtx-trans\" style=\"position: absolute;left: -2px;top: -8px\">\n<div class=\"gtx-trans-icon\"><\/div>\n<\/div>\n<p>[\/vc_column_text][vc_column_text css=&#8221;&#8221;]<a href=\"https:\/\/www.youtube.com\/watch?v=Wdz-1rStRcQ\"><span style=\"font-size: 18.6667px\">S\u00e3o Jos\u00e9 dos Pinhais<\/span><\/a><\/p>\n<div id=\"gtx-trans\" style=\"position: absolute;left: -2px;top: -8px\">\n<div class=\"gtx-trans-icon\"><\/div>\n<\/div>\n<p>[\/vc_column_text][\/vc_tta_section][vc_tta_section title=&#8221;V\u00eddeo de divulga\u00e7\u00e3o do PET&#8221; tab_id=&#8221;1633539034615-c86efdf0-bcf9&#8243;][vc_column_text]<a href=\"https:\/\/youtu.be\/TAoMGUdMBSA\"><span style=\"font-size: 14pt\">Acesse aqui.<\/span><\/a>[\/vc_column_text][\/vc_tta_section][\/vc_tta_accordion][vc_column_text]<span style=\"font-size: 14pt\">Minuto Geografia<\/span>[\/vc_column_text][\/vc_column][\/vc_row][vc_row][vc_column][vc_tta_accordion][vc_tta_section title=&#8221;As Regionaliza\u00e7\u00f5es Oficiais do Brasil segundo o IBGE&#8221; tab_id=&#8221;1621016044566-3d9b8607-a0a8&#8243;][vc_column_text]<span style=\"font-size: 12pt;font-family: georgia, palatino, serif\"><a href=\"https:\/\/www.youtube.com\/watch?v=Bm01wE7p75U&amp;list=PLJ0D7OlXEfCd8nOSE6XKiRUhaFOcMv5p9&amp;index=10&amp;ab_channel=PETGeografiaPETGeografia\" target=\"_blank\" rel=\"noopener\">Epis\u00f3dio 1<\/a><\/span><\/p>\n<p><span style=\"font-family: georgia, palatino, serif;font-size: 12pt\"><a href=\"https:\/\/www.youtube.com\/watch?v=Bm01wE7p75U&amp;t=1s\" target=\"_blank\" rel=\"noopener\">Epis\u00f3dio 2<\/a><\/span><\/p>\n<p><a href=\"https:\/\/youtu.be\/qQ-K9axdTds\"><span style=\"font-family: georgia, palatino, serif;font-size: 12pt\">Epis\u00f3dio<\/span> 3<\/a>[\/vc_column_text][\/vc_tta_section][vc_tta_section title=&#8221;Clima e Tempo&#8221; tab_id=&#8221;1635174430076-e59f4567-8e0c&#8221;][vc_column_text]<a href=\"https:\/\/youtu.be\/tuug6VzwfmI\"><span style=\"font-size: 12pt\">Acesse aqui!<\/span><\/a>[\/vc_column_text][\/vc_tta_section][vc_tta_section title=&#8221;Contribui\u00e7\u00f5es da Geografia na an\u00e1lise da Pandemia de Covid-19&#8243; tab_id=&#8221;1624990348005-aadfc906-2861&#8243;][vc_column_text]<a href=\"https:\/\/youtu.be\/ihrpXerj2Ag\"><span style=\"font-family: georgia, palatino, serif;font-size: 12pt\">Epis\u00f3dio 1<\/span><\/a><\/p>\n<p><a href=\"https:\/\/youtu.be\/JzepWlMeuh4\"><span style=\"font-family: georgia, palatino, serif;font-size: 12pt\">Epis\u00f3dio 2<\/span><\/a>[\/vc_column_text][\/vc_tta_section][vc_tta_section title=&#8221;Dom\u00ednios Morfoclim\u00e1ticos&#8221; tab_id=&#8221;1608164223010-215fe96a-a801&#8243;][vc_column_text]<span style=\"font-size: 14pt\"><a href=\"https:\/\/www.youtube.com\/watch?v=WQ4P9BZKlhk&amp;list=PLJ0D7OlXEfCd8nOSE6XKiRUhaFOcMv5p9&amp;index=4&amp;ab_channel=PETGeografia\" target=\"_blank\" rel=\"noopener noreferrer\">Epis\u00f3dio 1<\/a><\/span>[\/vc_column_text][\/vc_tta_section][vc_tta_section title=&#8221;Dom\u00ednio Morfoclim\u00e1tico Amaz\u00f4nico&#8221; tab_id=&#8221;1643067034536-f2a08f41-ad56&#8243;][vc_column_text]<span style=\"font-size: 12pt;font-family: georgia, palatino, serif\"><a href=\"https:\/\/youtu.be\/9RRWqrp9KHE\" target=\"_blank\" rel=\"noopener\">Epis\u00f3dio 1<\/a><\/span><\/p>\n<p><span style=\"font-family: georgia, palatino, serif;font-size: 12pt\"><a href=\"https:\/\/youtu.be\/zLNLnwxU_Zw\" target=\"_blank\" rel=\"noopener\">Epis\u00f3dio 2<\/a><\/span>[\/vc_column_text][\/vc_tta_section][vc_tta_section title=&#8221;Dom\u00ednio Morfoclim\u00e1tico das Arauc\u00e1rias&#8221; tab_id=&#8221;1650461808162-299ee547-b72d&#8221;][vc_column_text]<a href=\"https:\/\/www.youtube.com\/watch?v=gYWduNfgnFI\"><span style=\"font-size: 12pt;font-family: georgia, palatino, serif\">Epis\u00f3dio 1<\/span><\/a>[\/vc_column_text][\/vc_tta_section][vc_tta_section title=&#8221;Geopol\u00edtica&#8221; tab_id=&#8221;1608163772024-c781ee72-341a&#8221;][vc_column_text]<span style=\"font-size: 14pt\"><a href=\"https:\/\/www.youtube.com\/watch?v=9K-q6ZT0weU&amp;list=PLJ0D7OlXEfCd8nOSE6XKiRUhaFOcMv5p9&amp;index=1&amp;ab_channel=PETGeografia\" target=\"_blank\" rel=\"noopener noreferrer\">Acesse aqui!\u00a0<\/a><\/span>[\/vc_column_text][\/vc_tta_section][vc_tta_section title=&#8221;Geografia da Pandemia&#8221; tab_id=&#8221;1608164433778-71d4eccf-7442&#8243;][vc_column_text]<span style=\"font-size: 12pt\"><a href=\"https:\/\/www.youtube.com\/watch?v=bw07doGjRYs&amp;list=PLJ0D7OlXEfCd8nOSE6XKiRUhaFOcMv5p9&amp;index=3&amp;ab_channel=PETGeografia\" target=\"_blank\" rel=\"noopener noreferrer\">Acesse Aqui!<\/a><\/span>[\/vc_column_text][\/vc_tta_section][vc_tta_section title=&#8221;Objetivos do Desenvolvimento Sustent\u00e1vel &#8211; ODS&#8221; tab_id=&#8221;1608163772025-a430a304-9a75&#8243;][vc_column_text]<span style=\"font-size: 12pt;font-family: georgia, palatino, serif\"><a href=\"https:\/\/www.youtube.com\/watch?v=LXsQSj4Jqgg&amp;list=PLJ0D7OlXEfCd8nOSE6XKiRUhaFOcMv5p9&amp;index=5&amp;ab_channel=PETGeografia\" target=\"_blank\" rel=\"noopener noreferrer\">Epis\u00f3dio 1<\/a><\/span><\/p>\n<p><span style=\"font-size: 12pt;font-family: georgia, palatino, serif\"><a href=\"https:\/\/www.youtube.com\/watch?v=LMPwpiB56yc&amp;list=PLJ0D7OlXEfCd8nOSE6XKiRUhaFOcMv5p9&amp;index=6&amp;ab_channel=PETGeografia\" target=\"_blank\" rel=\"noopener noreferrer\">Epis\u00f3dio 2\u00a0<\/a><\/span><\/p>\n<p><span style=\"font-size: 12pt;font-family: georgia, palatino, serif\"><a href=\"https:\/\/www.youtube.com\/watch?v=h9UTIu69RFw&amp;list=PLJ0D7OlXEfCd8nOSE6XKiRUhaFOcMv5p9&amp;index=7\" target=\"_blank\" rel=\"noopener\">Epis\u00f3dio 3<\/a><\/span><\/p>\n<p><span style=\"font-size: 12pt;font-family: georgia, palatino, serif\"><a href=\"https:\/\/www.youtube.com\/watch?v=w9DMqevL1VE&amp;ab_channel=PETGeografiaPETGeografia\" target=\"_blank\" rel=\"noopener\">Epis\u00f3dio 4<\/a><\/span><\/p>\n<p><span style=\"font-size: 12pt;font-family: georgia, palatino, serif\"><a href=\"https:\/\/www.youtube.com\/watch?v=vBy2GWZu1HA\">Epis\u00f3dio 5<\/a><\/span><\/p>\n<p><span style=\"font-size: 12pt;font-family: georgia, palatino, serif\"><a href=\"https:\/\/www.youtube.com\/watch?v=mq6go_08Tso\">Epis\u00f3dio 6<\/a><\/span>[\/vc_column_text][\/vc_tta_section][vc_tta_section title=&#8221;Ocorr\u00eancia e impactos do fen\u00f4meno ENOS (El Ni\u00f1o Oscila\u00e7\u00e3o Sul)&#8221; tab_id=&#8221;1608164321897-8fd49447-a419&#8243;][vc_column_text]<span style=\"font-size: 12pt\"><a href=\"https:\/\/www.youtube.com\/watch?v=u52jY_uUKeE&amp;list=PLJ0D7OlXEfCd8nOSE6XKiRUhaFOcMv5p9&amp;index=2&amp;ab_channel=PETGeografia\" target=\"_blank\" rel=\"noopener noreferrer\">Acesse Aqui!<\/a><\/span>[\/vc_column_text][\/vc_tta_section][vc_tta_section title=&#8221;Previs\u00e3o do tempo e do clima&#8221; tab_id=&#8221;1650651955479-3de1b6fc-1cc2&#8243;][vc_column_text]<a href=\"https:\/\/www.youtube.com\/watch?v=NsUzzSdB9x8\"><span style=\"font-size: 12pt\">Acesse Aqui!<\/span><\/a>[\/vc_column_text][\/vc_tta_section][vc_tta_section title=&#8221;Queimadas&#8221; tab_id=&#8221;1624990284898-df57a45b-5b0f&#8221;][vc_column_text]<span style=\"font-family: georgia, palatino, serif;font-size: 12pt\"><a href=\"https:\/\/youtu.be\/sdxo8NOKvjI\">Acesse aqui!<\/a><\/span>[\/vc_column_text][\/vc_tta_section][vc_tta_section title=&#8221;Saneamento e Sa\u00fade P\u00fablica&#8221; tab_id=&#8221;1631892558535-2a489f5a-e610&#8243;][vc_column_text]<a href=\"https:\/\/www.youtube.com\/watch?v=9gPNuvCbu6s\"><span style=\"font-size: 12pt\">Acesse aqui!<\/span><\/a>[\/vc_column_text][\/vc_tta_section][\/vc_tta_accordion][\/vc_column][\/vc_row][vc_row][vc_column][vc_column_text][\/vc_column_text][\/vc_column][\/vc_row][vc_row][vc_column][vc_column_text]<span style=\"font-size: 14pt\">Ge\u00f3grafo Destaque<\/span>[\/vc_column_text][\/vc_column][\/vc_row][vc_row][vc_column][vc_tta_accordion][vc_tta_section title=&#8221;Aziz Ab&#8217;Saber&#8221; tab_id=&#8221;1644417800619-03c89497-3bfc&#8221;][vc_column_text]<span style=\"font-size: 12pt\"><a href=\"https:\/\/youtu.be\/5qRhGqLcRj8\" target=\"_blank\" rel=\"noopener noreferrer\">Acesse Aqui!<\/a><\/span>[\/vc_column_text][\/vc_tta_section][vc_tta_section title=&#8221;Milton Santos&#8221; tab_id=&#8221;1608164700268-b5cb80ba-3876&#8243;][vc_column_text]<span style=\"font-size: 12pt\"><a href=\"https:\/\/www.youtube.com\/watch?v=PC5ZDVrErI4&amp;t=2s&amp;ab_channel=PETGeografia\" target=\"_blank\" rel=\"noopener noreferrer\">Acesse Aqui!<\/a><\/span>[\/vc_column_text][\/vc_tta_section][vc_tta_section title=&#8221;Yves Lacoste&#8221; tab_id=&#8221;1643066794921-5ae38ccd-fac2&#8243;][vc_column_text]<span style=\"font-size: 12pt\"><a href=\"https:\/\/youtu.be\/ZfQradGNISs\" target=\"_blank\" rel=\"noopener noreferrer\">Acesse Aqui!<\/a><\/span>[\/vc_column_text][\/vc_tta_section][\/vc_tta_accordion][\/vc_column][\/vc_row][vc_row][vc_column][vc_column_text]<span style=\"font-size: 14pt\">Sorteios GeoPET<\/span>[\/vc_column_text][\/vc_column][\/vc_row][vc_row][vc_column][vc_tta_accordion][vc_tta_section title=&#8221;1\u00ba Sorteio&#8221; tab_id=&#8221;1608165086125-c01f49ad-8232&#8243;][vc_column_text]<span style=\"font-size: 12pt\"><a href=\"https:\/\/www.instagram.com\/p\/CCYm1CFHiIc\/\" target=\"_blank\" rel=\"noopener noreferrer\">Acesse Aqui!<\/a><\/span>[\/vc_column_text][\/vc_tta_section][vc_tta_section title=&#8221;2\u00ba Sorteio&#8221; tab_id=&#8221;1608165086125-5d715440-da88&#8243;][vc_column_text]<span style=\"font-size: 12pt\"><a href=\"https:\/\/www.instagram.com\/p\/CF-LwMXgEAE\/\" target=\"_blank\" rel=\"noopener noreferrer\">Acesse Aqui!<\/a><\/span>[\/vc_column_text][\/vc_tta_section][\/vc_tta_accordion][\/vc_column][\/vc_row]<\/p>\n<\/div>","protected":false},"excerpt":{"rendered":"<p>[vc_row][vc_column][vc_tta_accordion][vc_tta_section title=&#8221;Conhecendo o Paran\u00e1&#8221; tab_id=&#8221;1721259945518-6dce6851-752f&#8221;][vc_column_text css=&#8221;&#8221;]Foz do Igua\u00e7u [\/vc_column_text][vc_column_text css=&#8221;&#8221;]Carambe\u00ed [\/vc_column_text][vc_column_text css=&#8221;&#8221;]Castro [\/vc_column_text][vc_column_text css=&#8221;&#8221;]Curitiba [\/vc_column_text][vc_column_text css=&#8221;&#8221;]Londrina [\/vc_column_text][vc_column_text css=&#8221;&#8221;]Mandaguari [\/vc_column_text][vc_column_text css=&#8221;&#8221;]Marialva [\/vc_column_text][vc_column_text css=&#8221;&#8221;]Maring\u00e1 [\/vc_column_text][vc_column_text css=&#8221;&#8221;]Palmeira [\/vc_column_text][vc_column_text css=&#8221;&#8221;]Paranagu\u00e1 [\/vc_column_text][vc_column_text css=&#8221;&#8221;]Ponta Grossa [\/vc_column_text][vc_column_text css=&#8221;&#8221;]S\u00e3o Jos\u00e9 dos Pinhais [\/vc_column_text][\/vc_tta_section][vc_tta_section title=&#8221;V\u00eddeo de divulga\u00e7\u00e3o do PET&#8221; tab_id=&#8221;1633539034615-c86efdf0-bcf9&#8243;][vc_column_text]Acesse aqui.[\/vc_column_text][\/vc_tta_section][\/vc_tta_accordion][vc_column_text]Minuto Geografia[\/vc_column_text][\/vc_column][\/vc_row][vc_row][vc_column][vc_tta_accordion][vc_tta_section title=&#8221;As Regionaliza\u00e7\u00f5es Oficiais do Brasil segundo o IBGE&#8221; tab_id=&#8221;1621016044566-3d9b8607-a0a8&#8243;][vc_column_text]Epis\u00f3dio 1 Epis\u00f3dio 2 [&hellip;]<\/p>\n","protected":false},"author":324,"featured_media":0,"parent":0,"menu_order":0,"comment_status":"closed","ping_status":"closed","template":"","meta":{"_exactmetrics_skip_tracking":false,"_exactmetrics_sitenote_active":false,"_exactmetrics_sitenote_note":"","_exactmetrics_sitenote_category":0,"footnotes":"","_links_to":"","_links_to_target":""},"class_list":["post-596","page","type-page","status-publish","hentry"],"_links":{"self":[{"href":"https:\/\/www3.unicentro.br\/petgeografia\/wp-json\/wp\/v2\/pages\/596","targetHints":{"allow":["GET"]}}],"collection":[{"href":"https:\/\/www3.unicentro.br\/petgeografia\/wp-json\/wp\/v2\/pages"}],"about":[{"href":"https:\/\/www3.unicentro.br\/petgeografia\/wp-json\/wp\/v2\/types\/page"}],"author":[{"embeddable":true,"href":"https:\/\/www3.unicentro.br\/petgeografia\/wp-json\/wp\/v2\/users\/324"}],"replies":[{"embeddable":true,"href":"https:\/\/www3.unicentro.br\/petgeografia\/wp-json\/wp\/v2\/comments?post=596"}],"version-history":[{"count":5,"href":"https:\/\/www3.unicentro.br\/petgeografia\/wp-json\/wp\/v2\/pages\/596\/revisions"}],"predecessor-version":[{"id":2359,"href":"https:\/\/www3.unicentro.br\/petgeografia\/wp-json\/wp\/v2\/pages\/596\/revisions\/2359"}],"wp:attachment":[{"href":"https:\/\/www3.unicentro.br\/petgeografia\/wp-json\/wp\/v2\/media?parent=596"}],"curies":[{"name":"wp","href":"https:\/\/api.w.org\/{rel}","templated":true}]}}