{"id":32,"date":"2018-06-19T16:31:24","date_gmt":"2018-06-19T19:31:24","guid":{"rendered":"https:\/\/www3.unicentro.br\/petgeografia\/?page_id=32"},"modified":"2021-07-19T15:04:14","modified_gmt":"2021-07-19T18:04:14","slug":"historico","status":"publish","type":"page","link":"https:\/\/www3.unicentro.br\/petgeografia\/historico\/","title":{"rendered":"PET GEOGRAFIA"},"content":{"rendered":"<div class=\"wpb-content-wrapper\"><p>[vc_row][vc_column][vc_column_text]<span style=\"font-size: 14pt;\">A implanta\u00e7\u00e3o do PET Geografia da Unicentro aconteceu em 1992 e orienta-se pelo princ\u00edpio da indissociabilidade entre ensino, pesquisa e extens\u00e3o. Organiza-se academicamente a partir da forma\u00e7\u00e3o em n\u00edvel de gradua\u00e7\u00e3o, mediante a constitui\u00e7\u00e3o de um grupo de discentes de gradua\u00e7\u00e3o, licenciatura e bacharelado e sob a orienta\u00e7\u00e3o do docente tutor.<\/span><\/p>\n<div>\n<p>&nbsp;<\/p>\n<\/div>\n<p>[\/vc_column_text][\/vc_column][\/vc_row]<\/p>\n<\/div>","protected":false},"excerpt":{"rendered":"<p>[vc_row][vc_column][vc_column_text]A implanta\u00e7\u00e3o do PET Geografia da Unicentro aconteceu em 1992 e orienta-se pelo princ\u00edpio da indissociabilidade entre ensino, pesquisa e extens\u00e3o. Organiza-se academicamente a partir da forma\u00e7\u00e3o em n\u00edvel de gradua\u00e7\u00e3o, mediante a constitui\u00e7\u00e3o de um grupo de discentes de gradua\u00e7\u00e3o, licenciatura e bacharelado e sob a orienta\u00e7\u00e3o do docente tutor. &nbsp; [\/vc_column_text][\/vc_column][\/vc_row]<\/p>\n","protected":false},"author":3,"featured_media":0,"parent":0,"menu_order":0,"comment_status":"closed","ping_status":"closed","template":"","meta":{"_exactmetrics_skip_tracking":false,"_exactmetrics_sitenote_active":false,"_exactmetrics_sitenote_note":"","_exactmetrics_sitenote_category":0,"footnotes":"","_links_to":"","_links_to_target":""},"class_list":["post-32","page","type-page","status-publish","hentry"],"_links":{"self":[{"href":"https:\/\/www3.unicentro.br\/petgeografia\/wp-json\/wp\/v2\/pages\/32","targetHints":{"allow":["GET"]}}],"collection":[{"href":"https:\/\/www3.unicentro.br\/petgeografia\/wp-json\/wp\/v2\/pages"}],"about":[{"href":"https:\/\/www3.unicentro.br\/petgeografia\/wp-json\/wp\/v2\/types\/page"}],"author":[{"embeddable":true,"href":"https:\/\/www3.unicentro.br\/petgeografia\/wp-json\/wp\/v2\/users\/3"}],"replies":[{"embeddable":true,"href":"https:\/\/www3.unicentro.br\/petgeografia\/wp-json\/wp\/v2\/comments?post=32"}],"version-history":[{"count":0,"href":"https:\/\/www3.unicentro.br\/petgeografia\/wp-json\/wp\/v2\/pages\/32\/revisions"}],"wp:attachment":[{"href":"https:\/\/www3.unicentro.br\/petgeografia\/wp-json\/wp\/v2\/media?parent=32"}],"curies":[{"name":"wp","href":"https:\/\/api.w.org\/{rel}","templated":true}]}}