{"id":30,"date":"2018-06-19T16:29:46","date_gmt":"2018-06-19T19:29:46","guid":{"rendered":"https:\/\/www3.unicentro.br\/petgeografia\/?page_id=30"},"modified":"2020-11-13T13:54:06","modified_gmt":"2020-11-13T16:54:06","slug":"apresentacao","status":"publish","type":"page","link":"https:\/\/www3.unicentro.br\/petgeografia\/apresentacao\/","title":{"rendered":"O QUE \u00c9 O PET?"},"content":{"rendered":"<p><span style=\"font-size: 14pt\">O Programa de Educa\u00e7\u00e3o Tutorial (PET), oficialmente institu\u00eddo pela Lei 11.180\/2005, \u00e9 formado por 12 bolsistas e\u00a0 at\u00e9 6 volunt\u00e1rios que\u00a0 realizam atividades de ensino, pesquisa e extens\u00e3o, e\u00a0busca propiciar aos participantes, sob a orienta\u00e7\u00e3o de um professor tutor, condi\u00e7\u00f5es para a realiza\u00e7\u00e3o de atividades extracurriculares, que complementem a sua forma\u00e7\u00e3o acad\u00eamica, procurando atender mais plenamente as necessidades do pr\u00f3prio curso de gradua\u00e7\u00e3o e\/ou ampliar e aprofundar os objetivos e os conte\u00fados program\u00e1ticos que integram sua grade curricular.<\/span><\/p>\n<p>&nbsp;<\/p>\n<p><span style=\"font-size: 14pt\">Para saber mais sobre o Programa de Educa\u00e7\u00e3o Tutorial, consulte: <a href=\"https:\/\/www3.unicentro.br\/proen\/programas-institucionais\/pet\/\">https:\/\/www3.unicentro.br\/proen\/programas-institucionais\/pet\/<\/a><\/span><\/p>\n","protected":false},"excerpt":{"rendered":"<p>O Programa de Educa\u00e7\u00e3o Tutorial (PET), oficialmente institu\u00eddo pela Lei 11.180\/2005, \u00e9 formado por 12 bolsistas e\u00a0 at\u00e9 6 volunt\u00e1rios que\u00a0 realizam atividades de ensino, pesquisa e extens\u00e3o, e\u00a0busca propiciar aos participantes, sob a orienta\u00e7\u00e3o de um professor tutor, condi\u00e7\u00f5es para a realiza\u00e7\u00e3o de atividades extracurriculares, que complementem a sua forma\u00e7\u00e3o acad\u00eamica, procurando atender mais [&hellip;]<\/p>\n","protected":false},"author":3,"featured_media":0,"parent":0,"menu_order":0,"comment_status":"closed","ping_status":"closed","template":"","meta":{"_exactmetrics_skip_tracking":false,"_exactmetrics_sitenote_active":false,"_exactmetrics_sitenote_note":"","_exactmetrics_sitenote_category":0,"footnotes":"","_links_to":"","_links_to_target":""},"class_list":["post-30","page","type-page","status-publish","hentry"],"_links":{"self":[{"href":"https:\/\/www3.unicentro.br\/petgeografia\/wp-json\/wp\/v2\/pages\/30","targetHints":{"allow":["GET"]}}],"collection":[{"href":"https:\/\/www3.unicentro.br\/petgeografia\/wp-json\/wp\/v2\/pages"}],"about":[{"href":"https:\/\/www3.unicentro.br\/petgeografia\/wp-json\/wp\/v2\/types\/page"}],"author":[{"embeddable":true,"href":"https:\/\/www3.unicentro.br\/petgeografia\/wp-json\/wp\/v2\/users\/3"}],"replies":[{"embeddable":true,"href":"https:\/\/www3.unicentro.br\/petgeografia\/wp-json\/wp\/v2\/comments?post=30"}],"version-history":[{"count":0,"href":"https:\/\/www3.unicentro.br\/petgeografia\/wp-json\/wp\/v2\/pages\/30\/revisions"}],"wp:attachment":[{"href":"https:\/\/www3.unicentro.br\/petgeografia\/wp-json\/wp\/v2\/media?parent=30"}],"curies":[{"name":"wp","href":"https:\/\/api.w.org\/{rel}","templated":true}]}}