{"id":23,"date":"2018-06-19T14:55:34","date_gmt":"2018-06-19T17:55:34","guid":{"rendered":"https:\/\/www3.unicentro.br\/petgeografia\/?page_id=23"},"modified":"2026-04-07T00:36:39","modified_gmt":"2026-04-07T03:36:39","slug":"inicial","status":"publish","type":"page","link":"https:\/\/www3.unicentro.br\/petgeografia\/","title":{"rendered":"INICIAL"},"content":{"rendered":"<div class=\"wpb-content-wrapper\"><p>[vc_row][vc_column][vc_column_text][\/vc_column_text][\/vc_column][\/vc_row][vc_row][vc_column width=&#8221;2\/3&#8243;][vc_hoverbox image=&#8221;719&#8243; primary_title=&#8221;&#8221; hover_title=&#8221;&#8221; el_width=&#8221;60&#8243; align=&#8221;left&#8221; hover_btn_title=&#8221;Acesse aqui!&#8221; hover_btn_css_animation=&#8221;bounceInDown&#8221; hover_add_button=&#8221;true&#8221; hover_btn_link=&#8221;url:https%3A%2F%2Fwww.youtube.com%2Fwatch%3Fv%3D9K-q6ZT0weU%26list%3DPLJ0D7OlXEfCd8nOSE6XKiRUhaFOcMv5p9|target:_blank&#8221;]<span style=\"color: #808080;font-size: 18pt;font-family: georgia, palatino, serif\">O Minuto Geografia possui como objetivo divulgar e discutir temas relacionados a Geografia, bem como diversos assuntos da atualidade.\u00a0<\/span>[\/vc_hoverbox][vc_hoverbox image=&#8221;728&#8243; primary_title=&#8221;&#8221; hover_title=&#8221;&#8221; hover_align=&#8221;justify&#8221; el_width=&#8221;60&#8243; align=&#8221;left&#8221; hover_btn_title=&#8221;Acesse aqui!&#8221; hover_add_button=&#8221;true&#8221; hover_btn_link=&#8221;url:https%3A%2F%2Fwww.youtube.com%2Fwatch%3Fv%3DZfQradGNISs|target:_blank&#8221;]<span style=\"font-family: georgia, palatino, serif;font-size: 18pt\">O Ge\u00f3grafo Destaque tem como objetivo realizar uma breve biografia de alguns dos grandes nomes da Geografia.\u00a0<\/span>[\/vc_hoverbox][vc_hoverbox image=&#8221;718&#8243; primary_title=&#8221;&#8221; hover_title=&#8221;&#8221; el_width=&#8221;70&#8243; align=&#8221;left&#8221; hover_btn_title=&#8221;Acesse aqui!&#8221; hover_add_button=&#8221;true&#8221; hover_btn_link=&#8221;url:https%3A%2F%2Fwww.youtube.com%2F%40PETGeografia%2Fstreams&#8221;]<span style=\"font-size: 18pt;font-family: georgia, palatino, serif\">As lives solid\u00e1rias tem o objetivo de arrecadar doa\u00e7\u00f5es para institui\u00e7\u00f5es sem fins lucrativos. S\u00e3o debatidos temas diversos e de grande relev\u00e2ncia para a comunidade em geral.<\/span>[\/vc_hoverbox][vc_hoverbox image=&#8221;2032&#8243; primary_title=&#8221;&#8221; primary_align=&#8221;justify&#8221; hover_title=&#8221;&#8221; el_width=&#8221;70&#8243; align=&#8221;left&#8221;]<span style=\"font-size: 18pt\">Clique no link abaixo para conhecer os munic\u00edpios visitados pelo PET &#8211; Geografia na atividade conhecendo o Paran\u00e1.<\/span><\/p>\n<table style=\"border-collapse: collapse;width: 100%;height: 72px\">\n<tbody>\n<tr style=\"height: 24px\">\n<td style=\"width: 20%;height: 24px;text-align: center\"><a href=\"https:\/\/www.youtube.com\/watch?v=CjgocQvKw78\">Foz do Igua\u00e7u<\/a><\/td>\n<td style=\"width: 27.4732%;height: 24px;text-align: center\"><a href=\"https:\/\/www.youtube.com\/watch?v=UD_ku5ouB8A\">Castro<\/a><\/td>\n<td style=\"width: 18.5766%;height: 24px;text-align: center\"><a href=\"https:\/\/www.youtube.com\/watch?v=Xr6PNpMsx0o&amp;t=32s\">Carambe\u00ed<\/a><\/td>\n<td style=\"width: 13.9502%;height: 24px\"><a href=\"https:\/\/www.youtube.com\/watch?v=GSdcx2YsxL4\">Curitiba<\/a><\/td>\n<td style=\"width: 20%;height: 24px\"><a href=\"https:\/\/www.youtube.com\/watch?v=2sKWW55iUkA\">Londrina\u00a0<\/a><\/td>\n<\/tr>\n<tr style=\"height: 24px\">\n<td style=\"width: 20%;height: 24px;text-align: center\"><a href=\"https:\/\/www.youtube.com\/watch?v=3wIigeU6TXE\">Marialva<\/a><\/td>\n<td style=\"width: 27.4732%;height: 24px;text-align: center\"><a href=\"https:\/\/www.youtube.com\/watch?v=gPp7gYr95VU&amp;t=53s\">Mandaguari<\/a><\/td>\n<td style=\"width: 18.5766%;height: 24px;text-align: center\"><a href=\"https:\/\/www.youtube.com\/watch?v=gopdJ9a2Ozg\">Maring\u00e1<\/a><\/td>\n<td style=\"width: 13.9502%;height: 24px\"><a href=\"https:\/\/www.youtube.com\/watch?v=bcBdV_UIa0s&amp;t=1s\">Palmeira<\/a><\/td>\n<td style=\"width: 20%;height: 24px\">\u00a0<a href=\"https:\/\/www.youtube.com\/watch?v=fMP4Th1VjcY\">Paranagu\u00e1<\/a><\/td>\n<\/tr>\n<tr style=\"height: 24px\">\n<td style=\"width: 20%;height: 24px;text-align: center\">\u00a0<a href=\"https:\/\/www.youtube.com\/watch?v=krCs7iu-7W0\">Ponta Grossa<\/a><\/td>\n<td style=\"width: 27.4732%;height: 24px;text-align: center\"><a href=\"https:\/\/www.youtube.com\/watch?v=Wdz-1rStRcQ\">S\u00e3o Jos\u00e9 dos Pinhais<\/a><\/td>\n<td style=\"width: 18.5766%;height: 24px;text-align: center\"><\/td>\n<td style=\"width: 13.9502%;height: 24px\"><\/td>\n<td style=\"width: 20%;height: 24px\"><\/td>\n<\/tr>\n<\/tbody>\n<\/table>\n<p>[\/vc_hoverbox][\/vc_column][vc_column width=&#8221;1\/3&#8243;][vc_single_image image=&#8221;724&#8243; alignment=&#8221;center&#8221; onclick=&#8221;custom_link&#8221; img_link_target=&#8221;_blank&#8221; link=&#8221;https:\/\/www.facebook.com\/GeopetUnicentroCdt&#8221;][vc_single_image image=&#8221;726&#8243; alignment=&#8221;center&#8221; onclick=&#8221;custom_link&#8221; img_link_target=&#8221;_blank&#8221; link=&#8221;https:\/\/www.instagram.com\/geopet_unicentro\/&#8221;][vc_single_image image=&#8221;772&#8243; alignment=&#8221;center&#8221; onclick=&#8221;custom_link&#8221; img_link_target=&#8221;_blank&#8221; link=&#8221;https:\/\/www.youtube.com\/channel\/UCiALgvnqjxr8DDB4EI7ooEA&#8221;][vc_single_image image=&#8221;1048&#8243; alignment=&#8221;center&#8221;][vc_video link=&#8221;https:\/\/www.youtube.com\/watch?v=WpkQazlTcaY&#8221;][vc_video link=&#8221;https:\/\/www.youtube.com\/watch?v=H7DAvVmQ0DA&#8221;][\/vc_column][\/vc_row]<\/p>\n<\/div>","protected":false},"excerpt":{"rendered":"<p>[vc_row][vc_column][vc_column_text][\/vc_column_text][\/vc_column][\/vc_row][vc_row][vc_column width=&#8221;2\/3&#8243;][vc_hoverbox image=&#8221;719&#8243; primary_title=&#8221;&#8221; hover_title=&#8221;&#8221; el_width=&#8221;60&#8243; align=&#8221;left&#8221; hover_btn_title=&#8221;Acesse aqui!&#8221; hover_btn_css_animation=&#8221;bounceInDown&#8221; hover_add_button=&#8221;true&#8221; hover_btn_link=&#8221;url:https%3A%2F%2Fwww.youtube.com%2Fwatch%3Fv%3D9K-q6ZT0weU%26list%3DPLJ0D7OlXEfCd8nOSE6XKiRUhaFOcMv5p9|target:_blank&#8221;]O Minuto Geografia possui como objetivo divulgar e discutir temas relacionados a Geografia, bem como diversos assuntos da atualidade.\u00a0[\/vc_hoverbox][vc_hoverbox image=&#8221;728&#8243; primary_title=&#8221;&#8221; hover_title=&#8221;&#8221; hover_align=&#8221;justify&#8221; el_width=&#8221;60&#8243; align=&#8221;left&#8221; hover_btn_title=&#8221;Acesse aqui!&#8221; hover_add_button=&#8221;true&#8221; hover_btn_link=&#8221;url:https%3A%2F%2Fwww.youtube.com%2Fwatch%3Fv%3DZfQradGNISs|target:_blank&#8221;]O Ge\u00f3grafo Destaque tem como objetivo realizar uma breve biografia de alguns dos grandes nomes da [&hellip;]<\/p>\n","protected":false},"author":3,"featured_media":0,"parent":968,"menu_order":0,"comment_status":"closed","ping_status":"closed","template":"page-templates\/front-page.php","meta":{"_exactmetrics_skip_tracking":false,"_exactmetrics_sitenote_active":false,"_exactmetrics_sitenote_note":"","_exactmetrics_sitenote_category":0,"footnotes":"","_links_to":"","_links_to_target":""},"class_list":["post-23","page","type-page","status-publish","hentry"],"_links":{"self":[{"href":"https:\/\/www3.unicentro.br\/petgeografia\/wp-json\/wp\/v2\/pages\/23","targetHints":{"allow":["GET"]}}],"collection":[{"href":"https:\/\/www3.unicentro.br\/petgeografia\/wp-json\/wp\/v2\/pages"}],"about":[{"href":"https:\/\/www3.unicentro.br\/petgeografia\/wp-json\/wp\/v2\/types\/page"}],"author":[{"embeddable":true,"href":"https:\/\/www3.unicentro.br\/petgeografia\/wp-json\/wp\/v2\/users\/3"}],"replies":[{"embeddable":true,"href":"https:\/\/www3.unicentro.br\/petgeografia\/wp-json\/wp\/v2\/comments?post=23"}],"version-history":[{"count":6,"href":"https:\/\/www3.unicentro.br\/petgeografia\/wp-json\/wp\/v2\/pages\/23\/revisions"}],"predecessor-version":[{"id":2358,"href":"https:\/\/www3.unicentro.br\/petgeografia\/wp-json\/wp\/v2\/pages\/23\/revisions\/2358"}],"up":[{"embeddable":true,"href":"https:\/\/www3.unicentro.br\/petgeografia\/wp-json\/wp\/v2\/pages\/968"}],"wp:attachment":[{"href":"https:\/\/www3.unicentro.br\/petgeografia\/wp-json\/wp\/v2\/media?parent=23"}],"curies":[{"name":"wp","href":"https:\/\/api.w.org\/{rel}","templated":true}]}}