{"id":129,"date":"2018-09-24T11:21:20","date_gmt":"2018-09-24T14:21:20","guid":{"rendered":"https:\/\/www3.unicentro.br\/petgeografia\/?page_id=129"},"modified":"2026-04-08T18:10:26","modified_gmt":"2026-04-08T21:10:26","slug":"editais-de-selecao","status":"publish","type":"page","link":"https:\/\/www3.unicentro.br\/petgeografia\/editais-de-selecao\/","title":{"rendered":"EDITAIS DE SELE\u00c7\u00c3O"},"content":{"rendered":"<div class=\"wpb-content-wrapper\"><p align=\"justify\"><strong>RESULTADO DE CLASSIFICA\u00c7\u00c3O 2026\/1<\/strong><\/p>\n<p align=\"justify\"><a href=\"https:\/\/drive.google.com\/file\/d\/1Hcv0FlInrlRsJlXWucyw5b2--AcSqcgd\/view?usp=sharing\"><span style=\"font-family: georgia, palatino, serif\"><span style=\"font-size: 12pt\">Acesse aqui!<\/span><\/span><\/a><\/p>\n<p align=\"justify\"><span style=\"font-family: georgia, palatino, serif\"><strong><span style=\"font-size: 12pt\">RESULTADO DE CLASSIFICA\u00c7\u00c3O 2025\/5<\/span><\/strong><\/span><\/p>\n<p align=\"justify\"><a href=\"https:\/\/drive.google.com\/file\/d\/1Gtxa44SKFSmBrL8hPam9VL2z6R2rSAZF\/view?usp=sharing\"><span style=\"font-family: georgia, palatino, serif\">Acesse aqui!<\/span><\/a><\/p>\n<p align=\"justify\"><span style=\"font-family: georgia, palatino, serif\"><strong><span style=\"font-size: 12pt\">RESULTADO DE CLASSIFICA\u00c7\u00c3O 2025\/4<\/span><\/strong><\/span><\/p>\n<p align=\"justify\"><span style=\"font-family: georgia, palatino, serif\"><a href=\"https:\/\/drive.google.com\/file\/d\/1-vhwP9Hl4cQyKZ9GHyR1uQ4XirAiAOz-\/view?usp=sharing\">Acesse aqui!<\/a><\/span><\/p>\n<p align=\"justify\"><span style=\"font-family: georgia, palatino, serif\"><strong><span style=\"font-size: 12pt\">RESULTADO DE CLASSIFICA\u00c7\u00c3O 2025\/3<\/span><\/strong><\/span><\/p>\n<p align=\"justify\"><span style=\"font-family: georgia, palatino, serif\"><a href=\"https:\/\/drive.google.com\/file\/d\/1MvtnmwMQRyc2Iim-G5WWXSE7gCJ7yDtp\/view?usp=sharing\">Acesse aqui!<\/a><\/span><\/p>\n<p><span style=\"font-family: georgia, palatino, serif\"><strong><span style=\"font-size: 12pt\">RESULTADO DE CLASSIFICA\u00c7\u00c3O 2025\/2<\/span><\/strong><\/span><\/p>\n<p><span style=\"font-family: georgia, palatino, serif\"><a href=\"https:\/\/drive.google.com\/file\/d\/1dwWhDb3f1NT2KKxJAnd0VbRWz9OOGwSa\/view?usp=sharing\">Acesse aqui!<\/a><\/span><\/p>\n<p><span style=\"font-family: georgia, palatino, serif\"><strong><span style=\"font-size: 12pt\">RESULTADO DE CLASSIFICA\u00c7\u00c3O 2025\/1<\/span><\/strong><\/span><\/p>\n<p><span style=\"font-family: georgia, palatino, serif\"><a href=\"https:\/\/drive.google.com\/file\/d\/1ThzegkcKZf4vIVdEI6oUVONFVf3oazrp\/view?usp=sharing\">Acesse aqui!<\/a><\/span><\/p>\n<p style=\"text-align: left\"><span style=\"font-family: georgia, palatino, serif\"><strong><span style=\"font-size: 12pt\">RESULTADO DE CLASSIFICA\u00c7\u00c3O 2024\/1<\/span><\/strong><\/span><\/p>\n<p><span style=\"font-family: georgia, palatino, serif\"><a href=\"https:\/\/drive.google.com\/file\/d\/1MDnpnahxiFqeVgcPLAHIaqq2jcJuDXl8\/view\">Acesse aqui!<\/a><\/span><\/p>\n<p><strong><span style=\"font-family: georgia, palatino, serif;font-size: 12pt\">RESULTADO DE CLASSIFICA\u00c7\u00c3O 2023\/4<\/span><\/strong><\/p>\n<p><a href=\"https:\/\/drive.google.com\/file\/d\/1Vn32gx5aBAwiIeOMNsRBmC-XC5dw47PG\/view?usp=sharing\">Acesse aqui!<\/a><\/p>\n<p><strong><span style=\"font-family: georgia, palatino, serif;font-size: 12pt\">RESULTADO DE CLASSIFICA\u00c7\u00c3O 2023\/3<\/span><\/strong><\/p>\n<p><a href=\"https:\/\/drive.google.com\/file\/d\/1mmOGCv9MWFyMqxTK9DkvC74NuumisKxC\/view?usp=sharing\">Acesse aqui!<\/a><\/p>\n<p><strong><span style=\"font-family: georgia, palatino, serif;font-size: 12pt\">RESULTADO DE CLASSIFICA\u00c7\u00c3O 2023\/2<\/span><\/strong><\/p>\n<p><a href=\"https:\/\/drive.google.com\/file\/d\/1LK2Nn3FUx8E-3QcpdAS74eEkdvTZa3W9\/view?usp=share_link\">Acesse aqui!<\/a><\/p>\n<p><strong><span style=\"font-family: georgia, palatino, serif;font-size: 12pt\">RESULTADO DE CLASSIFICA\u00c7\u00c3O 2023\/1<\/span><\/strong><\/p>\n<p><a href=\"https:\/\/drive.google.com\/file\/d\/1LB_gt_84Nb2dlYy1mpIOykgQY3F9pIEi\/view?usp=share_link\">Acesse aqui!<\/a><\/p>\n<p class=\"western\"><strong><span style=\"font-family: georgia, palatino, serif;font-size: 12pt\">RESULTADO DE CLASSIFICA\u00c7\u00c3O 2022\/3<\/span><\/strong><\/p>\n<p><a href=\"https:\/\/drive.google.com\/file\/d\/1AalSOk9plMukB6xd6gg_hlwLu12lOllt\/view\">Acesse aqui!<\/a><\/p>\n<p><strong>RESULTADO DE CLASSIFICA\u00c7\u00c3O 2022\/2<\/strong><\/p>\n<p><a href=\"https:\/\/drive.google.com\/file\/d\/1EQvart12KExOSe_4y9Q0LuOS1N6J8gqb\/view\">Acesse aqui!<\/a><\/p>\n<p>_______________________________________________________________________<\/p>\n<p><strong>RESULTADO DE CLASSIFICA\u00c7\u00c3O 2022\/1<\/strong><\/p>\n<p><a href=\"https:\/\/drive.google.com\/file\/d\/1NNqsR6e5QQ3V05pvXuapa-Z7Y4G1_G6x\/view?usp=sharing\">Acesse aqui!<\/a><\/p>\n<p>_______________________________________________________________________<\/p>\n<p><strong>RESULTADO DA SELE\u00c7\u00c3O 2021\/4<\/strong><\/p>\n<p><a href=\"https:\/\/drive.google.com\/file\/d\/1z7HWaLCVyUtVJ043z1kJJbmkyigkhR-Y\/view?usp=sharing\">Acesse aqui!\/<\/a><\/p>\n<p><strong>EDITAL DE SELE\u00c7\u00c3O 2021\/4<\/strong><\/p>\n<p><a href=\"https:\/\/drive.google.com\/file\/d\/1rCLqTdEoiniFUyhXZt2fRLXdQ9_i_dG3\/view?usp=sharing\">Acesse o edital aqui!<\/a><\/p>\n<p>_______________________________________________________________________<\/p>\n<p>Edital de Classifica\u00e7\u00e3o 2021\/3<\/p>\n<p><a href=\"https:\/\/drive.google.com\/file\/d\/1lVMzcyMwKnvbydc4jwK3wuE0Tuml5la0\/view?usp=sharing\">Acesse o edital aqui!<\/a><\/p>\n<p><strong>Edital de sele\u00e7\u00e3o 2021\/3<\/strong><\/p>\n<p><a href=\"https:\/\/drive.google.com\/file\/d\/1pnH2Ui5lWQ5zqYBqBSu030xxGKtpudGe\/view?usp=sharing\">Acesse o edital aqui!<\/a><\/p>\n<p>_______________________________________________________________________<\/p>\n<p><strong>Edital de Classifica\u00e7\u00e3o 2021\/2<\/strong>:<\/p>\n<p><a href=\"https:\/\/drive.google.com\/file\/d\/14a3F5-UA9rH3gIP5BMNlnXvkarorRHOI\/view?usp=sharing\">Acesse o edital aqui!<\/a><\/p>\n<p><strong>Edital de Sele\u00e7\u00e3o 2021\/2<\/strong>:<\/p>\n<p><a href=\"https:\/\/drive.google.com\/file\/d\/1peGN3uRaL5LR-t2knl-qETMoNzxaRZZF\/view\">Acesse o edital aqui!<\/a><\/p>\n<div dir=\"auto\">_______________________________________________________________________<\/div>\n<div dir=\"auto\"><strong>Ata de classifica\u00e7\u00e3o da sele\u00e7\u00e3o 2021:<\/strong><\/div>\n<div dir=\"auto\"><a href=\"https:\/\/drive.google.com\/file\/d\/1uCWI5GPSdeC3BCfaMp7zckKeNcuGHqqQ\/view?usp=sharing\" target=\"_blank\" rel=\"noopener\">Acesse aqui!<\/a><\/div>\n<div dir=\"auto\"><\/div>\n<div dir=\"auto\"><strong>Edital de Sele\u00e7\u00e3o 2021<\/strong>:<\/div>\n<div dir=\"auto\"><a href=\"https:\/\/l.facebook.com\/l.php?u=https%3A%2F%2Fdrive.google.com%2Ffile%2Fd%2F1rXrwWUIXlYMprilpzskKCKhpdhhVHwbQ%2Fview%3Fusp%3Dsharing%26fbclid%3DIwAR3Z_9Y_8lANZWfQSqpTsWsP6GPOuk-Vx0D63sNtjNYzi4uha6dB1FWWkc8&amp;h=AT2sYbGLQc9MdAayddubPs0fHfNhWYd5ii79ynu_e2uvFr5iLnuX1KUsujlmcp3LpYr79-EI8Joz-l0JyBHQYTNMcC_7c-KqDweqzWIn9sBa3bV7dLs0madR6S76_zlHKPLQ&amp;__tn__=-UK-R&amp;c[0]=AT2ppEUsfK2E-JpPhWQzMqmoeNLyeZuI7tVCqzqGt6xewvoSml-A2w6sTXssGsilrTtkFIN1KqYSqPdZIun07CEYb9VGPmBxamIb97K9BgTM79hjeno0u54cyyto41X9h9wztGSE411dxwuuqpa0V_OTq5Pp2NsRcP20ZlWjRRekkEbwzkck41bnwQVspmGl_bYocgZshCH-aA\" target=\"_blank\" rel=\"noopener\">Acesse o edital aqui!<\/a><\/div>\n<div dir=\"auto\"><\/div>\n<div dir=\"auto\">_______________________________________________________________________<\/div>\n<p><strong>Edital de homologa\u00e7\u00e3o 2020:<\/strong><\/p>\n<p><a href=\"https:\/\/drive.google.com\/file\/d\/17vUB4mZWn5idrMjQtHd5h38hm73fY0l4\/view?usp=sharing\" target=\"_blank\" rel=\"noopener noreferrer\">Edital de homologa\u00e7\u00e3o.<\/a><\/p>\n<p><strong>Edital de sele\u00e7\u00e3o 2020:<\/strong><\/p>\n<p><a href=\"https:\/\/drive.google.com\/file\/d\/1vOSVcgo8aHz9L7UQBr04pjqVP_seQSvT\/view?usp=sharing\">Edital de Sele\u00e7\u00e3o 2020<\/a><\/p>\n<p><strong>Edital de sele\u00e7\u00e3o de novos integrantes 2017:<\/strong><\/p>\n<p><a href=\"https:\/\/drive.google.com\/file\/d\/1nAtvb9meZcFMzVsSVJcMcX35NBMOhb_3\/view?usp=sharing\">https:\/\/drive.google.com\/file\/d\/1nAtvb9meZcFMzVsSVJcMcX35NBMOhb_3\/view?usp=sharing<\/a><\/p>\n<p><strong>Ata da Sele\u00e7\u00e3o 2017:<\/strong><\/p>\n<p><a href=\"https:\/\/drive.google.com\/file\/d\/19w7RulubOLVu7SJcC2vwJ0-8DypFe8j3\/view?usp=sharing\">https:\/\/drive.google.com\/file\/d\/19w7RulubOLVu7SJcC2vwJ0-8DypFe8j3\/view?usp=sharing<\/a><\/p>\n<p><strong>Edital de sele\u00e7\u00e3o de novos integrantes 2018:<\/strong><\/p>\n<p><a href=\"https:\/\/drive.google.com\/file\/d\/1gDUj_YvYayyFAkVwDIBtjVvgoMGJaXRd\/view?usp=sharing\">https:\/\/drive.google.com\/file\/d\/1gDUj_YvYayyFAkVwDIBtjVvgoMGJaXRd\/view?usp=sharing<\/a><\/p>\n<p><strong>Homologa\u00e7\u00e3o da Sele\u00e7\u00e3o 2018:<\/strong><\/p>\n<p><a href=\"https:\/\/drive.google.com\/file\/d\/1sIm263FlcFJ4-Zrd-FhdfO3zBFaJE5DX\/view?usp=sharing\">https:\/\/drive.google.com\/file\/d\/1sIm263FlcFJ4-Zrd-FhdfO3zBFaJE5DX\/view?usp=sharing<\/a><\/p>\n<p><strong>Homologa\u00e7\u00e3o da Sele\u00e7\u00e3o 2019:<\/strong><\/p>\n<p><a href=\"https:\/\/drive.google.com\/file\/d\/1RKdLev5I6_LWSfuLNXlFMlAIxCOaWy2x\/view?usp=sharing\">https:\/\/drive.google.com\/file\/d\/1RKdLev5I6_LWSfuLNXlFMlAIxCOaWy2x\/view?usp=sharing<\/a><\/p>\n<p><strong>Edital de sele\u00e7\u00e3o de volunt\u00e1rios 2020:<\/strong><\/p>\n<p><a href=\"https:\/\/drive.google.com\/open?id=1PDNoJW6L7gsoZPZgcwLBMNU3ZTmW8zQx\">https:\/\/drive.google.com\/open?id=1PDNoJW6L7gsoZPZgcwLBMNU3ZTmW8zQx<\/a>[\/vc_column_text][vc_column_text]<strong>RESULTADO DA SELE\u00c7\u00c3O 2021\/4<\/strong><\/p>\n<p><a href=\"https:\/\/drive.google.com\/file\/d\/1z7HWaLCVyUtVJ043z1kJJbmkyigkhR-Y\/view?usp=sharing\">Acesse aqui!<\/a><\/p>\n<p><strong>EDITAL DE SELE\u00c7\u00c3O 2021\/4<\/strong><\/p>\n<p><a href=\"https:\/\/drive.google.com\/file\/d\/1rCLqTdEoiniFUyhXZt2fRLXdQ9_i_dG3\/view?usp=sharing\">Acesse o edital aqui!<\/a><\/p>\n<p>_______________________________________________________________________<\/p>\n<p>Edital de Classifica\u00e7\u00e3o 2021\/3<\/p>\n<p><a href=\"https:\/\/drive.google.com\/file\/d\/1lVMzcyMwKnvbydc4jwK3wuE0Tuml5la0\/view?usp=sharing\">Acesse o edital aqui!<\/a><\/p>\n<p><strong>Edital de sele\u00e7\u00e3o 2021\/3<\/strong><\/p>\n<p><a href=\"https:\/\/drive.google.com\/file\/d\/1pnH2Ui5lWQ5zqYBqBSu030xxGKtpudGe\/view?usp=sharing\">Acesse o edital aqui!<\/a><\/p>\n<p>_______________________________________________________________________<\/p>\n<p><strong>Edital de Classifica\u00e7\u00e3o 2021\/2<\/strong>:<\/p>\n<p><a href=\"https:\/\/drive.google.com\/file\/d\/14a3F5-UA9rH3gIP5BMNlnXvkarorRHOI\/view?usp=sharing\">Acesse o edital aqui!<\/a><\/p>\n<p><strong>Edital de Sele\u00e7\u00e3o 2021\/2<\/strong>:<\/p>\n<p><a href=\"https:\/\/drive.google.com\/file\/d\/1peGN3uRaL5LR-t2knl-qETMoNzxaRZZF\/view\">Acesse o edital aqui!<\/a><\/p>\n<div dir=\"auto\">_______________________________________________________________________<\/div>\n<div dir=\"auto\"><strong>Ata de classifica\u00e7\u00e3o da sele\u00e7\u00e3o 2021:<\/strong><\/div>\n<div dir=\"auto\"><a href=\"https:\/\/drive.google.com\/file\/d\/1uCWI5GPSdeC3BCfaMp7zckKeNcuGHqqQ\/view?usp=sharing\" target=\"_blank\" rel=\"noopener\">Acesse aqui!<\/a><\/div>\n<div dir=\"auto\"><\/div>\n<div dir=\"auto\"><strong>Edital de Sele\u00e7\u00e3o 2021<\/strong>:<\/div>\n<div dir=\"auto\"><a href=\"https:\/\/l.facebook.com\/l.php?u=https%3A%2F%2Fdrive.google.com%2Ffile%2Fd%2F1rXrwWUIXlYMprilpzskKCKhpdhhVHwbQ%2Fview%3Fusp%3Dsharing%26fbclid%3DIwAR3Z_9Y_8lANZWfQSqpTsWsP6GPOuk-Vx0D63sNtjNYzi4uha6dB1FWWkc8&amp;h=AT2sYbGLQc9MdAayddubPs0fHfNhWYd5ii79ynu_e2uvFr5iLnuX1KUsujlmcp3LpYr79-EI8Joz-l0JyBHQYTNMcC_7c-KqDweqzWIn9sBa3bV7dLs0madR6S76_zlHKPLQ&amp;__tn__=-UK-R&amp;c[0]=AT2ppEUsfK2E-JpPhWQzMqmoeNLyeZuI7tVCqzqGt6xewvoSml-A2w6sTXssGsilrTtkFIN1KqYSqPdZIun07CEYb9VGPmBxamIb97K9BgTM79hjeno0u54cyyto41X9h9wztGSE411dxwuuqpa0V_OTq5Pp2NsRcP20ZlWjRRekkEbwzkck41bnwQVspmGl_bYocgZshCH-aA\" target=\"_blank\" rel=\"noopener\">Acesse o edital aqui!<\/a><\/div>\n<div dir=\"auto\"><\/div>\n<div dir=\"auto\">_______________________________________________________________________<\/div>\n<p><strong>Edital de homologa\u00e7\u00e3o 2020:<\/strong><\/p>\n<p><a href=\"https:\/\/drive.google.com\/file\/d\/17vUB4mZWn5idrMjQtHd5h38hm73fY0l4\/view?usp=sharing\" target=\"_blank\" rel=\"noopener noreferrer\">Edital de homologa\u00e7\u00e3o.<\/a><\/p>\n<p><strong>Edital de sele\u00e7\u00e3o 2020:<\/strong><\/p>\n<p><a href=\"https:\/\/drive.google.com\/file\/d\/1vOSVcgo8aHz9L7UQBr04pjqVP_seQSvT\/view?usp=sharing\">Edital de Sele\u00e7\u00e3o 2020<\/a><\/p>\n<p><strong>Edital de sele\u00e7\u00e3o de novos integrantes 2017:<\/strong><\/p>\n<p><a href=\"https:\/\/drive.google.com\/file\/d\/1nAtvb9meZcFMzVsSVJcMcX35NBMOhb_3\/view?usp=sharing\">https:\/\/drive.google.com\/file\/d\/1nAtvb9meZcFMzVsSVJcMcX35NBMOhb_3\/view?usp=sharing<\/a><\/p>\n<p><strong>Ata da Sele\u00e7\u00e3o 2017:<\/strong><\/p>\n<p><a href=\"https:\/\/drive.google.com\/file\/d\/19w7RulubOLVu7SJcC2vwJ0-8DypFe8j3\/view?usp=sharing\">https:\/\/drive.google.com\/file\/d\/19w7RulubOLVu7SJcC2vwJ0-8DypFe8j3\/view?usp=sharing<\/a><\/p>\n<p><strong>Edital de sele\u00e7\u00e3o de novos integrantes 2018:<\/strong><\/p>\n<p><a href=\"https:\/\/drive.google.com\/file\/d\/1gDUj_YvYayyFAkVwDIBtjVvgoMGJaXRd\/view?usp=sharing\">https:\/\/drive.google.com\/file\/d\/1gDUj_YvYayyFAkVwDIBtjVvgoMGJaXRd\/view?usp=sharing<\/a><\/p>\n<p><strong>Homologa\u00e7\u00e3o da Sele\u00e7\u00e3o 2018:<\/strong><\/p>\n<p><a href=\"https:\/\/drive.google.com\/file\/d\/1sIm263FlcFJ4-Zrd-FhdfO3zBFaJE5DX\/view?usp=sharing\">https:\/\/drive.google.com\/file\/d\/1sIm263FlcFJ4-Zrd-FhdfO3zBFaJE5DX\/view?usp=sharing<\/a><\/p>\n<p><strong>Homologa\u00e7\u00e3o da Sele\u00e7\u00e3o 2019:<\/strong><\/p>\n<p><a href=\"https:\/\/drive.google.com\/file\/d\/1RKdLev5I6_LWSfuLNXlFMlAIxCOaWy2x\/view?usp=sharing\">https:\/\/drive.google.com\/file\/d\/1RKdLev5I6_LWSfuLNXlFMlAIxCOaWy2x\/view?usp=sharing<\/a><\/p>\n<p><strong>Edital de sele\u00e7\u00e3o de volunt\u00e1rios 2020:<\/strong><\/p>\n<p><a href=\"https:\/\/drive.google.com\/open?id=1PDNoJW6L7gsoZPZgcwLBMNU3ZTmW8zQx\">https:\/\/drive.google.com\/open?id=1PDNoJW6L7gsoZPZgcwLBMNU3ZTmW8zQx<\/a>[\/vc_column_text][\/vc_column][\/vc_row]<\/p>\n<\/div>","protected":false},"excerpt":{"rendered":"<p>RESULTADO DE CLASSIFICA\u00c7\u00c3O 2026\/1 Acesse aqui! RESULTADO DE CLASSIFICA\u00c7\u00c3O 2025\/5 Acesse aqui! RESULTADO DE CLASSIFICA\u00c7\u00c3O 2025\/4 Acesse aqui! RESULTADO DE CLASSIFICA\u00c7\u00c3O 2025\/3 Acesse aqui! RESULTADO DE CLASSIFICA\u00c7\u00c3O 2025\/2 Acesse aqui! RESULTADO DE CLASSIFICA\u00c7\u00c3O 2025\/1 Acesse aqui! RESULTADO DE CLASSIFICA\u00c7\u00c3O 2024\/1 Acesse aqui! RESULTADO DE CLASSIFICA\u00c7\u00c3O 2023\/4 Acesse aqui! RESULTADO DE CLASSIFICA\u00c7\u00c3O 2023\/3 Acesse aqui! RESULTADO [&hellip;]<\/p>\n","protected":false},"author":3,"featured_media":0,"parent":0,"menu_order":0,"comment_status":"closed","ping_status":"closed","template":"","meta":{"_exactmetrics_skip_tracking":false,"_exactmetrics_sitenote_active":false,"_exactmetrics_sitenote_note":"","_exactmetrics_sitenote_category":0,"footnotes":"","_links_to":"","_links_to_target":""},"class_list":["post-129","page","type-page","status-publish","hentry"],"_links":{"self":[{"href":"https:\/\/www3.unicentro.br\/petgeografia\/wp-json\/wp\/v2\/pages\/129","targetHints":{"allow":["GET"]}}],"collection":[{"href":"https:\/\/www3.unicentro.br\/petgeografia\/wp-json\/wp\/v2\/pages"}],"about":[{"href":"https:\/\/www3.unicentro.br\/petgeografia\/wp-json\/wp\/v2\/types\/page"}],"author":[{"embeddable":true,"href":"https:\/\/www3.unicentro.br\/petgeografia\/wp-json\/wp\/v2\/users\/3"}],"replies":[{"embeddable":true,"href":"https:\/\/www3.unicentro.br\/petgeografia\/wp-json\/wp\/v2\/comments?post=129"}],"version-history":[{"count":6,"href":"https:\/\/www3.unicentro.br\/petgeografia\/wp-json\/wp\/v2\/pages\/129\/revisions"}],"predecessor-version":[{"id":2403,"href":"https:\/\/www3.unicentro.br\/petgeografia\/wp-json\/wp\/v2\/pages\/129\/revisions\/2403"}],"wp:attachment":[{"href":"https:\/\/www3.unicentro.br\/petgeografia\/wp-json\/wp\/v2\/media?parent=129"}],"curies":[{"name":"wp","href":"https:\/\/api.w.org\/{rel}","templated":true}]}}