{"id":9942,"date":"2023-04-11T10:28:00","date_gmt":"2023-04-11T13:28:00","guid":{"rendered":"https:\/\/www3.unicentro.br\/petfisica\/?page_id=9942"},"modified":"2024-08-23T16:49:33","modified_gmt":"2024-08-23T19:49:33","slug":"2023-2","status":"publish","type":"page","link":"https:\/\/www3.unicentro.br\/petfisica\/atividades\/cinepet\/2023-2\/","title":{"rendered":"2023"},"content":{"rendered":"<div class=\"wpb-content-wrapper\"><p>[vc_row][vc_column][vc_hoverbox image=&#8221;8662&#8243; primary_title=&#8221;O Gabinete de Curiosidades de Guillerme del Toro&#8221; hover_title=&#8221;13\u00aa Sess\u00e3o CinePET: O Gabinete de Curiosidades de Guillerme del Toro&#8221; shape=&#8221;round&#8221;]<\/p>\n<p style=\"text-align: left\"><span style=\"font-family: times new roman,times,serif;font-size: 12pt\"><strong>Epis\u00f3dio 4: <\/strong>Por fora.<\/span><\/p>\n<p style=\"text-align: left\"><span style=\"font-family: times new roman,times,serif;font-size: 12pt\"><strong>N\u00famero de Participantes:<\/strong> 5 (Contando com o petiano moderador).<\/span><\/p>\n<p style=\"text-align: left\"><span style=\"font-family: times new roman,times,serif;font-size: 12pt\"><strong>Petiano Moderador:<\/strong> Gabriel Vinicius Mufatto.<\/span><\/p>\n<p style=\"text-align: left\"><span style=\"font-family: times new roman,times,serif;font-size: 12pt\"><strong>Data em que foi realizada a sess\u00e3o:<\/strong> 31 de agosto de 2023, a partir das 13h30.<\/span><\/p>\n<p style=\"text-align: left\"><span style=\"font-family: times new roman,times,serif;font-size: 12pt\"><strong>Local:<\/strong> sala 7 do LIDEC.<\/span><\/p>\n<p style=\"text-align: left\"><span style=\"font-size: 12pt;font-family: 'times new roman', times, serif\"><strong>Sinopse: <\/strong>Para se encaixar no trabalho, Stacey come\u00e7a a usar um creme famoso, que provoca uma rea\u00e7\u00e3o arrepiante e uma transforma\u00e7\u00e3o perturbadora.<\/span><\/p>\n<p>[\/vc_hoverbox][vc_hoverbox image=&#8221;8662&#8243; primary_title=&#8221;Soul&#8221; hover_title=&#8221;12\u00aa Sess\u00e3o CinePET: Soul&#8221; shape=&#8221;round&#8221;]<\/p>\n<p style=\"text-align: left\"><span style=\"font-family: times new roman,times,serif;font-size: 12pt\"><strong>Filme: <\/strong>Soul.<\/span><\/p>\n<p style=\"text-align: left\"><span style=\"font-family: times new roman,times,serif;font-size: 12pt\"><strong>N\u00famero de Participantes:<\/strong> 8 (Contando com o petiano moderador).<\/span><\/p>\n<p style=\"text-align: left\"><span style=\"font-family: times new roman,times,serif;font-size: 12pt\"><strong>Petiano Moderador:<\/strong> Gian Carlos Bedreski do Prado<\/span><\/p>\n<p style=\"text-align: left\"><span style=\"font-family: times new roman,times,serif;font-size: 12pt\"><strong>Data em que foi realizada a sess\u00e3o:<\/strong> 21 de julho de 2023, a partir das 13h30.<\/span><\/p>\n<p style=\"text-align: left\"><span style=\"font-family: times new roman,times,serif;font-size: 12pt\"><strong>Local:<\/strong> sala 7 do LIDEC.<\/span><\/p>\n<p style=\"text-align: left\"><span style=\"font-size: 12pt;font-family: 'times new roman', times, serif\"><strong>Sinopse: <\/strong>Joe \u00e9 um professor de m\u00fasica do ensino m\u00e9dio apaixonado por jazz, cuja vida n\u00e3o foi como ele esperava. Quando ele viaja a uma outra realidade para ajudar outra pessoa a encontrar sua paix\u00e3o, ele descobre o verdadeiro sentido da vida.<\/span><\/p>\n<p style=\"text-align: left\"><span style=\"font-size: 12pt;font-family: 'times new roman', times, serif\">Visando trazer reflex\u00f5es sobre nossas perspectivas de vida, o GPET-F\u00edsica junto com alguns acad\u00eamicos da Unicentro assistiram, no dia 21 de Julho, ao filme Soul. Ao t\u00e9rmino do filme, houve alguns debates entre os participantes que abordaram temas como: Ser\u00e1 que fazemos o que gostamos, isto \u00e9, os objetivos que propomos para nossa vida, as habilidades e poss\u00edveis \u201cdons\u201d para determinadas coisas, seja para a m\u00fasica, para fazer poesias, enfim os objetivos que damos para as nossas vidas, ser\u00e1 que de fato, gostamos, estamos felizes\u2026 Ser\u00e1 que de fato vivemos ou s\u00f3 existimos. Esses foram apenas algumas das pautas profundas e pertinentes que eram de interesse coletivo.<\/span><\/p>\n<p>[\/vc_hoverbox][vc_hoverbox image=&#8221;8662&#8243; primary_title=&#8221;Odiados pela Na\u00e7\u00e3o&#8221; hover_title=&#8221;12\u00aa Sess\u00e3o CinePET: Black Mirror &#8211; Odiados pela Na\u00e7\u00e3o&#8221; shape=&#8221;round&#8221;]<\/p>\n<p style=\"text-align: left\"><span style=\"font-family: times new roman,times,serif;font-size: 12pt\"><strong>S\u00e9rie: <span style=\"font-weight: 400\">Black Mirror<\/span><span style=\"font-weight: 400\">, S03E06: Odiados pela Na\u00e7\u00e3o.<\/span><\/strong><\/span><\/p>\n<p style=\"text-align: left\"><span style=\"font-family: times new roman,times,serif;font-size: 12pt\"><strong>N\u00famero de Participantes:<\/strong> 7 (Contando com o petiano moderador e debatedores).<\/span><\/p>\n<p style=\"text-align: left\"><span style=\"font-family: times new roman,times,serif;font-size: 12pt\"><strong>Petiano Moderador:<\/strong> Cristhian Gean Batista Guimar\u00e3es.<\/span><\/p>\n<p style=\"text-align: left\"><span style=\"font-family: times new roman,times,serif;font-size: 12pt\"><strong>Data em que foi realizada a sess\u00e3o:<\/strong> 16 de junho de 2023, a partir das 13h30.<\/span><\/p>\n<p style=\"text-align: left\"><span style=\"font-family: times new roman,times,serif;font-size: 12pt\"><strong>Local:<\/strong> sala 7 do LIDEC.<\/span><\/p>\n<p style=\"text-align: left\"><span style=\"font-size: 12pt;font-family: 'times new roman', times, serif\"><strong>Sinopse: <\/strong>Duas detetives investigam um assassinado relacionado \u00e0 um esc\u00e2ndalo nas m\u00eddias sociais. Elas fazem uma descoberta assustadora que d\u00e1 uma pista inquietante sobre o caso.<\/span><\/p>\n<p style=\"text-align: left\"><span style=\"font-family: 'times new roman', times, serif;font-size: 12pt\">Com o intuito de promover um ambiente destinado \u00e0 reflex\u00e3o e an\u00e1lise cr\u00edtica sobre temas presentes no dia a dia, o grupo GPET-F\u00edsica em companhia de alguns acad\u00eamicos do Campus Cedeteg assistiram, no dia 16 de junho, o epis\u00f3dio \u201cOdiados pela na\u00e7\u00e3o\u201d da s\u00e9rie \u201cBlack Mirror\u201d. Ao finalizar o epis\u00f3dio, houve um debate que abordou temas como: os limites do livre arb\u00edtrio, cultura de cancelamento, propaga\u00e7\u00e3o do \u00f3dio em plataformas midi\u00e1ticas e algoritmos de controle e manipula\u00e7\u00e3o de informa\u00e7\u00e3o, dentre outros assuntos pertinentes e de interesse coletivo aos participantes.<\/span><\/p>\n<p>[\/vc_hoverbox][vc_hoverbox image=&#8221;8662&#8243; primary_title=&#8221;Love Death and Robots&#8221; hover_title=&#8221;11\u00aa Sess\u00e3o CinePET: Love Death and Robots&#8221; shape=&#8221;round&#8221;]<\/p>\n<p style=\"text-align: left\"><span style=\"font-family: times new roman,times,serif;font-size: 12pt\"><strong>S\u00e9rie: <span style=\"font-weight: 400\">Love Death and Robots<\/span><span style=\"font-weight: 400\">, epis\u00f3dios: O fazendeiro, Zima Blue e O mesmo pulso da m\u00e1quina.<\/span><\/strong><\/span><\/p>\n<p style=\"text-align: left\"><span style=\"font-family: times new roman,times,serif;font-size: 12pt\"><strong>N\u00famero de Participantes:<\/strong> 8 (Contando com o petiano moderador e debatedores).<\/span><\/p>\n<p style=\"text-align: left\"><span style=\"font-family: times new roman,times,serif;font-size: 12pt\"><strong>Petiano Moderador:<\/strong> Rafaela Choqueti Camargo de Meira.<\/span><\/p>\n<p style=\"text-align: left\"><span style=\"font-family: times new roman,times,serif;font-size: 12pt\"><strong>Data em que foi realizada a sess\u00e3o:<\/strong> 31 de mar\u00e7o de 2023, a partir das 13h30.<\/span><\/p>\n<p style=\"text-align: left\"><span style=\"font-family: times new roman,times,serif;font-size: 12pt\"><strong>Local:<\/strong> sala 7 do LIDEC.<\/span><\/p>\n<p style=\"text-align: left\"><span style=\"font-size: 12pt;font-family: 'times new roman', times, serif\"><strong>Sinopse: <\/strong>Uma cole\u00e7\u00e3o de contos animados que abrangem v\u00e1rios g\u00eaneros, incluindo fic\u00e7\u00e3o cient\u00edfica, fantasia, horror e com\u00e9dia.<\/span><\/p>\n<p style=\"text-align: left\"><span style=\"font-size: 12pt;font-family: 'times new roman', times, serif\"><span style=\"font-weight: 400\">Com o objetivo de trazer assuntos de cunho cient\u00edfico e social, por meio de filmes\/s\u00e9ries, para a comunidade acad\u00eamica. No dia 31 de mar\u00e7o, os petianos e alguns acad\u00eamicos do campus Cedeteg, assistiram tr\u00eas epis\u00f3dios da s\u00e9rie <\/span><i><span style=\"font-weight: 400\">Love Death and Robots, <\/span><\/i><span style=\"font-weight: 400\">sendo estes<\/span><i><span style=\"font-weight: 400\"> O fazendeiro, Zima Blue e O mesmo pulso da m\u00e1quina<\/span><\/i><span style=\"font-weight: 400\">. Ap\u00f3s assistir aos epis\u00f3dios, todos se reuniram a fim de debater a respeito dos temas tratados em cada epis\u00f3dio, como existencialismo, intelig\u00eancia artificial, arte, ci\u00eancia e diversos outros assuntos que foram desenvolvidos durante a roda de conversa.<\/span><\/span><\/p>\n<p>[\/vc_hoverbox][\/vc_column][\/vc_row]<\/p>\n<\/div>","protected":false},"excerpt":{"rendered":"<p>[vc_row][vc_column][vc_hoverbox image=&#8221;8662&#8243; primary_title=&#8221;O Gabinete de Curiosidades de Guillerme del Toro&#8221; hover_title=&#8221;13\u00aa Sess\u00e3o CinePET: O Gabinete de Curiosidades de Guillerme del Toro&#8221; shape=&#8221;round&#8221;] Epis\u00f3dio 4: Por fora. N\u00famero de Participantes: 5 (Contando com o petiano moderador). Petiano Moderador: Gabriel Vinicius Mufatto. Data em que foi realizada a sess\u00e3o: 31 de agosto de 2023, a partir das [&hellip;]<\/p>\n","protected":false},"author":503,"featured_media":0,"parent":244,"menu_order":0,"comment_status":"closed","ping_status":"closed","template":"","meta":{"_exactmetrics_skip_tracking":false,"_exactmetrics_sitenote_active":false,"_exactmetrics_sitenote_note":"","_exactmetrics_sitenote_category":0,"footnotes":"","_links_to":"","_links_to_target":""},"class_list":["post-9942","page","type-page","status-publish","hentry"],"_links":{"self":[{"href":"https:\/\/www3.unicentro.br\/petfisica\/wp-json\/wp\/v2\/pages\/9942","targetHints":{"allow":["GET"]}}],"collection":[{"href":"https:\/\/www3.unicentro.br\/petfisica\/wp-json\/wp\/v2\/pages"}],"about":[{"href":"https:\/\/www3.unicentro.br\/petfisica\/wp-json\/wp\/v2\/types\/page"}],"author":[{"embeddable":true,"href":"https:\/\/www3.unicentro.br\/petfisica\/wp-json\/wp\/v2\/users\/503"}],"replies":[{"embeddable":true,"href":"https:\/\/www3.unicentro.br\/petfisica\/wp-json\/wp\/v2\/comments?post=9942"}],"version-history":[{"count":2,"href":"https:\/\/www3.unicentro.br\/petfisica\/wp-json\/wp\/v2\/pages\/9942\/revisions"}],"predecessor-version":[{"id":11628,"href":"https:\/\/www3.unicentro.br\/petfisica\/wp-json\/wp\/v2\/pages\/9942\/revisions\/11628"}],"up":[{"embeddable":true,"href":"https:\/\/www3.unicentro.br\/petfisica\/wp-json\/wp\/v2\/pages\/244"}],"wp:attachment":[{"href":"https:\/\/www3.unicentro.br\/petfisica\/wp-json\/wp\/v2\/media?parent=9942"}],"curies":[{"name":"wp","href":"https:\/\/api.w.org\/{rel}","templated":true}]}}