{"id":9896,"date":"2023-03-14T22:53:17","date_gmt":"2023-03-15T01:53:17","guid":{"rendered":"https:\/\/www3.unicentro.br\/petfisica\/?page_id=9896"},"modified":"2023-12-07T15:52:35","modified_gmt":"2023-12-07T18:52:35","slug":"2023_ext","status":"publish","type":"page","link":"https:\/\/www3.unicentro.br\/petfisica\/2023_ext\/","title":{"rendered":"Extens\u00e3o 2023"},"content":{"rendered":"<hr \/>\n<p><a href=\"https:\/\/www3.unicentro.br\/petfisica\/2023\/12\/07\/pet-pelos-pets\/\"><span style=\"text-decoration: underline;font-family: 'times new roman', times, serif;font-size: 12pt\"><strong>PET pelos Pets<\/strong><\/span><\/a><\/p>\n<p><span style=\"font-weight: 400;font-family: 'times new roman', times, serif;font-size: 12pt\">No dia 5 de dezembro, o GPET-F\u00edsica doou 16 kg de ra\u00e7\u00e3o canina \u00e0 CEVET (Cl\u00ednica Escola Veterin\u00e1ria), localizada no Campus Cedeteg (Unicentro). A campanha de arrecada\u00e7\u00e3o foi realizada ao longo do segundo semestre, com a divulga\u00e7\u00e3o de cartazes pelo Campus e publica\u00e7\u00f5es nas m\u00eddias sociais. O prop\u00f3sito dessa doa\u00e7\u00e3o \u00e9 ajudar animais com a sa\u00fade fragilizada, que est\u00e3o se recuperando gradualmente. <\/span><\/p>\n<hr \/>\n<p><span style=\"text-decoration: underline;font-family: 'times new roman', times, serif;font-size: 12pt\"><strong>VIII SIEPE<\/strong><\/span><\/p>\n<p><span style=\"font-weight: 400;font-family: 'times new roman', times, serif;font-size: 12pt\">Os petianos participaram da VIII Semana de Integra\u00e7\u00e3o Ensino, Pesquisa e Extens\u00e3o (SIEPE), promovida pela Universidade Estadual do Centro-Oeste, entre os dias 20 e 24 de novembro de 2023. No XXXII EAIC, evento englobado pela SIEPE, os petianos apresentaram os resultados de suas pesquisas de inicia\u00e7\u00e3o cient\u00edfica do per\u00edodo de 2022\/2023.<\/span><\/p>\n<hr \/>\n<p><a href=\"https:\/\/www3.unicentro.br\/petfisica\/galeria\/galeria-2023-2\/\"><span style=\"text-decoration: underline;font-size: 12pt\"><span style=\"font-family: 'times new roman', times, serif\"><b>InterPET<\/b><\/span><\/span><\/a><\/p>\n<p><span style=\"font-weight: 400;font-family: 'times new roman', times, serif;font-size: 12pt\">No dia 24 de novembro, ocorreu o encontro dos Grupos PET da Unicentro (InterPET) no sal\u00e3o social da ACRE. Nesse evento, cada grupo apresentou, por meio de slides,\u00a0 as atividades que desenvolveram durante o ano de 2023 para os demais grupos. Em seguida, os grupos se reuniram para realizar gincanas de integra\u00e7\u00e3o social, como cabo de guerra, dan\u00e7a das cadeiras, m\u00edmica e \u201cperguntas e respostas\u201d.<\/span><\/p>\n<hr \/>\n<p><a href=\"https:\/\/www3.unicentro.br\/petfisica\/galeria\/galeria-2023-2\/\"><span style=\"text-decoration: underline\"><strong><span style=\"font-family: 'times new roman', times, serif;font-size: 12pt\">Visita T\u00e9cnica: Museu Oscar Niemeyer<\/span><\/strong><\/span><\/a><\/p>\n<p><span style=\"font-weight: 400;font-family: 'times new roman', times, serif;font-size: 12pt\">\u00a0 \u00a0No dia 17 de novembro de 2023, os membros do GPET-F\u00edsica realizaram uma visita t\u00e9cnica ao Museu Oscar Niemeyer, em Curitiba &#8211; PR. Durante a visita, os petianos tiveram contato com diversas exposi\u00e7\u00f5es art\u00edsticas, tais como: \u201c\u00c1sia &#8211; a Terra, os Homens, os Deuses\u201d; \u201cO feminismos na obra de Victor Brecheret\u201d; \u201c O mundo m\u00e1gico dos Ningyos\u201d; \u201cO perp\u00e9tuo Movimento\u201d; \u201cPoty, entre dois mundos\u201d; \u201cSerguei Eisenstein e o Mundo\u201d; \u201cSonoridades do Bispo do Ros\u00e1rio\u201d. Devido a vasta gama de obras presentes, os petianos tiveram acesso a in\u00fameras formas de arte e, por consequ\u00eancia, a diferentes culturas, express\u00f5es de cren\u00e7as e manifesta\u00e7\u00f5es de cr\u00edtica social, resultando em uma experi\u00eancia com profundo aprendizado e reflex\u00e3o sobre o mundo e sua hist\u00f3ria.<\/span><\/p>\n<hr \/>\n<p style=\"text-align: justify\"><span style=\"text-decoration: underline;font-family: 'times new roman', times, serif;font-size: 12pt\"><strong>Minicurso: Introdu\u00e7\u00e3o ao LaTeX<\/strong><\/span><\/p>\n<p style=\"text-align: justify\"><span style=\"font-family: 'times new roman', times, serif;font-size: 12pt\">\u00a0 \u00a0Um minicurso de introdu\u00e7\u00e3o ao LaTeX foi realizado no dia 19\/10, \u00e0s 13 horas e 30 minutos, na sala 4 do departamento de F\u00edsica da Unicentro. No minicurso, os participantes foram orientados a como criar um documento cient\u00edfico em LaTeX atrav\u00e9s da plataforma Overleaf, abrangendo a formata\u00e7\u00e3o de texto, equa\u00e7\u00f5es, tabelas e figuras.<\/span><\/p>\n<hr \/>\n<p style=\"text-align: justify\"><span style=\"text-decoration: underline\"><span style=\"font-family: 'times new roman', times, serif;font-size: 12pt\"><b>Dia da Ci\u00eancia 16\/10\/2023<\/b><\/span><\/span><\/p>\n<p style=\"text-align: justify\"><span style=\"font-weight: 400;font-family: 'times new roman', times, serif;font-size: 12pt\">\u00a0 \u00a0No dia 16 de outubro, \u00e0s 12:00, o Grupo PET-F\u00edsica apresentou experimentos relacionados \u00e0 forma\u00e7\u00e3o de imagens e propriedades da luz aos acad\u00eamicos no centro de conviv\u00eancia do Campus Cedeteg. Durante a explica\u00e7\u00e3o, o p\u00fablico demonstrou interesse nos experimentos da c\u00e2mera escura e arena laser, proporcionando um ambiente de aprendizagem rec\u00edproca\u00a0 entre os palestrantes e ouvintes.<\/span><\/p>\n<hr \/>\n<p style=\"text-align: justify\"><a href=\"https:\/\/www3.unicentro.br\/petfisica\/galeria\/galeria-2023-2\/\"><span style=\"text-decoration: underline\"><span style=\"font-family: 'times new roman', times, serif;font-size: 12pt\"><b>Intera\u00e7\u00e3o com as escolas &#8211; ExpoLobo<\/b><\/span><\/span><\/a><\/p>\n<p style=\"text-align: justify\"><span style=\"font-weight: 400;font-family: 'times new roman', times, serif;font-size: 12pt\">\u00a0 \u00a0No dia 7 de outubro, o GPET-F\u00edsica participou da feira aberta de ci\u00eancias do col\u00e9gio Lobo de Guarapuava, a ExpoLobo. O Grupo exp\u00f4s experimentos sobre \u00d3ptica, que demonstravam desde a forma\u00e7\u00e3o das cores \u00e0 cria\u00e7\u00e3o de ilus\u00f5es com espelhos. Esses experimentos foram \u00a0 relacionados com\u00a0 pr\u00e1ticas cinematogr\u00e1ficas, tema de apresenta\u00e7\u00e3o do Grupo. A comunidade e o p\u00fabico geral\u00a0 presente teve grande interesse nos experimentos, em especial, a arena laser e caleidosc\u00f3pio, proporcionando um momento de aprendizagem tanto aos ouvintes quanto aos palestrantes.\u00a0<\/span><\/p>\n<hr \/>\n<p style=\"text-align: justify\"><span style=\"text-decoration: underline\"><strong><span style=\"font-family: 'times new roman', times, serif;font-size: 12pt\">Agasalha PET<\/span><\/strong><\/span><\/p>\n<p style=\"text-align: justify\"><span style=\"font-family: 'times new roman', times, serif;font-size: 12pt\"><span style=\"font-weight: 400\">\u00a0 \u00a0No dia 06 de setembro de 2023, o Grupo PET-F\u00edsica realizou a segunda doa\u00e7\u00e3o anual ao projeto &#8220;Vidas por Vidas&#8221;, situado em Guarapuava. Essa \u00e9 uma iniciativa solid\u00e1ria que tem como objetivo ajudar aqueles que mais necessitam em nossa comunidade. Neste ano, a campanha de arrecada\u00e7\u00e3o do GPET-F\u00edsica foi um grande sucesso, resultando na coleta de uma quantidade significativa de roupas e cal\u00e7ados. Ao todo, foram doadas aproximadamente 150 pe\u00e7as de roupas, incluindo agasalhos, camisetas, cal\u00e7as e muito mais, al\u00e9m de 6 pares de cal\u00e7ados. Essas doa\u00e7\u00f5es certamente far\u00e3o a diferen\u00e7a na vida das pessoas atendidas pelo projeto<\/span><span style=\"font-weight: 400\">.<\/span><\/span><\/p>\n<hr \/>\n<p style=\"text-align: justify\"><span style=\"text-decoration: underline\"><span style=\"font-family: 'times new roman', times, serif;font-size: 12pt\"><b>Minicurso: Normas ABNT: cita\u00e7\u00f5es e refer\u00eancias<\/b><\/span><\/span><\/p>\n<p style=\"text-align: justify\"><span style=\"font-weight: 400;font-family: 'times new roman', times, serif;font-size: 12pt\">\u00a0 \u00a0No dia 25 de agosto, \u00e0s 13 horas e 30 minutos, na sala 4 do DEFIS, realizou-se um minicurso que visou a introdu\u00e7\u00e3o de normas da ABNT, em espec\u00edfico sobre refer\u00eancias e cita\u00e7\u00f5es. No minicurso participaram acad\u00eamicos da f\u00edsica, que foram orientados a fazer de maneira correta as refer\u00eancias de\u00a0 livros, artigos peri\u00f3dicos e trabalhos acad\u00eamicos.<\/span><\/p>\n<hr \/>\n<p style=\"text-align: justify\"><span style=\"text-decoration: underline\"><span style=\"font-weight: 400;font-family: 'times new roman', times, serif;font-size: 12pt\"><strong>Manha de ci\u00eancias<\/strong><\/span><\/span><\/p>\n<p style=\"text-align: justify\"><span style=\"font-weight: 400;font-family: 'times new roman', times, serif;font-size: 12pt\">\u00a0 \u00a0No dia 24 de agosto de 2023, a Universidade Estadual do Centro \u2013 Oeste proporcionou a cerca de 1600 alunos do ensino m\u00e9dio e fundamental, bem como a comunidade escolar, uma amostra interativa\u00a0 das atividades desenvolvidas por seus cursos.<\/span><\/p>\n<p style=\"text-align: justify\"><span style=\"font-weight: 400;font-family: 'times new roman', times, serif;font-size: 12pt\">O grupo PET-F\u00edsica, em parceria ao PIBID e Resid\u00eancia Pedag\u00f3gica\u00a0 do departamento de F\u00edsica, participaram desse evento, expondo experimentos sobre eletricidade e mec\u00e2nica. O p\u00fablico demonstrou grande interesse e interatividade durante as apresenta\u00e7\u00f5es, em especial com a do Gerador de Van de Graff, viabilizando uma troca de conhecimento e experi\u00eancia entre os participantes e os apresentadores.<\/span><\/p>\n<hr \/>\n<p style=\"text-align: justify\"><a href=\"https:\/\/www3.unicentro.br\/petfisica\/galeria\/galeria-2023-2\/\"><span style=\"text-decoration: underline\"><span style=\"font-family: 'times new roman', times, serif;font-size: 12pt\"><b>Minicurso: introdu\u00e7\u00e3o\u00a0ao curr\u00edculo Lattes<\/b><\/span><\/span><\/a><\/p>\n<p style=\"text-align: justify\"><span style=\"font-weight: 400;font-family: 'times new roman', times, serif;font-size: 12pt\">\u00a0 \u00a0No dia 20 de julho, \u00e0s 14 horas, na sala 4 do DEFIS, foi realizado um minicurso que introduziu aos acad\u00eamicos do curso de F\u00edsica as fun\u00e7\u00f5es b\u00e1sicas para se construir um curr\u00edculo Lattes. Dentre essas fun\u00e7\u00f5es ensinadas, destacam-se a forma e locais de se inserir informa\u00e7\u00f5es acad\u00eamicas, como inicia\u00e7\u00f5es cient\u00edficas, minicurso, cursos de extens\u00e3o, palestras, eventos, resumo expandido e artigos.<\/span><\/p>\n<hr \/>\n<p style=\"text-align: justify\"><a href=\"https:\/\/www3.unicentro.br\/petfisica\/galeria\/galeria-2023-2\/#1689687989463-2a36d0cf-71ea\"><span style=\"text-decoration: underline\"><span style=\"font-family: 'times new roman', times, serif;font-size: 12pt\"><b>Dia da Ci\u00eancia 17\/07\/2023<\/b><\/span><\/span><\/a><\/p>\n<p style=\"text-align: justify\"><span style=\"font-weight: 400;font-family: 'times new roman', times, serif;font-size: 12pt\">\u00a0 \u00a0No dia 17 de julho, \u00e0s 12:30, o Grupo PET-F\u00edsica apresentou aos acad\u00eamicos que estavam presentes no centro de conviv\u00eancia do Campus Cedeteg experimentos relacionados \u00e0 \u00d3ptica. O publico, que contava com acad\u00eamicos de diversos cursos, demonstrou grande interesse\u00a0 nesses experimentos, como o espectrosc\u00f3pio e caleidosc\u00f3pio que foram manuseados e utilizados por cada acad\u00eamico.\u00a0<\/span><\/p>\n<hr \/>\n<p style=\"text-align: justify\"><span style=\"text-decoration: underline\"><span style=\"font-family: 'times new roman', times, serif;font-size: 12pt\"><b>Dia da Ci\u00eancia 26\/06\/2023<\/b><\/span><\/span><\/p>\n<p style=\"text-align: justify\"><span style=\"font-weight: 400;font-family: 'times new roman', times, serif;font-size: 12pt\">\u00a0 \u00a0No dia 26 de junho, \u00e0s 12:30, o Grupo PET-F\u00edsica apresentou aos acad\u00eamicos que estavam presentes no centro de conviv\u00eancia do Campus Cedeteg experimentos relacionados \u00e0 conserva\u00e7\u00e3o do momento angular. Ao explicarem esses experimentos, que consistiam no girosc\u00f3pio e na cadeira girat\u00f3ria, houve\u00a0 intera\u00e7\u00e3o entre os palestrantes e os ouvintes, os quais demonstraram interesse nos experimentos.\u00a0<\/span><\/p>\n<hr \/>\n<p style=\"text-align: justify\"><a href=\"https:\/\/www3.unicentro.br\/petfisica\/galeria\/galeria-2023-2\/\"><span style=\"text-decoration: underline\"><strong><span style=\"font-family: 'times new roman', times, serif;font-size: 12pt\">Minicurso: Introdu\u00e7\u00e3o \u00e0 Constru\u00e7\u00e3o de Gr\u00e1ficos<\/span><\/strong><\/span><\/a><\/p>\n<p style=\"text-align: justify\"><span style=\"font-weight: 400;font-family: 'times new roman', times, serif;font-size: 12pt\">\u00a0 \u00a0No dia 23 de junho, \u00e0s 14 horas, foi realizado um minicurso sobre\u00a0 constru\u00e7\u00e3o de gr\u00e1ficos com o programa SciDAVis, ministrado por um petiano, na sala 4 do departamento de f\u00edsica da Unicentro. No minicurso, estavam presentes acad\u00eamicos do curso de F\u00edsica e de Matem\u00e1tica, os quais puderam ter uma vis\u00e3o inicial de como construir gr\u00e1ficos e como fazer an\u00e1lise de dados e tra\u00e7ar uma curva de ajuste utilizando o software em quest\u00e3o.<\/span><\/p>\n<hr \/>\n<p style=\"text-align: justify\"><a href=\"https:\/\/www3.unicentro.br\/petfisica\/galeria\/galeria-2023-2\/\"><span style=\"text-decoration: underline\"><span style=\"font-family: 'times new roman', times, serif;font-size: 12pt\"><b>Agasalha PET<\/b><\/span><\/span><\/a><\/p>\n<p style=\"text-align: justify\"><span style=\"font-weight: 400;font-family: 'times new roman', times, serif;font-size: 12pt\">\u00a0 \u00a0Na manh\u00e3 do dia 05 de Junho, os membros do GPET-F\u00edsica efetuaram uma nobre contribui\u00e7\u00e3o ao Projeto Vidas por Vidas em Guarapuava, por meio da doa\u00e7\u00e3o de vestimentas e cal\u00e7ados. Ao todo, foram oferecidas 150 pe\u00e7as e 4 pares de cal\u00e7ados, abrangendo uma variedade de op\u00e7\u00f5es para mulheres, homens e crian\u00e7as. Essas roupas destinam-se exclusivamente \u00e0s pessoas verdadeiramente necessitadas, especialmente aos residentes em situa\u00e7\u00e3o de rua na cidade de Guarapuava. Cabe destacar que a institui\u00e7\u00e3o enfrenta uma arrecada\u00e7\u00e3o reduzida de roupas durante o ver\u00e3o, entretanto, acredita-se que esse desafio ser\u00e1 superado com a chegada do inverno rigoroso que assola a regi\u00e3o.<\/span><\/p>\n<p style=\"text-align: justify\"><span style=\"font-family: 'times new roman', times, serif;font-size: 12pt\">O Grupo PET-F\u00edsica Unicentro agradece a todos que colaboraram com as doa\u00e7\u00f5es.<\/span><\/p>\n<hr \/>\n<p style=\"text-align: justify\"><a href=\"https:\/\/www3.unicentro.br\/petfisica\/galeria\/galeria-2023-2\/\"><span style=\"text-decoration: underline\"><span style=\"font-family: 'times new roman', times, serif;font-size: 12pt\"><b>Minicurso: introdu\u00e7\u00e3o \u00e0s fun\u00e7\u00f5es da calculadora cient\u00edfica<\/b><\/span><\/span><\/a><\/p>\n<p style=\"text-align: justify\"><span style=\"font-weight: 400;font-family: 'times new roman', times, serif;font-size: 12pt\">\u00a0 \u00a0No dia 26 de maio, \u00e0s 14 horas, na sala 4 do DEFIS, foi realizado o minicurso de introdu\u00e7\u00e3o \u00e0s fun\u00e7\u00f5es e propriedades disponibilizadas pela calculadora cient\u00edfica, o qual contou com alunos dos cursos de Ci\u00eancia da Computa\u00e7\u00e3o, Nutri\u00e7\u00e3o e F\u00edsica. Nesse, os participantes aprenderam a aplicar algumas das funcionalidades da calculadora, dentre as quais destacam-se fun\u00e7\u00f5es logar\u00edtmicas, exponenciais, trigonom\u00e9tricas e c\u00e1lculos exponenciais. <\/span><\/p>\n<hr \/>\n<p style=\"text-align: justify\"><a href=\"https:\/\/www3.unicentro.br\/petfisica\/galeria\/galeria-2023-2\/#1689687755627-17cc9d25-ff52\"><span style=\"text-decoration: underline;font-size: 12pt\"><span style=\"font-family: 'times new roman', times, serif\"><strong>Dia da ci\u00eancia 25\/05\/2023<\/strong><\/span><\/span><\/a><\/p>\n<p style=\"text-align: justify\"><span style=\"font-size: 12pt\"><span style=\"font-family: 'times new roman', times, serif\"><span style=\"font-weight: 400\">\u00a0 \u00a0No dia 25 de maio, \u00e0s 12:30, o Grupo PET-F\u00edsica apresentou aos acad\u00eamicos que estavam presentes no centro de conviv\u00eancia do Campus Cedeteg experimentos relacionados \u00e0 eletricidade e ao <\/span><span style=\"font-weight: 400\">magnetismo<\/span><span style=\"font-weight: 400\">.<\/span><\/span><span style=\"font-weight: 400\"><span style=\"font-family: 'times new roman', times, serif\"> Ao explicarem esses experimentos, houve grande interatividade entre os palestrantes e ouvintes, como quando demonstrado o Eletrosc\u00f3pio e o gerador de Van de Graaf, resultando na satisfa\u00e7\u00e3o e no interesse dos acad\u00eamicos presentes.<\/span><\/span><\/span><\/p>\n<hr \/>\n<p style=\"text-align: justify\"><a href=\"https:\/\/www3.unicentro.br\/petfisica\/galeria\/galeria-2023-2\/\"><span style=\"text-decoration: underline\"><strong><span style=\"font-family: 'times new roman', times, serif;font-size: 12pt\">Recep\u00e7\u00e3o aos calouros 2023<\/span><\/strong><\/span><\/a><\/p>\n<p style=\"text-align: justify\"><span style=\"font-weight: 400;font-family: 'times new roman', times, serif;font-size: 12pt\">\u00a0 \u00a0O Grupo PET F\u00edsica, em parceria com o DEFIS,\u00a0 planejou receber os calouros do curso de F\u00edsica Licenciatura do ano letivo de 2023. O Grupo gravou v\u00eddeos para suas redes sociais que mostravam os principais locais do Campus Cedeteg, como o departamento de F\u00edsica, DIAP e DIRCAMP. Al\u00e9m disso, no dia 15 de maio, os petianos reuniram-se na sala do primeiro ano do curso e comentaram sobre os programas que a Universidade tem a oferecer, destacando especialmente o PET.<\/span><\/p>\n<p style=\"text-align: justify\"><span style=\"font-weight: 400;font-size: 12pt\"><span style=\"font-family: 'times new roman', times, serif\">\u00a0 \u00a0Posteriormente, foi realizado um tour pelo campus com o intuito de familiarizar os calouros com o ambiente acad\u00eamico. Locais como a biblioteca e os laborat\u00f3rios do departamento de F\u00edsica foram apresentados aos mesmos.<\/span>\u00a0<\/span><\/p>\n<hr \/>\n<p style=\"text-align: justify\"><span style=\"text-decoration: underline\"><span style=\"font-size: 12pt\"><strong><span style=\"font-family: 'times new roman', times, serif\">Minicurso: Canva<\/span><\/strong><\/span><\/span><\/p>\n<p style=\"text-align: justify\"><span style=\"font-family: 'times new roman', times, serif;font-size: 12pt\"><span style=\"font-weight: 400\">\u00a0 \u00a0No dia 21 de mar\u00e7o de 2023, \u00e0s 14 horas, foi realizado na sala do Grupo PET-F\u00edsica um minicurso a respeito da plataforma <\/span><i><span style=\"font-weight: 400\">Canva<\/span><\/i><span style=\"font-weight: 400\">. Dispon\u00edvel online, o <\/span><i><span style=\"font-weight: 400\">Canva <\/span><\/i><span style=\"font-weight: 400\">\u00e9 utilizado para o desenvolvimento de design gr\u00e1ficos, apresenta\u00e7\u00f5es, curr\u00edculos, pap\u00e9is de paredes, infogr\u00e1ficos, entre diversas outras ferramentas.<\/span><\/span><\/p>\n<p style=\"text-align: justify\"><span style=\"font-family: 'times new roman', times, serif;font-size: 12pt\"><span style=\"font-weight: 400\">\u00a0 \u00a0Durante o minicurso, os participantes aprenderam como utilizar as ferramentas do <\/span><i><span style=\"font-weight: 400\">Canva <\/span><\/i><span style=\"font-weight: 400\"><span style=\"font-size: 12pt\">para seu uso pessoal, desenvolvendo seus pr\u00f3prios projetos e sanando suas d\u00favidas com os petianos ministrantes do minicurso<\/span>.<\/span><\/span><\/p>\n<hr \/>\n<p style=\"text-align: justify\"><a href=\"https:\/\/www3.unicentro.br\/petfisica\/galeria\/galeria-2023-2\/#1689687755617-7da86fdc-1fe1\"><span style=\"text-decoration: underline;font-family: 'times new roman', times, serif;font-size: 12pt\"><strong>Dia da ci\u00eancia 31\/03\/2023<\/strong><\/span><\/a><\/p>\n<p style=\"text-align: justify\"><span style=\"font-weight: 400;font-size: 12pt;font-family: 'times new roman', times, serif\">\u00a0 \u00a0Em 31 de mar\u00e7o de 2023 aconteceu o segundo dia de apresenta\u00e7\u00e3o da atividade, tamb\u00e9m no Centro de Conviv\u00eancia do campus CEDETEG, das 12h30 \u00e0s 13h. Os petianos fizeram a exposi\u00e7\u00e3o de experimentos relacionados \u00e0 ondulat\u00f3ria, como o diapas\u00e3o, interfer\u00eancia de ondas, o baixo e a mola para observa\u00e7\u00e3o das ondas, bem como a explica\u00e7\u00e3o e discuss\u00e3o a respeito da teoria por tr\u00e1s desses experimentos. Cerca de 10 acad\u00eamicos interagiram e prestigiaram a apresenta\u00e7\u00e3o, alguns ficando interessados nas apresenta\u00e7\u00f5es futuras.<\/span><\/p>\n<hr \/>\n<p style=\"text-align: justify\"><a href=\"https:\/\/www3.unicentro.br\/petfisica\/galeria\/galeria-2023-2\/#1689691471334-6c394a8d-96e0\"><span style=\"text-decoration: underline;font-family: 'times new roman', times, serif;font-size: 12pt\"><strong>Dia da ci\u00eancia 28\/02\/2023<\/strong><\/span><\/a><\/p>\n<p style=\"text-align: justify\"><span style=\"font-weight: 400;font-family: 'times new roman', times, serif;font-size: 12pt\">\u00a0 \u00a0No in\u00edcio da tarde do dia 28 de fevereiro, no centro de conviv\u00eancia dos estudantes do campus Cedeteg, Unicentro, os integrantes do GPET-F\u00edsica realizaram a exposi\u00e7\u00e3o de experimentos relacionados \u00e0 hidrodin\u00e2mica\/est\u00e1tica, termodin\u00e2mica e mec\u00e2nica aos acad\u00eamicos da universidade. Ao explicarem esses experimentos, houve uma intera\u00e7\u00e3o entre os ouvintes e palestrantes, oriunda tanto manuseio dos experimentos, tais como o ludi\u00e3o e o p\u00eandulo de newton, pelos ouvintes, quanto dos debates sobre seus fundamentos te\u00f3ricos, como o significado de press\u00e3o e energia.<\/span><\/p>\n<hr \/>\n<p style=\"text-align: justify\">\n","protected":false},"excerpt":{"rendered":"<p>PET pelos Pets No dia 5 de dezembro, o GPET-F\u00edsica doou 16 kg de ra\u00e7\u00e3o canina \u00e0 CEVET (Cl\u00ednica Escola Veterin\u00e1ria), localizada no Campus Cedeteg (Unicentro). A campanha de arrecada\u00e7\u00e3o foi realizada ao longo do segundo semestre, com a divulga\u00e7\u00e3o de cartazes pelo Campus e publica\u00e7\u00f5es nas m\u00eddias sociais. O prop\u00f3sito dessa doa\u00e7\u00e3o \u00e9 ajudar [&hellip;]<\/p>\n","protected":false},"author":503,"featured_media":0,"parent":0,"menu_order":0,"comment_status":"closed","ping_status":"closed","template":"","meta":{"_exactmetrics_skip_tracking":false,"_exactmetrics_sitenote_active":false,"_exactmetrics_sitenote_note":"","_exactmetrics_sitenote_category":0,"footnotes":"","_links_to":"","_links_to_target":""},"class_list":["post-9896","page","type-page","status-publish","hentry"],"_links":{"self":[{"href":"https:\/\/www3.unicentro.br\/petfisica\/wp-json\/wp\/v2\/pages\/9896","targetHints":{"allow":["GET"]}}],"collection":[{"href":"https:\/\/www3.unicentro.br\/petfisica\/wp-json\/wp\/v2\/pages"}],"about":[{"href":"https:\/\/www3.unicentro.br\/petfisica\/wp-json\/wp\/v2\/types\/page"}],"author":[{"embeddable":true,"href":"https:\/\/www3.unicentro.br\/petfisica\/wp-json\/wp\/v2\/users\/503"}],"replies":[{"embeddable":true,"href":"https:\/\/www3.unicentro.br\/petfisica\/wp-json\/wp\/v2\/comments?post=9896"}],"version-history":[{"count":3,"href":"https:\/\/www3.unicentro.br\/petfisica\/wp-json\/wp\/v2\/pages\/9896\/revisions"}],"predecessor-version":[{"id":11626,"href":"https:\/\/www3.unicentro.br\/petfisica\/wp-json\/wp\/v2\/pages\/9896\/revisions\/11626"}],"wp:attachment":[{"href":"https:\/\/www3.unicentro.br\/petfisica\/wp-json\/wp\/v2\/media?parent=9896"}],"curies":[{"name":"wp","href":"https:\/\/api.w.org\/{rel}","templated":true}]}}