{"id":9555,"date":"2022-11-26T14:44:47","date_gmt":"2022-11-26T17:44:47","guid":{"rendered":"https:\/\/www3.unicentro.br\/petfisica\/?page_id=9555"},"modified":"2023-11-30T11:28:31","modified_gmt":"2023-11-30T14:28:31","slug":"em-2022","status":"publish","type":"page","link":"https:\/\/www3.unicentro.br\/petfisica\/producao\/em-2022\/","title":{"rendered":"Resumos publicados em eventos em 2022"},"content":{"rendered":"<div class=\"wpb-content-wrapper\"><p>[vc_row][vc_column][vc_column_text]<\/p>\n<ol>\n<li><span style=\"font-family: 'times new roman', times, serif;font-size: 12pt\">CARACHINSKI, M.; BORRERO, P. P. G. <strong>DETERMINA\u00c7\u00c3O DE COMPOSTOS BIOATIVOS EM GEOPR\u00d3POLIS UTILIZANDO A ESPECTROSCOPIA FOTOAC\u00daSTICA.<\/strong> <strong><span style=\"font-weight: 400\">Em XXXI Encontro Anual de Inicia\u00e7\u00e3o Cient\u00edfica (EAIC) 2022, Guarapuava \u2013 PR<\/span><\/strong><\/span><span style=\"font-family: 'times new roman', times, serif;font-size: 12pt\"><span style=\"font-weight: 400\">.<\/span><\/span><\/li>\n<li><span style=\"font-family: 'times new roman', times, serif;font-size: 12pt\">GOMES, A. F.; BASTOS, R. O. <strong>MEDIDA DE RAD\u00d4NIO E FILHOS COM ELETROSC\u00d3PIO. <span style=\"font-weight: 400\">Em XXXI Encontro Anual de Inicia\u00e7\u00e3o Cient\u00edfica (EAIC) 2022, Guarapuava \u2013 PR.<\/span><\/strong><\/span><\/li>\n<li><span style=\"font-family: 'times new roman', times, serif;font-size: 12pt\">GRACIANO, A. C. C.; <span style=\"font-weight: 400\">MIYAHARA, R. Y. <strong>OBTEN\u00c7\u00c3O DE PVB RECICLADO PARA PRODU\u00c7\u00c3O DE TINTAS &#8211; ANA CAROLINA C. GRACIANO<\/strong>. Em XXXI Encontro Anual de Inicia\u00e7\u00e3o Cient\u00edfica (EAIC) 2022, Guarapuava \u2013 PR.<\/span><\/span><\/li>\n<li style=\"text-align: left\"><span style=\"font-family: 'times new roman', times, serif;font-size: 12pt\"><span style=\"font-weight: 400\">GUIMAR\u00c3ES, C. G. B.; MIYAHARA, R. Y.. <\/span><b>CARACTERIZA\u00c7\u00c3O DOS EST\u00c1GIOS EVOLUTIVOS DE ESTRELAS<\/b><span style=\"font-weight: 400\">. Em XXXI Encontro Anual de Inicia\u00e7\u00e3o Cient\u00edfica (EAIC) 2022, Guarapuava \u2013 PR.<\/span><\/span><\/li>\n<li><span style=\"font-family: 'times new roman', times, serif;font-size: 12pt\">MEIRA, R. C. C.; BASTOS, R . O. <strong>ADSOR\u00c7\u00c3O DE RN-220 POR POL\u00cdMEROS<\/strong>. <span style=\"font-weight: 400\">Em XXXI Encontro Anual de Inicia\u00e7\u00e3o Cient\u00edfica (EAIC) 2022, Guarapuava \u2013 PR.<\/span><\/span><\/li>\n<li><span style=\"font-family: 'times new roman', times, serif;font-size: 12pt\">PRESOTTO, G.; BORRERO, P. P. G. <strong>ESTUDOS DE COGUMELOS TIPO PLEUROTUS, GRIFOLA FRONDOSA E GANODERMA, POR MEIO DA ESPECTROSCOPIA FOTOAC\u00daSTICA. <span style=\"font-weight: 400\">Em XXXI Encontro Anual de Inicia\u00e7\u00e3o Cient\u00edfica (EAIC) 2022, Guarapuava \u2013 PR.<\/span><\/strong><\/span><\/li>\n<li><span style=\"font-family: 'times new roman', times, serif;font-size: 12pt\">MUFATTO, G. V.; TRENTIN, C.;\u00a0 AMARAL. R.; ALVEZ, A .; IKEOKA. R. A. <strong>CORES E AROMAS PROVENIENTE DE SOLU\u00c7\u00c3O COM PROPOR\u00c7\u00d5ES NANOM\u00c9TRICAS<\/strong>. Em XV Encontro Anual de Extens\u00e3o da UNICENTRO (EAEX) 2022, Guarapuava &#8211; PR.<\/span><\/li>\n<li><span style=\"font-family: 'times new roman', times, serif;font-size: 12pt\"><span style=\"font-family: times new roman, times, serif\"><span style=\"font-size: 12pt\">PRESOTTO. G.; MUFATTO. G. V.; I KEOKA. R. A. <\/span><\/span><strong style=\"font-family: 'times new roman', times, serif;font-size: 12pt\">EXPERIMENTO DE BAIXO CUSTO PARA O ESTUDO DE FLOURESC\u00caNCIA E PONTOS <\/strong><span style=\"font-family: times new roman, times, serif\"><b>QU\u00c2NTICOS<\/b>. Em<span style=\"font-size: 12pt\"> XV Encontro Anual de Extens\u00e3o da UNICENTRO (EAEX) 2022, Guarapuava &#8211; PR.<\/span><\/span><\/span><\/li>\n<\/ol>\n<p>[\/vc_column_text][\/vc_column][\/vc_row]<\/p>\n<\/div>","protected":false},"excerpt":{"rendered":"<p>[vc_row][vc_column][vc_column_text] CARACHINSKI, M.; BORRERO, P. P. G. DETERMINA\u00c7\u00c3O DE COMPOSTOS BIOATIVOS EM GEOPR\u00d3POLIS UTILIZANDO A ESPECTROSCOPIA FOTOAC\u00daSTICA. Em XXXI Encontro Anual de Inicia\u00e7\u00e3o Cient\u00edfica (EAIC) 2022, Guarapuava \u2013 PR. GOMES, A. F.; BASTOS, R. O. MEDIDA DE RAD\u00d4NIO E FILHOS COM ELETROSC\u00d3PIO. Em XXXI Encontro Anual de Inicia\u00e7\u00e3o Cient\u00edfica (EAIC) 2022, Guarapuava \u2013 PR. GRACIANO, [&hellip;]<\/p>\n","protected":false},"author":503,"featured_media":0,"parent":155,"menu_order":0,"comment_status":"closed","ping_status":"closed","template":"","meta":{"_exactmetrics_skip_tracking":false,"_exactmetrics_sitenote_active":false,"_exactmetrics_sitenote_note":"","_exactmetrics_sitenote_category":0,"footnotes":"","_links_to":"","_links_to_target":""},"class_list":["post-9555","page","type-page","status-publish","hentry"],"_links":{"self":[{"href":"https:\/\/www3.unicentro.br\/petfisica\/wp-json\/wp\/v2\/pages\/9555","targetHints":{"allow":["GET"]}}],"collection":[{"href":"https:\/\/www3.unicentro.br\/petfisica\/wp-json\/wp\/v2\/pages"}],"about":[{"href":"https:\/\/www3.unicentro.br\/petfisica\/wp-json\/wp\/v2\/types\/page"}],"author":[{"embeddable":true,"href":"https:\/\/www3.unicentro.br\/petfisica\/wp-json\/wp\/v2\/users\/503"}],"replies":[{"embeddable":true,"href":"https:\/\/www3.unicentro.br\/petfisica\/wp-json\/wp\/v2\/comments?post=9555"}],"version-history":[{"count":2,"href":"https:\/\/www3.unicentro.br\/petfisica\/wp-json\/wp\/v2\/pages\/9555\/revisions"}],"predecessor-version":[{"id":10699,"href":"https:\/\/www3.unicentro.br\/petfisica\/wp-json\/wp\/v2\/pages\/9555\/revisions\/10699"}],"up":[{"embeddable":true,"href":"https:\/\/www3.unicentro.br\/petfisica\/wp-json\/wp\/v2\/pages\/155"}],"wp:attachment":[{"href":"https:\/\/www3.unicentro.br\/petfisica\/wp-json\/wp\/v2\/media?parent=9555"}],"curies":[{"name":"wp","href":"https:\/\/api.w.org\/{rel}","templated":true}]}}