{"id":9121,"date":"2022-06-27T15:41:38","date_gmt":"2022-06-27T18:41:38","guid":{"rendered":"https:\/\/www3.unicentro.br\/petfisica\/?page_id=9121"},"modified":"2023-07-04T17:06:38","modified_gmt":"2023-07-04T20:06:38","slug":"petcast-2022","status":"publish","type":"page","link":"https:\/\/www3.unicentro.br\/petfisica\/petcast-2022\/","title":{"rendered":"PETCast 2022"},"content":{"rendered":"<div class=\"wpb-content-wrapper\"><p>[vc_row][vc_column][vc_column_text]<\/p>\n<p class=\"title style-scope ytd-video-primary-info-renderer\"><span style=\"font-size: 12pt;font-family: georgia, palatino, serif\">PETCast #26 &#8211; Desafios educacionais no ensino m\u00e9dio<\/span><\/p>\n<p><iframe loading=\"lazy\" title=\"PETCast #26 - Desafios educacionais no ensino m\u00e9dio\" width=\"900\" height=\"506\" src=\"https:\/\/www.youtube.com\/embed\/6uY46_Iu5Vo?feature=oembed\" frameborder=\"0\" allow=\"accelerometer; autoplay; clipboard-write; encrypted-media; gyroscope; picture-in-picture; web-share\" allowfullscreen><\/iframe><\/p>\n<p><span style=\"font-family: georgia, palatino, serif;font-size: 12pt\">PETCast #25 &#8211; A Import\u00e2ncia da Divulga\u00e7\u00e3o Cient\u00edfica<\/span><\/p>\n<p>https:\/\/www.youtube.com\/watch?v=L9nIHUQRobA[\/vc_column_text][\/vc_column][\/vc_row]<\/p>\n<\/div>","protected":false},"excerpt":{"rendered":"<p>[vc_row][vc_column][vc_column_text] PETCast #26 &#8211; Desafios educacionais no ensino m\u00e9dio PETCast #25 &#8211; A Import\u00e2ncia da Divulga\u00e7\u00e3o Cient\u00edfica https:\/\/www.youtube.com\/watch?v=L9nIHUQRobA[\/vc_column_text][\/vc_column][\/vc_row]<\/p>\n","protected":false},"author":135,"featured_media":0,"parent":0,"menu_order":0,"comment_status":"closed","ping_status":"closed","template":"","meta":{"_exactmetrics_skip_tracking":false,"_exactmetrics_sitenote_active":false,"_exactmetrics_sitenote_note":"","_exactmetrics_sitenote_category":0,"footnotes":"","_links_to":"","_links_to_target":""},"class_list":["post-9121","page","type-page","status-publish","hentry"],"_links":{"self":[{"href":"https:\/\/www3.unicentro.br\/petfisica\/wp-json\/wp\/v2\/pages\/9121","targetHints":{"allow":["GET"]}}],"collection":[{"href":"https:\/\/www3.unicentro.br\/petfisica\/wp-json\/wp\/v2\/pages"}],"about":[{"href":"https:\/\/www3.unicentro.br\/petfisica\/wp-json\/wp\/v2\/types\/page"}],"author":[{"embeddable":true,"href":"https:\/\/www3.unicentro.br\/petfisica\/wp-json\/wp\/v2\/users\/135"}],"replies":[{"embeddable":true,"href":"https:\/\/www3.unicentro.br\/petfisica\/wp-json\/wp\/v2\/comments?post=9121"}],"version-history":[{"count":0,"href":"https:\/\/www3.unicentro.br\/petfisica\/wp-json\/wp\/v2\/pages\/9121\/revisions"}],"wp:attachment":[{"href":"https:\/\/www3.unicentro.br\/petfisica\/wp-json\/wp\/v2\/media?parent=9121"}],"curies":[{"name":"wp","href":"https:\/\/api.w.org\/{rel}","templated":true}]}}