{"id":9116,"date":"2022-06-27T15:36:00","date_gmt":"2022-06-27T18:36:00","guid":{"rendered":"https:\/\/www3.unicentro.br\/petfisica\/?page_id=9116"},"modified":"2023-07-18T11:27:47","modified_gmt":"2023-07-18T14:27:47","slug":"2022-2","status":"publish","type":"page","link":"https:\/\/www3.unicentro.br\/petfisica\/atividades\/ciclo-de-seminarios-do-defis\/2022-2\/","title":{"rendered":"Ciclo de Semin\u00e1rios 2022"},"content":{"rendered":"<div class=\"wpb-content-wrapper\"><p>[vc_row][vc_column][vc_custom_heading text=&#8221;XIV Ciclo de Semin\u00e1rios do DEFIS&#8221; font_container=&#8221;tag:h1|text_align:center|color:%230a0a0a&#8221; google_fonts=&#8221;font_family:Alegreya%20SC%3Aregular%2Citalic%2C700%2C700italic%2C900%2C900italic|font_style:700%20bold%20regular%3A700%3Anormal&#8221;][vc_custom_heading text=&#8221;Organiza\u00e7\u00e3o: GPET-F\u00edsica&#8221; font_container=&#8221;tag:h3|text_align:center|color:%23000000&#8243; google_fonts=&#8221;font_family:Alegreya%20SC%3Aregular%2Citalic%2C700%2C700italic%2C900%2C900italic|font_style:700%20bold%20italic%3A700%3Aitalic&#8221;][vc_column_text]<\/p>\n<p><span style=\"font-family: 'times new roman', times, serif;font-size: 12pt\">Data: 24\/11\/2022.<\/span><\/p>\n<p><span style=\"font-family: 'times new roman', times, serif;font-size: 12pt\">Local: Audit\u00f3rio do LIDEC.<\/span><\/p>\n<p><span style=\"font-family: 'times new roman', times, serif;font-size: 12pt\">T\u00edtulo: <strong>Investiga\u00e7\u00e3o de estados qu\u00e2nticos emergentes atrav\u00e9s da dimensionalidade<\/strong>.<\/span><\/p>\n<p><span style=\"font-family: 'times new roman', times, serif;font-size: 12pt\">Palestrante: <strong>Me. Henry Przygocki<\/strong>.<\/span><\/p>\n<p><span style=\"font-family: 'times new roman', times, serif;font-size: 12pt\">[\/vc_column_text][vc_separator][vc_column_text]<\/span><\/p>\n<p><span style=\"font-family: 'times new roman', times, serif;font-size: 12pt\">Data: 21\/10\/2022.<\/span><\/p>\n<p><span style=\"font-family: 'times new roman', times, serif;font-size: 12pt\">Local: Plataforma YouTube.<\/span><\/p>\n<p><span style=\"font-family: 'times new roman', times, serif;font-size: 12pt\">T\u00edtulo: <strong>Mulheres nas ci\u00eancias<\/strong>.<\/span><\/p>\n<p><span style=\"font-family: 'times new roman', times, serif;font-size: 12pt\">Palestrante: <strong>Dra. Alessandra Souza Barbosa<\/strong>.<\/span><\/p>\n<p>&nbsp;<\/p>\n<p><iframe loading=\"lazy\" title=\"XIV CICLO DE SEMIN\u00c1RIOS GPET-F\u00edsica #3 &quot;Mulheres nas ci\u00eancias&quot;\" width=\"900\" height=\"506\" src=\"https:\/\/www.youtube.com\/embed\/d9JOumveG8k?feature=oembed\" frameborder=\"0\" allow=\"accelerometer; autoplay; clipboard-write; encrypted-media; gyroscope; picture-in-picture; web-share\" allowfullscreen><\/iframe><\/p>\n<p><span style=\"font-family: 'times new roman', times, serif;font-size: 12pt\">[\/vc_column_text][vc_separator][vc_column_text]<\/span><\/p>\n<p><span style=\"font-family: 'times new roman', times, serif;font-size: 12pt\">Data: 17\/08\/2022.<\/span><\/p>\n<p><span style=\"font-family: 'times new roman', times, serif;font-size: 12pt\">Local: Audit\u00f3rio do LIDEC.<\/span><\/p>\n<p><span style=\"font-family: 'times new roman', times, serif;font-size: 12pt\">T\u00edtulo: <strong>F\u00edsica de altas energias: descobrindo os constituintes da mat\u00e9ria<\/strong>.<\/span><\/p>\n<p><span style=\"font-family: 'times new roman', times, serif;font-size: 12pt\">Palestrante: <strong>Dr. Lucas Soster Moriggi<\/strong>.<\/span><\/p>\n<p>&nbsp;<\/p>\n<p><iframe loading=\"lazy\" title=\"XIV CICLO DE SEMIN\u00c1RIOS GPET-F\u00edsica #2 &quot;F\u00edsica de altas energias&quot;\" width=\"900\" height=\"506\" src=\"https:\/\/www.youtube.com\/embed\/ZOY3Fxoc4mA?feature=oembed\" frameborder=\"0\" allow=\"accelerometer; autoplay; clipboard-write; encrypted-media; gyroscope; picture-in-picture; web-share\" allowfullscreen><\/iframe><\/p>\n<p><span style=\"font-family: 'times new roman', times, serif;font-size: 12pt\">[\/vc_column_text][vc_separator][vc_column_text]<\/span><\/p>\n<p><span style=\"font-family: 'times new roman', times, serif;font-size: 12pt\">Data: 18\/07\/2022.<\/span><\/p>\n<p><span style=\"font-family: 'times new roman', times, serif;font-size: 12pt\">Local: Audit\u00f3rio do LIDEC.<\/span><\/p>\n<p><span style=\"font-family: 'times new roman', times, serif;font-size: 12pt\">T\u00edtulo: <strong>Microtomografia de Raios X<\/strong>.<\/span><\/p>\n<p><span style=\"font-family: 'times new roman', times, serif;font-size: 12pt\">Palestrante: <strong>Dr. Paulo Jos\u00e9 dos Reis<\/strong>.<\/span><\/p>\n<p>&nbsp;<\/p>\n<p><iframe loading=\"lazy\" title=\"XIV CICLO DE SEMIN\u00c1RIOS GPET-F\u00edsica #1 &quot;Microtomografia de Raios x&quot;\" width=\"900\" height=\"506\" src=\"https:\/\/www.youtube.com\/embed\/4DyFRq3U-QU?feature=oembed\" frameborder=\"0\" allow=\"accelerometer; autoplay; clipboard-write; encrypted-media; gyroscope; picture-in-picture; web-share\" allowfullscreen><\/iframe><\/p>\n<p><span style=\"font-family: 'times new roman', times, serif;font-size: 12pt\">[\/vc_column_text][vc_separator][vc_column_text]<\/span><\/p>\n<p><span style=\"font-family: 'times new roman', times, serif;font-size: 12pt\">Data: 30\/06\/2022.<\/span><\/p>\n<p><span style=\"font-family: 'times new roman', times, serif;font-size: 12pt\">Local: Miniaudit\u00f3rio de Geografia (PPGG).<\/span><\/p>\n<p><span style=\"font-family: 'times new roman', times, serif;font-size: 12pt\">T\u00edtulo: <strong>Bact\u00e9rias multirresistentes: ser\u00e1 que a terapia fotodin\u00e2mica pode ajudar?<\/strong><\/span><\/p>\n<p><span style=\"font-family: 'times new roman', times, serif;font-size: 12pt\">Palestrante: <strong>Dra. Tania Toyomi Tominaga<\/strong>.<\/span><\/p>\n<p><span style=\"font-family: 'times new roman', times, serif;font-size: 12pt\">[\/vc_column_text][vc_separator][\/vc_column][\/vc_row][vc_row][\/vc_row][vc_column][\/vc_column]<\/span><\/p>\n<\/div>","protected":false},"excerpt":{"rendered":"<p>[vc_row][vc_column][vc_custom_heading text=&#8221;XIV Ciclo de Semin\u00e1rios do DEFIS&#8221; font_container=&#8221;tag:h1|text_align:center|color:%230a0a0a&#8221; google_fonts=&#8221;font_family:Alegreya%20SC%3Aregular%2Citalic%2C700%2C700italic%2C900%2C900italic|font_style:700%20bold%20regular%3A700%3Anormal&#8221;][vc_custom_heading text=&#8221;Organiza\u00e7\u00e3o: GPET-F\u00edsica&#8221; font_container=&#8221;tag:h3|text_align:center|color:%23000000&#8243; google_fonts=&#8221;font_family:Alegreya%20SC%3Aregular%2Citalic%2C700%2C700italic%2C900%2C900italic|font_style:700%20bold%20italic%3A700%3Aitalic&#8221;][vc_column_text] Data: 24\/11\/2022. Local: Audit\u00f3rio do LIDEC. T\u00edtulo: Investiga\u00e7\u00e3o de estados qu\u00e2nticos emergentes atrav\u00e9s da dimensionalidade. Palestrante: Me. Henry Przygocki. [\/vc_column_text][vc_separator][vc_column_text] Data: 21\/10\/2022. Local: Plataforma YouTube. T\u00edtulo: Mulheres nas ci\u00eancias. Palestrante: Dra. Alessandra Souza Barbosa. &nbsp; [\/vc_column_text][vc_separator][vc_column_text] Data: 17\/08\/2022. Local: Audit\u00f3rio do LIDEC. [&hellip;]<\/p>\n","protected":false},"author":135,"featured_media":0,"parent":151,"menu_order":0,"comment_status":"closed","ping_status":"closed","template":"","meta":{"_exactmetrics_skip_tracking":false,"_exactmetrics_sitenote_active":false,"_exactmetrics_sitenote_note":"","_exactmetrics_sitenote_category":0,"footnotes":"","_links_to":"","_links_to_target":""},"class_list":["post-9116","page","type-page","status-publish","hentry"],"_links":{"self":[{"href":"https:\/\/www3.unicentro.br\/petfisica\/wp-json\/wp\/v2\/pages\/9116","targetHints":{"allow":["GET"]}}],"collection":[{"href":"https:\/\/www3.unicentro.br\/petfisica\/wp-json\/wp\/v2\/pages"}],"about":[{"href":"https:\/\/www3.unicentro.br\/petfisica\/wp-json\/wp\/v2\/types\/page"}],"author":[{"embeddable":true,"href":"https:\/\/www3.unicentro.br\/petfisica\/wp-json\/wp\/v2\/users\/135"}],"replies":[{"embeddable":true,"href":"https:\/\/www3.unicentro.br\/petfisica\/wp-json\/wp\/v2\/comments?post=9116"}],"version-history":[{"count":0,"href":"https:\/\/www3.unicentro.br\/petfisica\/wp-json\/wp\/v2\/pages\/9116\/revisions"}],"up":[{"embeddable":true,"href":"https:\/\/www3.unicentro.br\/petfisica\/wp-json\/wp\/v2\/pages\/151"}],"wp:attachment":[{"href":"https:\/\/www3.unicentro.br\/petfisica\/wp-json\/wp\/v2\/media?parent=9116"}],"curies":[{"name":"wp","href":"https:\/\/api.w.org\/{rel}","templated":true}]}}