{"id":8787,"date":"2022-03-14T09:57:41","date_gmt":"2022-03-14T12:57:41","guid":{"rendered":"https:\/\/www3.unicentro.br\/petfisica\/?page_id=8787"},"modified":"2023-11-22T13:52:00","modified_gmt":"2023-11-22T16:52:00","slug":"2022_ext","status":"publish","type":"page","link":"https:\/\/www3.unicentro.br\/petfisica\/2022_ext\/","title":{"rendered":"Extens\u00e3o 2022"},"content":{"rendered":"<hr \/>\n<p style=\"text-align: justify\"><span style=\"text-decoration: underline;font-size: 12pt;font-family: 'times new roman', times, serif\"><strong>O PET pelos pets<\/strong><\/span><\/p>\n<p style=\"text-align: justify\"><span style=\"font-weight: 400;font-family: 'times new roman', times, serif;font-size: 12pt\"><span style=\"font-weight: 400\">\u00a0 \u00a0No dia 01 de dezembro de 2022, o Grupo PET-F\u00edsica realizou uma doa\u00e7\u00e3o de 7 kg de ra\u00e7\u00e3o canina para a CEVET (Cl\u00ednica Escola Veterin\u00e1ria), localizada na Universidade Estadual do Centro-Oeste, campus CEDETEG. O Grupo realizou a campanha de arrecada\u00e7\u00e3o de ra\u00e7\u00e3o durante o in\u00edcio do segundo semestre do ano letivo, com o intuito de auxiliar animais com a sa\u00fade fragilizada.<\/span><\/span><\/p>\n<hr \/>\n<p style=\"text-align: justify\"><span style=\"text-decoration: underline;font-size: 12pt\"><strong><span style=\"font-family: 'times new roman', times, serif\">Intera\u00e7\u00e3o com as escolas<\/span><\/strong><\/span><\/p>\n<p style=\"text-align: justify\"><span style=\"font-weight: 400;font-family: 'times new roman', times, serif;font-size: 12pt\">\u00a0 \u00a0No dia 18 de novembro de 2022, ocorreu um projeto que possibilitou a uni\u00e3o entre o PET F\u00edsica e o PET Qu\u00edmica da Unicentro. O encontro contou com uma revis\u00e3o das disciplinas de F\u00edsica, Qu\u00edmica e Matem\u00e1tica no Col\u00e9gio Mahatma Gandhi em Guarapuava.<\/span><\/p>\n<p style=\"text-align: justify\"><span style=\"font-weight: 400;font-family: 'times new roman', times, serif;font-size: 12pt\">\u00a0 \u00a0O projeto contou com a participa\u00e7\u00e3o de 28 alunos, que participaram e interagiram dos temas abordados pelos dois Grupos, sendo estes os assuntos que mais caem com frequ\u00eancia nas provas do Exame Nacional do Ensino M\u00e9dio &#8211; ENEM. Dentre estes: Probabilidade e Estat\u00edsticas, Propor\u00e7\u00f5es, Qu\u00edmica Org\u00e2nica, Eletroqu\u00edmica, Cinem\u00e1tica, Termodin\u00e2mica, Eletrodin\u00e2mica, entre outros assuntos.<\/span><\/p>\n<p style=\"text-align: justify\"><span style=\"font-weight: 400;font-family: 'times new roman', times, serif;font-size: 12pt\">\u00a0 \u00a0Al\u00e9m disso, foram dadas dicas com rela\u00e7\u00e3o ao formato da prova, da forma de avalia\u00e7\u00e3o atrav\u00e9s do TRI e como garantir uma boa nota sem precisar perder tanto tempo durante o segundo dia de prova. A intera\u00e7\u00e3o entre os Pet&#8217;s promoveu a intercomunica\u00e7\u00e3o educacional, permitindo uma melhor abordagem dos conceitos de f\u00edsica e qu\u00edmica nas \u00e1reas de Ci\u00eancias da Natureza.<\/span><\/p>\n<hr \/>\n<p><span style=\"text-decoration: underline;font-size: 12pt\"><span style=\"font-family: times new roman, times, serif\"><b><u>Manh\u00e3<\/u><\/b><\/span><strong><span style=\"font-family: 'times new roman', times, serif\">\u00a0das ci\u00eancias<\/span><\/strong><u>\u00a0<\/u><\/span><\/p>\n<p style=\"text-align: justify\"><span style=\"font-weight: 400;font-family: 'times new roman', times, serif;font-size: 12pt\">\u00a0 \u00a0No dia 17 de novembro de 2022, a Universidade Estadual do Centro \u2013 Oeste proporcionou tanto aos alunos do ensino m\u00e9dio e fundamental, quanto \u00e0 comunidade escolar da regi\u00e3o, uma intera\u00e7\u00e3o com seus cursos ofertados, mediante apresenta\u00e7\u00f5es pr\u00e1ticas dos mesmos.\u00a0<\/span><\/p>\n<p style=\"text-align: justify\"><span style=\"font-weight: 400;font-family: 'times new roman', times, serif;font-size: 12pt\">\u00a0 \u00a0O grupo PET-F\u00edsica, em parceria ao PIBID do departamento de f\u00edsica, participaram desse evento, expondo experimentos sobre eletricidade, mec\u00e2nica e ac\u00fastica. O p\u00fablico demonstrou grande interesse e interatividade durante as apresenta\u00e7\u00f5es, em especial com a do Gerador de Van de Graff, viabilizando uma troca de conhecimento e experi\u00eancia entre os participantes e os apresentadores.<\/span><\/p>\n<hr \/>\n<p style=\"text-align: justify\"><span style=\"font-weight: 400;font-family: 'times new roman', times, serif;font-size: 12pt\"><strong><span style=\"text-decoration: underline\">Visitas t\u00e9cnicas 2022 <\/span><\/strong><\/span><\/p>\n<p style=\"text-align: justify\"><span style=\"font-weight: 400;font-family: 'times new roman', times, serif;font-size: 12pt\">\u00a0 \u00a0No dia 4 de novembro de 2022, foi realizada uma visita t\u00e9cnica ao Museu Eg\u00edpcio e Rosacruz -Tutankhamon, Curitiba-PR. Durante a visita, os petianos observaram diversas artes produzidas pelos eg\u00edpcios e aprenderam mais sobre a cultura eg\u00edpcia e a mitologia de seus deuses. No local havia diversas exposi\u00e7\u00f5es dedicadas \u00e0 hist\u00f3ria do fara\u00f3 Tutankamon, possibilitando um aprendizado mais aprofundado sobre o antigo l\u00edder eg\u00edpcio.<\/span><\/p>\n<hr \/>\n<p style=\"text-align: justify\"><span style=\"text-decoration: underline\"><span style=\"font-family: 'times new roman', times, serif;font-size: 12pt\"><b>Intera\u00e7\u00e3o com as Escolas<\/b><\/span><\/span><\/p>\n<p style=\"text-align: justify\"><span style=\"font-weight: 400;font-family: 'times new roman', times, serif;font-size: 12pt\">\u00a0 \u00a0No dia 15 de outubro de 2022, a petiana respons\u00e1vel pela atividade Intera\u00e7\u00e3o com as Escolas, em parceria com o Departamento de F\u00edsica e com o Clube de Astronomia da Universidade Estadual do Centro-Oeste, preparou diversos experimentos, relacionados \u00e0 astronomia (mapa estelar, astrol\u00e1bio, sistema Terra e Lua, etc.) para auxiliar os alunos do Col\u00e9gio Lobo em uma exposi\u00e7\u00e3o de ci\u00eancias.<\/span><\/p>\n<p style=\"text-align: justify\"><span style=\"font-weight: 400;font-family: 'times new roman', times, serif;font-size: 12pt\">\u00a0 \u00a0Um telesc\u00f3pio, patrim\u00f4nio da Universidade, foi levado \u00e0 escola. Fazendo parte da exposi\u00e7\u00e3o, e atraindo a aten\u00e7\u00e3o da maior parte dos estudantes e familiares dos mesmos, que se empolgaram com o funcionamento do instrumento de observa\u00e7\u00e3o astron\u00f4mica.\u00a0\u00a0<\/span><\/p>\n<hr \/>\n<p><span style=\"font-size: 12pt;font-family: 'times new roman', times, serif\"><strong><span style=\"text-decoration: underline\">Minicurso: Calculadora cient\u00edfica<\/span><\/strong><\/span><\/p>\n<p style=\"text-align: justify\"><span style=\"font-weight: 400;font-size: 12pt;font-family: 'times new roman', times, serif\">\u00a0 \u00a0No dia 15 de setembro, \u00e0s 15 horas, na sala do GPET-F\u00edsica, foi realizado um minicurso referente \u00e0s fun\u00e7\u00f5es e propriedades disponibilizadas pela calculadora cient\u00edfica, objeto de uso cotidiano pelos discentes das disciplinas de exatas. Nesse, os participantes aprenderam a aplicar algumas das funcionalidades da calculadora, dentre as quais destaca-se fun\u00e7\u00f5es logar\u00edtmicas, exponenciais, trigonom\u00e9tricas, c\u00e1lculos probabil\u00edsticos, estat\u00edsticos e percentuais.<\/span><\/p>\n<hr \/>\n<p><span style=\"text-decoration: underline;font-size: 12pt\"><span style=\"font-family: 'times new roman', times, serif\"><b>Visita das escolas 2022<\/b><\/span><\/span><\/p>\n<p style=\"text-align: justify\"><span style=\"font-family: 'times new roman', times, serif;font-size: 12pt\"><span style=\"font-weight: 400\">\u00a0 \u00a0A Universidade Estadual do Centro-Oeste (Unicentro), no dia 17 de agosto de 2022, organizou um <\/span><i><span style=\"font-weight: 400\">tour <\/span><\/i><span style=\"font-weight: 400\">pelo campus Cedeteg, para os alunos de ensino m\u00e9dio das escolas da regi\u00e3o. No total, participaram seis escolas contando com 380 alunos, a dire\u00e7\u00e3o do campus realizou uma palestra sobre os cursos da Universidade e em seguida os alunos foram encaminhados para conhecer cada um deles, em seus respectivos blocos.<\/span><\/span><\/p>\n<p style=\"text-align: justify\"><span style=\"font-weight: 400;font-family: 'times new roman', times, serif;font-size: 12pt\">\u00a0 \u00a0O Grupo PET-F\u00edsica, ficou respons\u00e1vel pela recep\u00e7\u00e3o dos alunos no Departamento de F\u00edsica, diversos experimentos foram preparados para que os mesmos pudessem se inteirar com conceitos f\u00edsicos e consequentemente com o Curso. Foram apresentados oito experimentos diferentes, entre estes um experimento que simula o princ\u00edpio de fibras \u00f3ticas, hologramas 3D, ondas mec\u00e2nicas em meio l\u00edquido, sistema de espelhos esf\u00e9ricos, gerador de Van de Graaff, campos magn\u00e9ticos, termosc\u00f3pio e o disco de Newton.<\/span><\/p>\n<p style=\"text-align: justify\"><span style=\"font-weight: 400;font-family: 'times new roman', times, serif;font-size: 12pt\">\u00a0 \u00a0Todos os alunos interagiram com os experimentos, realizando diversas perguntas que foram respondidas pelos petianos. Os experimentos que chamaram mais aten\u00e7\u00e3o foram o gerador de Van de Graaff e o de hologramas 3D.<\/span><\/p>\n<hr \/>\n<p><strong><span style=\"text-decoration: underline\"><span style=\"font-family: 'times new roman', times, serif;font-size: 12pt\">Minicurso: Curr\u00edculo Lattes<\/span><\/span><\/strong><\/p>\n<p style=\"text-align: justify\"><span style=\"font-weight: 400;font-family: 'times new roman', times, serif;font-size: 12pt\">\u00a0 \u00a0Ministrado por uma petiana e um acad\u00eamico do curso de F\u00edsica, o minicurso sobre a Plataforma lattes, foi destinado aos graduandos da Universidade Estadual do Centro-Oeste. Durante o minicurso, os participantes aprenderam a adicionar diversos dados na Plataforma, como informa\u00e7\u00f5es sobre Inicia\u00e7\u00e3o Cient\u00edfica\/Tecnol\u00f3gica, participa\u00e7\u00f5es em eventos, publica\u00e7\u00f5es de artigos\/livros\/cap\u00edtulos, monitorias, programas institucionais, entre outros elementos relevantes aos seus respectivos curr\u00edculos.<\/span><\/p>\n<hr \/>\n<p><span style=\"text-decoration: underline\"><strong><span style=\"font-family: 'times new roman', times, serif;font-size: 12pt\">Minicurso: Canva<\/span><\/strong><\/span><\/p>\n<p style=\"text-align: justify\"><span style=\"font-family: 'times new roman', times, serif;font-size: 12pt\"><span style=\"font-weight: 400\">\u00a0 \u00a0No dia 8 de agosto de 2022, \u00e0s 15 horas, foi realizado na sala do Grupo PET-F\u00edsica um minicurso a respeito da plataforma <\/span><i><span style=\"font-weight: 400\">Canva<\/span><\/i><span style=\"font-weight: 400\">. Dispon\u00edvel online, o <\/span><i><span style=\"font-weight: 400\">Canva<\/span><\/i><span style=\"font-weight: 400\"> \u00e9 utilizado para o desenvolvimento de design gr\u00e1ficos, apresenta\u00e7\u00f5es, curr\u00edculos, pap\u00e9is de paredes, infogr\u00e1ficos, entre diversas outras ferramentas.<\/span><\/span><\/p>\n<p style=\"text-align: justify\"><span style=\"font-family: 'times new roman', times, serif;font-size: 12pt\"><span style=\"font-weight: 400\">\u00a0 \u00a0Durante o minicurso, os participantes aprenderam como utilizar as ferramentas do <\/span><i><span style=\"font-weight: 400\">Canva<\/span><\/i><span style=\"font-weight: 400\"> para seu uso pessoal, desenvolvendo seus pr\u00f3prios projetos e sanando suas d\u00favidas com os petianos ministrantes do minicurso.<\/span><\/span><\/p>\n<hr \/>\n<p><span style=\"text-decoration: underline;font-size: 12pt\"><span style=\"font-family: 'times new roman', times, serif\"><strong>Agasalha PET\u00a0 19\/08\/2022<\/strong>\u00a0<\/span><\/span><\/p>\n<p style=\"text-align: justify\"><span style=\"font-weight: 400;font-family: 'times new roman', times, serif;font-size: 12pt\">\u00a0 \u00a0Ao longo dos meses de inverno deste ano (2022) foram realizadas doa\u00e7\u00f5es de agasalhos e sapatos para o Agasalha Pet, projeto realizado pelos petianos com a colabora\u00e7\u00e3o da comunidade com o intuito de fazer doa\u00e7\u00f5es a institui\u00e7\u00f5es que ajudam a popula\u00e7\u00e3o carente. No dia 19 de agosto de 2022, foram destinadas ao projeto \u201cVidas por Vidas\u201d cerca de 180 pe\u00e7as de roupas.<\/span><\/p>\n<p style=\"text-align: justify\"><span style=\"font-weight: 400;font-family: 'times new roman', times, serif;font-size: 12pt\">\u00a0 \u00a0O projeto \u201cVidas por Vidas\u201d tem sede na Rua Padre Ivo Petry n\u00b0 786, Vila Carli, e atua na cidade desde 2016, buscando ajudar com abrigo, vestimentas, alimentos e apoio psicol\u00f3gico \u00e0s pessoas em situa\u00e7\u00e3o de rua.\u00a0<\/span><\/p>\n<p style=\"text-align: justify\"><span style=\"font-weight: 400;font-family: 'times new roman', times, serif;font-size: 12pt\">\u00a0 \u00a0Com a colabora\u00e7\u00e3o de todos, \u00e9 poss\u00edvel aquecer o inverno de quem mais precisa.<\/span><\/p>\n<hr \/>\n<p><span style=\"text-decoration: underline;font-family: 'times new roman', times, serif;font-size: 12pt\"><strong>Dia da Ci\u00eancia 25\/07\/2022<\/strong><\/span><\/p>\n<p><span style=\"font-family: 'times new roman', times, serif;font-size: 12pt\">\u00a0 \u00a0O terceiro dia de apresenta\u00e7\u00e3o foi em 25\/07 e ocorreu tamb\u00e9m no Centro de Conviv\u00eancia das 12h \u00e0s 13h, os petianos Lorraine, Eloise e Cristhian realizaram alguns experimentos envolvendo o eletromagnetismo. Alguns participantes mostraram-se bem interessados pelo assunto tratado e ao final comentaram o interesse pelo curso.<\/span><\/p>\n<hr \/>\n<p style=\"text-align: justify\"><span style=\"text-decoration: underline;font-family: 'times new roman', times, serif;font-size: 12pt\"><strong>Dia da Ci\u00eancia 20\/06\/2022<\/strong><\/span><\/p>\n<p style=\"text-align: justify\"><span style=\"font-weight: 400;font-family: 'times new roman', times, serif;font-size: 12pt\">\u00a0 \u00a0O segundo dia de apresenta\u00e7\u00e3o foi em 20\/06 e ocorreu tamb\u00e9m no Centro de Conviv\u00eancia das 12h \u00e0s 13h, os petianos Rafaela e Leonardo realizaram diversos experimentos envolvendo o Gerador de Van de Graaff e a garrafa de Leyden. Conceitos que envolvem os fen\u00f4menos el\u00e9tricos foram explicados e diversos grupos de universit\u00e1rios interagiram com o experimento, mostrando interesse na natureza condutora da garrafa de Leyden.<\/span><\/p>\n<hr \/>\n<p style=\"text-align: justify\"><span style=\"font-weight: 400;font-family: 'times new roman', times, serif;font-size: 12pt\"><span style=\"text-decoration: underline\"><strong>Recep\u00e7\u00e3o dos Calouros<\/strong><\/span><\/span><\/p>\n<p style=\"text-align: justify\"><span style=\"font-weight: 400;font-family: 'times new roman', times, serif;font-size: 12pt\">\u00a0 \u00a0No dia 13 de Junho de 2022, foi realizado pelo Grupo PET-F\u00edsica a recep\u00e7\u00e3o dos calouros do curso de Licenciatura em F\u00edsica. O Grupo se reuniu na sala no primeiro ano do Curso e falou sobre os programas que a Universidade tem a oferecer, em especial o PET.<\/span><\/p>\n<p style=\"text-align: justify\"><span style=\"font-family: 'times new roman', times, serif;font-size: 12pt\"><span style=\"font-weight: 400\">\u00a0 \u00a0Em seguida, foi realizado um <\/span><i><span style=\"font-weight: 400\">tour<\/span><\/i><span style=\"font-weight: 400\"> pelo campus, com o intuito de familiarizar os calouros com o ambiente acad\u00eamico. Locais como o restaurante universit\u00e1rio, biblioteca e os laborat\u00f3rios do departamento de F\u00edsica foram apresentados para os <\/span><span style=\"font-weight: 400\">primeiranistas.\u00a0<\/span><\/span><\/p>\n<hr \/>\n<p style=\"text-align: justify\"><span style=\"text-decoration: underline;font-family: 'times new roman', times, serif;font-size: 12pt\"><strong>Dia da Ci\u00eancia 20\/04\/2022<\/strong><\/span><\/p>\n<p style=\"text-align: justify\"><span style=\"font-family: 'times new roman', times, serif;font-size: 12pt\"><span style=\"font-weight: 400\">\u00a0 \u00a0O <\/span><i><span style=\"font-weight: 400\">Dia da Ci\u00eancia <\/span><\/i><span style=\"font-weight: 400\">\u00e9 uma atividade extensionista promovida pelo Grupo PET-F\u00edsica da Unicentro e objetiva a intera\u00e7\u00e3o com os acad\u00eamicos da universidade por meio de uma breve apresenta\u00e7\u00e3o sobre determinado tema relacionado \u00e0 F\u00edsica e com a exposi\u00e7\u00e3o e explica\u00e7\u00e3o de experimentos associados ao tema escolhido. O evento \u00e9 realizado no Centro de Conviv\u00eancia no CEDETEG, em frente ao DCE.\u00a0<\/span><\/span><\/p>\n<p style=\"text-align: justify\"><span style=\"font-weight: 400;font-family: 'times new roman', times, serif;font-size: 12pt\">\u00a0 \u00a0No dia 20\/04, os petianos Ana Carolina, Bruno e Rieli apresentaram um breve semin\u00e1rio aberto ao p\u00fablico sobre energias renov\u00e1veis, limpas e mudan\u00e7as clim\u00e1ticas. O evento teve in\u00edcio \u00e0s 12h, no Centro de Conviv\u00eancia, contou com cerca de 30 ouvintes e teve dura\u00e7\u00e3o de 1 hora. Al\u00e9m do breve semin\u00e1rio, foram expostos dois experimentos relacionados \u00e0 quest\u00e3o energ\u00e9tica: o motor el\u00e9trico e o gerador el\u00e9trico. Alguns participantes mostraram-se bem interessados pelo assunto tratado e vieram debat\u00ea-lo ao final do evento.<\/span><\/p>\n<hr \/>\n<p style=\"text-align: justify\"><span style=\"font-family: 'times new roman', times, serif;font-size: 12pt\"><strong><span style=\"text-decoration: underline\">Manh\u00e3 das Ci\u00eancias<\/span><\/strong><\/span><\/p>\n<p style=\"text-align: justify\"><span style=\"font-family: 'times new roman', times, serif;font-size: 12pt\">\u00a0 \u00a0O evento Manh\u00e3 das Ci\u00eancias ocorreu no Campus CEDETEG no dia 07 de Abril de 2022, sendo um evento no qual alunos do ensino m\u00e9dio, acad\u00eamicos e professores da regi\u00e3o tiveram a oportunidade de conhecer melhor o campus da Universidade Estadual do Centro-Oeste e os cursos oferecidos pela institui\u00e7\u00e3o.<\/span><br \/>\n<span style=\"font-family: 'times new roman', times, serif;font-size: 12pt\">\u00a0 \u00a0O Grupo PET-F\u00edsica participou do encontro realizando exposi\u00e7\u00e3o de alguns experimentos do grupo e do curso Licenciatura em F\u00edsica, como o Gerador de Van De Graaff. Essa intera\u00e7\u00e3o do Grupo com a comunidade proporcionou uma troca de conhecimento a respeito da eletricidade, movimentos angulares e o conceito de press\u00e3o. Particularmente, o p\u00fablico ficou especialmente atra\u00eddo pelos experimentos com eletricidade. O Grupo PET-F\u00edsica agradece a presen\u00e7a e participa\u00e7\u00e3o de todos os envolvidos, e espera v\u00ea-los em futuros eventos.<\/span><\/p>\n<hr \/>\n<p style=\"text-align: justify\"><strong><span style=\"text-decoration: underline\"><span style=\"font-family: 'times new roman', times, serif;font-size: 12pt\">InterPET<\/span><\/span><\/strong><\/p>\n<p style=\"text-align: justify\"><span style=\"font-family: 'times new roman', times, serif;font-size: 12pt\">\u00a0 \u00a0No dia 01\/04\/2022, foi realizado o InterPET, encontro dos Grupos PET da Unicentro \u2013 Guarapuava, das 09 horas da manh\u00e3 \u00e0s 16 horas da tarde, no Sal\u00e3o Social da ACRE. Nesse evento, foram ministradas as palestras: Sa\u00fade Mental e Aspectos Psicossociais no contexto da pandemia de Covid-19, pelo professor Gustavo Zambenedetti e A Obrigatoriedade Moral da Vacina\u00e7\u00e3o, pelo professor Bruno Aisl\u00e3 dos Santos. Houve uma boa participa\u00e7\u00e3o dos alunos para o debate dos temas ap\u00f3s cada palestra.<\/span><\/p>\n<p style=\"text-align: justify\"><span style=\"font-family: 'times new roman', times, serif;font-size: 12pt\">\u00a0 \u00a0Em seguida, cada Grupos PET se reuniu para participar da classifica\u00e7\u00e3o das tampinhas doadas para o projeto TAMPET de acordo com a colora\u00e7\u00e3o destas. A tutora respons\u00e1vel pelo projeto explicou que o valor de venda das tampinhas aumenta com a separa\u00e7\u00e3o destas por cor. Ap\u00f3s essa atividade, o almo\u00e7o foi servido pelos tutores dos grupos.<\/span><\/p>\n<p style=\"text-align: justify\"><span style=\"font-family: 'times new roman', times, serif;font-size: 12pt\">\u00a0 \u00a0Durante a tarde, a fim de promover a integra\u00e7\u00e3o dos Grupos PET, ocorreu a realiza\u00e7\u00e3o de atividades recreativas, organizadas por uma comiss\u00e3o previamente formada composta por um petiano de cada Grupo da universidade. A representante do Grupo PET-F\u00edsica foi a petiana Rafaela C.C. de Meira, a qual direcionou os demais petianos nas atividades.<\/span><\/p>\n<hr \/>\n<p style=\"text-align: justify\"><span style=\"font-family: 'times new roman', times, serif;font-size: 12pt\"><strong><span style=\"text-decoration: underline\">Agasalha PET<\/span><\/strong><\/span><\/p>\n<p style=\"text-align: justify\"><span style=\"font-family: 'times new roman', times, serif;font-size: 12pt\">\u00a0 \u00a0Nos \u00faltimos meses, por meio da atividade Agasalha PET, foram adquiridas roupas masculinas e femininas, cobertores e sapatos. Todos os itens coletados foram organizados e, no dia 14 de mar\u00e7o deste ano (2022), entregues ao projeto \u201cVidas por Vidas\u201d.<\/span><br \/>\n<span style=\"font-family: 'times new roman', times, serif;font-size: 12pt\">\u00a0 \u00a0A respeito do projeto Vidas por Vidas, este atua na cidade de Guarapuava desde 2016, ajudando na reinser\u00e7\u00e3o dos indiv\u00edduos. A sede do projeto \u00e9 localizada na Rua Padre Ivo Petry, 786, Vila Carli; e fica aberta durante o dia para abrigar e alimentar pessoas em situa\u00e7\u00e3o de rua.<\/span><br \/>\n<span style=\"font-family: 'times new roman', times, serif;font-size: 12pt\">\u00a0 \u00a0Se voc\u00ea ainda n\u00e3o realizou suas doa\u00e7\u00f5es, o Agasalha PET ainda est\u00e1 sendo realizado pelo nosso grupo. Para fazer suas doa\u00e7\u00f5es entre em contato com o n\u00famero (42) 99943-0187 ou deixe suas roupas na caixa de doa\u00e7\u00f5es dispon\u00edvel no campus CEDETEG, na dire\u00e7\u00e3o de campus (DIRCAMP).<\/span><br \/>\n<span style=\"font-family: 'times new roman', times, serif;font-size: 12pt\">\u00a0 \u00a0Um pequeno ato pode fazer toda a diferen\u00e7a na vida de outras pessoas.<\/span><\/p>\n","protected":false},"excerpt":{"rendered":"<p>O PET pelos pets \u00a0 \u00a0No dia 01 de dezembro de 2022, o Grupo PET-F\u00edsica realizou uma doa\u00e7\u00e3o de 7 kg de ra\u00e7\u00e3o canina para a CEVET (Cl\u00ednica Escola Veterin\u00e1ria), localizada na Universidade Estadual do Centro-Oeste, campus CEDETEG. O Grupo realizou a campanha de arrecada\u00e7\u00e3o de ra\u00e7\u00e3o durante o in\u00edcio do segundo semestre do ano [&hellip;]<\/p>\n","protected":false},"author":135,"featured_media":0,"parent":0,"menu_order":0,"comment_status":"closed","ping_status":"closed","template":"","meta":{"_exactmetrics_skip_tracking":false,"_exactmetrics_sitenote_active":false,"_exactmetrics_sitenote_note":"","_exactmetrics_sitenote_category":0,"footnotes":"","_links_to":"","_links_to_target":""},"class_list":["post-8787","page","type-page","status-publish","hentry"],"_links":{"self":[{"href":"https:\/\/www3.unicentro.br\/petfisica\/wp-json\/wp\/v2\/pages\/8787","targetHints":{"allow":["GET"]}}],"collection":[{"href":"https:\/\/www3.unicentro.br\/petfisica\/wp-json\/wp\/v2\/pages"}],"about":[{"href":"https:\/\/www3.unicentro.br\/petfisica\/wp-json\/wp\/v2\/types\/page"}],"author":[{"embeddable":true,"href":"https:\/\/www3.unicentro.br\/petfisica\/wp-json\/wp\/v2\/users\/135"}],"replies":[{"embeddable":true,"href":"https:\/\/www3.unicentro.br\/petfisica\/wp-json\/wp\/v2\/comments?post=8787"}],"version-history":[{"count":1,"href":"https:\/\/www3.unicentro.br\/petfisica\/wp-json\/wp\/v2\/pages\/8787\/revisions"}],"predecessor-version":[{"id":10669,"href":"https:\/\/www3.unicentro.br\/petfisica\/wp-json\/wp\/v2\/pages\/8787\/revisions\/10669"}],"wp:attachment":[{"href":"https:\/\/www3.unicentro.br\/petfisica\/wp-json\/wp\/v2\/media?parent=8787"}],"curies":[{"name":"wp","href":"https:\/\/api.w.org\/{rel}","templated":true}]}}