{"id":7286,"date":"2021-03-14T20:00:43","date_gmt":"2021-03-14T23:00:43","guid":{"rendered":"https:\/\/www3.unicentro.br\/petfisica\/?page_id=7286"},"modified":"2022-07-05T01:33:23","modified_gmt":"2022-07-05T04:33:23","slug":"2021-5","status":"publish","type":"page","link":"https:\/\/www3.unicentro.br\/petfisica\/2021-5\/","title":{"rendered":"2021"},"content":{"rendered":"<div class=\"wpb-content-wrapper\"><p><span style=\"font-family: 'times new roman', times, serif;font-size: 12pt\">[vc_row][vc_column][vc_custom_heading text=&#8221;XIII Ciclo de Semin\u00e1rios do DEFIS&#8221; font_container=&#8221;tag:h1|text_align:center|color:%230a0a0a&#8221; google_fonts=&#8221;font_family:Alegreya%20SC%3Aregular%2Citalic%2C700%2C700italic%2C900%2C900italic|font_style:700%20bold%20regular%3A700%3Anormal&#8221;][vc_custom_heading text=&#8221;Organiza\u00e7\u00e3o: GPET-F\u00edsica&#8221; font_container=&#8221;tag:h3|text_align:center|color:%23000000&#8243; google_fonts=&#8221;font_family:Alegreya%20SC%3Aregular%2Citalic%2C700%2C700italic%2C900%2C900italic|font_style:700%20bold%20italic%3A700%3Aitalic&#8221;][vc_column_text]<\/span><\/p>\n<p><span style=\"font-family: 'times new roman', times, serif;font-size: 12pt\">Data: 11\/11\/2021<\/span><\/p>\n<p><span style=\"font-family: 'times new roman', times, serif;font-size: 12pt\">T\u00edtulo: <strong>Biofot\u00f4nica: Como a \u00f3tica pode fazer a diferen\u00e7a na vida das pessoas<\/strong>.<\/span><\/p>\n<p><span style=\"font-family: 'times new roman', times, serif;font-size: 12pt\">Palestrante: <strong>Dr. Vanderlei Salvador Bagnato<\/strong>.<\/span><\/p>\n<p><span style=\"font-family: 'times new roman', times, serif;font-size: 12pt\">[\/vc_column_text][vc_separator][vc_column_text]<\/span><\/p>\n<hr \/>\n<p><span style=\"font-family: 'times new roman', times, serif;font-size: 12pt\">Data: 21\/10\/2021<\/span><\/p>\n<p><span style=\"font-family: 'times new roman', times, serif;font-size: 12pt\">T\u00edtulo: <\/span><strong><span style=\"font-family: 'times new roman', times, serif;font-size: 12pt\">Computa\u00e7\u00e3o Cient\u00edfica: compreenda-me ou te devoro<\/span><\/strong><span style=\"font-family: 'times new roman', times, serif;font-size: 12pt\">.<\/span><\/p>\n<p><span style=\"font-family: 'times new roman', times, serif;font-size: 12pt\">Palestrante: <strong>Prof.<\/strong> <strong>Sergio Guedes<\/strong>.<\/span><\/p>\n<p><span style=\"font-family: 'times new roman', times, serif;font-size: 12pt\">[\/vc_column_text][vc_separator][vc_column_text]<\/span><\/p>\n<hr \/>\n<p><span style=\"font-family: 'times new roman', times, serif;font-size: 12pt\">Data: 09\/09\/2021<\/span><\/p>\n<p><span style=\"font-family: 'times new roman', times, serif;font-size: 12pt\">T\u00edtulo: <\/span><strong><span style=\"font-family: 'times new roman', times, serif;font-size: 12pt\">O uso do RPG em sala de aula<\/span><\/strong><span style=\"font-family: 'times new roman', times, serif;font-size: 12pt\">.<\/span><\/p>\n<p><span style=\"font-family: 'times new roman', times, serif;font-size: 12pt\">Palestrante: <strong>Mestre Rodolfo Grande Neto<\/strong>.<\/span><\/p>\n<p><span style=\"font-family: 'times new roman', times, serif;font-size: 12pt\">[\/vc_column_text][vc_separator][vc_column_text]<\/span><\/p>\n<hr \/>\n<p><span style=\"font-family: 'times new roman', times, serif;font-size: 12pt\">Data: 05\/08\/2021<\/span><\/p>\n<p><span style=\"font-family: 'times new roman', times, serif;font-size: 12pt\">T\u00edtulo: <\/span><strong><span style=\"font-family: 'times new roman', times, serif;font-size: 12pt\">Otimizando a efici\u00eancia das c\u00e9lulas solares<\/span><\/strong><span style=\"font-family: 'times new roman', times, serif;font-size: 12pt\">.<\/span><\/p>\n<p><span style=\"font-family: 'times new roman', times, serif;font-size: 12pt\">Palestrante: <strong>Mestra Diana M. N. Thomem<\/strong>.<\/span><\/p>\n<p><span style=\"font-family: 'times new roman', times, serif;font-size: 12pt\">[\/vc_column_text][vc_separator][vc_column_text]<\/span><\/p>\n<hr \/>\n<p><span style=\"font-family: 'times new roman', times, serif;font-size: 12pt\">Data: 15\/07\/2021<\/span><\/p>\n<p><span style=\"font-family: 'times new roman', times, serif;font-size: 12pt\">T\u00edtulo:\u00a0<strong>Metodologias Ativas para o Ensino de F\u00edsica.<\/strong><\/span><\/p>\n<p><span style=\"font-family: 'times new roman', times, serif;font-size: 12pt\">Palestrante: <strong>Dr. Marcus V. M. Piratelo<\/strong><\/span><\/p>\n<p><span style=\"font-family: 'times new roman', times, serif;font-size: 12pt\">[\/vc_column_text][vc_separator][vc_column_text]<\/span><\/p>\n<p>&nbsp;<\/p>\n<p><span style=\"font-family: 'times new roman', times, serif;font-size: 12pt\">[\/vc_column_text][\/vc_column][\/vc_row][vc_row][vc_column][vc_separator][\/vc_column][\/vc_row][vc_row][vc_column][vc_column_text]<strong>Voc\u00ea pode conferir todos os semin\u00e1rios no <span style=\"color: #ff0000\"><a style=\"color: #ff0000\" href=\"https:\/\/www.youtube.com\/watch?v=bPr_xtEtZqM&amp;list=PLbyYGU3U9K-McEI46etXPmnHH2hyL11LW\" target=\"_blank\" rel=\"noopener noreferrer\">Youtube do GPET-F\u00edsica.<\/a><\/span><\/strong>[\/vc_column_text][\/vc_column][\/vc_row]<\/span><\/p>\n<\/div>","protected":false},"excerpt":{"rendered":"<p>[vc_row][vc_column][vc_custom_heading text=&#8221;XIII Ciclo de Semin\u00e1rios do DEFIS&#8221; font_container=&#8221;tag:h1|text_align:center|color:%230a0a0a&#8221; google_fonts=&#8221;font_family:Alegreya%20SC%3Aregular%2Citalic%2C700%2C700italic%2C900%2C900italic|font_style:700%20bold%20regular%3A700%3Anormal&#8221;][vc_custom_heading text=&#8221;Organiza\u00e7\u00e3o: GPET-F\u00edsica&#8221; font_container=&#8221;tag:h3|text_align:center|color:%23000000&#8243; google_fonts=&#8221;font_family:Alegreya%20SC%3Aregular%2Citalic%2C700%2C700italic%2C900%2C900italic|font_style:700%20bold%20italic%3A700%3Aitalic&#8221;][vc_column_text] Data: 11\/11\/2021 T\u00edtulo: Biofot\u00f4nica: Como a \u00f3tica pode fazer a diferen\u00e7a na vida das pessoas. Palestrante: Dr. Vanderlei Salvador Bagnato. [\/vc_column_text][vc_separator][vc_column_text] Data: 21\/10\/2021 T\u00edtulo: Computa\u00e7\u00e3o Cient\u00edfica: compreenda-me ou te devoro. Palestrante: Prof. Sergio Guedes. [\/vc_column_text][vc_separator][vc_column_text] Data: 09\/09\/2021 T\u00edtulo: O uso do RPG [&hellip;]<\/p>\n","protected":false},"author":3,"featured_media":0,"parent":0,"menu_order":0,"comment_status":"closed","ping_status":"closed","template":"","meta":{"_exactmetrics_skip_tracking":false,"_exactmetrics_sitenote_active":false,"_exactmetrics_sitenote_note":"","_exactmetrics_sitenote_category":0,"footnotes":"","_links_to":"","_links_to_target":""},"class_list":["post-7286","page","type-page","status-publish","hentry"],"_links":{"self":[{"href":"https:\/\/www3.unicentro.br\/petfisica\/wp-json\/wp\/v2\/pages\/7286","targetHints":{"allow":["GET"]}}],"collection":[{"href":"https:\/\/www3.unicentro.br\/petfisica\/wp-json\/wp\/v2\/pages"}],"about":[{"href":"https:\/\/www3.unicentro.br\/petfisica\/wp-json\/wp\/v2\/types\/page"}],"author":[{"embeddable":true,"href":"https:\/\/www3.unicentro.br\/petfisica\/wp-json\/wp\/v2\/users\/3"}],"replies":[{"embeddable":true,"href":"https:\/\/www3.unicentro.br\/petfisica\/wp-json\/wp\/v2\/comments?post=7286"}],"version-history":[{"count":0,"href":"https:\/\/www3.unicentro.br\/petfisica\/wp-json\/wp\/v2\/pages\/7286\/revisions"}],"wp:attachment":[{"href":"https:\/\/www3.unicentro.br\/petfisica\/wp-json\/wp\/v2\/media?parent=7286"}],"curies":[{"name":"wp","href":"https:\/\/api.w.org\/{rel}","templated":true}]}}