{"id":7284,"date":"2021-03-14T20:00:43","date_gmt":"2021-03-14T23:00:43","guid":{"rendered":"https:\/\/www3.unicentro.br\/petfisica\/?page_id=7284"},"modified":"2023-11-29T17:07:30","modified_gmt":"2023-11-29T20:07:30","slug":"2021-4","status":"publish","type":"page","link":"https:\/\/www3.unicentro.br\/petfisica\/atividades\/extensao\/2021-4\/","title":{"rendered":"Extens\u00e3o 2021"},"content":{"rendered":"<div class=\"wpb-content-wrapper\"><p>[vc_row][vc_column][vc_column_text]<\/p>\n<p><span style=\"text-decoration: underline;font-family: 'times new roman', times, serif;font-size: 12pt\"><strong>Participa\u00e7\u00e3o na SIEPE<\/strong><\/span><\/p>\n<p style=\"text-align: justify\"><span style=\"font-family: 'times new roman', times, serif;font-size: 12pt\">\u00a0 \u00a0Os petianos participaram do evento da VII Semana de Integra\u00e7\u00e3o Ensino-Pesquisa-Extens\u00e3o (SIEPE), promovido pela Universidade Estadual do Centro-Oeste nos dias 22 a 26 de novembro de 2021. Nesse evento, os petianos apresentaram os resultados de suas pesquisas de inicia\u00e7\u00e3o cient\u00edfica ou tecnol\u00f3gica de 2020\/2021. Os resumos expandidos das apresenta\u00e7\u00f5es podem ser visualizados <a href=\"https:\/\/evento.unicentro.br\/anais\/siepe\" target=\"_blank\" rel=\"noopener\">aqui<\/a>.<\/span><br \/>\n<span style=\"font-family: 'times new roman', times, serif;font-size: 12pt\">Al\u00e9m disso, alguns petianos promoveram minicursos sobre assuntos diversos para promover uma integra\u00e7\u00e3o com os demais alunos da universidade. Os minicursos apresentados foram: Pesquisa bibliogr\u00e1fica e referenciamento para trabalhos acad\u00eamicos, Podcasts como meio de divulga\u00e7\u00e3o cient\u00edfica e Introdu\u00e7\u00e3o ao Canva .<\/span><\/p>\n<p style=\"text-align: justify\"><span style=\"font-family: 'times new roman', times, serif;font-size: 12pt\">Ademais, fora apresentado um trabalho acerca das doa\u00e7\u00f5es realizadas pelo Grupo durante os anos de 2016 e 2021, assim como os benef\u00edcios que trouxeram para os acad\u00eamicos e comunidade, intitulado &#8220;Doa\u00e7\u00f5es como atividade de aproxima\u00e7\u00e3o dos programas de educa\u00e7\u00e3o tutorial \u00e0 comunidade&#8221;.<\/span><\/p>\n<hr \/>\n<p style=\"text-align: justify\"><span style=\"text-decoration: underline\"><strong><span style=\"font-family: 'times new roman', times, serif;font-size: 12pt\">PET pelos pets<\/span><\/strong><\/span><\/p>\n<p style=\"text-align: justify\"><span style=\"font-family: 'times new roman', times, serif;font-size: 12pt\">\u00a0 \u00a0No dia 27 de outubro, tr\u00eas integrantes do Grupo PET-F\u00edsica da Unicentro realizaram a doa\u00e7\u00e3o da campanha de arrecada\u00e7\u00e3o de ra\u00e7\u00f5es, medicamentos e utens\u00edlios para animais resgatados, que vinha sendo feita desde o in\u00edcio de setembro.<\/span><\/p>\n<p style=\"text-align: justify\"><span style=\"font-family: 'times new roman', times, serif;font-size: 12pt\">Ao todo foram 109 kg de ra\u00e7\u00e3o arrecadados, assim como bandejas para \u00e1gua e comida e cobertores, tudo doado para uma protetora de animais, que cuida de cerca de 70 c\u00e3es.<\/span><\/p>\n<p style=\"text-align: justify\"><span style=\"font-family: 'times new roman', times, serif;font-size: 12pt\">A campanha neste ano est\u00e1 finalizada, mas caso voc\u00ea queira contribuir com as doa\u00e7\u00f5es do pr\u00f3ximo ano, \u00e9 s\u00f3 entrar em contato conosco por qualquer uma de nossas m\u00eddias.<\/span><\/p>\n<hr \/>\n<p><span style=\"text-decoration: underline\"><strong><span style=\"font-family: 'times new roman', times, serif;font-size: 12pt\">Dignidade feminina<\/span><\/strong><\/span><\/p>\n<p style=\"text-align: justify\"><span style=\"font-family: 'times new roman', times, serif;font-size: 12pt\">\u00a0 \u00a0Na tarde do dia 28 de junho de 2021, foi realizada a doa\u00e7\u00e3o de absorventes na campanha \u201cDignidade Feminina\u201d, a qual \u00e9 promovida pela procuradoria da mulher de Guarapuava, tendo como objetivo combater a pobreza menstrual. Esse termo refere-se \u00e0 falta de acesso a recursos, infraestrutura e at\u00e9 conhecimento por parte de pessoas que menstruam, a fim de terem cuidados que incluem a pr\u00f3pria menstrua\u00e7\u00e3o.<\/span><\/p>\n<p style=\"text-align: justify\"><span style=\"font-family: 'times new roman', times, serif;font-size: 12pt\">\u00a0 \u00a0Esta atividade n\u00e3o era programada, bem como a <em>Agasalha PET<\/em>, por exemplo. Por\u00e9m, os petianos se sensibilizaram com a causa e a doa\u00e7\u00e3o aconteceu entre os pr\u00f3prios membros do Grupo. Com essa arrecada\u00e7\u00e3o, foi poss\u00edvel coletar 33 pacotes de absorventes (tomando sempre os cuidados necess\u00e1rios de seguran\u00e7a com rela\u00e7\u00e3o \u00e0 Covid-19) e entreg\u00e1-los na C\u00e2mara de Vereadores de Guarapuava, para a vereadora Bruna Spitzner &#8211; a qual designar\u00e1 as doa\u00e7\u00f5es para a Assist\u00eancia Social da cidade em quest\u00e3o.<\/span><\/p>\n<p style=\"text-align: justify\"><span style=\"font-family: 'times new roman', times, serif;font-size: 12pt\">\u00a0 \u00a0Al\u00e9m disso, houve tamb\u00e9m uma breve entrevista mediada por uma petiana do Grupo com a vereadora, a qual sanou algumas d\u00favidas a respeito da campanha. As arrecada\u00e7\u00f5es n\u00e3o param por aqui, pois, segundo ela, estar\u00e3o recebendo at\u00e9 dezembro. Logo, se voc\u00ea ficou interessado(a) em doar e contribuir para essa causa t\u00e3o importante, poder\u00e1 estar se dirigindo aos seguintes pontos de arrecada\u00e7\u00e3o: Prefeitura de Guarapuava, Central de Vacina\u00e7\u00e3o, Centro Universit\u00e1rio Campo Real e UniGuairac\u00e1.<\/span><\/p>\n<p>[\/vc_column_text][vc_column_text]<\/p>\n<hr \/>\n<p><span style=\"text-decoration: underline\"><strong><span style=\"font-family: 'times new roman', times, serif;font-size: 12pt\">Agasalha PET 2021<\/span><\/strong><\/span><\/p>\n<p style=\"text-align: justify\"><span style=\"font-weight: 400;font-family: 'times new roman', times, serif;font-size: 12pt\">\u00a0 \u00a0A atividade Agasalha PET 2021 se iniciou no m\u00eas de maio com arrecada\u00e7\u00f5es de roupas e cal\u00e7ados. Os petianos dispuseram de seu tempo para fazer o recolhimento das doa\u00e7\u00f5es e armazen\u00e1-las em uma sala para que as caixas e sacolas pudessem ficar por um per\u00edodo sem contato, aumentando a seguran\u00e7a quanto a Covid-19.\u00a0<\/span><\/p>\n<p style=\"text-align: justify\"><span style=\"font-weight: 400;font-family: 'times new roman', times, serif;font-size: 12pt\">\u00a0 \u00a0Com a sugest\u00e3o da assistente social do projeto \u00d3rtese e Pr\u00f3tese da Unicentro, o Grupo p\u00f4de entrar em contato com o respons\u00e1vel pela Associa\u00e7\u00e3o de Deficientes F\u00edsicos de Guarapuava (ADFG) situada na rua Minas Gerais, 275, para que logo nos primeiros dias do inverno pudesse ser realizada a entrega da doa\u00e7\u00e3o. Por fim, no dia 25\/06, com o apoio da dire\u00e7\u00e3o do campus Cedeteg, realizou-se a entrega, em que se conheceu um pouco mais sobre o trabalho realizado pela associa\u00e7\u00e3o e a sua t\u00e3o importante hist\u00f3ria para a comunidade de Guarapuava.\u00a0<\/span><\/p>\n<p style=\"text-align: justify\"><span style=\"font-weight: 400;font-family: 'times new roman', times, serif;font-size: 12pt\">\u00a0 \u00a0O secret\u00e1rio da associa\u00e7\u00e3o concedeu uma pequena entrevista, em que contou mais sobre a trajet\u00f3ria dela. Esta entrevista pode ser conferida nas m\u00eddias do Grupo. Agradecemos a todas as doa\u00e7\u00f5es recebidas e espera-se que de alguma forma possa ajudar a associa\u00e7\u00e3o, seja com doa\u00e7\u00f5es ou at\u00e9 mesmo trabalhos volunt\u00e1rios, que o fa\u00e7a pois ser\u00e1 de grande valia para eles.<\/span><\/p>\n<p>[\/vc_column_text][vc_column_text]<\/p>\n<hr \/>\n<p style=\"text-align: justify\"><span style=\"text-decoration: underline\"><strong><span style=\"font-family: 'times new roman', times, serif;font-size: 12pt\">TamPET<\/span><\/strong><\/span><\/p>\n<p style=\"text-align: justify\"><span style=\"font-family: 'times new roman', times, serif;font-size: 12pt\">\u00a0 \u00a0Os grupos PET da UNICENTRO promovem campanha para arrecada\u00e7\u00e3o de tampas pl\u00e1sticas para destinar ao SOS de Guarapuava. Os pontos de coleta localizam-se nas dire\u00e7\u00f5es de campo da Universidade, mas se n\u00e3o for poss\u00edvel, \u00e9 s\u00f3 entrar em contato com as redes sociais do grupos PET. O material doado pode ser tampinhas diversas utilizadas: Na cozinha: margarina, manteiga, requeij\u00e3o, achocolatado, maionese, ketchup, \u00f3leo, temperos, garrafas pet, leite, suco, \u00e1gua de coco, fermento em p\u00f3. \u00c1rea de servi\u00e7o: amaciante, sab\u00e3o l\u00edquido, \u00e1gua sanit\u00e1ria, \u00e1lcool, desinfetantes e outros produtos em geral. Banheiro: shampoo, condicionador, cremes em geral, pasta de dente etc. As tampinhas recolhidas, encaminhadas ao SOS , ser\u00e3o convertidas em fraldas geri\u00e1tricas. Este projeto teve in\u00edcio em 2020, mas com a pandemia de COVID -19 as coletas estavam sendo realizadas somente com os componentes dos grupos e suas fam\u00edlias.<\/span><\/p>\n<p>[\/vc_column_text][vc_column_text]<\/p>\n\n\t\t<style type=\"text\/css\">\n\t\t\t#gallery-1 {\n\t\t\t\tmargin: auto;\n\t\t\t}\n\t\t\t#gallery-1 .gallery-item {\n\t\t\t\tfloat: left;\n\t\t\t\tmargin-top: 10px;\n\t\t\t\ttext-align: center;\n\t\t\t\twidth: 33%;\n\t\t\t}\n\t\t\t#gallery-1 img {\n\t\t\t\tborder: 2px solid #cfcfcf;\n\t\t\t}\n\t\t\t#gallery-1 .gallery-caption {\n\t\t\t\tmargin-left: 0;\n\t\t\t}\n\t\t\t\/* see gallery_shortcode() in wp-includes\/media.php *\/\n\t\t<\/style>\n\t\t<div id='gallery-1' class='gallery galleryid-7284 gallery-columns-3 gallery-size-thumbnail'><dl class='gallery-item'>\n\t\t\t<dt class='gallery-icon landscape'>\n\t\t\t\t<a href='https:\/\/www3.unicentro.br\/petfisica\/atividades\/extensao\/2021-4\/sem-titulo-7\/'><img loading=\"lazy\" decoding=\"async\" width=\"101\" height=\"96\" src=\"https:\/\/www3.unicentro.br\/petfisica\/wp-content\/uploads\/sites\/54\/2021\/12\/Sem-titulo-150x142.jpg\" class=\"attachment-thumbnail size-thumbnail\" alt=\"\" \/><\/a>\n\t\t\t<\/dt><\/dl>\n\t\t\t<br style='clear: both' \/>\n\t\t<\/div>\n\n<p>[\/vc_column_text][\/vc_column][\/vc_row]<\/p>\n<\/div>","protected":false},"excerpt":{"rendered":"<p>[vc_row][vc_column][vc_column_text] Participa\u00e7\u00e3o na SIEPE \u00a0 \u00a0Os petianos participaram do evento da VII Semana de Integra\u00e7\u00e3o Ensino-Pesquisa-Extens\u00e3o (SIEPE), promovido pela Universidade Estadual do Centro-Oeste nos dias 22 a 26 de novembro de 2021. Nesse evento, os petianos apresentaram os resultados de suas pesquisas de inicia\u00e7\u00e3o cient\u00edfica ou tecnol\u00f3gica de 2020\/2021. Os resumos expandidos das apresenta\u00e7\u00f5es podem [&hellip;]<\/p>\n","protected":false},"author":3,"featured_media":0,"parent":190,"menu_order":0,"comment_status":"closed","ping_status":"closed","template":"","meta":{"_exactmetrics_skip_tracking":false,"_exactmetrics_sitenote_active":false,"_exactmetrics_sitenote_note":"","_exactmetrics_sitenote_category":0,"footnotes":"","_links_to":"","_links_to_target":""},"class_list":["post-7284","page","type-page","status-publish","hentry"],"_links":{"self":[{"href":"https:\/\/www3.unicentro.br\/petfisica\/wp-json\/wp\/v2\/pages\/7284","targetHints":{"allow":["GET"]}}],"collection":[{"href":"https:\/\/www3.unicentro.br\/petfisica\/wp-json\/wp\/v2\/pages"}],"about":[{"href":"https:\/\/www3.unicentro.br\/petfisica\/wp-json\/wp\/v2\/types\/page"}],"author":[{"embeddable":true,"href":"https:\/\/www3.unicentro.br\/petfisica\/wp-json\/wp\/v2\/users\/3"}],"replies":[{"embeddable":true,"href":"https:\/\/www3.unicentro.br\/petfisica\/wp-json\/wp\/v2\/comments?post=7284"}],"version-history":[{"count":2,"href":"https:\/\/www3.unicentro.br\/petfisica\/wp-json\/wp\/v2\/pages\/7284\/revisions"}],"predecessor-version":[{"id":10693,"href":"https:\/\/www3.unicentro.br\/petfisica\/wp-json\/wp\/v2\/pages\/7284\/revisions\/10693"}],"up":[{"embeddable":true,"href":"https:\/\/www3.unicentro.br\/petfisica\/wp-json\/wp\/v2\/pages\/190"}],"wp:attachment":[{"href":"https:\/\/www3.unicentro.br\/petfisica\/wp-json\/wp\/v2\/media?parent=7284"}],"curies":[{"name":"wp","href":"https:\/\/api.w.org\/{rel}","templated":true}]}}