{"id":7269,"date":"2021-03-14T19:28:02","date_gmt":"2021-03-14T22:28:02","guid":{"rendered":"https:\/\/www3.unicentro.br\/petfisica\/?page_id=7269"},"modified":"2023-06-29T15:33:32","modified_gmt":"2023-06-29T18:33:32","slug":"petcast-2021","status":"publish","type":"page","link":"https:\/\/www3.unicentro.br\/petfisica\/petcast-2021\/","title":{"rendered":"PETCast 2021"},"content":{"rendered":"<p><span style=\"font-family: georgia, palatino, serif;font-size: 12pt\">PETCast #24 &#8211; Novembro Vermelho: os cuidados com a sa\u00fade bocal.<\/span><\/p>\n<p><iframe loading=\"lazy\" title=\"PETCast #24 - Novembro Vermelho: os cuidados com a sa\u00fade bucal\" width=\"900\" height=\"506\" src=\"https:\/\/www.youtube.com\/embed\/-I4eMszrUZc?feature=oembed\" frameborder=\"0\" allow=\"accelerometer; autoplay; clipboard-write; encrypted-media; gyroscope; picture-in-picture; web-share\" allowfullscreen><\/iframe><\/p>\n<p><span style=\"font-family: georgia, palatino, serif;font-size: 12pt\">PETCast #23 &#8211; Outubro Rosa, vamos conversar?<\/span><\/p>\n<p><iframe loading=\"lazy\" title=\"PETCast #23 - Outubro rosa, vamos conversar?\" width=\"900\" height=\"506\" src=\"https:\/\/www.youtube.com\/embed\/-joeYisPdkY?feature=oembed\" frameborder=\"0\" allow=\"accelerometer; autoplay; clipboard-write; encrypted-media; gyroscope; picture-in-picture; web-share\" allowfullscreen><\/iframe><\/p>\n<p><span style=\"font-family: georgia, palatino, serif;font-size: 12pt\">PETCast #22 &#8211; A Import\u00e2ncia da Pesquisa B\u00e1sica na F\u00edsica<\/span><\/p>\n<p><iframe loading=\"lazy\" title=\"PETCast #22 - A Import\u00e2ncia da Pesquisa B\u00e1sica na F\u00edsica\" width=\"900\" height=\"506\" src=\"https:\/\/www.youtube.com\/embed\/wqDgEcy9YDQ?feature=oembed\" frameborder=\"0\" allow=\"accelerometer; autoplay; clipboard-write; encrypted-media; gyroscope; picture-in-picture; web-share\" allowfullscreen><\/iframe><\/p>\n<p><span style=\"font-size: 12pt;font-family: georgia, palatino, serif\">PET Cast #21 &#8211; Divulga\u00e7\u00e3o cient\u00edfica e as dificuldades encontradas no meio acad\u00eamico pela comunidade LGBTQIA+.<\/span><\/p>\n<p><iframe loading=\"lazy\" title=\"PETCast #21- Divulga\u00e7\u00e3o cient\u00edfica e as dificuldades no meio acad\u00eamico dentro da comunidade LGBTQIA+\" width=\"900\" height=\"506\" src=\"https:\/\/www.youtube.com\/embed\/kqbwGcdAWD8?start=1&#038;feature=oembed\" frameborder=\"0\" allow=\"accelerometer; autoplay; clipboard-write; encrypted-media; gyroscope; picture-in-picture; web-share\" allowfullscreen><\/iframe><\/p>\n<p><span style=\"font-size: 12pt;font-family: georgia, palatino, serif\">PET Cast #20 &#8211; O Funcionamento do Programa de Ensino Integral e como a pandemia o afeta.<\/span><\/p>\n<p><iframe loading=\"lazy\" title=\"PETCast #20 - O Funcionamento do Programa de Ensino Integral e como a pandemia o afeta\" width=\"900\" height=\"506\" src=\"https:\/\/www.youtube.com\/embed\/CHesuU03Ep0?feature=oembed\" frameborder=\"0\" allow=\"accelerometer; autoplay; clipboard-write; encrypted-media; gyroscope; picture-in-picture; web-share\" allowfullscreen><\/iframe><\/p>\n","protected":false},"excerpt":{"rendered":"<p>PETCast #24 &#8211; Novembro Vermelho: os cuidados com a sa\u00fade bocal. PETCast #23 &#8211; Outubro Rosa, vamos conversar? PETCast #22 &#8211; A Import\u00e2ncia da Pesquisa B\u00e1sica na F\u00edsica PET Cast #21 &#8211; Divulga\u00e7\u00e3o cient\u00edfica e as dificuldades encontradas no meio acad\u00eamico pela comunidade LGBTQIA+. PET Cast #20 &#8211; O Funcionamento do Programa de Ensino Integral [&hellip;]<\/p>\n","protected":false},"author":3,"featured_media":0,"parent":0,"menu_order":0,"comment_status":"closed","ping_status":"closed","template":"","meta":{"_exactmetrics_skip_tracking":false,"_exactmetrics_sitenote_active":false,"_exactmetrics_sitenote_note":"","_exactmetrics_sitenote_category":0,"footnotes":"","_links_to":"","_links_to_target":""},"class_list":["post-7269","page","type-page","status-publish","hentry"],"_links":{"self":[{"href":"https:\/\/www3.unicentro.br\/petfisica\/wp-json\/wp\/v2\/pages\/7269","targetHints":{"allow":["GET"]}}],"collection":[{"href":"https:\/\/www3.unicentro.br\/petfisica\/wp-json\/wp\/v2\/pages"}],"about":[{"href":"https:\/\/www3.unicentro.br\/petfisica\/wp-json\/wp\/v2\/types\/page"}],"author":[{"embeddable":true,"href":"https:\/\/www3.unicentro.br\/petfisica\/wp-json\/wp\/v2\/users\/3"}],"replies":[{"embeddable":true,"href":"https:\/\/www3.unicentro.br\/petfisica\/wp-json\/wp\/v2\/comments?post=7269"}],"version-history":[{"count":0,"href":"https:\/\/www3.unicentro.br\/petfisica\/wp-json\/wp\/v2\/pages\/7269\/revisions"}],"wp:attachment":[{"href":"https:\/\/www3.unicentro.br\/petfisica\/wp-json\/wp\/v2\/media?parent=7269"}],"curies":[{"name":"wp","href":"https:\/\/api.w.org\/{rel}","templated":true}]}}