{"id":7267,"date":"2021-03-14T19:28:02","date_gmt":"2021-03-14T22:28:02","guid":{"rendered":"https:\/\/www3.unicentro.br\/petfisica\/?page_id=7267"},"modified":"2022-11-26T14:44:14","modified_gmt":"2022-11-26T17:44:14","slug":"em-2021","status":"publish","type":"page","link":"https:\/\/www3.unicentro.br\/petfisica\/producao\/em-2021\/","title":{"rendered":"Em 2021"},"content":{"rendered":"<ol>\n<li><span style=\"font-family: 'times new roman', times, serif;font-size: 12pt\">RIBEIRO, B. H. L.; DOS REIS, P. J.. <strong>ESTUDO DA DIN\u00c2MICA DE EMARANHAMENTO ATRAV\u00c9S DA INTERA\u00c7\u00c3O ENTRE \u00c1TOMOS E CAMPO ELETROMAGN\u00c9TICO EM UMA CAVIDADE \u00d3PTICA<\/strong>. Em XXX Encontro Anual de Inicia\u00e7\u00e3o Cient\u00edfica (EAIC), 2021, Guarapuava \u2013 PR.<\/span><\/li>\n<li><span style=\"font-family: 'times new roman', times, serif;font-size: 12pt\">DE ROCCO, L.; VICENTINI, E.. <b>TRANSPORTE DE ENRRGIA EM UM G\u00c1S DE LORENTZ PERI\u00d3DICO<\/b>. Em XXX Encontro Anual de Inicia\u00e7\u00e3o Cient\u00edfica (EAIC), 2021, Guarapuava \u2013 PR.<\/span><\/li>\n<li><span style=\"font-family: 'times new roman', times, serif;font-size: 12pt\">SANTOS, R. W.; MIYAHARA, R. Y.. <strong>DESENVOLVIMENTO DE PROTETOR SOLAR A BASE DE HIDROXIAPATITA N\u00c3O SINT\u00c9TICA<\/strong>. Em XXX Encontro Anual de Inicia\u00e7\u00e3o Cient\u00edfica (EAIC), 2021, Guarapuava \u2013 PR.<\/span><\/li>\n<li><span style=\"font-family: 'times new roman', times, serif;font-size: 12pt\">MEIRA, R.; BASTOS, R.. <strong>ADSOR\u00c7\u00c3O DE RN-220 POR DIFERENTES MATERIAIS<\/strong>. Em XXX Encontro Anual de Inicia\u00e7\u00e3o Cient\u00edfica (EAIC), 2021, Guarapuava \u2013 PR.<\/span><\/li>\n<li><span style=\"font-family: 'times new roman', times, serif;font-size: 12pt\">SANTOS, R. T. G.; GRANDO, T.. <strong>ESPA\u00c7OS REFLEXIVOS<\/strong>. Em XXX Encontro Anual de Inicia\u00e7\u00e3o Cient\u00edfica (EAIC), 2021, Guarapuava \u2013 PR.<\/span><\/li>\n<li><span style=\"font-family: 'times new roman', times, serif;font-size: 12pt\">CARACHINSKI, M.; VICENTINI, E.. <strong>DIFUS\u00c3O EM SISTEMAS FRACTAIS<\/strong>. Em XXX Encontro Anual de Inicia\u00e7\u00e3o Cient\u00edfica (EAIC), 2021, Guarapuava \u2014 PR.<\/span><\/li>\n<li><span style=\"font-family: 'times new roman', times, serif;font-size: 12pt\">CARACHINSKI, M.; MEIRA, R. C. C.; BORRERO, P. P. G.. <strong>DOA\u00c7\u00d5ES COMO ATIVIDADE DE APROXIMA\u00c7\u00c3O DOS PROGRAMAS DE EDUCA\u00c7\u00c3O TUTORIAL \u00c0 COMUNIDADE<\/strong>. Em VII Semana de integra\u00e7\u00e3o, pesquisa e extens\u00e3o (SIEPE), 2021, Guarapuava \u2014 PR.<\/span><\/li>\n<li><span style=\"font-family: 'times new roman', times, serif;font-size: 12pt\">FIUZA, L.G.J.; MIYAHARA, R. Y. <strong>DESENVOLVIMENTO DE NANOFIBRAS POLIM\u00c9RICAS CONTENDO FTALOCIANINA COMO COMPOSTO BIOATIVO PARA UTILIZA\u00c7\u00c3O NO TRATAMENTO DE FERIDAS.<\/strong> Em XI Encontro anual de Inicia\u00e7\u00e3o Tecnol\u00f3gica e Inova\u00e7\u00e3o (EAITI), 2021, Londrina- PR<\/span><\/li>\n<\/ol>\n","protected":false},"excerpt":{"rendered":"<p>RIBEIRO, B. H. L.; DOS REIS, P. J.. ESTUDO DA DIN\u00c2MICA DE EMARANHAMENTO ATRAV\u00c9S DA INTERA\u00c7\u00c3O ENTRE \u00c1TOMOS E CAMPO ELETROMAGN\u00c9TICO EM UMA CAVIDADE \u00d3PTICA. Em XXX Encontro Anual de Inicia\u00e7\u00e3o Cient\u00edfica (EAIC), 2021, Guarapuava \u2013 PR. DE ROCCO, L.; VICENTINI, E.. TRANSPORTE DE ENRRGIA EM UM G\u00c1S DE LORENTZ PERI\u00d3DICO. Em XXX Encontro Anual [&hellip;]<\/p>\n","protected":false},"author":3,"featured_media":0,"parent":155,"menu_order":0,"comment_status":"closed","ping_status":"closed","template":"","meta":{"_exactmetrics_skip_tracking":false,"_exactmetrics_sitenote_active":false,"_exactmetrics_sitenote_note":"","_exactmetrics_sitenote_category":0,"footnotes":"","_links_to":"","_links_to_target":""},"class_list":["post-7267","page","type-page","status-publish","hentry"],"_links":{"self":[{"href":"https:\/\/www3.unicentro.br\/petfisica\/wp-json\/wp\/v2\/pages\/7267","targetHints":{"allow":["GET"]}}],"collection":[{"href":"https:\/\/www3.unicentro.br\/petfisica\/wp-json\/wp\/v2\/pages"}],"about":[{"href":"https:\/\/www3.unicentro.br\/petfisica\/wp-json\/wp\/v2\/types\/page"}],"author":[{"embeddable":true,"href":"https:\/\/www3.unicentro.br\/petfisica\/wp-json\/wp\/v2\/users\/3"}],"replies":[{"embeddable":true,"href":"https:\/\/www3.unicentro.br\/petfisica\/wp-json\/wp\/v2\/comments?post=7267"}],"version-history":[{"count":0,"href":"https:\/\/www3.unicentro.br\/petfisica\/wp-json\/wp\/v2\/pages\/7267\/revisions"}],"up":[{"embeddable":true,"href":"https:\/\/www3.unicentro.br\/petfisica\/wp-json\/wp\/v2\/pages\/155"}],"wp:attachment":[{"href":"https:\/\/www3.unicentro.br\/petfisica\/wp-json\/wp\/v2\/media?parent=7267"}],"curies":[{"name":"wp","href":"https:\/\/api.w.org\/{rel}","templated":true}]}}