{"id":6759,"date":"2020-08-24T11:51:04","date_gmt":"2020-08-24T14:51:04","guid":{"rendered":"https:\/\/www3.unicentro.br\/petfisica\/?page_id=6759"},"modified":"2020-09-22T22:06:27","modified_gmt":"2020-09-23T01:06:27","slug":"projetos-2020-2021","status":"publish","type":"page","link":"https:\/\/www3.unicentro.br\/petfisica\/atividades\/pesquisa\/projetos-2020-2021\/","title":{"rendered":"Projetos 2020 &#8211; 2021"},"content":{"rendered":"<div class=\"wpb-content-wrapper\"><p>[vc_row][vc_column][vc_column_text]<\/p>\n<p style=\"text-align: center;\"><span style=\"text-decoration: underline;\"><strong><span style=\"font-family: 'times new roman', times, serif; font-size: 12pt;\">Estudo da din\u00e2mica de emaranhamento atrav\u00e9s da intera\u00e7\u00e3o entre \u00e1tomo e<\/span><\/strong><\/span><\/p>\n<p style=\"text-align: center;\"><span style=\"text-decoration: underline;\"><strong><span style=\"font-family: 'times new roman', times, serif; font-size: 12pt;\">campo eletromagn\u00e9tico<\/span><\/strong><\/span><\/p>\n<p style=\"text-align: justify;\"><span style=\"font-family: 'times new roman', times, serif; font-size: 12pt;\"><strong>Orientando:<\/strong> Bruno Henrique Lisenko Ribeiro<\/span><\/p>\n<p style=\"text-align: justify;\"><span style=\"font-family: 'times new roman', times, serif; font-size: 12pt;\"><strong>Orientador:<\/strong> Prof. Dr. Paulo Jos\u00e9 dos Reis<\/span><\/p>\n<p style=\"text-align: justify;\"><strong><span style=\"font-family: 'times new roman', times, serif; font-size: 12pt;\">Resumo:<\/span><\/strong><\/p>\n<p style=\"text-align: justify;\"><span style=\"font-family: 'times new roman', times, serif; font-size: 12pt;\">O emaranhamento \u00e9 uma propriedade fundamental na Teoria da Informa\u00e7\u00e3o Qu\u00e2ntica. Um dos diversos meios de se trabalhar com informa\u00e7\u00e3o nesse n\u00edvel \u00e9 com \u00e1tomos aprisionados em cavidades \u00f3pticas, que por sua vez apresentam emaranhamento. Este projeto tem por resultado esperado a produ\u00e7\u00e3o de uma sequ\u00eancia ou material did\u00e1tico para ensino da din\u00e2mica de emaranhamento qu\u00e2ntico nesses sistemas \u00f3pticos, a fim de potencializar o ensino e divulga\u00e7\u00e3o cient\u00edfica de Mec\u00e2nica Qu\u00e2ntica.\u00a0<\/span><\/p>\n<hr \/>\n<p>[vc_row][vc_column width=&#8221;1\/1&#8243;][vc_column_text][\/vc_column_text][vc_column_text]<\/p>\n<p style=\"text-align: center;\"><span style=\"text-decoration: underline;\"><span style=\"font-family: 'times new roman', times, serif; font-size: 12pt;\"><strong>Transporte de energia em g\u00e1s de Lorentz peri\u00f3dico<\/strong><\/span><\/span><\/p>\n<p style=\"text-align: justify;\"><span style=\"font-family: 'times new roman', times, serif; font-size: 12pt;\"><strong>Orientando:<\/strong> Leonardo Raphael Otto de Rocco<\/span><\/p>\n<p style=\"text-align: justify;\"><span style=\"font-family: 'times new roman', times, serif; font-size: 12pt;\"><strong>Orientador:<\/strong> Prof. Dr. Eduardo Vicentini<\/span><\/p>\n<p style=\"text-align: justify;\"><span style=\"font-family: 'times new roman', times, serif; font-size: 12pt;\"><strong>Resumo:<\/strong><\/span><br \/>\n<span style=\"font-family: 'times new roman', times, serif; font-size: 12pt;\">Bilhares cl\u00e1ssicos constituem um importante grupo de sistemas din\u00e2micos de interessa da F\u00edsica Matem\u00e1tica. Estes possuem uma variedade de propriedades din\u00e2micas, que dependem da geometria do bilhar. Quando usados para modelar sistemas f\u00edsicos, essas propriedades ajudam a compreender a origem microsc\u00f3pica de propriedades macrosc\u00f3picas do sistema. Os bilhares de Sinai, cuja geometria consiste em um disco espalhador centrado em um quadrado, \u00e9 tamb\u00e9m a c\u00e9lula unit\u00e1ria de um sistema infinito conhecido como g\u00e1s Lorentz peri\u00f3dico, que foi desenvolvido, inicialmente, para simular o g\u00e1s de el\u00e9trons num material condutor. O processo de difus\u00e3o, bem como o coeficiente de difus\u00e3o e sua rela\u00e7\u00e3o com as propriedades din\u00e2micas j\u00e1 s\u00e3o bem conhecidos. Neste trabalho pretendemos estudar o processo de transporte de energia\u00a0 este tipo de bilhar, calcular o coeficiente de condutividade t\u00e9rmica e sua rela\u00e7\u00e3o com a geometria do sistema.\u00a0<\/span><\/p>\n<hr \/>\n<p>[vc_row][vc_column width=&#8221;1\/1&#8243;][vc_column_text][\/vc_column_text][vc_column_text]<\/p>\n<p style=\"text-align: center;\"><span style=\"text-decoration: underline; font-size: 12pt;\"><strong><span style=\"font-family: 'times new roman', times, serif;\">Desenvolvimento de nanofibras polim\u00e9ricas bioativas para utiliza\u00e7\u00e3o no<\/span><\/strong><\/span><\/p>\n<p style=\"text-align: center;\"><span style=\"text-decoration: underline; font-size: 12pt;\"><strong><span style=\"font-family: 'times new roman', times, serif;\">tratamento de feridas<\/span><\/strong><\/span><\/p>\n<p><span style=\"font-family: 'times new roman', times, serif; font-size: 12pt;\"><strong>Orientanda:<\/strong> Lorraine Gabriele Fuiza de Jesus<\/span><\/p>\n<p><span style=\"font-family: 'times new roman', times, serif; font-size: 12pt;\"><strong>Orientadores:<\/strong> Prof. Dr. Ricardo Yoshimitsu Miyahara<\/span><\/p>\n<p><span style=\"font-size: 12pt;\"><strong><span style=\"font-family: 'times new roman', times, serif;\">Resumo<\/span><\/strong><\/span><\/p>\n<p style=\"text-align: justify;\"><span style=\"font-family: 'times new roman', times, serif; font-size: 12pt;\">A cicatriza\u00e7\u00e3o das feridas cr\u00f4nicas \u00e9 tarefa complexa devido as caracter\u00edsticas das les\u00f5es que acometem principalmente pacientes com a sa\u00fade debilitada e com dif\u00edcil acesso a um sistema de sa\u00fade de qualidade. Dessa maneira \u00e9 de extrema import\u00e2ncia o desenvolvimento de novas t\u00e9cnicas ou curativos para o tratamento dessas feridas. Nesta pesquisa ser\u00e3o desenvolvidas malhas constitu\u00eddas de nanofibras polim\u00e9ricas eletrofiadas e a incorpora\u00e7\u00e3o do fotossensibilizador tornar\u00e1 esse curativo multifuncional. Pois quando for iluminado, al\u00e9m de das nanofibras atuarem como suporte para a regenera\u00e7\u00e3o do tecido a ftalocianina ir\u00e1 combater infec\u00e7\u00f5es nas feridas cr\u00f4nicas por meio da terapia fotodin\u00e2mica. Espera-se que com os resultados obtidos possa ser alcan\u00e7ados avan\u00e7os consider\u00e1veis quanto ao desenvolvimento de um protocolo de tratamento de feridas.<\/span><\/p>\n<hr \/>\n<p>[vc_row][vc_column width=&#8221;1\/1&#8243;][vc_column_text][\/vc_column_text][vc_column_text]<\/p>\n<p style=\"text-align: center;\"><span style=\"text-decoration: underline;\"><strong><span style=\"font-family: 'times new roman', times, serif; font-size: 12pt;\">Difus\u00e3o em sistemas fractais<\/span><\/strong><\/span><\/p>\n<p style=\"text-align: justify;\"><span style=\"font-family: 'times new roman', times, serif; font-size: 12pt;\"><span style=\"font-family: times new roman, times, serif;\"><b>Orientanda:<\/b> Mariana Carachinski<\/span><\/span><\/p>\n<p style=\"text-align: justify;\"><span style=\"font-family: 'times new roman', times, serif; font-size: 12pt;\"><strong>Orientador:<\/strong> Prof. Dr. Eduardo Vicentini<\/span><\/p>\n<p style=\"text-align: justify;\"><span style=\"font-family: 'times new roman', times, serif; font-size: 12pt;\"><strong>Resumo:<\/strong><\/span><br \/>\n<span style=\"font-family: 'times new roman', times, serif; font-size: 12pt;\">A difus\u00e3o ocorre quando elementos v\u00e3o de um local com maior <\/span><span style=\"font-family: 'times new roman', times, serif; font-size: 12pt;\">concentra\u00e7\u00e3o para um de menor concentra\u00e7\u00e3o, como quando algumas gotas <\/span><span style=\"font-family: 'times new roman', times, serif; font-size: 12pt;\">de tinta caem na \u00e1gua e se espalham aos poucos at\u00e9 que o liquido fique com <\/span><span style=\"font-family: 'times new roman', times, serif; font-size: 12pt;\">cor homog\u00eanea. H\u00e1 diversos fatores que influenciam na difus\u00e3o, entretanto, a <\/span><span style=\"font-family: 'times new roman', times, serif; font-size: 12pt;\">ideia durante est\u00e1 pesquisa \u00e9 tratar de como funciona a difus\u00e3o em sistemas <\/span><span style=\"font-family: 'times new roman', times, serif; font-size: 12pt;\">n\u00e3o contemplados pela geometria cl\u00e1ssica, esses sistemas s\u00e3o denominados <\/span><span style=\"font-family: 'times new roman', times, serif; font-size: 12pt;\">fractais. <\/span><span style=\"font-family: 'times new roman', times, serif; font-size: 12pt;\">Os fractais s\u00e3o figuras geom\u00e9tricas autossimilares (como galhos de <\/span><span style=\"font-family: 'times new roman', times, serif; font-size: 12pt;\">\u00e1rvores), essas figuras s\u00e3o geralmente associadas a sistemas ca\u00f3ticos (nuvens <\/span><span style=\"font-family: 'times new roman', times, serif; font-size: 12pt;\">podem se encaixar como figuras fractais, e seus movimentos n\u00e3o pode ser <\/span><span style=\"font-family: 'times new roman', times, serif; font-size: 12pt;\">calculado com certeza). Com vista em tudo isso, iremos analisar o <\/span><span style=\"font-family: 'times new roman', times, serif; font-size: 12pt;\">comportamento de um processo difusivo acima de um fractal atrav\u00e9s de <\/span><span style=\"font-family: 'times new roman', times, serif; font-size: 12pt;\">programas matem\u00e1ticos.<\/span><\/p>\n<hr \/>\n<p>[vc_row][vc_column width=&#8221;1\/1&#8243;][vc_column_text][\/vc_column_text][vc_column_text]<\/p>\n<p style=\"text-align: center;\"><span style=\"text-decoration: underline; font-family: 'times new roman', times, serif; font-size: 12pt;\"><strong>Desenvolvimento de Protetor Solar a base de Hidroxiapatita n\u00e3o sint\u00e9tica<\/strong><\/span><\/p>\n<p style=\"text-align: justify;\"><span style=\"font-family: 'times new roman', times, serif; font-size: 12pt;\"><strong>Orientando:<\/strong> Rafael Welter dos Santos<\/span><\/p>\n<p style=\"text-align: justify;\"><span style=\"font-family: 'times new roman', times, serif; font-size: 12pt;\"><strong>Orientador:<\/strong> Prof. Dr. Ricardo Yoshimitsu Miyahara<\/span><\/p>\n<p style=\"text-align: justify;\"><span style=\"font-family: 'times new roman', times, serif; font-size: 12pt;\"><strong>Resumo:<\/strong><\/span><\/p>\n<p style=\"text-align: justify;\"><span style=\"font-family: 'times new roman', times, serif; font-size: 12pt;\">A preocupa\u00e7\u00e3o com a fotoprote\u00e7\u00e3o cut\u00e2nea surgiu a muito tempo, desde os povos antigos, que utilizavam roupas de algod\u00e3o e chap\u00e9us para se proteger contra as radia\u00e7\u00f5es emitidas pelo Sol. A radia\u00e7\u00e3o ultravioleta vinda deste, pode trazer alguns benef\u00edcios, como a produ\u00e7\u00e3o da vitamina D, por\u00e9m em excesso, torna-se prejudicial, tendo potencial carcinog\u00eanese. Desta forma, faz-se necess\u00e1rio o desenvolvimento de m\u00e9todos de prote\u00e7\u00e3o contra tais riscos. Uma das maneiras mais eficazes utilizadas atualmente \u00e9 o uso de protetores solares. Com isso, busca-se desenvolver um filtro solar inorg\u00e2nico a base de Hidroxiapatita (HPA) n\u00e3o sint\u00e9tica. Como a HPA \u00e9 um material biocompat\u00edvel, muito utilizada em pr\u00f3teses dent\u00e1rias e \u00f3sseas, a toxicidade \u00e9 inexistente, ao contr\u00e1rio de alguns filtros f\u00edsicos utilizados no mercado. Esta pesquisa tem o objetivo de desenvolver um produto de baixo custo, isso ocorrer\u00e1 devido a abund\u00e2ncia da mat\u00e9ria prima na regi\u00e3o, proporcionando f\u00e1cil acesso \u00e0 popula\u00e7\u00e3o, aumentando assim a qualidade de vida.<\/span><\/p>\n<hr \/>\n<p>[vc_row][vc_column width=&#8221;1\/1&#8243;][vc_column_text][\/vc_column_text][\/vc_column][\/vc_row][vc_row][vc_column][vc_column_text]<\/p>\n<p style=\"text-align: center;\"><strong><span style=\"text-decoration: underline; font-family: 'times new roman', times, serif; font-size: 12pt;\">Radioatividade de amostras de solo<\/span><\/strong><\/p>\n<p style=\"text-align: justify;\"><span style=\"font-family: 'times new roman', times, serif; font-size: 12pt;\"><strong>Orientanda:<\/strong> Rafaela Choqueti Camargo de Meira<\/span><\/p>\n<p style=\"text-align: justify;\"><span style=\"font-family: 'times new roman', times, serif; font-size: 12pt;\"><strong>Orientador:<\/strong> Prof. Dr. Rodrigo Oliveira Bastos<\/span><\/p>\n<p style=\"text-align: justify;\"><strong><span style=\"font-family: 'times new roman', times, serif; font-size: 12pt;\">Resumo:<\/span><\/strong><br \/>\n<span style=\"font-family: 'times new roman', times, serif; font-size: 12pt;\">A radioatividade natural est\u00e1 presente em nossa vida de diversas formas, e uma delas \u00e9 atrav\u00e9s dos radionucl\u00eddeos que est\u00e3o presentes no solo, que ao deca\u00edrem emitem radia\u00e7\u00e3o. Como objeto de pesquisa temos o Pot\u00e1ssio-40, Ur\u00e2nio- 238 e o T\u00f3rio-232 (juntos de suas s\u00e9ries de nucl\u00eddeos produzidos ao deca\u00edrem). O estudo da atividade desses radionucl\u00eddeos pode ser feito de diversas maneiras, dito isto, o intuito dessa pesquisa \u00e9 encontrar uma melhor forma de realizar as an\u00e1lises de radioatividade natural presente no solo, atrav\u00e9s da espectrometria de raios gama.<\/span><\/p>\n<hr \/>\n<p>[vc_row][vc_column width=&#8221;1\/1&#8243;][vc_column_text][\/vc_column_text][vc_column_text]<\/p>\n<p style=\"text-align: center;\"><span style=\"text-decoration: underline; font-family: 'times new roman', times, serif; font-size: 12pt;\"><strong>Espa\u00e7os reflexivos<\/strong><\/span><\/p>\n<p style=\"text-align: justify;\"><span style=\"font-family: 'times new roman', times, serif; font-size: 12pt;\"><strong>Orientanda:<\/strong> Rieli Tain\u00e1 Gomes dos Santos<\/span><\/p>\n<p style=\"text-align: justify;\"><span style=\"font-family: 'times new roman', times, serif; font-size: 12pt;\"><strong>Orientador: <\/strong>Prof. Dr.\u00a0Thiago Grando<\/span><\/p>\n<p style=\"text-align: justify;\"><span style=\"font-family: 'times new roman', times, serif; font-size: 12pt;\"><strong>Resumo:<\/strong><\/span><\/p>\n<p style=\"text-align: justify;\"><span style=\"font-family: 'times new roman', times, serif; font-size: 12pt;\">Este projeto de inicia\u00e7\u00e3o cient\u00edfica tem como objetivo o estudo dos espa\u00e7os reflexivos e suas propriedades. Esse estudo est\u00e1 inserido na \u00e1rea matem\u00e1tica de An\u00e1lise Funcional, o qual estuda os espa\u00e7os vetoriais de dimens\u00e3o infinita. A An\u00e1lise Funcional \u00e9 um tema de extrema import\u00e2ncia em matem\u00e1tica e tamb\u00e9m em aplica\u00e7\u00f5es nas diversas \u00e1reas das ci\u00eancias exatas. Ela teve sua origem a partir da An\u00e1lise Matem\u00e1tica cl\u00e1ssica e foi fundamental no desenvolvimento de v\u00e1rios t\u00f3picos como nos problemas relacionados a EDP, EDO, an\u00e1lise num\u00e9rica, c\u00e1lculo das varia\u00e7\u00f5es, entre outros. Um espa\u00e7o de Banach \u00e9 reflexivo se \u00e9 linearmente isom\u00e9trico ao seu bidual atrav\u00e9s da imers\u00e3o can\u00f4nica. Existem muitos exemplos de espa\u00e7os reflexivos, entre eles est\u00e3o os espa\u00e7os Lp, onde 1 &lt; p &lt; \u221e. V\u00e1rios t\u00f3picos ser\u00e3o abordados sobre esses espa\u00e7os, como por exemplo, se um espa\u00e7o de Banach X \u00e9 isomorfo a um espa\u00e7o reflexivo Y, ent\u00e3o X \u00e9 um espa\u00e7o reflexivo.<\/span><\/p>\n<hr \/>\n<p>[vc_row][vc_column width=&#8221;1\/1&#8243;][vc_column_text][\/vc_column_text][\/vc_column][\/vc_row][vc_row][vc_column][vc_column_text]<\/p>\n<p style=\"text-align: center;\"><span style=\"text-decoration: underline;\"><strong><span style=\"font-family: 'times new roman', times, serif; font-size: 12pt;\">Transporte de Energia pelo M\u00e9todo do Caminho Rand\u00f4mico<\/span><\/strong><\/span><\/p>\n<p style=\"text-align: justify;\"><span style=\"font-family: 'times new roman', times, serif; font-size: 12pt;\"><strong>Orientando:<\/strong> Vinicius Andrade de Oliveira<\/span><\/p>\n<p style=\"text-align: justify;\"><span style=\"font-family: 'times new roman', times, serif; font-size: 12pt;\"><strong>Orientador:<\/strong> Prof. Dr. Eduardo Vicentini<\/span><\/p>\n<p style=\"text-align: justify;\"><span style=\"font-family: 'times new roman', times, serif; font-size: 12pt;\"><strong>Resumo:<\/strong><\/span><br \/>\n<span style=\"font-family: 'times new roman', times, serif; font-size: 12pt;\">O caminho rand\u00f4mico \u00e9 utilizado em diversas \u00e1rea do conhecimento para sistemas que aparentam ser aleat\u00f3rios. O seu modelo consiste em uma sucess\u00e3o de passos aleat\u00f3rios, utilizados para simular o movimento de animais na natureza, el\u00e9trons de um g\u00e1s, entre outros. Por outro lado, os bilhares cl\u00e1ssicos s\u00e3o sistemas din\u00e2micos determin\u00edsticos de grande import\u00e2ncia, utilizados para representar sistemas f\u00edsicos e investigar a influ\u00eancias de diferentes configura\u00e7\u00f5es microsc\u00f3picas nas medidas de grandezas macrosc\u00f3picas. Neste estudo ser\u00e1 desenvolvido um modelo de transfer\u00eancia de energia pelo m\u00e9todo do caminho rand\u00f4mico e ser\u00e3o utilizados bilhares para construir um sistema que imita movimentos aleat\u00f3rios, sendo poss\u00edvel testar o modelo proposto e calcular e caracterizar a condutividade t\u00e9rmica do sistema.<\/span><\/p>\n<hr \/>\n<p>[vc_row][vc_column width=&#8221;1\/1&#8243;][vc_column_text][\/vc_column_text][\/vc_column][\/vc_row]<\/p>\n<\/div>","protected":false},"excerpt":{"rendered":"<p>[vc_row][vc_column][vc_column_text] Estudo da din\u00e2mica de emaranhamento atrav\u00e9s da intera\u00e7\u00e3o entre \u00e1tomo e campo eletromagn\u00e9tico Orientando: Bruno Henrique Lisenko Ribeiro Orientador: Prof. Dr. Paulo Jos\u00e9 dos Reis Resumo: O emaranhamento \u00e9 uma propriedade fundamental na Teoria da Informa\u00e7\u00e3o Qu\u00e2ntica. Um dos diversos meios de se trabalhar com informa\u00e7\u00e3o nesse n\u00edvel \u00e9 com \u00e1tomos aprisionados em cavidades [&hellip;]<\/p>\n","protected":false},"author":135,"featured_media":0,"parent":150,"menu_order":0,"comment_status":"closed","ping_status":"closed","template":"","meta":{"_exactmetrics_skip_tracking":false,"_exactmetrics_sitenote_active":false,"_exactmetrics_sitenote_note":"","_exactmetrics_sitenote_category":0,"footnotes":"","_links_to":"","_links_to_target":""},"class_list":["post-6759","page","type-page","status-publish","hentry"],"_links":{"self":[{"href":"https:\/\/www3.unicentro.br\/petfisica\/wp-json\/wp\/v2\/pages\/6759","targetHints":{"allow":["GET"]}}],"collection":[{"href":"https:\/\/www3.unicentro.br\/petfisica\/wp-json\/wp\/v2\/pages"}],"about":[{"href":"https:\/\/www3.unicentro.br\/petfisica\/wp-json\/wp\/v2\/types\/page"}],"author":[{"embeddable":true,"href":"https:\/\/www3.unicentro.br\/petfisica\/wp-json\/wp\/v2\/users\/135"}],"replies":[{"embeddable":true,"href":"https:\/\/www3.unicentro.br\/petfisica\/wp-json\/wp\/v2\/comments?post=6759"}],"version-history":[{"count":0,"href":"https:\/\/www3.unicentro.br\/petfisica\/wp-json\/wp\/v2\/pages\/6759\/revisions"}],"up":[{"embeddable":true,"href":"https:\/\/www3.unicentro.br\/petfisica\/wp-json\/wp\/v2\/pages\/150"}],"wp:attachment":[{"href":"https:\/\/www3.unicentro.br\/petfisica\/wp-json\/wp\/v2\/media?parent=6759"}],"curies":[{"name":"wp","href":"https:\/\/api.w.org\/{rel}","templated":true}]}}