{"id":5980,"date":"2020-02-28T15:03:32","date_gmt":"2020-02-28T18:03:32","guid":{"rendered":"https:\/\/www3.unicentro.br\/petfisica\/?page_id=5980"},"modified":"2022-11-26T14:52:40","modified_gmt":"2022-11-26T17:52:40","slug":"em-2020","status":"publish","type":"page","link":"https:\/\/www3.unicentro.br\/petfisica\/producao\/em-2020\/","title":{"rendered":"Em 2020"},"content":{"rendered":"<div class=\"wpb-content-wrapper\"><p>[vc_row][vc_column][vc_column_text]<\/p>\n<p style=\"text-align: justify\"><span style=\"font-family: 'times new roman', times, serif;font-size: 12pt\">[vc_row][vc_column width=&#8221;1\/1&#8243;][vc_column_text]<\/span><\/p>\n<p style=\"text-align: justify\"><span style=\"font-family: 'times new roman', times, serif;font-size: 12pt\">1. RAMOS, M. V. C.; TOMINAGA, T. T.. <strong>ESTUDOS ESPECTROSC\u00d3PICOS DA INTERA\u00c7\u00c3O DA ALBUMINA COM A EOSINA<\/strong>. Em XXIX Encontro Anual de Inicia\u00e7\u00e3o Cient\u00edfica (EAIC) 2020, Guarapuava \u2013 PR.<\/span><\/p>\n<p style=\"text-align: justify\"><span style=\"font-family: 'times new roman', times, serif;font-size: 12pt\">2. MEIRA, R. C. C.; BASTOS, R. O..<strong> RADIOATIVIDADE DE AMOSTRAS DE SOLO DO PARQUE DAS ARAUC\u00c1RIAS, GUARAPUAVA, PR<\/strong>. Em XXIX Encontro Anual de Inicia\u00e7\u00e3o Cient\u00edfica (EAIC) 2020, Guarapuava \u2013 PR.<\/span><\/p>\n<p style=\"text-align: justify\"><span style=\"font-size: 12pt;font-family: 'times new roman', times, serif\">3. DIAS, L.C.; FREITAS, V, F.. <strong>ESTUDO E DESENVOLVIMENTO DE DISPOSITIVOS FOTOVOLTAICOS A BASE DE PEROVSKITAS: MATERIAIS MAGNETOEL\u00c9TRICOS<\/strong>. Em XXIX Encontro Anual de Inicia\u00e7\u00e3o Cient\u00edfica (EAIC) 2020, Guarapuava \u2013 PR.<\/span><\/p>\n<p style=\"text-align: justify\"><span style=\"font-family: 'times new roman', times, serif;font-size: 12pt\">4. RIBEIRO, B. H. L.; DOS REIS, P. J.. <strong>EXPLICANDO A DESIGUALDADE DE BELL ATRAV\u00c9S DA LEI DE MALUS NO REGIME DE F\u00d3TONS INDIVIDUAIS.<\/strong> Em XXIX Encontro Anual de Inicia\u00e7\u00e3o Cient\u00edfica (EAIC) 2020, Guarapuava-PR.<\/span><\/p>\n<p style=\"text-align: justify\"><span style=\"font-family: 'times new roman', times, serif;font-size: 12pt\">5. OLIVEIRA, V. A.; BORRERO,. P. P. G.. <strong>CARACTERIZA\u00c7\u00c3O DE BFPT POR MEIO DA T\u00c9CNICA ESPECTROSCOPIA FOTOAC\u00daSTICA.<\/strong> Em XXIX Encontro Anual de Inicia\u00e7\u00e3o Cient\u00edfica (EAIC) 2020, Guarapuava-PR.<\/span><\/p>\n<p style=\"text-align: justify\"><span style=\"font-family: 'times new roman', times, serif;font-size: 12pt\">6. STEFENON, F. L.BORRERO, P. P. G.. <strong>CARACTERIZA\u00c7\u00c3O DE \u00d3XIDOS DE FERRO\u00a0 VIA ESPECTROSCOPIA FOTOAC\u00daSTICA.<\/strong> Em XXIX Encontro Anual de Inicia\u00e7\u00e3o Cient\u00edfica (EAIC) 2020, Guarapuava-PR.<\/span><\/p>\n<p style=\"text-align: justify\"><span style=\"font-family: 'times new roman', times, serif;font-size: 12pt\">7. RODRIGUES, R. G, P. P. G.. <strong>CARACTERIZA\u00c7\u00c3O DE ALIMENTOS NUTRAC\u00caUTICOS POR MEIO DA T\u00c9CNICA DE ESPECTROSCOPIA FOTOAC\u00daSTICA.<\/strong> Em XXIX Encontro Anual de Inicia\u00e7\u00e3o Cient\u00edfica (EAIC) 2020, Guarapuava-PR.<\/span><\/p>\n<p style=\"text-align: justify\"><span style=\"font-family: 'times new roman', times, serif;font-size: 12pt\">8. JESUS, L. G. F.; MIYAHARA, R. Y.. <strong>AVALIA\u00c7\u00c3O DE HIDROXIAPATITA PARA APLICA\u00c7\u00c3O M\u00c9DICA.<\/strong> Em X Encontro Anual de Inicia\u00e7\u00e3o Tecnol\u00f3gica e Inova\u00e7\u00e3o (EAITI) 2020, Guarapuava \u2013 PR.<\/span><\/p>\n<p>[\/vc_column_text][\/vc_column][\/vc_row][vc_row][vc_column][vc_column_text][\/vc_column_text][\/vc_column][\/vc_row]<\/p>\n<\/div>","protected":false},"excerpt":{"rendered":"<p>[vc_row][vc_column][vc_column_text] [vc_row][vc_column width=&#8221;1\/1&#8243;][vc_column_text] 1. RAMOS, M. V. C.; TOMINAGA, T. T.. ESTUDOS ESPECTROSC\u00d3PICOS DA INTERA\u00c7\u00c3O DA ALBUMINA COM A EOSINA. Em XXIX Encontro Anual de Inicia\u00e7\u00e3o Cient\u00edfica (EAIC) 2020, Guarapuava \u2013 PR. 2. MEIRA, R. C. C.; BASTOS, R. O.. RADIOATIVIDADE DE AMOSTRAS DE SOLO DO PARQUE DAS ARAUC\u00c1RIAS, GUARAPUAVA, PR. Em XXIX Encontro Anual [&hellip;]<\/p>\n","protected":false},"author":135,"featured_media":0,"parent":155,"menu_order":0,"comment_status":"closed","ping_status":"closed","template":"","meta":{"_exactmetrics_skip_tracking":false,"_exactmetrics_sitenote_active":false,"_exactmetrics_sitenote_note":"","_exactmetrics_sitenote_category":0,"footnotes":"","_links_to":"","_links_to_target":""},"class_list":["post-5980","page","type-page","status-publish","hentry"],"_links":{"self":[{"href":"https:\/\/www3.unicentro.br\/petfisica\/wp-json\/wp\/v2\/pages\/5980","targetHints":{"allow":["GET"]}}],"collection":[{"href":"https:\/\/www3.unicentro.br\/petfisica\/wp-json\/wp\/v2\/pages"}],"about":[{"href":"https:\/\/www3.unicentro.br\/petfisica\/wp-json\/wp\/v2\/types\/page"}],"author":[{"embeddable":true,"href":"https:\/\/www3.unicentro.br\/petfisica\/wp-json\/wp\/v2\/users\/135"}],"replies":[{"embeddable":true,"href":"https:\/\/www3.unicentro.br\/petfisica\/wp-json\/wp\/v2\/comments?post=5980"}],"version-history":[{"count":0,"href":"https:\/\/www3.unicentro.br\/petfisica\/wp-json\/wp\/v2\/pages\/5980\/revisions"}],"up":[{"embeddable":true,"href":"https:\/\/www3.unicentro.br\/petfisica\/wp-json\/wp\/v2\/pages\/155"}],"wp:attachment":[{"href":"https:\/\/www3.unicentro.br\/petfisica\/wp-json\/wp\/v2\/media?parent=5980"}],"curies":[{"name":"wp","href":"https:\/\/api.w.org\/{rel}","templated":true}]}}