{"id":5973,"date":"2020-02-28T14:54:52","date_gmt":"2020-02-28T17:54:52","guid":{"rendered":"https:\/\/www3.unicentro.br\/petfisica\/?page_id=5973"},"modified":"2023-07-18T11:33:06","modified_gmt":"2023-07-18T14:33:06","slug":"2020exten","status":"publish","type":"page","link":"https:\/\/www3.unicentro.br\/petfisica\/atividades\/extensao\/2020exten\/","title":{"rendered":"Extens\u00e3o 2020"},"content":{"rendered":"<div class=\"wpb-content-wrapper\"><p>[vc_row][vc_column][vc_column_text]<\/p>\n<p style=\"text-align: center\"><strong><span style=\"text-decoration: underline\"><span style=\"font-family: 'times new roman', times, serif;font-size: 12pt\">PET pelos pets<\/span><\/span><\/strong><\/p>\n<p style=\"text-align: justify\"><span style=\"font-family: 'times new roman', times, serif;font-size: 12pt\">Alguns membros do GPET-F\u00edsica realizaram uma doa\u00e7\u00e3o de ra\u00e7\u00e3o na Feira de Ado\u00e7\u00e3o no Parque do Lago em Guarapuava-PR, a atividade aconteceu no dia 06 de setembro de 2020, \u00e0s 15 horas. Foram arrecadadas cerca de 55 kg de ra\u00e7\u00e3o e encaminhadas \u00e0 protetora de animais Simone Lara dos Santos, a qual concedeu aos petianos uma entrevista r\u00e1pida. Nesta, ela relatou que se encontra na causa a favor dos animais h\u00e1 6 anos e que sua motiva\u00e7\u00e3o foi ver o sofrimento dos animais. Al\u00e9m dos seus resgates, Simone trabalha tamb\u00e9m como Uber de animais. <\/span><br \/>\n<span style=\"font-family: 'times new roman', times, serif;font-size: 12pt\">O Grupo PET-F\u00edsica agradece a todos pela doa\u00e7\u00e3o, em especial aos que a fizeram antes de se iniciar a pandemia do novo coronav\u00edrus e aos membros do grupo que apoiaram a campanha.<\/span><br \/>\n<span style=\"font-family: 'times new roman', times, serif;font-size: 12pt\">Este ano a campanha est\u00e1 oficialmente encerrada. Por\u00e9m, nas pr\u00f3ximas edi\u00e7\u00f5es, esperamos poder contar novamente com vossas doa\u00e7\u00f5es, que, por mais simples que sejam, s\u00e3o de grande ajuda.<\/span><\/p>\n<hr \/>\n<p style=\"text-align: center\"><strong><span style=\"text-decoration: underline\"><span style=\"font-family: 'times new roman', times, serif;font-size: 12pt\">Agasalha PET<\/span><\/span><\/strong><\/p>\n<p style=\"text-align: justify\"><span style=\"font-family: 'times new roman', times, serif;font-size: 12pt\">No dia 15 de agosto de 2020, foi feita a doa\u00e7\u00e3o das roupas arrecadadas no projeto Agasalha PET. <\/span><span style=\"font-family: 'times new roman', times, serif;font-size: 12pt\">Elas foram entregues na Ag\u00eancia Adventista de Desenvolvimento e Recursos Assistenciais (ADRA). <\/span><span style=\"font-family: 'times new roman', times, serif;font-size: 12pt\">Gostar\u00edamos de agradecer a todos que doaram, por tornar essa campanha poss\u00edvel e assim ajudar pessoas necessitadas. <\/span><span style=\"font-family: 'times new roman', times, serif;font-size: 12pt\">Tamb\u00e9m gostar\u00edamos de agradecer \u00e0 Andressa Mayara Costa Rosa, por mediar a doa\u00e7\u00e3o.<\/span><\/p>\n<hr \/>\n<p>[\/vc_column_text][\/vc_column][\/vc_row]<\/p>\n<\/div>","protected":false},"excerpt":{"rendered":"<p>[vc_row][vc_column][vc_column_text] PET pelos pets Alguns membros do GPET-F\u00edsica realizaram uma doa\u00e7\u00e3o de ra\u00e7\u00e3o na Feira de Ado\u00e7\u00e3o no Parque do Lago em Guarapuava-PR, a atividade aconteceu no dia 06 de setembro de 2020, \u00e0s 15 horas. Foram arrecadadas cerca de 55 kg de ra\u00e7\u00e3o e encaminhadas \u00e0 protetora de animais Simone Lara dos Santos, a [&hellip;]<\/p>\n","protected":false},"author":135,"featured_media":0,"parent":190,"menu_order":0,"comment_status":"closed","ping_status":"closed","template":"","meta":{"_exactmetrics_skip_tracking":false,"_exactmetrics_sitenote_active":false,"_exactmetrics_sitenote_note":"","_exactmetrics_sitenote_category":0,"footnotes":"","_links_to":"","_links_to_target":""},"class_list":["post-5973","page","type-page","status-publish","hentry"],"_links":{"self":[{"href":"https:\/\/www3.unicentro.br\/petfisica\/wp-json\/wp\/v2\/pages\/5973","targetHints":{"allow":["GET"]}}],"collection":[{"href":"https:\/\/www3.unicentro.br\/petfisica\/wp-json\/wp\/v2\/pages"}],"about":[{"href":"https:\/\/www3.unicentro.br\/petfisica\/wp-json\/wp\/v2\/types\/page"}],"author":[{"embeddable":true,"href":"https:\/\/www3.unicentro.br\/petfisica\/wp-json\/wp\/v2\/users\/135"}],"replies":[{"embeddable":true,"href":"https:\/\/www3.unicentro.br\/petfisica\/wp-json\/wp\/v2\/comments?post=5973"}],"version-history":[{"count":0,"href":"https:\/\/www3.unicentro.br\/petfisica\/wp-json\/wp\/v2\/pages\/5973\/revisions"}],"up":[{"embeddable":true,"href":"https:\/\/www3.unicentro.br\/petfisica\/wp-json\/wp\/v2\/pages\/190"}],"wp:attachment":[{"href":"https:\/\/www3.unicentro.br\/petfisica\/wp-json\/wp\/v2\/media?parent=5973"}],"curies":[{"name":"wp","href":"https:\/\/api.w.org\/{rel}","templated":true}]}}