{"id":5092,"date":"2019-11-04T11:12:27","date_gmt":"2019-11-04T14:12:27","guid":{"rendered":"https:\/\/www3.unicentro.br\/petfisica\/?page_id=5092"},"modified":"2019-11-14T09:30:59","modified_gmt":"2019-11-14T12:30:59","slug":"em-2019","status":"publish","type":"page","link":"https:\/\/www3.unicentro.br\/petfisica\/producao\/em-2019\/","title":{"rendered":"Em 2019"},"content":{"rendered":"<div class=\"wpb-content-wrapper\"><p>[vc_row][vc_column][vc_column_text]<\/p>\n<p style=\"text-align: justify\"><span style=\"font-family: 'times new roman', times, serif;font-size: 12pt\">1. RAMOS, M. V. C.; TOMINAGA, T. T.. <strong>ESTUDO DA ATIVIDADE FOTODIN\u00c2MICA DOS FOTOSSENSIBILIZADORES VIOLETA GENCIANA E EOSINA SOBRE C\u00c9LULAS TUMORAIS<\/strong>. Em VI Semana de Integra\u00e7\u00e3o Ensino, Pesquisa e Extens\u00e3o, 2019, Guarapuava \u2013 PR. Anais da VI Semana de Integra\u00e7\u00e3o Ensino, Pesquisa e Extens\u00e3o, 2019.<\/span><\/p>\n<p>[\/vc_column_text][\/vc_column][\/vc_row][vc_row][vc_column][vc_column_text]<\/p>\n<p style=\"text-align: justify\"><span style=\"font-family: 'times new roman', times, serif;font-size: 12pt\">2. RAMOS, M. V. C.; DIAS, L. C.; LARA, F. B.; BORRERO, P. P. G.. <strong>DO PERFIL DOS ESTUDANTES DE F\u00cdSICA \u00c0 COMPREENS\u00c3O DE SUAS MOTIVA\u00c7\u00d5ES<\/strong>. Em VI Semana de Integra\u00e7\u00e3o Ensino, Pesquisa e Extens\u00e3o, 2019, Guarapuava \u2013 PR. Anais da VI Semana de Integra\u00e7\u00e3o Ensino, Pesquisa e Extens\u00e3o, 2019.<\/span><\/p>\n<p>[\/vc_column_text][\/vc_column][\/vc_row][vc_row][vc_column][vc_column_text]<\/p>\n<p style=\"text-align: justify\"><span style=\"font-family: 'times new roman', times, serif;font-size: 12pt\">3. SENNA, L. Jr.; FREITAS, V. F.. <strong>CARACTERIZA\u00c7\u00d5ES F\u00cdSICAS DO COMPOSTO MULTIFERR\u00d3ICO BiFeO<sub>3<\/sub><\/strong>. Em VI Semana de Integra\u00e7\u00e3o Ensino, Pesquisa e Extens\u00e3o, 2019, Guarapuava \u2013 PR. Anais da VI Semana de Integra\u00e7\u00e3o Ensino, Pesquisa e Extens\u00e3o, 2019.<\/span><\/p>\n<p>[\/vc_column_text][\/vc_column][\/vc_row][vc_row][vc_column][vc_column_text]<\/p>\n<p style=\"text-align: justify\"><span style=\"font-family: 'times new roman', times, serif;font-size: 12pt\">4. OLIVEIRA, V. A.; BORRERO, P. P. G. <strong>ESPECTROSCOPIA FOTOAC\u00daSTICA APLICADA A DETERMINA\u00c7\u00c3O DIRETA DE COMPOSTOS FEN\u00d3LICOS EM PR\u00d3POLIS<\/strong>. Em VI Semana de Integra\u00e7\u00e3o Ensino, Pesquisa e Extens\u00e3o, 2019, Guarapuava \u2013 PR. Anais da VI Semana de Integra\u00e7\u00e3o Ensino, Pesquisa e Extens\u00e3o, 2019.<\/span><\/p>\n<p>[\/vc_column_text][\/vc_column][\/vc_row][vc_row][vc_column][vc_column_text]<\/p>\n<p style=\"text-align: justify\"><span style=\"font-family: 'times new roman', times, serif;font-size: 12pt\">5. STEFENON, F. L.; BORRERO, P. P. G. <strong>MONTAGEM DE T\u00c9CNICAS DE CARACTERIZA\u00c7\u00c3O \u00d3PTICA E T\u00c9RMICA: APLICA\u00c7\u00c3O EM ARGILAS E HIDROXIAPATITAS<\/strong>. Em VI Semana de Integra\u00e7\u00e3o Ensino, Pesquisa e Extens\u00e3o, 2019, Guarapuava \u2013 PR. Anais da VI Semana de Integra\u00e7\u00e3o Ensino, Pesquisa e Extens\u00e3o, 2019.<\/span><\/p>\n<p>[\/vc_column_text][\/vc_column][\/vc_row][vc_row][vc_column][vc_column_text]<\/p>\n<p style=\"text-align: justify\"><span style=\"font-family: 'times new roman', times, serif;font-size: 12pt\">6. LARA, F. B.; MIYAHARA, R. Y.. <strong>A ENERGIA ESCURA E SUA RELA\u00c7\u00c3O COM A EXPANS\u00c3O ACELERADA DO UNIVERSO<\/strong>. Em VI Semana de Integra\u00e7\u00e3o Ensino, Pesquisa e Extens\u00e3o, 2019, Guarapuava \u2013 PR. Anais da VI Semana de Integra\u00e7\u00e3o Ensino, Pesquisa e Extens\u00e3o, 2019.<\/span><\/p>\n<p>[\/vc_column_text][\/vc_column][\/vc_row][vc_row][vc_column][vc_column_text]<\/p>\n<p style=\"text-align: justify\"><span style=\"font-family: 'times new roman', times, serif;font-size: 12pt\">7. DIAS, L. C.; FREITAS, V. F. <strong>CARACTERIZA\u00c7\u00c3O DE FILMES FINOS DO COMPOSTO MULTIFERR\u00d3ICO BiFeO<sub>3<\/sub><\/strong>. Em 28\u00ba Encontro Anual de Inicia\u00e7\u00e3o Cient\u00edfica (28\u00b0 EAIC) 2019, Guarapuava \u2013 PR.<\/span><\/p>\n<p>[\/vc_column_text][\/vc_column][\/vc_row][vc_row][vc_column][vc_column_text]<\/p>\n<p style=\"text-align: justify\"><span style=\"font-family: 'times new roman', times, serif;font-size: 12pt\">8. DOS SANTOS, G. G.; BORRERO, P. P. G. <strong>AN\u00c1LISE DO PROJETO DE MONITORIAS DO GPET &#8211; F\u00cdSICA<\/strong>. Em VI Semana de Integra\u00e7\u00e3o Ensino, Pesquisa e Extens\u00e3o, 2019, Guarapuava \u2013 PR. Anais da VI Semana de Integra\u00e7\u00e3o Ensino, Pesquisa e Extens\u00e3o, 2019.<\/span><\/p>\n<p>[\/vc_column_text][\/vc_column][\/vc_row][vc_row][vc_column][vc_column_text]<\/p>\n<p style=\"text-align: justify\"><span style=\"font-family: 'times new roman', times, serif;font-size: 12pt\">9. DOS SANTOS, G. G.; DOS REIS, P. J. <strong>INTRODU\u00c7\u00c3O CRIPTOGRAFIA QU\u00c2NTICA ATRAV\u00c9S DA LEI DE MALUS NO REGIME DE F\u00d3TONS INDIVIDUAIS<\/strong>. Em VI Semana de Integra\u00e7\u00e3o Ensino, Pesquisa e Extens\u00e3o, 2019, Guarapuava \u2013 PR. Anais da VI Semana de Integra\u00e7\u00e3o Ensino, Pesquisa e Extens\u00e3o, 2019.<\/span><\/p>\n<p>[\/vc_column_text][\/vc_column][\/vc_row][vc_row][vc_column][vc_column_text]<\/p>\n<p style=\"text-align: justify\"><span style=\"font-family: 'times new roman', times, serif;font-size: 12pt\">10. DOS SANTOS, G. G.; BONADIO, T. G. M. <strong>S\u00cdNTESE E CARACTERIZA\u00c7\u00c3O DE HIDROXIAPATITA PELO M\u00c9TODO SOL-GEL SEGUIDO DE QUENCHING<\/strong>. Em VI Semana de Integra\u00e7\u00e3o Ensino, Pesquisa e Extens\u00e3o, 2019, Guarapuava \u2013 PR. Anais da VI Semana de Integra\u00e7\u00e3o Ensino, Pesquisa e Extens\u00e3o, 2019.<\/span><\/p>\n<p>[\/vc_column_text][\/vc_column][\/vc_row][vc_row][vc_column][vc_column_text]<\/p>\n<p style=\"text-align: justify\"><span style=\"font-family: 'times new roman', times, serif;font-size: 12pt\">11. FONSECA, M. M.; STEFENON, F. L.; BORRERO, P. P. G..<strong>GPET-F\u00cdSICA\/UNICENTRO: TRABALHANDO EM PROL DA SOCIEDADE<\/strong>. Em VI Semana de Integra\u00e7\u00e3o Ensino, Pesquisa e Extens\u00e3o, 2019, Guarapuava &#8211; PR. Anais da VI Semana de Integra\u00e7\u00e3o Ensino, Pesquisa e Extens\u00e3o, 2019<\/span><\/p>\n<p style=\"text-align: justify\">[\/vc_column_text][\/vc_column][\/vc_row][vc_row][vc_column][vc_column_text]<\/p>\n<p style=\"text-align: justify\"><span style=\"font-family: 'times new roman', times, serif;font-size: 12pt\">12. RODRIGUES, R. G.; BASTOS, R. O..\u00a0<strong>DETERMINA\u00c7\u00c3O DE POROSIDADE POR MEIO DA T\u00c9CNICA DE TRASMISS\u00c3O DE RAIOS GAMA<\/strong>.\u00a0Em VI Semana de Integra\u00e7\u00e3o Ensino, Pesquisa e Extens\u00e3o, 2019, Guarapuava \u2013 PR. Anais da VI Semana de Integra\u00e7\u00e3o Ensino, Pesquisa e Extens\u00e3o, 2019.<\/span><\/p>\n<p style=\"text-align: justify\">[\/vc_column_text][\/vc_column][\/vc_row][vc_row][vc_column][vc_column_text]<\/p>\n<p style=\"text-align: justify;\"><span style=\"font-family: 'times new roman', times, serif; font-size: 12pt;\">13. OLIVEIRA, P. C.; MIYAHARA, R. Y. <strong>OBTEN\u00c7\u00c3O DE HIDROXIAPATITA N\u00c3O SINT\u00c9TICA PARA PRODU\u00c7\u00c3O DE BIOMATERIAIS &#8211; FASE 3<\/strong>. Em 9\u00b0 Encontro Anual de Inicia\u00e7\u00e3o Tecnol\u00f3gica &#8211; EAITI, 2019, Guarapuava \u2013 PR. Anais do 9\u00b0 Encontro Anual de Inicia\u00e7\u00e3o Tecnol\u00f3gica, 2019.<\/span><\/p>\n<p>[\/vc_column_text][\/vc_column][\/vc_row][vc_row][vc_column][vc_column_text]<\/p>\n<p style=\"text-align: justify;\"><span style=\"font-family: 'times new roman', times, serif; font-size: 12pt;\">14. SANTOS, B. B. D.; MIYAHARA. R. Y.. <strong>OBTEN\u00c7\u00c3O E CARACTERIZA\u00c7\u00c3O DE NANOPART\u00cdCULAS MAGN\u00c9TICAS PARA APLICA\u00c7\u00d5ES IN VIVO<\/strong>. Em anais do 9\u00ba EAITI \u2013 Encontro Anual de Inicia\u00e7\u00e3o Tecnol\u00f3gica 07 e 08 de novembro de 2019, UNICENTRO, Guarapuava \u2013PR.<\/span><\/p>\n<p>[\/vc_column_text][\/vc_column][\/vc_row][vc_row][vc_column][vc_column_text]<\/p>\n<p style=\"text-align: justify;\"><span style=\"font-family: 'times new roman', times, serif; font-size: 12pt;\">15. RIBEIRO, B. H. L.; TOMINAGA, T. T.. <strong>DESENVOLVIMENTO DE UM SISTEMA LED COMO FONTE DE LUZ PARA TERAPIA FOTODIN\u00c2MICA &#8211; PARTE 1<\/strong>. Em 9\u00ba Encontro Anual de Inicia\u00e7\u00e3o Tecnol\u00f3gica &#8211; EAITI, 2019, Guarapuava &#8211; PR.<\/span><\/p>\n<p>[\/vc_column_text][\/vc_column][\/vc_row][vc_row][vc_column][vc_column_text]<\/p>\n<p style=\"text-align: justify;\"><span style=\"font-family: 'times new roman', times, serif; font-size: 12pt;\">16. RIBEIRO, S. C.; VICENTINI, E.; <strong>ESTADOS RESSONANTES EM CAVIDADES ACOPLADAS<\/strong>.\u00a0\u00a0Em VI Semana de Integra\u00e7\u00e3o Ensino, Pesquisa e Extens\u00e3o, 2019, Guarapuava \u2013 PR. Anais da VI Semana de Integra\u00e7\u00e3o Ensino, Pesquisa e Extens\u00e3o, 2019.<\/span><\/p>\n<p>[\/vc_column_text][\/vc_column][\/vc_row]<\/p>\n<\/div>","protected":false},"excerpt":{"rendered":"<p>[vc_row][vc_column][vc_column_text] 1. RAMOS, M. V. C.; TOMINAGA, T. T.. ESTUDO DA ATIVIDADE FOTODIN\u00c2MICA DOS FOTOSSENSIBILIZADORES VIOLETA GENCIANA E EOSINA SOBRE C\u00c9LULAS TUMORAIS. Em VI Semana de Integra\u00e7\u00e3o Ensino, Pesquisa e Extens\u00e3o, 2019, Guarapuava \u2013 PR. Anais da VI Semana de Integra\u00e7\u00e3o Ensino, Pesquisa e Extens\u00e3o, 2019. [\/vc_column_text][\/vc_column][\/vc_row][vc_row][vc_column][vc_column_text] 2. RAMOS, M. V. C.; DIAS, L. C.; [&hellip;]<\/p>\n","protected":false},"author":135,"featured_media":0,"parent":155,"menu_order":0,"comment_status":"closed","ping_status":"closed","template":"","meta":{"_exactmetrics_skip_tracking":false,"_exactmetrics_sitenote_active":false,"_exactmetrics_sitenote_note":"","_exactmetrics_sitenote_category":0,"footnotes":"","_links_to":"","_links_to_target":""},"class_list":["post-5092","page","type-page","status-publish","hentry"],"_links":{"self":[{"href":"https:\/\/www3.unicentro.br\/petfisica\/wp-json\/wp\/v2\/pages\/5092","targetHints":{"allow":["GET"]}}],"collection":[{"href":"https:\/\/www3.unicentro.br\/petfisica\/wp-json\/wp\/v2\/pages"}],"about":[{"href":"https:\/\/www3.unicentro.br\/petfisica\/wp-json\/wp\/v2\/types\/page"}],"author":[{"embeddable":true,"href":"https:\/\/www3.unicentro.br\/petfisica\/wp-json\/wp\/v2\/users\/135"}],"replies":[{"embeddable":true,"href":"https:\/\/www3.unicentro.br\/petfisica\/wp-json\/wp\/v2\/comments?post=5092"}],"version-history":[{"count":0,"href":"https:\/\/www3.unicentro.br\/petfisica\/wp-json\/wp\/v2\/pages\/5092\/revisions"}],"up":[{"embeddable":true,"href":"https:\/\/www3.unicentro.br\/petfisica\/wp-json\/wp\/v2\/pages\/155"}],"wp:attachment":[{"href":"https:\/\/www3.unicentro.br\/petfisica\/wp-json\/wp\/v2\/media?parent=5092"}],"curies":[{"name":"wp","href":"https:\/\/api.w.org\/{rel}","templated":true}]}}