{"id":4905,"date":"2019-10-22T16:11:20","date_gmt":"2019-10-22T19:11:20","guid":{"rendered":"https:\/\/www3.unicentro.br\/petfisica\/?page_id=4905"},"modified":"2026-02-23T22:36:25","modified_gmt":"2026-02-24T01:36:25","slug":"fisica-moderna","status":"publish","type":"page","link":"https:\/\/www3.unicentro.br\/petfisica\/publicacoes\/blog\/fisica-moderna\/","title":{"rendered":"F\u00edsica Moderna"},"content":{"rendered":"<div class=\"wpb-content-wrapper\"><p>[vc_row][vc_column][vc_tta_accordion style=&#8221;modern&#8221; color=&#8221;juicy-pink&#8221; spacing=&#8221;1&#8243; c_align=&#8221;center&#8221; c_icon=&#8221;triangle&#8221; active_section=&#8221;1&#8243;][vc_tta_section title=&#8221;Borracha Qu\u00e2ntica&#8221; tab_id=&#8221;1579992500791-505e0e00-c208&#8243;][vc_column_text]<\/p>\n<p style=\"text-align: center\"><strong><span style=\"font-family: times new roman,times,serif;font-size: 12pt\">Roteiro Experimental<\/span><\/strong><\/p>\n<p><span style=\"font-family: 'times new roman', times, serif;font-size: 12pt\"><strong>Resumo:<\/strong><\/span><\/p>\n<p style=\"text-align: justify\"><span style=\"font-family: 'times new roman', times, serif;font-size: 12pt\">O <em>Borracha Qu\u00e2ntica<\/em> \u00e9 um experimento baixo custo que mostra de forma simples uma reinterpreta\u00e7\u00e3o da Lei de Mallus para polarizadores e luz polarizada, introduzindo uma das principais caracter\u00edsticas da Mec\u00e2nica Qu\u00e2ntica: o n\u00e3o-determinismo dos eventos. Ele tamb\u00e9m mostra a dualidade onda-part\u00edcula da luz. O experimento leva esse nome pois, ao inserir um polarizador, em meio a outros dois, com polaridade defasada de \u03c0\/4 radianos em rela\u00e7\u00e3o a estes (para isso, os polarizadores das extremidades precisam estar defasados de \u03c0\/2), nota-se que a informa\u00e7\u00e3o de polariza\u00e7\u00e3o do feixe luminoso \u00e9 \u201dapagada\u201d, permitindo a passagem da luz pelo sistema (sem o polarizador intermedi\u00e1rio, nenhuma &#8211; aproximadamente &#8211; luz passa pelo sistema).<\/span><\/p>\n<p>&nbsp;<\/p>\n<p><span style=\"font-family: times new roman,times,serif;font-size: 12pt\">Para obter material completo clique em <strong><em>Download<\/em><\/strong>:<\/span>[\/vc_column_text][vc_btn title=&#8221;Download&#8221; style=&#8221;3d&#8221; color=&#8221;juicy-pink&#8221; size=&#8221;sm&#8221; i_icon_fontawesome=&#8221;fa fa-file-pdf-o&#8221; add_icon=&#8221;true&#8221; link=&#8221;url:https%3A%2F%2Fdrive.google.com%2Fopen%3Fid%3D1RIJLy61eJUmWqs84WwkG4Dz1Fpotl-rP||target:%20_blank|&#8221;][vc_separator][vc_column_text]<\/p>\n<p style=\"text-align: center\"><span style=\"font-family: times new roman,times,serif;font-size: 12pt\"><strong>Plano de Aula<\/strong><\/span><\/p>\n<p style=\"text-align: justify\"><span style=\"font-family: times new roman,times,serif;font-size: 12pt\"><strong>Resumo:<\/strong><\/span><\/p>\n<p style=\"text-align: justify\"><span style=\"font-family: 'times new roman', times, serif;font-size: 12pt\">Neste plano de aula, ser\u00e1 trabalhada a principal caracter\u00edstica da Mec\u00e2nica Qu\u00e2ntica: o n\u00e3o-determinismo. Isso ser\u00e1 feito pela demonstra\u00e7\u00e3o experimental do fen\u00f4meno de polariza\u00e7\u00e3o da luz, levando a uma introdu\u00e7\u00e3o da interpreta\u00e7\u00e3o probabil\u00edstica da Lei de Mallus para um regime de f\u00f3tons polarizados. Dessa forma, h\u00e1 uma passagem suave da interpreta\u00e7\u00e3o cl\u00e1ssica do fen\u00f4meno para uma interpreta\u00e7\u00e3o qu\u00e2ntica. Fica a crit\u00e9rio do professor fazer um leve tratamento matem\u00e1tico, visto que nenhuma matem\u00e1tica de ensino superior \u00e9 necess\u00e1ria para o entendimento do assunto.<\/span><\/p>\n<p style=\"text-align: right\"><span style=\"font-family: times new roman,times,serif;font-size: 12pt\"><strong>Autor:<\/strong> Bruno Henrique Lisenko Ribeiro.<\/span><\/p>\n<p>&nbsp;<\/p>\n<p><span style=\"font-family: times new roman,times,serif;font-size: 12pt\">Para obter material completo clique em <strong><em>Download<\/em><\/strong>:<\/span>[\/vc_column_text][vc_btn title=&#8221;Download&#8221; style=&#8221;3d&#8221; color=&#8221;juicy-pink&#8221; size=&#8221;sm&#8221; i_icon_fontawesome=&#8221;fa fa-file-pdf-o&#8221; add_icon=&#8221;true&#8221; link=&#8221;url:https%3A%2F%2Fdrive.google.com%2Fopen%3Fid%3D115-bypl0O-RbZWqzsY6Fm4Vp74WRdcBl||target:%20_blank|&#8221;] [\/vc_tta_section][vc_tta_section title=&#8221;C\u00e2mara de ioniza\u00e7\u00e3o&#8221; tab_id=&#8221;1573232190143-0088cb16-b5c4&#8243;][vc_column_text]<\/p>\n<p style=\"text-align: center\"><strong><span style=\"font-family: times new roman,times,serif;font-size: 12pt\">Roteiro Experimental<\/span><\/strong><\/p>\n<p><span style=\"font-family: 'times new roman', times, serif;font-size: 12pt\"><strong>Resumo:<\/strong><\/span><\/p>\n<p style=\"text-align: justify\"><span style=\"font-family: times new roman,times,serif;font-size: 12pt\">Neste trabalho, prop\u00f5e-se a cria\u00e7\u00e3o de um equipamento de baixo custo intitulado \u201dc\u00e2mara de ioniza\u00e7\u00e3o transistorada\u201d, que pode ser utilizado em experimentos de f\u00edsica nuclear, por exemplo, para medir o tempo de meia-vida do rad\u00f4nio. O objetivo principal do trabalho e auxiliar professores no aprimoramento de suas aulas, possibilitando a utiliza \u0327c \u0303ao de uma experi\u00eancia de baixo custo que pode ser usada em sala de aula. Al\u00e9m disso, busca-se uma forma de introdu\u00e7\u00e3o de conte\u00fados de f\u00edsica nuclear, aprimorando a compreens\u00e3o dos alunos em conte\u00fados que envolvem radia\u00e7\u00e3o ionizant<strong>e.<\/strong><\/span><\/p>\n<p><span style=\"font-family: times new roman,times,serif;font-size: 12pt\">Para obter material completo clique em <strong><em>Download<\/em><\/strong>:<\/span>[\/vc_column_text][vc_btn title=&#8221;Download&#8221; style=&#8221;3d&#8221; color=&#8221;juicy-pink&#8221; size=&#8221;sm&#8221; i_icon_fontawesome=&#8221;fa fa-file-pdf-o&#8221; add_icon=&#8221;true&#8221; link=&#8221;url:https%3A%2F%2Fdrive.google.com%2Fopen%3Fid%3D1SY_tiAVRlT2JHft0vMi-7IE_jYW6NGn0|&#8221;][vc_separator][vc_column_text]<\/p>\n<p style=\"text-align: center\"><span style=\"font-family: times new roman,times,serif;font-size: 12pt\"><strong>Plano de Aula<\/strong><\/span><\/p>\n<p style=\"text-align: justify\"><span style=\"font-family: times new roman,times,serif;font-size: 12pt\"><strong>Resumo:<\/strong><\/span><\/p>\n<p style=\"text-align: justify\"><span style=\"font-family: times new roman,times,serif;font-size: 12pt\"> Neste trabalho, prop\u00f5e-se a cria\u00e7\u00e3o de um equipamento de baixo custo intitulado \u201dc\u00e2mara de ioniza\u00e7\u00e3o transistorada\u201d, que pode ser utilizado em experimentos de f\u00edsica nuclear, por exemplo, para medir o tempo de meia-vida do rad\u00f4nio. O objetivo principal do trabalho e auxiliar professores no aprimoramento de suas aulas, possibilitando a utiliza \u0327c \u0303ao de uma experi\u00eancia de baixo custo que pode ser usada em sala de aula. Al\u00e9m disso, busca-se uma forma de introdu\u00e7\u00e3o de conte\u00fados de f\u00edsica nuclear, aprimorando a compreens\u00e3o dos alunos em conte\u00fados que envolvem radia\u00e7\u00e3o ionizant<strong>e.<\/strong><\/span><\/p>\n<p><span style=\"font-family: times new roman,times,serif;font-size: 12pt\">Para obter material completo clique em <strong><em>Download<\/em><\/strong>:<\/span>[\/vc_column_text][vc_btn title=&#8221;Download&#8221; style=&#8221;3d&#8221; color=&#8221;juicy-pink&#8221; size=&#8221;sm&#8221; i_icon_fontawesome=&#8221;fa fa-file-pdf-o&#8221; add_icon=&#8221;true&#8221; link=&#8221;url:https%3A%2F%2Fdrive.google.com%2Fopen%3Fid%3D1tB8zXMAhA684WJ4UmWTa4x_IaTJ2rt8b||target:%20_blank|&#8221;] [vc_column_text][\/vc_tta_section][vc_tta_section title=&#8221;Determina\u00e7\u00e3o da Constante de Planck&#8221; tab_id=&#8221;1573232190143-0088cb15-b5c3&#8243;][vc_column_text]<\/p>\n<p style=\"text-align: center\"><strong><span style=\"font-family: times new roman,times,serif;font-size: 12pt\">Roteiro Experimental<\/span><\/strong><\/p>\n<p><span style=\"font-family: 'times new roman', times, serif;font-size: 12pt\"><strong>Resumo:<\/strong><\/span><\/p>\n<p style=\"text-align: justify\"><span style=\"font-family: 'times new roman', times, serif;font-size: 16px\">A constante de Planck \u00e9 um dos pilares da f\u00edsica moderna, pois estabelece a quantiza\u00e7\u00e3o de energia e define a escala na qual os fen\u00f4menos qu\u00e2nticos se manifestam. Consequentemente, obter seu valor com precis\u00e3o \u00e9 de suma import\u00e2ncia. Neste contexto, este trabalho apresenta um experimento did\u00e1tico e de baixo custo para a determina\u00e7\u00e3o experimental da constante de Planck, utilizando diodos emissores de luz (LEDs). A metodologia baseia-se na rela\u00e7\u00e3o entre a tens\u00e3o limiar m\u00ednima necess\u00e1ria para o in\u00edcio da emiss\u00e3o luminosa e a frequ\u00eancia da radia\u00e7\u00e3o eletromagn\u00e9tica emitida, conforme o modelo qu\u00e2ntico $E=eV_0=h\\nu$. A partir da an\u00e1lise gr\u00e1fica da rela\u00e7\u00e3o linear obtida, a constante pode ser aferida por meio do coeficiente angular da reta. Como resultado, esse experimento permite discutir conceitos fundamentais da f\u00edsica moderna e da f\u00edsica do estado s\u00f3lido, bem como desenvolver habilidades relacionadas \u00e0 montagem de circuitos el\u00e9tricos, aquisi\u00e7\u00e3o e an\u00e1lise de dados experimentais.<\/span><\/p>\n<p style=\"text-align: right\"><span style=\"font-family: 'times new roman', times, serif;font-size: 16px\"><strong>Autores:\u00a0<\/strong>Cassandra Trentin e Gabriel Vinicius Mufatto.<\/span><\/p>\n<p>&nbsp;<\/p>\n<p><span style=\"font-family: times new roman,times,serif;font-size: 12pt\">Para obter material completo clique em <strong><em>Download<\/em><\/strong>:<\/span>[\/vc_column_text][vc_btn title=&#8221;Download&#8221; style=&#8221;3d&#8221; color=&#8221;juicy-pink&#8221; size=&#8221;sm&#8221; i_icon_fontawesome=&#8221;fa fa-file-pdf-o&#8221; add_icon=&#8221;true&#8221; link=&#8221;url:https%3A%2F%2Fdrive.google.com%2Fopen%3Fid%3D1te5oSYsp5jgESmo2JpUH9UkDrf2gABVk||target:%20_blank|&#8221;][vc_separator][vc_column_text]<\/p>\n<p style=\"text-align: center\"><span style=\"font-family: times new roman,times,serif;font-size: 12pt\"><strong>Plano de Aula<\/strong><\/span><\/p>\n<p style=\"text-align: justify\"><span style=\"font-family: times new roman,times,serif;font-size: 12pt\"><strong>Resumo:<\/strong><\/span><\/p>\n<p style=\"text-align: justify\"><span style=\"font-family: times new roman,times,serif;font-size: 12pt\">O presente plano de aula prop\u00f5e um ensino em que possa ser empregado o uso de um experimento de baixo custo para explicar melhor os conceitos de f\u00edsica O experimento abordado neste projeto de ensino se chama Medidor da Constante de Planck e proporciona a determina\u00e7\u00e3o desta de um modo simples e eficiente. Neste planejamento, os conte\u00fados abordados possuem rela\u00e7\u00f5es diretas com a F\u00edsica moderna, ao tratar da quantiza\u00e7\u00e3o da energia expressa pela constante de Planck. Com a pr\u00e1tica experimental, os alunos ir \u0303ao adquirir habilidades de medi\u00e7\u00e3o de grandezas ao utilizar de mult\u00edmetros do tipo digitais para determinar a voltagem do aparato experimental em cada caso. O m\u00e9todo de avalia\u00e7\u00e3o envolve a determina\u00e7\u00e3o da constante em diferentes cores de LEDs pelos alunos, ou seja, a participa\u00e7\u00e3o destes durante a aula pr\u00e1tica ser\u00e1 de fundamental import\u00e2ncia para que sejam avaliados de acordo com o conte\u00fado que ser\u00e1 disposto em sala de aula pelo professor.\u00a0<\/span><\/p>\n<p style=\"text-align: right\"><span style=\"font-family: times new roman,times,serif;font-size: 12pt\"><strong>Autor:<\/strong> Sanderson Carlos Ribeiro.<\/span><\/p>\n<p>&nbsp;<\/p>\n<p><span style=\"font-family: times new roman,times,serif;font-size: 12pt\">Para obter material completo clique em <strong><em>Download<\/em><\/strong>:<\/span>[\/vc_column_text][vc_btn title=&#8221;Download&#8221; style=&#8221;3d&#8221; color=&#8221;juicy-pink&#8221; size=&#8221;sm&#8221; i_icon_fontawesome=&#8221;fa fa-file-pdf-o&#8221; add_icon=&#8221;true&#8221; link=&#8221;url:https%3A%2F%2Fdrive.google.com%2Fopen%3Fid%3D1jdAG-6QJLnZuwFwN2qvbFOFL3SdMl9GQ||target:%20_blank|&#8221;][\/vc_tta_section][vc_tta_section title=&#8221;Espectrosc\u00f3pio&#8221; tab_id=&#8221;1591214317153-d3b53b87-fb6e&#8221;][vc_column_text]<\/p>\n<p style=\"text-align: center\"><strong><span style=\"font-family: times new roman,times,serif;font-size: 12pt\">Roteiro Experimental<\/span><\/strong><\/p>\n<p><span style=\"font-family: 'times new roman', times, serif;font-size: 12pt\"><strong>Resumo:<\/strong><\/span><\/p>\n<div style=\"text-align: justify\"><span style=\"font-family: times new roman,times,serif;font-size: 12pt\">Este roteiro trata da utiliza\u00e7\u00e3o de uma montagem de baixo custo para reproduzir um espectrosc\u00f3pio muito utilizado em laborat\u00f3rios de ensino superior. O experimento refere-se a uma an\u00e1lise quantitativa e qualitativa do espectro emitido por uma l\u00e2mpada de merc\u00fario (ou, podendo serutilizado de outro elemento) e por uma l\u00e2mpada incandescente.<\/span><\/div>\n<p>&nbsp;<\/p>\n<p><span style=\"font-family: times new roman,times,serif;font-size: 12pt\">Para obter material completo clique em <strong><em>Download<\/em><\/strong>:<\/span>[\/vc_column_text][vc_btn title=&#8221;Download&#8221; style=&#8221;3d&#8221; color=&#8221;juicy-pink&#8221; size=&#8221;sm&#8221; i_icon_fontawesome=&#8221;far fa-file-pdf&#8221; add_icon=&#8221;true&#8221; link=&#8221;url:https%3A%2F%2Fdrive.google.com%2Ffile%2Fd%2F1dsx0rgppR3w9U4OYGFMtK038Y-RY8vk0%2Fview%3Fusp%3Dsharing||target:%20_blank|&#8221;][vc_separator][vc_column_text]<\/p>\n<p style=\"text-align: center\"><span style=\"font-family: times new roman,times,serif;font-size: 12pt\"><strong>Plano de Aula<\/strong><\/span><\/p>\n<p style=\"text-align: justify\"><span style=\"font-family: times new roman,times,serif;font-size: 12pt\"><strong>Resumo:<\/strong><\/span><\/p>\n<p style=\"text-align: justify\"><span style=\"font-family: times new roman,times,serif;font-size: 12pt\">O trabalho a ser realizado diz respeito ao uso de uma atividade experimental previamente desenvolvida pelo GPET-F\u00edsica como metodologia de ensino. O experimento denominado \u201cEspectrosc\u00f3pio\u201d visa a demonstra\u00e7\u00e3o de fen\u00f4menos relacionados \u00e0 F\u00edsica Moderna. \u00c9 aconselh\u00e1vel, para um melhor aproveitamento desse experimento, que os alunos possuam conhecimento pr\u00e9vio sobre alguns conceitos relacionados a modelos de difra\u00e7\u00e3o, para que durante o processo experimental quantitativo o aluno tenha uma maior facilidade para entender os fen\u00f4menos que estar\u00e3o sendo observados. Com este experimento pode-se estimular a curiosidade e incentivar a utiliza\u00e7\u00e3o do m\u00e9todo cient\u00edfico e introduzir a F\u00edsica Moderna no Ensino M\u00e9dio.<\/span><\/p>\n<p style=\"text-align: right\"><span style=\"font-family: times new roman,times,serif;font-size: 12pt\"><strong>Autor:<\/strong> Matheus Meoquior da Fonseca.<\/span><\/p>\n<p>&nbsp;<\/p>\n<p><span style=\"font-family: times new roman,times,serif;font-size: 12pt\">Para obter material completo clique em <strong><em>Download<\/em><\/strong>:<\/span>[\/vc_column_text][vc_btn title=&#8221;Download&#8221; style=&#8221;3d&#8221; color=&#8221;juicy-pink&#8221; size=&#8221;sm&#8221; i_icon_fontawesome=&#8221;far fa-file-pdf&#8221; add_icon=&#8221;true&#8221; link=&#8221;url:https%3A%2F%2Fdrive.google.com%2Ffile%2Fd%2F1cTpT8zCF3vskpUhDRlDtIH0GR2rThIJu%2Fview%3Fusp%3Dsharing||target:%20_blank|&#8221;][\/vc_tta_section][\/vc_tta_accordion][\/vc_column][\/vc_row]<\/p>\n<\/div>","protected":false},"excerpt":{"rendered":"<p>[vc_row][vc_column][vc_tta_accordion style=&#8221;modern&#8221; color=&#8221;juicy-pink&#8221; spacing=&#8221;1&#8243; c_align=&#8221;center&#8221; c_icon=&#8221;triangle&#8221; active_section=&#8221;1&#8243;][vc_tta_section title=&#8221;Borracha Qu\u00e2ntica&#8221; tab_id=&#8221;1579992500791-505e0e00-c208&#8243;][vc_column_text] Roteiro Experimental Resumo: O Borracha Qu\u00e2ntica \u00e9 um experimento baixo custo que mostra de forma simples uma reinterpreta\u00e7\u00e3o da Lei de Mallus para polarizadores e luz polarizada, introduzindo uma das principais caracter\u00edsticas da Mec\u00e2nica Qu\u00e2ntica: o n\u00e3o-determinismo dos eventos. Ele tamb\u00e9m mostra a dualidade onda-part\u00edcula [&hellip;]<\/p>\n","protected":false},"author":135,"featured_media":0,"parent":3868,"menu_order":5,"comment_status":"closed","ping_status":"closed","template":"","meta":{"_exactmetrics_skip_tracking":false,"_exactmetrics_sitenote_active":false,"_exactmetrics_sitenote_note":"","_exactmetrics_sitenote_category":0,"footnotes":"","_links_to":"","_links_to_target":""},"class_list":["post-4905","page","type-page","status-publish","hentry"],"_links":{"self":[{"href":"https:\/\/www3.unicentro.br\/petfisica\/wp-json\/wp\/v2\/pages\/4905","targetHints":{"allow":["GET"]}}],"collection":[{"href":"https:\/\/www3.unicentro.br\/petfisica\/wp-json\/wp\/v2\/pages"}],"about":[{"href":"https:\/\/www3.unicentro.br\/petfisica\/wp-json\/wp\/v2\/types\/page"}],"author":[{"embeddable":true,"href":"https:\/\/www3.unicentro.br\/petfisica\/wp-json\/wp\/v2\/users\/135"}],"replies":[{"embeddable":true,"href":"https:\/\/www3.unicentro.br\/petfisica\/wp-json\/wp\/v2\/comments?post=4905"}],"version-history":[{"count":2,"href":"https:\/\/www3.unicentro.br\/petfisica\/wp-json\/wp\/v2\/pages\/4905\/revisions"}],"predecessor-version":[{"id":16651,"href":"https:\/\/www3.unicentro.br\/petfisica\/wp-json\/wp\/v2\/pages\/4905\/revisions\/16651"}],"up":[{"embeddable":true,"href":"https:\/\/www3.unicentro.br\/petfisica\/wp-json\/wp\/v2\/pages\/3868"}],"wp:attachment":[{"href":"https:\/\/www3.unicentro.br\/petfisica\/wp-json\/wp\/v2\/media?parent=4905"}],"curies":[{"name":"wp","href":"https:\/\/api.w.org\/{rel}","templated":true}]}}