{"id":4506,"date":"2019-09-27T10:06:28","date_gmt":"2019-09-27T13:06:28","guid":{"rendered":"https:\/\/www3.unicentro.br\/petfisica\/?page_id=4506"},"modified":"2026-04-01T14:40:18","modified_gmt":"2026-04-01T17:40:18","slug":"termologia","status":"publish","type":"page","link":"https:\/\/www3.unicentro.br\/petfisica\/atividades\/projetos-de-ensino-2\/instrumentacao\/termologia\/","title":{"rendered":"Termologia e Fluidos"},"content":{"rendered":"<div class=\"wpb-content-wrapper\"><p>[vc_row][vc_column][vc_tta_accordion style=&#8221;modern&#8221; color=&#8221;juicy-pink&#8221; spacing=&#8221;1&#8243; c_align=&#8221;center&#8221; c_icon=&#8221;triangle&#8221; active_section=&#8221;1&#8243;][vc_tta_section title=&#8221;Condutividade t\u00e9rmica&#8221; tab_id=&#8221;1671557648931-29c9dbc8-ae03&#8243;][vc_column_text]<\/p>\n<p style=\"text-align: center\"><strong><span style=\"font-family: times new roman,times,serif;font-size: 12pt\">Roteiro Experimental<\/span><\/strong><\/p>\n<p style=\"text-align: justify\"><strong><span style=\"font-family: times new roman,times,serif;font-size: 12pt\">Resumo:<\/span><\/strong><\/p>\n<p style=\"text-align: justify\"><span style=\"font-family: times new roman,times,serif;font-size: 12pt\">Os metais possuem diversas propriedades interessantes que podem ser estudadas, como a condutividade t\u00e9rmica, que \u00e9 classificada como capacidade de equilibrar e transferir calor em torno do mesmo material, isto \u00e9, o quanto um material \u00e9 bom em passar o calor de um ponto \u00e0 outro. A abordagem deste t\u00f3pico \u00e9 de extrema import\u00e2ncia, pois auxilia a compreender \u00e0 busca e sintetiza\u00e7\u00e3o de novos materiais que cumpram com propriedades espec\u00edficas de cada necessidade.<\/span><\/p>\n<p>&nbsp;<\/p>\n<p style=\"text-align: justify\"><span style=\"font-family: times new roman,times,serif;font-size: 12pt\">Para obter material completo clique em <strong><em>Download:<\/em><\/strong><\/span><\/p>\n<p>[\/vc_column_text][vc_btn title=&#8221;Download&#8221; style=&#8221;3d&#8221; color=&#8221;juicy-pink&#8221; size=&#8221;sm&#8221; i_icon_fontawesome=&#8221;fa fa-file-pdf-o&#8221; add_icon=&#8221;true&#8221; link=&#8221;url:https%3A%2F%2Fdrive.google.com%2Fopen%3Fid%3D1hpdH2fIsp96sZrhq6Qlg_ULXBHiKx0Wl||target:%20_blank|&#8221;][vc_separator][vc_column_text]<\/p>\n<p style=\"text-align: center\"><strong><span style=\"font-family: times new roman,times,serif;font-size: 12pt\">Plano de Aula<\/span><\/strong><\/p>\n<p style=\"text-align: justify\"><strong><span style=\"font-family: times new roman,times,serif;font-size: 12pt\">Resumo:<\/span><\/strong><\/p>\n<p style=\"text-align: justify\"><span style=\"font-family: times new roman,times,serif;font-size: 12pt\">Nesse trabalho \u00e9 proposto o uso de um experimento anteriormente elaborado para exemplificar a condutividade t\u00e9rmica em diferentes meios materiais. O professor far\u00e1 uma apresenta\u00e7\u00e3o do o experimento para a classe ap\u00f3s uma introdu\u00e7\u00e3o no estudo da termodin\u00e2mica e calorimetria, assim que terminar a apresenta\u00e7\u00e3o do experimento, ser\u00e1 passada uma lista de exerc\u00edcios que deve ser respondida em classe pelos alunos. Esse trabalho \u00e9 previsto para o segundo semestre do segundo ano do ensino m\u00e9dio, mas pode ser feito antes, durante o t\u00e9rmino do primeiro semestre do segundo ano. O m\u00e9todo avaliativo ser\u00e1 os exerc\u00edcios propostos, juntamente, uma an\u00e1lise de participa\u00e7\u00e3o dos alunos durante o decorrer da aula.<\/span><\/p>\n<p style=\"text-align: right\"><span style=\"font-family: times new roman,times,serif;font-size: 12pt\"><strong>Autora:<\/strong> Mariana Carachinski.<\/span><\/p>\n<p>&nbsp;<\/p>\n<p style=\"text-align: justify\"><span style=\"font-family: times new roman,times,serif;font-size: 12pt\">Para obter material completo clique em <strong><em>Download:<\/em><\/strong><\/span><\/p>\n<p>[\/vc_column_text][vc_btn title=&#8221;Download&#8221; style=&#8221;3d&#8221; color=&#8221;juicy-pink&#8221; size=&#8221;sm&#8221; i_icon_fontawesome=&#8221;fa fa-file-pdf-o&#8221; add_icon=&#8221;true&#8221; link=&#8221;url:https%3A%2F%2Fdrive.google.com%2Fopen%3Fid%3D1t7eF7zOkz2Qtu7FtNwP3RqL19U6zaK6q||target:%20_blank|&#8221;] [\/vc_tta_section][vc_tta_section title=&#8221;Elevador Hidr\u00e1ulico&#8221; tab_id=&#8221;1589235959083-e9d8d1ca-0f50&#8243;][vc_column_text]<\/p>\n<p style=\"text-align: center\"><span style=\"font-family: times new roman,times,serif;font-size: 12pt\"><strong>Roteiro Experimental<\/strong><\/span><\/p>\n<p style=\"text-align: justify\"><span style=\"font-family: times new roman,times,serif;font-size: 12pt\"><strong>Resumo:<\/strong><\/span><\/p>\n<p style=\"text-align: justify\"><span style=\"font-family: 'times new roman', times, serif;font-size: 16px\"> Este trabalho apresenta a constru\u00e7\u00e3o de um elevador hidr\u00e1ulico utilizando materiais de baixo custo, com o objetivo de investigar os princ\u00edpios da hidrost\u00e1tica, em especial o Princ\u00edpio de Pascal. A montagem baseia-se no uso de seringas conectadas por tubos flex\u00edveis, preenchidas com \u00e1gua, para demonstrar como a press\u00e3o exercida sobre um fluido incompress\u00edvel \u00e9 transmitida integralmente em todas as dire\u00e7\u00f5es, possibilitando a amplifica\u00e7\u00e3o de for\u00e7as. A atividade proporciona uma visualiza\u00e7\u00e3o clara da rela\u00e7\u00e3o entre \u00e1rea e for\u00e7a em sistemas hidr\u00e1ulicos e permite discutir as vantagens desses sistemas em rela\u00e7\u00e3o aos mecanismos tradicionais de transmiss\u00e3o de for\u00e7a, como alavancas e engrenagens.<\/span><\/p>\n<p style=\"text-align: justify\"><span style=\"font-family: times new roman,times,serif;font-size: 12pt\">Para obter material completo clique em <strong><em>Download:<\/em><\/strong><\/span><\/p>\n<p>[\/vc_column_text][vc_btn title=&#8221;Download&#8221; style=&#8221;3d&#8221; color=&#8221;juicy-pink&#8221; size=&#8221;sm&#8221; i_icon_fontawesome=&#8221;fa fa-file-pdf-o&#8221; add_icon=&#8221;true&#8221; link=&#8221;url:https%3A%2F%2Fdrive.google.com%2Fopen%3Fid%3D1VZVnr_2Xg8EoEVCZBJlb9p7DCxbOd4JU||target:%20_blank|&#8221;][vc_separator][vc_column_text]<\/p>\n<p style=\"text-align: center\"><strong><span style=\"font-family: times new roman,times,serif;font-size: 12pt\">Plano de Aula<\/span><\/strong><\/p>\n<p style=\"text-align: justify\"><strong><span style=\"font-family: times new roman,times,serif;font-size: 12pt\">Resumo:<\/span><\/strong><\/p>\n<p style=\"text-align: justify\"><span style=\"font-family: times new roman,times,serif;font-size: 12pt\">O presente plano de aula trata da utiliza\u00e7\u00e3o de um experimento de baixo custo, conhecido como ludi\u00e3o, para o ensino da fluidost\u00e1tica. O experimento se refere \u00e0 execu\u00e7\u00e3o de uma pr\u00e1tica proposta pelo GPET-F\u00edsica em um roteiro experimental para o ensino de f\u00edsica. Com isso, almeja-se instigar os alunos acerca dos conceitos fenomenol\u00f3gicos envolvidos, assim proporcionando-lhes uma aprendizagem verdadeira.<\/span><\/p>\n<p style=\"text-align: right\"><span style=\"font-family: times new roman,times,serif;font-size: 12pt\"><strong>Autora:<\/strong> Cassandra Trentin.<\/span><\/p>\n<p>[\/vc_column_text][vc_btn title=&#8221;Download&#8221; style=&#8221;3d&#8221; color=&#8221;juicy-pink&#8221; size=&#8221;sm&#8221; i_icon_fontawesome=&#8221;fa fa-file-pdf-o&#8221; add_icon=&#8221;true&#8221; link=&#8221;url:https%3A%2F%2Fdrive.google.com%2Fopen%3Fid%3D1E9nZ6lwzBG65ln0nyWLpgOu-lHPfP8ba||target:%20_blank|&#8221;] [\/vc_tta_section][vc_tta_section title=&#8221;Ludi\u00e3o&#8221; tab_id=&#8221;1589235979083-e9d8d1ca-0f50&#8243;][vc_column_text]<\/p>\n<p style=\"text-align: center\"><span style=\"font-family: times new roman,times,serif;font-size: 12pt\"><strong>Roteiro Experimental<\/strong><\/span><\/p>\n<p style=\"text-align: justify\"><span style=\"font-family: times new roman,times,serif;font-size: 12pt\"><strong>Resumo:<\/strong><\/span><\/p>\n<p style=\"text-align: justify\"><span style=\"font-family: times new roman,times,serif;font-size: 12pt\">Em rela\u00e7\u00e3o a hidrost\u00e1tica, o princ\u00edpio de Arquimedes \u00e9 de extrema import\u00e2ncia. Esse experimento demonstra v\u00e1rios fen\u00f4menos f\u00edsicos por tr\u00e1s dos fluidos, exemplificando o princ\u00edpio de funcionamento de um submarino.<\/span><\/p>\n<p>&nbsp;<\/p>\n<p style=\"text-align: justify\"><span style=\"font-family: times new roman,times,serif;font-size: 12pt\">Para obter material completo clique em <strong><em>Download:<\/em><\/strong><\/span><\/p>\n<p>[\/vc_column_text][vc_btn title=&#8221;Download&#8221; style=&#8221;3d&#8221; color=&#8221;juicy-pink&#8221; size=&#8221;sm&#8221; i_icon_fontawesome=&#8221;fa fa-file-pdf-o&#8221; add_icon=&#8221;true&#8221; link=&#8221;url:https%3A%2F%2Fdrive.google.com%2Fopen%3Fid%3D1Gvn7Gw2w0O7cTzHfiNHmz9roNuefVrWk||target:%20_blank|&#8221;][vc_separator][vc_column_text]<\/p>\n<p style=\"text-align: center\"><strong><span style=\"font-family: times new roman,times,serif;font-size: 12pt\">Plano de Aula<\/span><\/strong><\/p>\n<p style=\"text-align: justify\"><strong><span style=\"font-family: times new roman,times,serif;font-size: 12pt\">Resumo:<\/span><\/strong><\/p>\n<p style=\"text-align: justify\"><span style=\"font-family: times new roman,times,serif;font-size: 12pt\">O presente plano de aula trata da utiliza\u00e7\u00e3o de um experimento de baixo custo, conhecido como ludi\u00e3o, para o ensino da fluidost\u00e1tica. O experimento se refere \u00e0 execu\u00e7\u00e3o de uma pr\u00e1tica proposta pelo GPET-F\u00edsica em um roteiro experimental para o ensino de f\u00edsica. Com isso, almeja-se instigar os alunos acerca dos conceitos fenomenol\u00f3gicos envolvidos, assim proporcionando-lhes uma aprendizagem verdadeira.<\/span><\/p>\n<p style=\"text-align: right\"><span style=\"font-family: times new roman,times,serif;font-size: 12pt\"><strong>Autora:<\/strong> Patricia Camargo de Oliveiro.<\/span><\/p>\n<p>&nbsp;<\/p>\n<p style=\"text-align: justify\"><span style=\"font-family: times new roman,times,serif;font-size: 12pt\">Para obter material completo clique em <strong><em>Download:<\/em><\/strong><\/span><\/p>\n<p>[\/vc_column_text][vc_btn title=&#8221;Download&#8221; style=&#8221;3d&#8221; color=&#8221;juicy-pink&#8221; size=&#8221;sm&#8221; i_icon_fontawesome=&#8221;fa fa-file-pdf-o&#8221; add_icon=&#8221;true&#8221; link=&#8221;url:https%3A%2F%2Fdrive.google.com%2Fopen%3Fid%3D1m0NTrk-bXI6PIrp0lfAi-T116e4oMImv||target:%20_blank|&#8221;][\/vc_tta_section][vc_tta_section title=&#8221;Princ\u00edpio de Pascal&#8221; tab_id=&#8221;1580405330409-4f6eb36c-9cb4&#8243;][vc_column_text]<\/p>\n<p style=\"text-align: center\"><strong><span style=\"font-family: times new roman,times,serif;font-size: 12pt\">Roteiro Experimental<\/span><\/strong><\/p>\n<p style=\"text-align: justify\"><strong><span style=\"font-family: times new roman,times,serif;font-size: 12pt\">Resumo:<\/span><\/strong><\/p>\n<p style=\"text-align: justify\"><span style=\"font-family: times new roman,times,serif;font-size: 12pt\">O princ\u00edpio de pascal esta dentre uma das principais leis da f\u00edsica quando falamos de hidrost\u00e1tica. Este experimento traz uma de suas importantes aplica\u00e7\u00f5es e, mostra v\u00e1rios fen\u00f4menos f\u00edsicos envolvidos por traz dos flu\u00eddos e que explicam bem tal princ\u00edpio e, como funcionam, no geral, instrumentos hidr\u00e1ulicos.<\/span><\/p>\n<p>&nbsp;<\/p>\n<p style=\"text-align: justify\"><span style=\"font-family: times new roman,times,serif;font-size: 12pt\">Para obter material completo clique em <strong><em>Download:<\/em><\/strong><\/span><\/p>\n<p>[\/vc_column_text][vc_btn title=&#8221;Download&#8221; style=&#8221;3d&#8221; color=&#8221;juicy-pink&#8221; size=&#8221;sm&#8221; i_icon_fontawesome=&#8221;fa fa-file-pdf-o&#8221; add_icon=&#8221;true&#8221; link=&#8221;url:https%3A%2F%2Fdrive.google.com%2Fopen%3Fid%3D1nHd4Kvh46TBdJvwswu5bNoOGawYvI810||target:%20_blank|&#8221;][vc_separator][vc_column_text]<\/p>\n<p style=\"text-align: center\"><strong><span style=\"font-family: times new roman,times,serif;font-size: 12pt\">Plano de Aula<\/span><\/strong><\/p>\n<p style=\"text-align: justify\"><strong><span style=\"font-family: times new roman,times,serif;font-size: 12pt\">Resumo:<\/span><\/strong><\/p>\n<p style=\"text-align: justify\"><span style=\"font-family: times new roman,times,serif;font-size: 12pt\">O trabalho a ser realizado diz respeito ao uso de uma atividade experimental previamente elaborada pelo GPET-F\u00edsica como metodologia de ensino. O experimento denominado \u201cPrinc\u00edpio de Pascal \u2013 A prensa hidr\u00e1ulica\u201d visa a demonstra\u00e7\u00e3o de fen\u00f4menos presentes em fluidos. \u00c9 aconselh\u00e1vel, para um melhor aproveitamento deste experimento, que os alunos possuam conhecimento pr\u00e9vio sobre hidrost\u00e1tica, para que apenas sejam aprofundados. Entre eles est\u00e3o: Teorema de Stevin, Princ\u00edpio de Pascal e defini\u00e7\u00f5es de conceitos como fluido e densidade. Com este experimento pode-se estimular a curiosidade e gerar debates quanto ao funcionamento de m\u00e1quinas hidr\u00e1ulicas, que est\u00e3o presentes em nosso dia-a-dia.<\/span><\/p>\n<p style=\"text-align: right\"><span style=\"font-family: times new roman,times,serif;font-size: 12pt\"><strong>Autora:<\/strong> Matheus Meoquior da Fonseca.<\/span><\/p>\n<p>&nbsp;<\/p>\n<p style=\"text-align: justify\"><span style=\"font-family: times new roman,times,serif;font-size: 12pt\">Para obter material completo clique em <strong><em>Download:<\/em><\/strong><\/span><\/p>\n<p>[\/vc_column_text][vc_btn title=&#8221;Download&#8221; style=&#8221;3d&#8221; color=&#8221;juicy-pink&#8221; size=&#8221;sm&#8221; i_icon_fontawesome=&#8221;fa fa-file-pdf-o&#8221; add_icon=&#8221;true&#8221; link=&#8221;url:https%3A%2F%2Fdrive.google.com%2Fopen%3Fid%3D1eu5NdVcXiu7nfEQJb-tPzwzIk_62Bk7G||target:%20_blank|&#8221;][\/vc_tta_section][vc_tta_section title=&#8221;Termosc\u00f3pio&#8221; tab_id=&#8221;1570400695835-0fd04614-d797&#8243;][vc_column_text]<\/p>\n<p style=\"text-align: center\"><strong><span style=\"font-family: times new roman,times,serif;font-size: 12pt\">Roteiro Experimental<\/span><\/strong><\/p>\n<p style=\"text-align: justify\"><strong><span style=\"font-family: times new roman,times,serif;font-size: 12pt\">Resumo:<\/span><\/strong><\/p>\n<p style=\"text-align: justify\"><span style=\"font-size: 12pt;font-family: 'times new roman', times, serif\">O termosc\u00f3pio foi inventado por Galileu Galilei durante o renascimento cient\u00edfico em 1592. \u00c9 um instrumento que permite observar o fen\u00f4meno provocado pela varia\u00e7\u00e3o da temperatura por meio do deslocamento de uma subst\u00e2ncia. Se utiliza do termosc\u00f3pio para acompanhar a medida de temperatura por meio das varia\u00e7\u00f5es da altura da coluna de um determinado flu\u00eddo, mesmo sem possuir uma escala termom\u00e9trica espec\u00edfica. Seu funcionamento \u00e9 relativamente simples envolvendo alguns conceitos termodin\u00e2micos que s\u00e3o essenciais para o ensino de F\u00edsica e desta forma, a experimenta\u00e7\u00e3o de baixo custo deste trabalho \u00e9 de grande valor para o conhecimento cient\u00edfico.<\/span><\/p>\n<p>&nbsp;<\/p>\n<p style=\"text-align: justify\"><span style=\"font-family: times new roman,times,serif;font-size: 12pt\">Para obter material completo clique em <strong><em>Download:<\/em><\/strong><\/span><\/p>\n<p>[\/vc_column_text][vc_btn title=&#8221;Download&#8221; style=&#8221;3d&#8221; color=&#8221;juicy-pink&#8221; size=&#8221;sm&#8221; i_icon_fontawesome=&#8221;far fa-file-pdf&#8221; add_icon=&#8221;true&#8221; link=&#8221;url:https%3A%2F%2Fdrive.google.com%2Ffile%2Fd%2F1Fthuwyzbiqyhicb1aVB_kujGEgPlzpet%2Fview%3Fusp%3Dsharing|target:_blank&#8221;][vc_separator][vc_column_text]<\/p>\n<p style=\"text-align: center\"><strong><span style=\"font-family: times new roman,times,serif;font-size: 12pt\">Plano de Aula<\/span><\/strong><\/p>\n<p style=\"text-align: justify\"><strong><span style=\"font-family: times new roman,times,serif;font-size: 12pt\">Resumo:<\/span><\/strong><\/p>\n<p style=\"text-align: justify\"><span style=\"font-size: 12pt;font-family: 'times new roman', times, serif\">O trabalho a ser realizado prop\u00f5e o uso de uma atividade experimental previamente elaborada pelo Grupo PET-F\u00edsica como metodologia de ensino. O experimento denominado &#8220;<\/span><span style=\"font-size: 12pt;font-family: 'times new roman', times, serif\">Termosc\u00f3pio&#8221; visa a demonstra\u00e7\u00e3o de fen\u00f4menos t\u00e9rmicos, como a dilata\u00e7\u00e3o t\u00e9rmica de materiais quando aquecidos. Para um melhor aproveitamento do experimento, \u00e9 importante que os alunos possuam conhecimento pr\u00e9vio sobre conceitos f\u00edsicos como dilata\u00e7\u00e3o t\u00e9rmica e escalas termom\u00e9tricas. Com esta aula \u00e9 poss\u00edvel fazer um resgate hist\u00f3rico sobre a import\u00e2ncia deste experimento e de seu criador (Galileu Galilei), al\u00e9m de estimular a curiosidade e gerar debates quanto ao funcionamento dos term\u00f4metros. <\/span><\/p>\n<p style=\"text-align: right\"><span style=\"font-family: times new roman,times,serif;font-size: 12pt\"><strong>Autores:<\/strong> Felipe Leria Stefenon, Cristhian Gean Batista Guimar\u00e3es.<\/span><\/p>\n<p>&nbsp;<\/p>\n<p style=\"text-align: justify\"><span style=\"font-family: times new roman,times,serif;font-size: 12pt\">Para obter material completo clique em <strong><em>Download:<\/em><\/strong><\/span><\/p>\n<p>[\/vc_column_text][vc_btn title=&#8221;Download&#8221; style=&#8221;3d&#8221; color=&#8221;juicy-pink&#8221; size=&#8221;sm&#8221; i_icon_fontawesome=&#8221;far fa-file-pdf&#8221; add_icon=&#8221;true&#8221; link=&#8221;url:https%3A%2F%2Fdrive.google.com%2Ffile%2Fd%2F1LnALgrY-TJszyQroCKNILmt0GLuolIIf%2Fview%3Fusp%3Dsharing|target:_blank&#8221;][\/vc_tta_section][\/vc_tta_accordion][\/vc_column][\/vc_row]<\/p>\n<\/div>","protected":false},"excerpt":{"rendered":"<p>[vc_row][vc_column][vc_tta_accordion style=&#8221;modern&#8221; color=&#8221;juicy-pink&#8221; spacing=&#8221;1&#8243; c_align=&#8221;center&#8221; c_icon=&#8221;triangle&#8221; active_section=&#8221;1&#8243;][vc_tta_section title=&#8221;Condutividade t\u00e9rmica&#8221; tab_id=&#8221;1671557648931-29c9dbc8-ae03&#8243;][vc_column_text] Roteiro Experimental Resumo: Os metais possuem diversas propriedades interessantes que podem ser estudadas, como a condutividade t\u00e9rmica, que \u00e9 classificada como capacidade de equilibrar e transferir calor em torno do mesmo material, isto \u00e9, o quanto um material \u00e9 bom em passar o calor de [&hellip;]<\/p>\n","protected":false},"author":135,"featured_media":0,"parent":4498,"menu_order":3,"comment_status":"closed","ping_status":"closed","template":"","meta":{"_exactmetrics_skip_tracking":false,"_exactmetrics_sitenote_active":false,"_exactmetrics_sitenote_note":"","_exactmetrics_sitenote_category":0,"footnotes":"","_links_to":"","_links_to_target":""},"class_list":["post-4506","page","type-page","status-publish","hentry"],"_links":{"self":[{"href":"https:\/\/www3.unicentro.br\/petfisica\/wp-json\/wp\/v2\/pages\/4506","targetHints":{"allow":["GET"]}}],"collection":[{"href":"https:\/\/www3.unicentro.br\/petfisica\/wp-json\/wp\/v2\/pages"}],"about":[{"href":"https:\/\/www3.unicentro.br\/petfisica\/wp-json\/wp\/v2\/types\/page"}],"author":[{"embeddable":true,"href":"https:\/\/www3.unicentro.br\/petfisica\/wp-json\/wp\/v2\/users\/135"}],"replies":[{"embeddable":true,"href":"https:\/\/www3.unicentro.br\/petfisica\/wp-json\/wp\/v2\/comments?post=4506"}],"version-history":[{"count":4,"href":"https:\/\/www3.unicentro.br\/petfisica\/wp-json\/wp\/v2\/pages\/4506\/revisions"}],"predecessor-version":[{"id":16819,"href":"https:\/\/www3.unicentro.br\/petfisica\/wp-json\/wp\/v2\/pages\/4506\/revisions\/16819"}],"up":[{"embeddable":true,"href":"https:\/\/www3.unicentro.br\/petfisica\/wp-json\/wp\/v2\/pages\/4498"}],"wp:attachment":[{"href":"https:\/\/www3.unicentro.br\/petfisica\/wp-json\/wp\/v2\/media?parent=4506"}],"curies":[{"name":"wp","href":"https:\/\/api.w.org\/{rel}","templated":true}]}}