{"id":4148,"date":"2019-09-03T08:29:14","date_gmt":"2019-09-03T11:29:14","guid":{"rendered":"https:\/\/www3.unicentro.br\/petfisica\/?page_id=4148"},"modified":"2025-07-26T14:42:40","modified_gmt":"2025-07-26T17:42:40","slug":"2019-ciclo","status":"publish","type":"page","link":"https:\/\/www3.unicentro.br\/petfisica\/atividades\/ciclo-de-seminarios-do-defis\/2019-ciclo\/","title":{"rendered":"2019"},"content":{"rendered":"<div class=\"wpb-content-wrapper\"><p style=\"text-align: justify\"><span style=\"font-family: 'times new roman', times, serif;font-size: 12pt\">[vc_row][vc_column][vc_custom_heading text=&#8221;XI Ciclo de Semin\u00e1rios do DEFIS&#8221; font_container=&#8221;tag:h1|text_align:center|color:%23000000&#8243; google_fonts=&#8221;font_family:Alegreya%20SC%3Aregular%2Citalic%2C700%2C700italic%2C900%2C900italic|font_style:700%20bold%20regular%3A700%3Anormal&#8221; css_animation=&#8221;none&#8221;][vc_custom_heading text=&#8221;Organiza\u00e7\u00e3o: GPET-F\u00edsica&#8221; font_container=&#8221;tag:h3|text_align:center|color:%23000000&#8243; google_fonts=&#8221;font_family:Alegreya%20SC%3Aregular%2Citalic%2C700%2C700italic%2C900%2C900italic|font_style:700%20bold%20italic%3A700%3Aitalic&#8221;][\/vc_column][\/vc_row][vc_row][vc_column][vc_column_text]<\/span><\/p>\n<p style=\"text-align: justify\"><span style=\"font-family: 'times new roman', times, serif;font-size: 12pt\">Data: 21\/11\/2019<br \/>\nT\u00edtulo: <strong>Rela\u00e7\u00f5es existentes entre as propriedades dos materiais e suas estruturas.<\/strong><br \/>\nPalestrante: Prof. Dra. Taiana Gabriela Moretti Bonadio (DEFIS \u2013 UNICENTRO)[\/vc_column_text][\/vc_column][\/vc_row][vc_row][vc_column][vc_separator][vc_column_text]<\/span><\/p>\n<p style=\"text-align: justify\"><span style=\"font-family: 'times new roman', times, serif;font-size: 12pt\">Data: 24\/10\/2019<br \/>\nT\u00edtulo: <strong>Cer\u00e2mica e vidros em restaura\u00e7\u00f5es dent\u00e1rias.<\/strong><br \/>\nPalestrante: Prof. Dr. Afonso Chimanski (DEFIS \u2013 UNICENTRO)[\/vc_column_text][vc_separator][vc_column_text]<\/span><\/p>\n<p style=\"text-align: justify\"><span style=\"font-family: 'times new roman', times, serif;font-size: 12pt\">Data: 03\/10\/2019<br \/>\nT\u00edtulo: <strong>Dos laborat\u00f3rios para o Computador: simula\u00e7\u00e3o computacional de experimentos hist\u00f3ricos no ensino de F\u00edsica.<\/strong><br \/>\nPalestrante: Prof. Dr. M\u00e1rcia da Costa (DEFIS \u2013 UNICENTRO)<br \/>\n[\/vc_column_text][vc_separator][vc_column_text]<\/span><\/p>\n<p style=\"text-align: justify\"><span style=\"font-family: 'times new roman', times, serif;font-size: 12pt\">Data: 19\/09\/2019<br \/>\nT\u00edtulo: <strong>Criptografia em sistemas qu\u00e2nticos.<\/strong><br \/>\nPalestrante: Prof Dr. Paulo Jos\u00e9 dos Reis (DEFIS \u2013 UNICENTRO)<br \/>\n[\/vc_column_text][vc_separator][vc_column_text]<\/span><\/p>\n<p style=\"text-align: justify\"><span style=\"font-family: 'times new roman', times, serif;font-size: 12pt\">Data: 05\/09\/2019<br \/>\nT\u00edtulo: <strong>Instrumenta\u00e7\u00e3o de baixo custo para o Ensino de Radioatividade.<\/strong><br \/>\nPalestrante: Prof. Dr. Rodrigo Oliveira Bastos (DEFIS \u2013 UNICENTRO)[\/vc_column_text][\/vc_column][\/vc_row][vc_row][vc_column][vc_cta h2=&#8221;QUER VER AS FOTOGRAFIAS DESSE EVENTO?&#8221; h4=&#8221;Clique no bot\u00e3o abaixo:&#8221; txt_align=&#8221;center&#8221; style=&#8221;outline&#8221; color=&#8221;juicy-pink&#8221; el_width=&#8221;lg&#8221; add_button=&#8221;bottom&#8221; btn_title=&#8221;Galeria&#8221; btn_style=&#8221;3d&#8221; btn_color=&#8221;juicy-pink&#8221; btn_size=&#8221;sm&#8221; btn_align=&#8221;center&#8221; btn_i_align=&#8221;right&#8221; btn_i_icon_fontawesome=&#8221;far fa-file-image&#8221; btn_add_icon=&#8221;true&#8221; btn_link=&#8221;url:https%3A%2F%2Fwww3.unicentro.br%2Fpetfisica%2Fgaleria%2F2019galeria%2F||target:%20_blank|&#8221;][\/vc_cta][\/vc_column][\/vc_row]<\/span><\/p>\n<\/div>","protected":false},"excerpt":{"rendered":"<p>[vc_row][vc_column][vc_custom_heading text=&#8221;XI Ciclo de Semin\u00e1rios do DEFIS&#8221; font_container=&#8221;tag:h1|text_align:center|color:%23000000&#8243; google_fonts=&#8221;font_family:Alegreya%20SC%3Aregular%2Citalic%2C700%2C700italic%2C900%2C900italic|font_style:700%20bold%20regular%3A700%3Anormal&#8221; css_animation=&#8221;none&#8221;][vc_custom_heading text=&#8221;Organiza\u00e7\u00e3o: GPET-F\u00edsica&#8221; font_container=&#8221;tag:h3|text_align:center|color:%23000000&#8243; google_fonts=&#8221;font_family:Alegreya%20SC%3Aregular%2Citalic%2C700%2C700italic%2C900%2C900italic|font_style:700%20bold%20italic%3A700%3Aitalic&#8221;][\/vc_column][\/vc_row][vc_row][vc_column][vc_column_text] Data: 21\/11\/2019 T\u00edtulo: Rela\u00e7\u00f5es existentes entre as propriedades dos materiais e suas estruturas. Palestrante: Prof. Dra. Taiana Gabriela Moretti Bonadio (DEFIS \u2013 UNICENTRO)[\/vc_column_text][\/vc_column][\/vc_row][vc_row][vc_column][vc_separator][vc_column_text] Data: 24\/10\/2019 T\u00edtulo: Cer\u00e2mica e vidros em restaura\u00e7\u00f5es dent\u00e1rias. Palestrante: Prof. Dr. Afonso Chimanski (DEFIS \u2013 UNICENTRO)[\/vc_column_text][vc_separator][vc_column_text] Data: [&hellip;]<\/p>\n","protected":false},"author":135,"featured_media":0,"parent":151,"menu_order":1,"comment_status":"closed","ping_status":"closed","template":"","meta":{"_exactmetrics_skip_tracking":false,"_exactmetrics_sitenote_active":false,"_exactmetrics_sitenote_note":"","_exactmetrics_sitenote_category":0,"footnotes":"","_links_to":"","_links_to_target":""},"class_list":["post-4148","page","type-page","status-publish","hentry"],"_links":{"self":[{"href":"https:\/\/www3.unicentro.br\/petfisica\/wp-json\/wp\/v2\/pages\/4148","targetHints":{"allow":["GET"]}}],"collection":[{"href":"https:\/\/www3.unicentro.br\/petfisica\/wp-json\/wp\/v2\/pages"}],"about":[{"href":"https:\/\/www3.unicentro.br\/petfisica\/wp-json\/wp\/v2\/types\/page"}],"author":[{"embeddable":true,"href":"https:\/\/www3.unicentro.br\/petfisica\/wp-json\/wp\/v2\/users\/135"}],"replies":[{"embeddable":true,"href":"https:\/\/www3.unicentro.br\/petfisica\/wp-json\/wp\/v2\/comments?post=4148"}],"version-history":[{"count":1,"href":"https:\/\/www3.unicentro.br\/petfisica\/wp-json\/wp\/v2\/pages\/4148\/revisions"}],"predecessor-version":[{"id":15949,"href":"https:\/\/www3.unicentro.br\/petfisica\/wp-json\/wp\/v2\/pages\/4148\/revisions\/15949"}],"up":[{"embeddable":true,"href":"https:\/\/www3.unicentro.br\/petfisica\/wp-json\/wp\/v2\/pages\/151"}],"wp:attachment":[{"href":"https:\/\/www3.unicentro.br\/petfisica\/wp-json\/wp\/v2\/media?parent=4148"}],"curies":[{"name":"wp","href":"https:\/\/api.w.org\/{rel}","templated":true}]}}