{"id":247,"date":"2018-12-07T08:06:00","date_gmt":"2018-12-07T10:06:00","guid":{"rendered":"https:\/\/www3.unicentro.br\/petfisica\/2018-2-6\/"},"modified":"2021-07-20T16:27:15","modified_gmt":"2021-07-20T19:27:15","slug":"2018-2","status":"publish","type":"page","link":"https:\/\/www3.unicentro.br\/petfisica\/atividades\/ciclo-de-seminarios-do-defis\/2018-2\/","title":{"rendered":"2018"},"content":{"rendered":"<div class=\"wpb-content-wrapper\"><p><span style=\"font-family: 'times new roman', times, serif;font-size: 12pt\">[vc_row][vc_column][vc_custom_heading text=&#8221;X ciclo de Semin\u00e1rios do DEFIS&#8221; font_container=&#8221;tag:h1|text_align:center|color:%23000000&#8243; google_fonts=&#8221;font_family:Alegreya%20SC%3Aregular%2Citalic%2C700%2C700italic%2C900%2C900italic|font_style:700%20bold%20regular%3A700%3Anormal&#8221;][vc_custom_heading text=&#8221;Organiza\u00e7\u00e3o: GPET-F\u00edsica&#8221; font_container=&#8221;tag:h3|text_align:center|color:%23000000&#8243; google_fonts=&#8221;font_family:Alegreya%20SC%3Aregular%2Citalic%2C700%2C700italic%2C900%2C900italic|font_style:700%20bold%20italic%3A700%3Aitalic&#8221;][vc_column_text]<\/span><\/p>\n<p>&nbsp;<\/p>\n<p><span style=\"font-family: 'times new roman', times, serif;font-size: 12pt\">Data: 06\/12\/2018<\/span><br \/>\n<span style=\"font-family: 'times new roman', times, serif;font-size: 12pt\">T\u00edtulo: <strong>Extens\u00e3o universit\u00e1ria.<\/strong><\/span><br \/>\n<span style=\"font-family: 'times new roman', times, serif;font-size: 12pt\">Palestrante: Prof. Dr.\u00a0Jorge Luiz Favaro (DEAGRO &#8211; UNICENTRO)<\/span><\/p>\n<hr \/>\n<p><span style=\"font-family: 'times new roman', times, serif;font-size: 12pt\">Data: 22\/11\/2018<\/span><br \/>\n<span style=\"font-family: 'times new roman', times, serif;font-size: 12pt\">T\u00edtulo: <strong>Introdu\u00e7\u00e3o a Microscopia Eletr\u00f4nica.<\/strong><\/span><br \/>\n<span style=\"font-family: 'times new roman', times, serif;font-size: 12pt\">Palestrante: Prof. Dr. Valdirlei Fernandes Freitas (DEFIS &#8211; UNICENTRO)<\/span><\/p>\n<hr \/>\n<p><span style=\"font-family: 'times new roman', times, serif;font-size: 12pt\">Data: 01\/11\/2018<\/span><br \/>\n<span style=\"font-family: 'times new roman', times, serif;font-size: 12pt\">T\u00edtulo: <strong>As rela\u00e7\u00f5es entre ci\u00eancia e tecnologia.<\/strong><\/span><br \/>\n<span style=\"font-family: 'times new roman', times, serif;font-size: 12pt\">Palestrante: Prof. Dr. Gilmar Evandro Szczepanik (DEFIL &#8211; UNICENTRO)<\/span><\/p>\n<hr \/>\n<p><span style=\"font-family: 'times new roman', times, serif;font-size: 12pt\">Data: 18\/10\/2018<\/span><br \/>\n<span style=\"font-family: 'times new roman', times, serif;font-size: 12pt\">T\u00edtulo: <strong>Desafios e avan\u00e7os no combate ao c\u00e2ncer.<\/strong><\/span><br \/>\n<span style=\"font-family: 'times new roman', times, serif;font-size: 12pt\">Palestrante: Prof.a Dr.a Tania Toyomi Tominaga (DEFIS &#8211; UNICENTRO)<\/span><\/p>\n<hr \/>\n<p><span style=\"font-family: 'times new roman', times, serif;font-size: 12pt\">Data: 04\/10\/2018<\/span><br \/>\n<span style=\"font-family: 'times new roman', times, serif;font-size: 12pt\">T\u00edtulo: <strong>Transi\u00e7\u00e3o de fase em um g\u00e1s de Lorentz peri\u00f3dico<\/strong>.<\/span><br \/>\n<span style=\"font-family: 'times new roman', times, serif;font-size: 12pt\">Palestrante: Prof. Dr. Eduardo Vicentini (DEFIS &#8211; UNICENTRO)<\/span><\/p>\n<hr \/>\n<p><span style=\"font-family: 'times new roman', times, serif;font-size: 12pt\">Data: 20\/09\/2018<\/span><br \/>\n<span style=\"font-family: 'times new roman', times, serif;font-size: 12pt\">T\u00edtulo: <strong>Microtomografia de raios X.<\/strong><\/span><br \/>\n<span style=\"font-family: 'times new roman', times, serif;font-size: 12pt\">Palestrante: Prof. Dr. Paulo Jos\u00e9 dos Reis\u00a0(DEFIS &#8211; UNICENTRO)<\/span><\/p>\n<hr \/>\n<p><span style=\"font-family: 'times new roman', times, serif;font-size: 12pt\">Data: 06\/09\/2018<\/span><br \/>\n<span style=\"font-family: 'times new roman', times, serif;font-size: 12pt\">T\u00edtulo: <strong>Desenvolvimento e caracteriza\u00e7\u00e3o f\u00edsico-qu\u00edmica de complexos de inclus\u00e3o de Amilose com diferentes mol\u00e9culas h\u00f3spedes.<\/strong><\/span><br \/>\n<span style=\"font-family: 'times new roman', times, serif;font-size: 12pt\">Palestrante: Prof.a Dr.a Andresa da Costa Ribeiro (DEFIS &#8211; UNICENTRO)[\/vc_column_text][\/vc_column][\/vc_row][vc_row][vc_column][\/vc_column][\/vc_row][vc_row][vc_column][\/vc_column][\/vc_row]<\/span><\/p>\n<\/div>","protected":false},"excerpt":{"rendered":"<p>[vc_row][vc_column][vc_custom_heading text=&#8221;X ciclo de Semin\u00e1rios do DEFIS&#8221; font_container=&#8221;tag:h1|text_align:center|color:%23000000&#8243; google_fonts=&#8221;font_family:Alegreya%20SC%3Aregular%2Citalic%2C700%2C700italic%2C900%2C900italic|font_style:700%20bold%20regular%3A700%3Anormal&#8221;][vc_custom_heading text=&#8221;Organiza\u00e7\u00e3o: GPET-F\u00edsica&#8221; font_container=&#8221;tag:h3|text_align:center|color:%23000000&#8243; google_fonts=&#8221;font_family:Alegreya%20SC%3Aregular%2Citalic%2C700%2C700italic%2C900%2C900italic|font_style:700%20bold%20italic%3A700%3Aitalic&#8221;][vc_column_text] &nbsp; Data: 06\/12\/2018 T\u00edtulo: Extens\u00e3o universit\u00e1ria. Palestrante: Prof. Dr.\u00a0Jorge Luiz Favaro (DEAGRO &#8211; UNICENTRO) Data: 22\/11\/2018 T\u00edtulo: Introdu\u00e7\u00e3o a Microscopia Eletr\u00f4nica. Palestrante: Prof. Dr. Valdirlei Fernandes Freitas (DEFIS &#8211; UNICENTRO) Data: 01\/11\/2018 T\u00edtulo: As rela\u00e7\u00f5es entre ci\u00eancia e tecnologia. Palestrante: Prof. Dr. [&hellip;]<\/p>\n","protected":false},"author":3,"featured_media":0,"parent":151,"menu_order":2,"comment_status":"closed","ping_status":"open","template":"","meta":{"_exactmetrics_skip_tracking":false,"_exactmetrics_sitenote_active":false,"_exactmetrics_sitenote_note":"","_exactmetrics_sitenote_category":0,"footnotes":"","_links_to":"","_links_to_target":""},"class_list":["post-247","page","type-page","status-publish","hentry"],"_links":{"self":[{"href":"https:\/\/www3.unicentro.br\/petfisica\/wp-json\/wp\/v2\/pages\/247","targetHints":{"allow":["GET"]}}],"collection":[{"href":"https:\/\/www3.unicentro.br\/petfisica\/wp-json\/wp\/v2\/pages"}],"about":[{"href":"https:\/\/www3.unicentro.br\/petfisica\/wp-json\/wp\/v2\/types\/page"}],"author":[{"embeddable":true,"href":"https:\/\/www3.unicentro.br\/petfisica\/wp-json\/wp\/v2\/users\/3"}],"replies":[{"embeddable":true,"href":"https:\/\/www3.unicentro.br\/petfisica\/wp-json\/wp\/v2\/comments?post=247"}],"version-history":[{"count":0,"href":"https:\/\/www3.unicentro.br\/petfisica\/wp-json\/wp\/v2\/pages\/247\/revisions"}],"up":[{"embeddable":true,"href":"https:\/\/www3.unicentro.br\/petfisica\/wp-json\/wp\/v2\/pages\/151"}],"wp:attachment":[{"href":"https:\/\/www3.unicentro.br\/petfisica\/wp-json\/wp\/v2\/media?parent=247"}],"curies":[{"name":"wp","href":"https:\/\/api.w.org\/{rel}","templated":true}]}}