{"id":245,"date":"2018-12-15T15:32:00","date_gmt":"2018-12-15T17:32:00","guid":{"rendered":"https:\/\/www3.unicentro.br\/petfisica\/2018-2-5\/"},"modified":"2021-12-29T18:30:05","modified_gmt":"2021-12-29T21:30:05","slug":"2018-2-5","status":"publish","type":"page","link":"https:\/\/www3.unicentro.br\/petfisica\/atividades\/cinepet\/2018-2-5\/","title":{"rendered":"2018"},"content":{"rendered":"<div class=\"wpb-content-wrapper\"><p>[vc_row][vc_column][vc_hoverbox image=&#8221;8662&#8243; primary_title=&#8221;G\u00eanio Indom\u00e1vel&#8221; hover_title=&#8221;1\u00aa Sess\u00e3o Cine PET: G\u00eanio Indom\u00e1vel&#8221; shape=&#8221;round&#8221;]<\/p>\n<p align=\"justify\"><b>Filme:<\/b> G\u00eanio Indom\u00e1vel (Good Will Hunting) &#8211; 1997<\/p>\n<p align=\"justify\"><b>N\u00famero de Participantes:<\/b> 20 (Contando com o petiano moderador e debatedor)<\/p>\n<p align=\"justify\"><b>Petiano Moderador\/Debatedor:<\/b> Sanderson Carlos Ribeiro<\/p>\n<p align=\"justify\"><b>Data em que foi realizada a sess\u00e3o:<\/b> 15 de junho de 2018, a partir das 13h30<\/p>\n<p align=\"justify\"><b>Local:<\/b> LIDEC \u2013 Campus Cedeteg<\/p>\n<p align=\"justify\"><b>Sinopse:<\/b> Em Boston, um jovem de 20 anos (Matt Damon) que j\u00e1 teve algumas passagens pela pol\u00edcia e servente de uma universidade, revela-se um g\u00eanio em matem\u00e1tica e, por determina\u00e7\u00e3o legal, precisa fazer terapia, mas nada funciona, pois ele debocha de todos os analistas, at\u00e9 se identificar com um deles.<\/p>\n<p align=\"justify\">A primeira sess\u00e3o do Cine PET apresentou o filme G\u00eanio Indom\u00e1vel ganhador do Oscar de Melhor Ator Coadjuvante para Robin Williams e Melhor Roteiro Original escrito por Matt Damon e Ben Affleck do ano de 1998.<\/p>\n<p align=\"justify\">Ao todo, 20 pessoas participaram dessa sess\u00e3o que propiciou um debate entre os participantes ao final desta, sobre alguns temas abordados no longa-metragem. A principal mensagem que o filme passou foi que apesar de existir barreiras em nossas vidas, devemos sempre fazer o que gostamos, com quem a gente gosta, pois s\u00e3o esses momentos que fazem nossas vidas valer a pena. Venha conferir o Cine PET, que teremos mais sess\u00f5es para voc\u00eas que amam a s\u00e9tima arte. Lembrando que a entrada \u00e9 gratuita e h\u00e1 certifica\u00e7\u00e3o para quem participa.<\/p>\n<p>[\/vc_hoverbox][\/vc_column][\/vc_row][vc_row][vc_column][vc_hoverbox image=&#8221;8662&#8243; primary_title=&#8221;Clube da Luta&#8221; hover_title=&#8221;2\u00aa Sess\u00e3o Cine PET: Clube da Luta&#8221; shape=&#8221;round&#8221;]<\/p>\n<p align=\"justify\"><b>Filme:<\/b> Clube da Luta (Fight Club) &#8211; 1999<\/p>\n<p align=\"justify\"><b>N\u00famero de Participantes:<\/b> 25 (Contando com o petiano moderador e debatedor)<\/p>\n<p align=\"justify\"><b>Petiano Moderador\/Debatedor:<\/b> Sanderson Carlos Ribeiro<\/p>\n<p align=\"justify\"><b>Data em que foi realizada a sess\u00e3o:<\/b> 17 de agosto de 2018, a partir das 13h30<\/p>\n<p align=\"justify\"><b>Local:<\/b> LIDEC \u2013 Campus Cedeteg<\/p>\n<p align=\"justify\"><b>Sinopse:<\/b> Jack (Edward Norton) \u00e9 um executivo jovem, trabalha como investigador de seguros, mora confortavelmente, mas ele est\u00e1 ficando cada vez mais insatisfeito com sua vida med\u00edocre. Para piorar ele est\u00e1 enfrentando uma terr\u00edvel crise de ins\u00f4nia, at\u00e9 que encontra uma cura inusitada para a sua falta de sono ao frequentar grupos de auto-ajuda. Nesses encontros ele passa a conviver com pessoas problem\u00e1ticas como a viciada Marla Singer (Helena Bonham Carter) e a conhecer estranhos como Tyler Durden (Brad Pitt). Misterioso e cheio de ideias, Tyler apresenta para Jack um grupo secreto que se encontra para extravasar suas ang\u00fastias e tens\u00f5es atrav\u00e9s de violentos combates corporais.<\/p>\n<p align=\"justify\">Na segunda sess\u00e3o, os participantes quebraram a primeira e segunda regra do filme que foi exibido: Clube da Luta. O filme se mostrou um cl\u00e1ssico cult reunindo um n\u00famero maior de participantes em compara\u00e7\u00e3o \u00e0 primeira sess\u00e3o. Baseado no romance hom\u00f4nimo de Chuck Palahniuk, publicado em 1996, Clube da Luta nos traz v\u00e1rias mensagens sobre quem voc\u00ea \u00e9 e quem gostaria de ser e, os meios que voc\u00ea utiliza podem ou n\u00e3o ser satisfat\u00f3rios no final.<\/p>\n<p>[\/vc_hoverbox][\/vc_column][\/vc_row][vc_row][vc_column][vc_hoverbox image=&#8221;8662&#8243; primary_title=&#8221;O Jogo Da Imita\u00e7\u00e3o&#8221; hover_title=&#8221;3\u00aa Sess\u00e3o Cine PET: O Jogo da Imita\u00e7\u00e3o&#8221; shape=&#8221;round&#8221;]<\/p>\n<p align=\"justify\"><b>Filme:<\/b> O Jogo da Imita\u00e7\u00e3o (The Imitation Game) &#8211; 2015<\/p>\n<p align=\"justify\"><b>N\u00famero de Participantes:<\/b> 16 (Contando com o petiano moderador e debatedor)<\/p>\n<p align=\"justify\"><b>Petiano Moderador:<\/b> Sanderson Carlos Ribeiro<\/p>\n<p align=\"justify\"><b>Petiano Debatedor:<\/b> Felipe Leria Stefenon<\/p>\n<p align=\"justify\"><b>Data em que foi realizada a sess\u00e3o:<\/b> 14 de setembro de 2018, a partir das 13h30<\/p>\n<p align=\"justify\"><b>Local:<\/b> LIDEC \u2013 Campus Cedeteg<\/p>\n<p align=\"justify\"><b>Sinopse:<\/b> Durante a Segunda Guerra Mundial, o governo brit\u00e2nico monta uma equipe que tem por objetivo quebrar o Enigma, o famoso c\u00f3digo que os alem\u00e3es usam para enviar mensagens aos submarinos. Um de seus integrantes \u00e9 Alan Turing (Benedict Cumberbatch), um matem\u00e1tico de 27 anos estritamente l\u00f3gico e focado no trabalho, que tem problemas de relacionamento com praticamente todos \u00e0 sua volta. N\u00e3o demora muito para que Turing, apesar de sua intransig\u00eancia, lidere a equipe. Seu grande projeto \u00e9 construir uma m\u00e1quina que permita analisar todas as possibilidades de codifica\u00e7\u00e3o do Enigma em apenas 18 horas, de forma que os ingleses conhe\u00e7am as ordens enviadas antes que elas sejam executadas. Entretanto, para que o projeto d\u00ea certo, Turing ter\u00e1 que aprender a trabalhar em equipe e tem Joan Clarke (Keira Knightley) sua grande incentivadora.<\/p>\n<p align=\"justify\">A terceira sess\u00e3o do Cine PET apresentou um filme bem roteirizado com excelentes atua\u00e7\u00f5es, tanto que isto rendeu o Oscar de melhor roteiro adaptado de 2015 para o filme biogr\u00e1fico, que nos mostra um pouco da vida de um dos maiores matem\u00e1ticos que j\u00e1 existiram. O debate gerou discuss\u00f5es acerca de v\u00e1rios aspectos retratados no filme, como a representa\u00e7\u00e3o feminina na 2\u00aa Guerra Mundial e o tratamento \u00e0 homossexualidade antigamente. O filme deixou claro para os participantes dessa sess\u00e3o que \u201c\u00e0s vezes s\u00e3o as pessoas que menos imaginamos que fazem as coisas que ningu\u00e9m imaginaria\u201d.<\/p>\n<p>[\/vc_hoverbox][\/vc_column][\/vc_row][vc_row][vc_column][vc_hoverbox image=&#8221;8662&#8243; primary_title=&#8221;Divertida Mente&#8221; hover_title=&#8221;4\u00aa Sess\u00e3o Cine PET: Divertida Mente&#8221; shape=&#8221;round&#8221;]<\/p>\n<p align=\"justify\"><a name=\"_GoBack\"><\/a><span style=\"font-family: arial, helvetica, sans-serif\"> <b>Filme:<\/b> Divertida Mente (Inside Out) &#8211; 2015<\/span><\/p>\n<p align=\"justify\"><span style=\"font-family: arial, helvetica, sans-serif\"><b>N\u00famero de Participantes:<\/b> 22 (Contando com o petiano moderador e debatedor)<\/span><\/p>\n<p align=\"justify\"><span style=\"font-family: arial, helvetica, sans-serif\"><b>Petiano Moderador:<\/b> Sanderson Carlos Ribeiro<\/span><\/p>\n<p align=\"justify\"><span style=\"font-family: arial, helvetica, sans-serif\"><b>Petiana Debatedora:<\/b> Fernanda Barbieri de Lara<\/span><\/p>\n<p align=\"justify\"><span style=\"font-family: arial, helvetica, sans-serif\"><b>Petiana Debatedora:<\/b> Nat\u00e1lia Silva de Souza<\/span><\/p>\n<p align=\"justify\"><span style=\"font-family: arial, helvetica, sans-serif\"><b>Data em que foi realizada a sess\u00e3o:<\/b> 26 de Outubro de 2018, a partir das 13h30<\/span><\/p>\n<p align=\"justify\"><span style=\"font-family: arial, helvetica, sans-serif\"><b>Local:<\/b> LIDEC \u2013 Campus Cedeteg<\/span><\/p>\n<p align=\"justify\"><span style=\"font-family: arial, helvetica, sans-serif\"><b>Sinopse:<\/b> Riley \u00e9 uma garota divertida de 11 anos de idade, que deve enfrentar mudan\u00e7as importantes em sua vida quando seus pais decidem deixar a sua cidade natal, no estado de Minnesota, para viver em San Francisco. Dentro do c\u00e9rebro de Riley, convivem v\u00e1rias emo\u00e7\u00f5es diferentes, como a Alegria, o Medo, a Raiva, o Nojinho e a Tristeza. A l\u00edder deles \u00e9 Alegria, que se esfor\u00e7a bastante para fazer com que a vida de Riley seja sempre feliz. Entretanto, uma confus\u00e3o na sala de controle faz com que ela e Tristeza sejam expelidas para fora do local. Agora, elas precisam percorrer as v\u00e1rias ilhas existentes nos pensamentos de Riley para que possam retornar \u00e0 sala de controle &#8211; e, enquanto isto n\u00e3o acontece, a vida da garota muda radicalmente.<\/span><\/p>\n<p align=\"justify\"><span style=\"font-family: arial, helvetica, sans-serif\">Nesta 4\u00aa Sess\u00e3o do Cine PET os participantes se encantaram com um cl\u00e1ssico das anima\u00e7\u00f5es dos est\u00fadios Disney\/Pixar e ao mesmo tempo perceberam que dentro de todos os seres humanos existem emo\u00e7\u00f5es que desempenham pap\u00e9is fundamentais em nossas vidas. O debate proporcionou um momento de discuss\u00e3o sobre como as pessoas se sentem com v\u00e1rias coisas que podem acontecer durante seu dia-a-dia. Esperamos com muita alegria a participa\u00e7\u00e3o de todos nas pr\u00f3ximas sess\u00f5es do Cine Pet.<\/span><\/p>\n<p>\u00a0[\/vc_hoverbox][\/vc_column][\/vc_row][vc_row][vc_column][vc_hoverbox image=&#8221;8662&#8243; primary_title=&#8221;A Teoria de Tudo&#8221; primary_title_font_container=&#8221;color:%23020202&#8243; primary_title_use_theme_fonts=&#8221;yes&#8221; hover_title=&#8221;5\u00aa Sess\u00e3o Cine PET: A Teoria de Tudo&#8221; shape=&#8221;round&#8221; use_custom_fonts_primary_title=&#8221;true&#8221;]<\/p>\n<p style=\"margin-bottom: 0.28cm;line-height: 150%\" align=\"justify\"><b>Filme:<\/b> A Teoria de Tudo (The Theory Of Everything) &#8211; 2014<\/p>\n<p style=\"margin-bottom: 0.28cm;line-height: 150%\" align=\"justify\"><b>N\u00famero de Participantes:<\/b> 20 (Contando com o petiano moderador e debatedor)<\/p>\n<p style=\"margin-bottom: 0.28cm;line-height: 150%\" align=\"justify\"><b>Petiano Moderador:<\/b> Sanderson Carlos Ribeiro<\/p>\n<p style=\"margin-bottom: 0.28cm;line-height: 150%\" align=\"justify\"><b>Petiano Debatedor:<\/b> Diego Henrique Witchemichen<\/p>\n<p style=\"margin-bottom: 0.28cm;line-height: 150%\" align=\"justify\"><b>Petiano Debatedor:<\/b> Gabriel Grube dos Santos<\/p>\n<p style=\"margin-bottom: 0.28cm;line-height: 150%\" align=\"justify\"><b>Data em que foi realizada a sess\u00e3o:<\/b> 23 de Novembro de 2018, a partir das 13h30<\/p>\n<p style=\"margin-bottom: 0.28cm;line-height: 150%\" align=\"justify\"><b>Local:<\/b> LIDEC \u2013 Campus Cedeteg<\/p>\n<p style=\"margin-bottom: 0.28cm;line-height: 150%\" align=\"justify\"><b>Sinopse:<\/b> Baseado na biografia de Stephen Hawking, o filme mostra como o jovem astrof\u00edsico (Eddie Redmayne) fez descobertas importantes sobre o tempo, al\u00e9m de retratar o seu romance com a aluna de Cambridge Jane Wide (Felicity Jones) e a descoberta de uma doen\u00e7a motora degenerativa quando tinha apenas 21 anos.<\/p>\n<p style=\"margin-bottom: 0.28cm;line-height: 150%\" align=\"justify\">Na \u00faltima sess\u00e3o do ano de 2018 do Cine PET os participantes assistiram a emocionante hist\u00f3ria de um dos maiores g\u00eanios da humanidade, Stephen Hawking. O debate gerou comoventes hist\u00f3rias acerca do que o amor pode proporcionar na vida de quem acredita neste sentimento verdadeiro. Stephen Hawking foi al\u00e9m de um f\u00edsico brilhante, um ser humano como qualquer outro, com problemas e alegrias que qualquer pessoa poderia ter experimentado. Ele nunca desistiu de seus sonhos, mesmo enquanto estava debilitado, pois haviam pessoas que o auxiliaram a ver o lado bom da vida, deixando claro que \u201cenquanto houver vida, haver\u00e1 esperan\u00e7a\u201d. Obrigado pela participa\u00e7\u00e3o de todos durante este ano e esperamos contar com voc\u00eas novamente em 2019. Se voc\u00ea tiver interesse mesmo n\u00e3o tendo participado ainda, venha ver ou rever estes cl\u00e1ssicos da S\u00e9tima Arte, pois as portas do Cine PET sempre estar\u00e3o abertas.<\/p>\n<p>[\/vc_hoverbox][\/vc_column][\/vc_row]<\/p>\n<\/div>","protected":false},"excerpt":{"rendered":"<p>[vc_row][vc_column][vc_hoverbox image=&#8221;8662&#8243; primary_title=&#8221;G\u00eanio Indom\u00e1vel&#8221; hover_title=&#8221;1\u00aa Sess\u00e3o Cine PET: G\u00eanio Indom\u00e1vel&#8221; shape=&#8221;round&#8221;] Filme: G\u00eanio Indom\u00e1vel (Good Will Hunting) &#8211; 1997 N\u00famero de Participantes: 20 (Contando com o petiano moderador e debatedor) Petiano Moderador\/Debatedor: Sanderson Carlos Ribeiro Data em que foi realizada a sess\u00e3o: 15 de junho de 2018, a partir das 13h30 Local: LIDEC \u2013 Campus [&hellip;]<\/p>\n","protected":false},"author":3,"featured_media":0,"parent":244,"menu_order":2,"comment_status":"closed","ping_status":"closed","template":"","meta":{"_exactmetrics_skip_tracking":false,"_exactmetrics_sitenote_active":false,"_exactmetrics_sitenote_note":"","_exactmetrics_sitenote_category":0,"footnotes":"","_links_to":"","_links_to_target":""},"class_list":["post-245","page","type-page","status-publish","hentry"],"_links":{"self":[{"href":"https:\/\/www3.unicentro.br\/petfisica\/wp-json\/wp\/v2\/pages\/245","targetHints":{"allow":["GET"]}}],"collection":[{"href":"https:\/\/www3.unicentro.br\/petfisica\/wp-json\/wp\/v2\/pages"}],"about":[{"href":"https:\/\/www3.unicentro.br\/petfisica\/wp-json\/wp\/v2\/types\/page"}],"author":[{"embeddable":true,"href":"https:\/\/www3.unicentro.br\/petfisica\/wp-json\/wp\/v2\/users\/3"}],"replies":[{"embeddable":true,"href":"https:\/\/www3.unicentro.br\/petfisica\/wp-json\/wp\/v2\/comments?post=245"}],"version-history":[{"count":0,"href":"https:\/\/www3.unicentro.br\/petfisica\/wp-json\/wp\/v2\/pages\/245\/revisions"}],"up":[{"embeddable":true,"href":"https:\/\/www3.unicentro.br\/petfisica\/wp-json\/wp\/v2\/pages\/244"}],"wp:attachment":[{"href":"https:\/\/www3.unicentro.br\/petfisica\/wp-json\/wp\/v2\/media?parent=245"}],"curies":[{"name":"wp","href":"https:\/\/api.w.org\/{rel}","templated":true}]}}