{"id":242,"date":"2018-08-21T00:00:00","date_gmt":"2018-08-21T03:00:00","guid":{"rendered":"https:\/\/www3.unicentro.br\/petfisica\/2017-2-4\/"},"modified":"2023-06-29T15:34:21","modified_gmt":"2023-06-29T18:34:21","slug":"petcast-2017","status":"publish","type":"page","link":"https:\/\/www3.unicentro.br\/petfisica\/podcast\/petcast-2017\/","title":{"rendered":"PETCast 2017"},"content":{"rendered":"<div class=\"wpb-content-wrapper\"><p>[vc_row][vc_column][vc_tta_accordion style=&#8221;modern&#8221; color=&#8221;juicy-pink&#8221; spacing=&#8221;1&#8243; c_align=&#8221;center&#8221; c_icon=&#8221;triangle&#8221; active_section=&#8221;1&#8243;][vc_tta_section title=&#8221;PETcast #7 &#8211; Radia\u00e7\u00e3o Ambiente&#8221; tab_id=&#8221;1537881961998-64b6ed73-e891&#8243;][\/vc_tta_section][vc_tta_section title=&#8221;PETcast #6 &#8211; Ao infinito e al\u00e9m&#8221; tab_id=&#8221;1537881946414-9321f6d6-a30f&#8221;][\/vc_tta_section][vc_tta_section title=&#8221;PETcast #5 &#8211; A influ\u00eancia de ser Petiana&#8221; tab_id=&#8221;1537881914162-b81725ec-cca0&#8243;][\/vc_tta_section][vc_tta_section title=&#8221;PETcast #4 &#8211; Com grandes poderes vem grandes responsabilidades&#8221; tab_id=&#8221;1537881850282-ded99e7e-c5ce&#8221;][\/vc_tta_section][vc_tta_section title=&#8221;PETcast #3 &#8211; A primeira mulher do departamento&#8221; tab_id=&#8221;1537881763004-b2829400-f401&#8243;][\/vc_tta_section][vc_tta_section title=&#8221;PETcast #2 &#8211; A implanta\u00e7\u00e3o do Grupo PET F\u00edsica&#8221; tab_id=&#8221;1537881749070-93497f22-6014&#8243;][\/vc_tta_section][vc_tta_section title=&#8221;PETcast #1 &#8211; A hist\u00f3ria do curso de F\u00edsica na UNICENTRO&#8221; tab_id=&#8221;1537881749070-a30b573c-3770&#8243;][\/vc_tta_section][\/vc_tta_accordion][\/vc_column][\/vc_row]<\/p>\n<\/div>","protected":false},"excerpt":{"rendered":"<p>[vc_row][vc_column][vc_tta_accordion style=&#8221;modern&#8221; color=&#8221;juicy-pink&#8221; spacing=&#8221;1&#8243; c_align=&#8221;center&#8221; c_icon=&#8221;triangle&#8221; active_section=&#8221;1&#8243;][vc_tta_section title=&#8221;PETcast #7 &#8211; Radia\u00e7\u00e3o Ambiente&#8221; tab_id=&#8221;1537881961998-64b6ed73-e891&#8243;][\/vc_tta_section][vc_tta_section title=&#8221;PETcast #6 &#8211; Ao infinito e al\u00e9m&#8221; tab_id=&#8221;1537881946414-9321f6d6-a30f&#8221;][\/vc_tta_section][vc_tta_section title=&#8221;PETcast #5 &#8211; A influ\u00eancia de ser Petiana&#8221; tab_id=&#8221;1537881914162-b81725ec-cca0&#8243;][\/vc_tta_section][vc_tta_section title=&#8221;PETcast #4 &#8211; Com grandes poderes vem grandes responsabilidades&#8221; tab_id=&#8221;1537881850282-ded99e7e-c5ce&#8221;][\/vc_tta_section][vc_tta_section title=&#8221;PETcast #3 &#8211; A primeira mulher do departamento&#8221; tab_id=&#8221;1537881763004-b2829400-f401&#8243;][\/vc_tta_section][vc_tta_section title=&#8221;PETcast #2 &#8211; A implanta\u00e7\u00e3o do [&hellip;]<\/p>\n","protected":false},"author":3,"featured_media":0,"parent":220,"menu_order":0,"comment_status":"closed","ping_status":"open","template":"","meta":{"_exactmetrics_skip_tracking":false,"_exactmetrics_sitenote_active":false,"_exactmetrics_sitenote_note":"","_exactmetrics_sitenote_category":0,"footnotes":"","_links_to":"","_links_to_target":""},"class_list":["post-242","page","type-page","status-publish","hentry"],"_links":{"self":[{"href":"https:\/\/www3.unicentro.br\/petfisica\/wp-json\/wp\/v2\/pages\/242","targetHints":{"allow":["GET"]}}],"collection":[{"href":"https:\/\/www3.unicentro.br\/petfisica\/wp-json\/wp\/v2\/pages"}],"about":[{"href":"https:\/\/www3.unicentro.br\/petfisica\/wp-json\/wp\/v2\/types\/page"}],"author":[{"embeddable":true,"href":"https:\/\/www3.unicentro.br\/petfisica\/wp-json\/wp\/v2\/users\/3"}],"replies":[{"embeddable":true,"href":"https:\/\/www3.unicentro.br\/petfisica\/wp-json\/wp\/v2\/comments?post=242"}],"version-history":[{"count":0,"href":"https:\/\/www3.unicentro.br\/petfisica\/wp-json\/wp\/v2\/pages\/242\/revisions"}],"up":[{"embeddable":true,"href":"https:\/\/www3.unicentro.br\/petfisica\/wp-json\/wp\/v2\/pages\/220"}],"wp:attachment":[{"href":"https:\/\/www3.unicentro.br\/petfisica\/wp-json\/wp\/v2\/media?parent=242"}],"curies":[{"name":"wp","href":"https:\/\/api.w.org\/{rel}","templated":true}]}}