{"id":240,"date":"2018-05-21T00:00:00","date_gmt":"2018-05-21T03:00:00","guid":{"rendered":"https:\/\/www3.unicentro.br\/petfisica\/2018-2-3\/"},"modified":"2018-09-13T13:30:14","modified_gmt":"2018-09-13T16:30:14","slug":"2018-2-3","status":"publish","type":"page","link":"https:\/\/www3.unicentro.br\/petfisica\/atividades\/semana-de-estudos-de-fisica\/2018-2-3\/","title":{"rendered":"2018"},"content":{"rendered":"<p>XIV SEMANA DE ESTUDOS DE F\u00cdSICA e IV SIMP\u00d3SIO DE F\u00cdSICA<\/p>\n<p>&nbsp;<\/p>\n<p>&nbsp;<\/p>\n<p><span style=\"font-family: tahoma, arial, helvetica, sans-serif;font-size: 14pt\"><strong>Programa\u00e7\u00e3o:<\/strong> Folder_frente&nbsp; &nbsp;Folder_Tras<\/span><\/p>\n<p><strong><span style=\"font-size: 14pt;font-family: tahoma, arial, helvetica, sans-serif\">Anais da XIV Semana de F\u00edsica<\/span><\/strong><\/p>\n<p>&nbsp;<\/p>\n<p>&nbsp;<\/p>\n","protected":false},"excerpt":{"rendered":"<p>XIV SEMANA DE ESTUDOS DE F\u00cdSICA e IV SIMP\u00d3SIO DE F\u00cdSICA &nbsp; &nbsp; Programa\u00e7\u00e3o: Folder_frente&nbsp; &nbsp;Folder_Tras Anais da XIV Semana de F\u00edsica &nbsp; &nbsp;<\/p>\n","protected":false},"author":3,"featured_media":0,"parent":152,"menu_order":0,"comment_status":"closed","ping_status":"open","template":"","meta":{"_exactmetrics_skip_tracking":false,"_exactmetrics_sitenote_active":false,"_exactmetrics_sitenote_note":"","_exactmetrics_sitenote_category":0,"footnotes":"","_links_to":"","_links_to_target":""},"class_list":["post-240","page","type-page","status-publish","hentry"],"_links":{"self":[{"href":"https:\/\/www3.unicentro.br\/petfisica\/wp-json\/wp\/v2\/pages\/240","targetHints":{"allow":["GET"]}}],"collection":[{"href":"https:\/\/www3.unicentro.br\/petfisica\/wp-json\/wp\/v2\/pages"}],"about":[{"href":"https:\/\/www3.unicentro.br\/petfisica\/wp-json\/wp\/v2\/types\/page"}],"author":[{"embeddable":true,"href":"https:\/\/www3.unicentro.br\/petfisica\/wp-json\/wp\/v2\/users\/3"}],"replies":[{"embeddable":true,"href":"https:\/\/www3.unicentro.br\/petfisica\/wp-json\/wp\/v2\/comments?post=240"}],"version-history":[{"count":0,"href":"https:\/\/www3.unicentro.br\/petfisica\/wp-json\/wp\/v2\/pages\/240\/revisions"}],"up":[{"embeddable":true,"href":"https:\/\/www3.unicentro.br\/petfisica\/wp-json\/wp\/v2\/pages\/152"}],"wp:attachment":[{"href":"https:\/\/www3.unicentro.br\/petfisica\/wp-json\/wp\/v2\/media?parent=240"}],"curies":[{"name":"wp","href":"https:\/\/api.w.org\/{rel}","templated":true}]}}