{"id":236,"date":"2018-02-21T00:00:00","date_gmt":"2018-02-21T03:00:00","guid":{"rendered":"https:\/\/www3.unicentro.br\/petfisica\/em-2019\/"},"modified":"2019-11-11T17:12:35","modified_gmt":"2019-11-11T20:12:35","slug":"em-2018","status":"publish","type":"page","link":"https:\/\/www3.unicentro.br\/petfisica\/producao\/em-2018\/","title":{"rendered":"Em 2018"},"content":{"rendered":"<div class=\"wpb-content-wrapper\"><p>[vc_row][vc_column][vc_column_text]<\/p>\n<ol style=\"text-align: justify\">\n<li style=\"text-align: justify\"><span style=\"color: #333333;font-family: times new roman,times,serif;font-size: 12pt\">DIAS, L. C.; BORRERO, P. P. G. <strong>PETCAST<\/strong>: LEVANDO CONHECIMENTO PARA A COMUNIDADE. Em XIV Semana de estudos em F\u00edsica IV Simp\u00f3sio de F\u00edsica 2018, Guarapuava- PR.<\/span><\/li>\n<li style=\"text-align: justify\"><span style=\"color: #333333;font-family: times new roman,times,serif;font-size: 12pt\">PRZYGOCKI, M. H. ;BORRERO, P. P. G. <strong>PERFIL DOS EGRESSOS DO CURSO DE F\u00cdSICA LICENCIATURA DA UNIVERSIDADE ESTADUAL DO CENTRO-OESTE<\/strong>. Em XIV Semana de estudos em F\u00edsica IV Simp\u00f3sio de F\u00edsica 2018, Guarapuava- PR.<\/span><\/li>\n<li style=\"text-align: justify\"><span style=\"color: #333333;font-family: times new roman,times,serif;font-size: 12pt\">WITCHEMICHEN, D. H.;LARA, F.B.;FONSECA,M.M;BORRERO, P. P. G..<strong>APADRINHAPET<\/strong>:UM PROJETO DE APOIO AOS CALOUROS. Em XIV Semana de estudos em F\u00edsica IV Simp\u00f3sio de F\u00edsica 2018, Guarapuava- PR.<\/span><\/li>\n<li style=\"text-align: justify\"><span style=\"color: #333333;font-family: times new roman,times,serif;font-size: 12pt\">MACHADO, A. F. G.; BORRERO, P. P. G.; ANAISSI, F. J.; <strong>ESPECTROSCOPIA FOTOAC\u00daSTICA APLICADA NA CARACTERIZA\u00c7\u00c3O DE PIGMENTOS INORG\u00c2NICOS SINT\u00c9TICOS<\/strong>. Em Semana de estudos em F\u00edsica IV Simp\u00f3sio de F\u00edsica 2018, Guarapuava &#8211; Pr.<\/span><\/li>\n<li style=\"text-align: justify\"><span style=\"color: #333333;font-family: times new roman,times,serif;font-size: 12pt\">FABIANI, M.G.; MIYAHARA. R.Y.. <strong>A Import\u00e2ncia da Criatividade para o Ensino de Astronomia para Deficientes Visuais<\/strong>. Em XIV Semana de Estudos em F\u00edsica \/ IV Simp\u00f3sio de F\u00edsica, 2018, Guarapuava &#8211; PR. Anais da\u00a0XIV Semana de Estudos em F\u00edsica \/ IV Simp\u00f3sio de F\u00edsica, 2018.<\/span><\/li>\n<li style=\"text-align: justify\"><span style=\"color: #333333;font-family: times new roman,times,serif;font-size: 12pt\">SOUZA, S. N.<strong> OBTEN\u00c7\u00c3O DE BIOCER\u00c2MICA COM MAT\u00c9RIAS-PRIMAS BRASILEIRAS<\/strong>. Em XIV semana de estudos em f\u00edsica IV Simp\u00f3sio de f\u00edsica 2018, Guarapuava \u2013 PR<\/span><\/li>\n<li><span style=\"color: #333333;font-family: times new roman,times,serif;font-size: 12pt\">SANTOS, B. B. D.; MIYAHARA. R.Y.. \u201c<strong>OBTEN\u00c7\u00c3O DE NANOPART\u00cdCULAS MAGN\u00c9TICAS PARA DESENVOLVIMENTO DE BIOIMPLANTES<\/strong>\u201d. Em 8.\u00ba Encontro Anual de Inicia\u00e7\u00e3o Tecnol\u00f3gica e Inova\u00e7\u00e3o (8.\u00ba EAITI) 2018, Maring\u00e1 \u2013 PR<\/span><\/li>\n<li><span style=\"color: #333333;font-family: times new roman,times,serif;font-size: 12pt\"><span style=\"text-align: left;text-indent: 0px;letter-spacing: normal;font-style: normal;font-variant: normal;font-weight: 400;text-decoration: none;float: none\">FABIANI, M.G.; MIYAHARA. R.Y..<\/span>\u00a0<strong>A IMPORT\u00c2NCIA DO ENSINO DE ASTRONOMIA PARA DEFICIENTES VISUAIS A PARTIR DE SIMULA\u00c7\u00d5ES<\/strong><span style=\"text-align: left;text-indent: 0px;letter-spacing: normal;font-style: normal;font-variant: normal;font-weight: 400;text-decoration: none;float: none\">. <\/span>Em 27\u00ba Encontro Anual de Inicia\u00e7\u00e3o Cient\u00edfica (27\u00b0 EAIC) 2018, Guarapuava &#8211; PR<\/span><\/li>\n<li>\n<div><span style=\"color: #333333;font-family: times new roman,times,serif;font-size: 12pt\">SENNA, L. Jr.; FREITAS. V. F.. <b>OBTEN\u00c7\u00c3O DO COMPOSTO BiFeO<sub>3<\/sub>\u00a0NANOESTRUTURADO PELO M\u00c9TODO DE PECHINI<\/b>. Em 27\u00ba Encontro Anual de Inicia\u00e7\u00e3o Cient\u00edfica (27\u00ba EAIC) 2018, Guarapuava &#8211; PR.<\/span><\/div>\n<\/li>\n<li><span style=\"color: #333333;font-family: times new roman,times,serif;font-size: 12pt\">PRZYGOCKI, M. H.; VICENTINI, E.\u00a0<strong>SIMULA\u00c7\u00d5ES COMPUTACIONAIS EM UM G\u00c1S DE LORENTZ COM CISALHAMENTO<\/strong>. Em 27\u00ba Encontro Anual de Inicia\u00e7\u00e3o Cient\u00edfica (27\u00b0 EAIC) 2018, Guarapuava &#8211; PR.<\/span><\/li>\n<li><span style=\"color: #333333;font-family: times new roman,times,serif;font-size: 12pt\">DIAS, L. C.; Freitas, V. F. <strong>S\u00cdNTESE E CARACTERIZA\u00c7\u00c3O DE FILMES FINOS DO COMPOSTO MULTIFERR\u00d3ICO BiFeO<sub>3<\/sub><\/strong>.Em 27\u00ba Encontro Anual de Inicia\u00e7\u00e3o Cient\u00edfica (27\u00b0 EAIC) 2018, Guarapuava &#8211; PR.<\/span><\/li>\n<li><span style=\"color: #333333;font-family: times new roman,times,serif;font-size: 12pt\">RIBEIRO, S. C.; VICENTINI, E.. <strong>ESPALHAMENTO QU\u00c2NTICO EM BILHARES PELO M\u00c9TODO DE CONTORNO DE PAREDES<\/strong>. Em 27\u00ba Encontro Anual de Inicia\u00e7\u00e3o Cient\u00edfica (27\u00b0 EAIC) 2018, Guarapuava \u2013 PR.<\/span><\/li>\n<\/ol>\n<p>[\/vc_column_text][\/vc_column][\/vc_row]<\/p>\n<\/div>","protected":false},"excerpt":{"rendered":"<p>[vc_row][vc_column][vc_column_text] DIAS, L. C.; BORRERO, P. P. G. PETCAST: LEVANDO CONHECIMENTO PARA A COMUNIDADE. Em XIV Semana de estudos em F\u00edsica IV Simp\u00f3sio de F\u00edsica 2018, Guarapuava- PR. PRZYGOCKI, M. H. ;BORRERO, P. P. G. PERFIL DOS EGRESSOS DO CURSO DE F\u00cdSICA LICENCIATURA DA UNIVERSIDADE ESTADUAL DO CENTRO-OESTE. Em XIV Semana de estudos em F\u00edsica [&hellip;]<\/p>\n","protected":false},"author":3,"featured_media":0,"parent":155,"menu_order":0,"comment_status":"closed","ping_status":"open","template":"","meta":{"_exactmetrics_skip_tracking":false,"_exactmetrics_sitenote_active":false,"_exactmetrics_sitenote_note":"","_exactmetrics_sitenote_category":0,"footnotes":"","_links_to":"","_links_to_target":""},"class_list":["post-236","page","type-page","status-publish","hentry"],"_links":{"self":[{"href":"https:\/\/www3.unicentro.br\/petfisica\/wp-json\/wp\/v2\/pages\/236","targetHints":{"allow":["GET"]}}],"collection":[{"href":"https:\/\/www3.unicentro.br\/petfisica\/wp-json\/wp\/v2\/pages"}],"about":[{"href":"https:\/\/www3.unicentro.br\/petfisica\/wp-json\/wp\/v2\/types\/page"}],"author":[{"embeddable":true,"href":"https:\/\/www3.unicentro.br\/petfisica\/wp-json\/wp\/v2\/users\/3"}],"replies":[{"embeddable":true,"href":"https:\/\/www3.unicentro.br\/petfisica\/wp-json\/wp\/v2\/comments?post=236"}],"version-history":[{"count":0,"href":"https:\/\/www3.unicentro.br\/petfisica\/wp-json\/wp\/v2\/pages\/236\/revisions"}],"up":[{"embeddable":true,"href":"https:\/\/www3.unicentro.br\/petfisica\/wp-json\/wp\/v2\/pages\/155"}],"wp:attachment":[{"href":"https:\/\/www3.unicentro.br\/petfisica\/wp-json\/wp\/v2\/media?parent=236"}],"curies":[{"name":"wp","href":"https:\/\/api.w.org\/{rel}","templated":true}]}}