{"id":234,"date":"2018-02-21T00:00:00","date_gmt":"2018-02-21T03:00:00","guid":{"rendered":"https:\/\/www3.unicentro.br\/petfisica\/2018-2-2\/"},"modified":"2026-01-05T21:56:43","modified_gmt":"2026-01-06T00:56:43","slug":"2018-2","status":"publish","type":"page","link":"https:\/\/www3.unicentro.br\/petfisica\/atividades\/extensao\/2018-2\/","title":{"rendered":"Extens\u00e3o 2018"},"content":{"rendered":"<p style=\"text-align: justify\" align=\"justify\"><span style=\"text-decoration: underline\"><span style=\"font-family: times new roman,times,serif;font-size: 12pt\"><strong>Trote Solid\u00e1rio<\/strong><\/span><\/span><\/p>\n<p style=\"text-align: justify\" align=\"justify\"><span style=\"font-family: times new roman,times,serif;font-size: 12pt\">Mais uma vez, o Grupo PET\/F\u00edsica participou, juntamente com o Grupo PET\/Geografia, do trote solid\u00e1rio. Esse trote consiste na doa\u00e7\u00e3o de sangue, de forma volunt\u00e1ria, para o hemocentro da cidade de Guarapuava, sendo uma ideia alternativa para recep\u00e7\u00e3o dos calouros na universidade. A atividade ocorreu na quinta-feira, dia 22 de mar\u00e7o, no per\u00edodo da tarde, e contou com a participa\u00e7\u00e3o de acad\u00eamicos dos cursos de Geografia e F\u00edsica da Unicentro \u2013 Cedeteg. O trote solid\u00e1rio, al\u00e9m de propiciar uma forma diferente de intera\u00e7\u00e3o entre calouros e veteranos, \u00e9 uma a\u00e7\u00e3o que beneficia pessoas que necessitam de sangue para se recuperarem de acidentes, cirurgias e demais enfermidades. J\u00e1 o doador, al\u00e9m de estar contribuindo com um bem social, recebe alguns benef\u00edcios, como descontos em programas culturais em alguns estados. Por isso, sinta-se convidado a fazer parte dessa a\u00e7\u00e3o, a qual ajuda salvar in\u00fameras vidas todo ano.<\/span><\/p>\n<hr \/>\n<p style=\"text-align: justify\" align=\"justify\"><span style=\"text-decoration: underline\"><span style=\"font-family: times new roman,times,serif;font-size: 12pt\"><strong>Agasalha PET!<\/strong><\/span><\/span><\/p>\n<p style=\"text-align: justify\"><span style=\"font-family: times new roman,times,serif;font-size: 12pt\">Realizado pelo grupo PET-F\u00cdSICA, o AgasalhaPET \u2013 uma atividade solid\u00e1ria, que tem como objetivo a arrecada\u00e7\u00e3o de agasalhos destinados \u00e0 doa\u00e7\u00e3o \u2013 recebeu nos \u00faltimos meses contribui\u00e7\u00f5es de toda a sociedade. Os agasalhos arrecadados foram doados para o Albergue Noturno Frederico Ozanam da cidade de Guarapuava &#8211; PR pelos integrantes do grupo PET- F\u00cdSICA, que realizaram a visita ao local no \u00faltimo dia 6 de abril. Na visita foi poss\u00edvel conhecer os detalhes e o funcionamento do ambiente, o qual \u00e9 mantido atrav\u00e9s de doa\u00e7\u00f5es e do trabalho volunt\u00e1rio de pessoas preocupadas com a causa. A campanha continuar\u00e1 at\u00e9 o dia 30\/05 arrecadando doa\u00e7\u00f5es e esquentando o inverno de quem mais precisa.<\/span><\/p>\n<p style=\"text-align: justify\"><span style=\"font-family: times new roman,times,serif;font-size: 12pt\">Fa\u00e7a sua parte e doe voc\u00ea tamb\u00e9m.<\/span><\/p>\n<hr \/>\n<div style=\"text-align: justify\">\n<div class=\"aSH\">\n<div id=\":ml\" class=\"aYv\"><span style=\"text-decoration: underline\"><span style=\"font-family: times new roman,times,serif;font-size: 12pt\"><strong>Agasalha PET 2.0!<\/strong><\/span><\/span><\/div>\n<\/div>\n<\/div>\n<p style=\"text-align: justify\" align=\"justify\"><span style=\"font-family: times new roman,times,serif;font-size: 12pt\">O Grupo PET \u2013 F\u00edsica da UNICENTRO, realizou mais uma vez doa\u00e7\u00f5es de roupas ao Albergue Noturno Frederico Ozanam, da cidade de Guarapuava \u2013 PR, encerrando assim a campanha Agasalha PET. Essa campanha, que durante cerca de tr\u00eas meses arrecadou uma grande quantidade de roupas, foi realizada no Campus Cedeteg, e contou com a participa\u00e7\u00e3o de acad\u00eamico, professores e funcion\u00e1rios, assim como a comunidade em geral.<\/span><\/p>\n<p style=\"text-align: justify\" align=\"justify\"><span style=\"font-family: times new roman,times,serif;font-size: 12pt\">Portanto, \u00e9 com muita gratid\u00e3o que n\u00f3s do Grupo PET \u2013 F\u00edsica, agradecemos a todos que colaboraram de alguma forma, em especial aos doadores, os quais tornaram tudo isso poss\u00edvel, e esperamos que nas pr\u00f3ximas edi\u00e7\u00f5es da campanha, possamos contar novamente com a dedica\u00e7\u00e3o de todos.<\/span><\/p>\n<hr \/>\n<p style=\"text-align: justify\" align=\"justify\"><span style=\"text-decoration: underline\"><span style=\"font-family: times new roman,times,serif;font-size: 12pt\"><strong>Agasalha PET 3.0!<\/strong><\/span><\/span><\/p>\n<p class=\"western\" style=\"text-align: justify\" align=\"justify\"><span style=\"font-family: times new roman,times,serif;font-size: 12pt\">No dia 05 do m\u00eas de julho, o Grupo PET \u2013 F\u00cdSICA realizou a entrega das roupas arrecadadas por meio da segunda etapa da campanha Agasalha PET. Esta, realizada no campus CEDETEG contou com a participa\u00e7\u00e3o da comunidade em geral, atrav\u00e9s de doa\u00e7\u00f5es.<\/span><\/p>\n<p class=\"western\" style=\"text-align: justify\" align=\"justify\"><span style=\"font-family: times new roman,times,serif;font-size: 12pt\">Al\u00e9m da entrega das contribui\u00e7\u00f5es que foram feitas ao SOS \u2013 Servi\u00e7os e Obras Sociais, os petianos tiveram a oportunidade de conhecer o local e um pouco da sua rotina.<\/span><\/p>\n<p class=\"western\" style=\"text-align: justify\" align=\"justify\"><span style=\"font-family: times new roman,times,serif;font-size: 12pt\">Essa doa\u00e7\u00e3o foi de suma import\u00e2ncia, pois al\u00e9m de favorecer quem a recebeu, trouxe enorme gratifica\u00e7\u00e3o a n\u00f3s que a realizamos, sabendo disso queremos agradecer em nome do Grupo PET \u2013 F\u00cdSICA a todos que contribu\u00edram para que esse projeto pudesse ser realizado, em especial ao petiano Sanderson Carlos por ter feito grande parte das doa\u00e7\u00f5es arrecadadas.<\/span><\/p>\n<hr \/>\n<p align=\"justify\"><span style=\"text-decoration: underline\"><strong><span style=\"font-family: times new roman,times,serif;font-size: 12pt\">Cursinho pr\u00e9-Enem\u00a0<\/span><\/strong><\/span><\/p>\n<p align=\"justify\"><span style=\"font-family: times new roman,times,serif;font-size: 12pt\">No dia 18 de agosto de 2018, o grupo PET\/F\u00edsica ministrou aulas preparat\u00f3rias para alunos carentes na escola estadual Vereador Heitor em Guarapuava. Foram divididos entre o grupo as tem\u00e1ticas de F\u00edsica que se apresentavam no edital do ENEM, e a partir delas dividiram-se duplas e trios para o planejamento e execu\u00e7\u00e3o das aulas. Pode-se considerar que a atividade foi proveitosa tanto para os petianos quanto para os alunos, pois \u00e9 com a experi\u00eancia em sala de aula que \u00e9 aperfei\u00e7oada o papel de professor.<\/span><\/p>\n<hr \/>\n<p style=\"text-align: justify\"><span style=\"text-decoration: underline\"><span style=\"font-family: times new roman,times,serif;font-size: 12pt\"><strong>PET pelos Pets<\/strong><\/span><\/span><\/p>\n<p style=\"text-align: justify\"><span style=\"font-family: times new roman,times,serif;font-size: 12pt\">No dia 15 de setembro de 2018, o grupo PET-F\u00edsica realizou a doa\u00e7\u00e3o das ra\u00e7\u00f5es arrecadadas pela campanha Pet pelos Pets. A doa\u00e7\u00e3o ocorreu na feira de doa\u00e7\u00f5es para animais que acontece todos os s\u00e1bados na Pra\u00e7a 9 de Dezembro em Guarapuava, por volta das 10 horas e 30 minutos.<\/span><\/p>\n<p style=\"text-align: justify\"><span style=\"font-family: times new roman,times,serif;font-size: 12pt\">Os petianos foram recepcionados novamente pelo vereador Dognei Aldonei que disse estar muito agradecido pelo gesto de solidariedade com os animais, prestado por todos que ajudaram com as doa\u00e7\u00f5es.<\/span><\/p>\n<p style=\"text-align: justify\"><span style=\"font-family: times new roman,times,serif;font-size: 12pt\">A campanha est\u00e1 oficialmente encerrada este ano e o grupo PET-F\u00edsica gostaria de agradecer a todos que ajudaram a proporcionar a melhora na vida de alguns animais. Vale lembrar que continuaremos sempre a disposi\u00e7\u00e3o caso algu\u00e9m se interesse em fazer alguma doa\u00e7\u00e3o relacionada ao tema.<\/span><\/p>\n<hr \/>\n<p style=\"text-align: justify\"><span style=\"text-decoration: underline\"><span style=\"font-family: times new roman,times,serif;font-size: 12pt\"><b>1\u1d43 Realiza\u00e7\u00e3o da Atividade Ci\u00eancia no Campus<\/b><\/span><\/span><\/p>\n<p style=\"text-align: justify\"><span style=\"font-family: times new roman,times,serif;font-size: 12pt\">O Campus Cedeteg da UNICENTRO esteve contemplando a 1\u1d43 realiza\u00e7\u00e3o da atividade \u2018Ci\u00eancia no Campus\u2019 elaborada pelo Grupo PET-F\u00edsica, a qual foi efetivada no Diret\u00f3rio Central dos Estudantes (D.C.E) no dia 18 de Setembro de 2018 entre os hor\u00e1rios de 12 horas e 20 minutos \u2013 13 horas e 20 minutos. A atividade consistiu em expor experimentos elaborados pelos petianos do grupo, os quais s\u00e3o produzidos com materiais de baixo custo e utilizados para demonstra\u00e7\u00f5es em sala de aula ou exposi\u00e7\u00f5es, de conceitos essenciais da F\u00edsica, tratando a mesma de forma mais instrucional e motivadora.<\/span><\/p>\n<p style=\"text-align: justify\"><span style=\"font-family: times new roman,times,serif;font-size: 12pt\">A realiza\u00e7\u00e3o contou com a participa\u00e7\u00e3o do Grupo PET-Qu\u00edmica, os quais tamb\u00e9m apresentaram alguns de seus experimentos no local. A interdisciplinariedade gerada entre os petianos dos grupos instigou os graduandos de diversos cursos do Campus Cedeteg, como Fisioterapia, Enfermagem, F\u00edsica e Qu\u00edmica, a participarem da exposi\u00e7\u00e3o e se encantarem com as amostras experimentais que proporcionaram fasc\u00ednio aos participantes e satisfa\u00e7\u00e3o aos apresentadores por poderem expor a beleza que \u00e9 a Ci\u00eancia.<\/span><\/p>\n<p style=\"text-align: justify\"><span style=\"font-family: times new roman,times,serif;font-size: 12pt\">O Grupo PET-F\u00edsica agradece a todos os participantes, colaboradores e envolvidos por se fazerem presentes neste momento \u00fanico de transi\u00e7\u00e3o de conhecimentos, que a 1\u1d43 realiza\u00e7\u00e3o da atividade \u2018Ci\u00eancia no Campus\u2019 proporcionou aos graduandos do Campus Cedeteg da UNICENTRO. O Grupo fica feliz em informar uma 2\u1d43 efetua\u00e7\u00e3o em breve e, assim que poss\u00edvel, divulgaremos pelo Campus para que todos os interessados em propagar o conhecimento cient\u00edfico fa\u00e7am parte deste ato.<\/span><\/p>\n<hr \/>\n<p style=\"text-align: justify\"><span style=\"text-decoration: underline\"><a href=\"https:\/\/www3.unicentro.br\/petfisica\/galeria\/2018galeria\/#1557519227586-acc904f0-3462\"><strong><span style=\"font-family: 'times new roman', times, serif;font-size: 12pt\">InterPET<\/span><\/strong><\/a><\/span><\/p>\n<p style=\"text-align: justify\"><span style=\"font-family: 'times new roman', times, serif;font-size: 12pt\">No dia 8 de novembro, o Grupo PET-F\u00edsica participou com os demais grupos PETs da Unicentro do VII Interpet, evento caracterizado por promover a confraterniza\u00e7\u00e3o entre os integrantes do Programa de Educa\u00e7\u00e3o Tutorial. O evento come\u00e7ou \u00e0s 9 horas e contou com duas palestras relacionadas ao tema de sa\u00fade mental na universidade; ap\u00f3s o encerramento delas, foi servido o almo\u00e7o e mais tarde deu in\u00edcio a uma gincana a qual seria a atividade de encerramento do encontro.<\/span><\/p>\n<hr \/>\n<div style=\"text-align: justify\"><span style=\"text-decoration: underline\"><strong><span style=\"font-family: 'times new roman', times, serif;font-size: 12pt\">1\u00aa Visita T\u00e9cnica<\/span><\/strong><\/span><\/div>\n<div><\/div>\n<div style=\"text-align: justify\"><span style=\"font-family: 'times new roman', times, serif;font-size: 12pt\">No dia 13 de novembro de 2018, o grupo PET-F\u00edsica realizou uma visita t\u00e9cnica na cidade de Curitiba-PR, em dois locais: Parque das Ci\u00eancias e Museu do Holocausto.<\/span><\/div>\n<div style=\"text-align: justify\"><span style=\"font-family: 'times new roman', times, serif;font-size: 12pt\">O Parque das Ci\u00eancias oferece uma larga variedade de amostras de v\u00e1rias \u00e1reas da ci\u00eancia, e a visita \u00e9 liderada por um professor da institui\u00e7\u00e3o. O grupo participou, dentro do Parque, de uma apresenta\u00e7\u00e3o sobre astronomia no planet\u00e1rio produzido pela equipe do Parque, observou f\u00f3sseis juntamente a uma explica\u00e7\u00e3o sobre o que \u00e9 a paleontologia, participou de demonstra\u00e7\u00f5es de diversas rea\u00e7\u00f5es qu\u00edmica, observou de perto uma Bobina de Tesla com uma breve explica\u00e7\u00e3o sobre seu funcionamento, entre outras atividades semelhantes.<\/span><\/div>\n<div style=\"text-align: justify\"><span style=\"font-family: 'times new roman', times, serif;font-size: 12pt\">Essa primeira visita, feita no per\u00edodo da manh\u00e3, foi de suma import\u00e2ncia para a experi\u00eancia dos acad\u00eamicos no quesito de ver a ci\u00eancia de uma forma mais interativa e menos formal, sem perder o intuito de repassar conhecimento.<\/span><\/div>\n<div style=\"text-align: justify\"><span style=\"font-family: 'times new roman', times, serif;font-size: 12pt\">A visita ao Museu do Holocausto, realizada ap\u00f3s o almo\u00e7o, no per\u00edodo da tarde, foi muito impactante, mostrando os terr\u00edveis acontecidos durante o per\u00edodo nazista na Alemanha. A exposi\u00e7\u00e3o contava com diversas formas de apresenta\u00e7\u00e3o dos ocorridos, tais como textos ordenados espalhados pela instala\u00e7\u00e3o, auto-falantes, mapas interativos e pequenos discursos oferecidos pelos oradores da exposi\u00e7\u00e3o.<\/span><\/div>\n<div style=\"text-align: justify\"><span style=\"font-family: 'times new roman', times, serif;font-size: 12pt\">A perceptibilidade passada foi deveras relevante ao Grupo PET-F\u00edsica, ao passo que a no\u00e7\u00e3o dos mais marcantes acontecidos durante a hist\u00f3ria da humanidade \u00e9 de total relev\u00e2ncia \u00e0 forma\u00e7\u00e3o cultural e social dos petianos.<\/span><\/div>\n<div>\n<hr \/>\n<\/div>\n<div style=\"text-align: justify\"><span style=\"text-decoration: underline\"><strong><span style=\"font-family: 'times new roman', times, serif;font-size: 12pt\">2\u00aa Visita T\u00e9cnica<\/span><\/strong><\/span><\/div>\n<div><\/div>\n<div>\n<div style=\"text-align: justify\"><span style=\"font-family: 'times new roman', times, serif;font-size: 12pt\">No dia 3 de dezembro de 2018, o Grupo PET-F\u00edsica realizou uma visita t\u00e9cnica \u00e0 usina hidrel\u00e9trica Salto Santiago, da empresa Engie, e \u00e0 empresa cervejeira Donau Bier, na col\u00f4nia de Entre Rios.<\/span><\/div>\n<div style=\"text-align: justify\"><span style=\"font-family: 'times new roman', times, serif;font-size: 12pt\">Durante o per\u00edodo matutino, o GPET-F\u00edsica tomou como destino a usina, tendo uma breve introdu\u00e7\u00e3o sobre a empresa respons\u00e1vel e sobre a instala\u00e7\u00e3o interior ao chegar l\u00e1, bem como algumas instru\u00e7\u00f5es de seguran\u00e7a. Ap\u00f3s essa introdu\u00e7\u00e3o, os petianos foram guiados por um t\u00e9cnico pela da usina para conhecer as instala\u00e7\u00f5es internas. Durante esta visita, o t\u00e9cnico deu explica\u00e7\u00f5es sobre as diferentes partes e fun\u00e7\u00f5es da usina, tirando d\u00favidas conforme surgiam. Foram visitados o n\u00edvel da barragem e 4 n\u00edveis no subsolo, bem como a sala de controle no t\u00e9rreo.<\/span><\/div>\n<div style=\"text-align: justify\"><span style=\"font-family: 'times new roman', times, serif;font-size: 12pt\">Ap\u00f3s a usina, o grupo destinou-se \u00e0 cervejaria, no per\u00edodo vespertino, e l\u00e1 foram acompanhados pelo propriet\u00e1rio da empresa, este que explicou o processo de produ\u00e7\u00e3o da cerveja e como a empresa surgiu, com uma breve aula de hist\u00f3ria. O propriet\u00e1rio explicou o que diferencia os v\u00e1rios tipos de cerveja, falando tamb\u00e9m sobre a atual condi\u00e7\u00e3o do mercado cervejeiro no Brasil e no mundo econ\u00f4mico exterior.<\/span><\/div>\n<div style=\"text-align: justify\"><span style=\"font-family: 'times new roman', times, serif;font-size: 12pt\">A visita tanto \u00e0 usina quanto \u00e0 cervejaria foi de grande relev\u00e2ncia aos petianos, ao passo que propicia um contato pr\u00f3ximo com o processo de gera\u00e7\u00e3o de energia que ocupa a maior parte da matriz energ\u00e9tica brasileira, conhecendo assim como nossa energia \u00e9 gerada, e contribui para o conhecimento sobre como \u00e9 produzida a cerveja, que serve para forma\u00e7\u00e3o de conhecimentos gerais dos petianos, respectivamente. Ambas as visitas oferecem uma no\u00e7\u00e3o melhor sobre o mercado de trabalho no qual um f\u00edsico pode atuar, visto que ambas as empresas, principalmente a da usina, trabalham com f\u00edsica aplicada em seus processos.<\/span><\/div>\n<\/div>\n<div>\n<hr \/>\n<\/div>\n<div style=\"text-align: justify\"><span style=\"text-decoration: underline\"><strong><span style=\"font-family: 'times new roman', times, serif;font-size: 12pt\">Natal Solid\u00e1rio<\/span><\/strong><\/span><\/div>\n<div><\/div>\n<div style=\"text-align: justify\"><span style=\"font-family: 'times new roman', times, serif;font-size: 12pt\">O natal solid\u00e1rio \u00e9 uma campanha realizada pela Unicentro anualmente no per\u00edodo de fim de ano, onde s\u00e3o arrecadados roupas e brinquedos dentre os colaboradores da universidade, com a inten\u00e7\u00e3o de realizar doa\u00e7\u00f5es m comunidades carentes.<\/span><\/div>\n<div style=\"text-align: justify\"><span style=\"font-family: 'times new roman', times, serif;font-size: 12pt\">Neste ano de 2018 a comunidade selecionada foi a escola Municipal do Campo Domingos de Moraes na regi\u00e3o chamada de Banhado Grande, no interior de Guarapuava. A doa\u00e7\u00e3o ocorreu no dia 18 de Dezembro e contou com a participa\u00e7\u00e3o de professores, colaboradores e comunidade acad\u00eamica ajudando na realiza\u00e7\u00e3o de atividades de recrea\u00e7\u00e3o e um almo\u00e7o para as crian\u00e7as e alguns pais presentes no local assim como os participantes da atividade. A tarde a doa\u00e7\u00e3o dos presentes foi feita com a ajuda de um participante vestido de Papai Noel.<\/span><\/div>\n<div style=\"text-align: justify\"><span style=\"font-family: 'times new roman', times, serif;font-size: 12pt\">A realiza\u00e7\u00e3o do evento contou com a participa\u00e7\u00e3o de um dos petianos do GPET \u2013 F\u00edsica como guia at\u00e9 o local das doa\u00e7\u00f5es, bem como, ajudando na realiza\u00e7\u00e3o das atividades no local.<\/span><\/div>\n<div style=\"text-align: justify\"><span style=\"font-family: 'times new roman', times, serif;font-size: 12pt\">A atividade foi realizada com sucesso, contando com a participa\u00e7\u00e3o do vice reitor da universidade, dando alegria a todos presentes no local.<\/span><\/div>\n<div style=\"text-align: justify\"><\/div>\n<div><\/div>\n","protected":false},"excerpt":{"rendered":"<p>Trote Solid\u00e1rio Mais uma vez, o Grupo PET\/F\u00edsica participou, juntamente com o Grupo PET\/Geografia, do trote solid\u00e1rio. Esse trote consiste na doa\u00e7\u00e3o de sangue, de forma volunt\u00e1ria, para o hemocentro da cidade de Guarapuava, sendo uma ideia alternativa para recep\u00e7\u00e3o dos calouros na universidade. A atividade ocorreu na quinta-feira, dia 22 de mar\u00e7o, no per\u00edodo [&hellip;]<\/p>\n","protected":false},"author":3,"featured_media":0,"parent":190,"menu_order":0,"comment_status":"closed","ping_status":"closed","template":"","meta":{"_exactmetrics_skip_tracking":false,"_exactmetrics_sitenote_active":false,"_exactmetrics_sitenote_note":"","_exactmetrics_sitenote_category":0,"footnotes":"","_links_to":"","_links_to_target":""},"class_list":["post-234","page","type-page","status-publish","hentry"],"_links":{"self":[{"href":"https:\/\/www3.unicentro.br\/petfisica\/wp-json\/wp\/v2\/pages\/234","targetHints":{"allow":["GET"]}}],"collection":[{"href":"https:\/\/www3.unicentro.br\/petfisica\/wp-json\/wp\/v2\/pages"}],"about":[{"href":"https:\/\/www3.unicentro.br\/petfisica\/wp-json\/wp\/v2\/types\/page"}],"author":[{"embeddable":true,"href":"https:\/\/www3.unicentro.br\/petfisica\/wp-json\/wp\/v2\/users\/3"}],"replies":[{"embeddable":true,"href":"https:\/\/www3.unicentro.br\/petfisica\/wp-json\/wp\/v2\/comments?post=234"}],"version-history":[{"count":2,"href":"https:\/\/www3.unicentro.br\/petfisica\/wp-json\/wp\/v2\/pages\/234\/revisions"}],"predecessor-version":[{"id":16442,"href":"https:\/\/www3.unicentro.br\/petfisica\/wp-json\/wp\/v2\/pages\/234\/revisions\/16442"}],"up":[{"embeddable":true,"href":"https:\/\/www3.unicentro.br\/petfisica\/wp-json\/wp\/v2\/pages\/190"}],"wp:attachment":[{"href":"https:\/\/www3.unicentro.br\/petfisica\/wp-json\/wp\/v2\/media?parent=234"}],"curies":[{"name":"wp","href":"https:\/\/api.w.org\/{rel}","templated":true}]}}