{"id":221,"date":"2017-05-08T00:00:00","date_gmt":"2017-05-08T03:00:00","guid":{"rendered":"https:\/\/www3.unicentro.br\/petfisica\/projetos-2017-2018\/"},"modified":"2019-08-19T13:35:15","modified_gmt":"2019-08-19T16:35:15","slug":"projetos-2017-2018","status":"publish","type":"page","link":"https:\/\/www3.unicentro.br\/petfisica\/atividades\/pesquisa\/projetos-2017-2018\/","title":{"rendered":"Projetos 2017 &#8211; 2018"},"content":{"rendered":"<div class=\"wpb-content-wrapper\"><p>[vc_row][vc_column][vc_column_text]<\/p>\n<p style=\"text-align: center\"><strong><span style=\"text-decoration: underline\"><span style=\"font-family: 'times new roman', times, serif;font-size: 12pt\">O Ensino-aprendizagem de F\u00edsica: Uma an\u00e1lise Comportamental.<\/span><\/span><\/strong><\/p>\n<p><span style=\"font-family: 'times new roman', times, serif;font-size: 12pt\"><strong>Petiana:<\/strong> Gabriele Chomen Costa<\/span><\/p>\n<p><span style=\"font-family: 'times new roman', times, serif;font-size: 12pt\"><strong>Orientador:<\/strong> Prof. Dr. Sandro Aparecido dos Santos<\/span><\/p>\n<p>&nbsp;<\/p>\n<p style=\"text-align: justify\"><span style=\"font-family: 'times new roman', times, serif;font-size: 12pt\"><strong>Resumo:<\/strong> <\/span><\/p>\n<p style=\"text-align: justify\"><span style=\"font-family: 'times new roman', times, serif;font-size: 12pt\">O Ensino-aprendizagem de F\u00edsica para a Educa\u00e7\u00e3o B\u00e1sica, ocorre com certas dificuldades, estas que se propagam por muitos anos, como reflexo disso pode-se perceber que o mercado de trabalho sofre com a falta de profissionais na \u00e1rea de exatas, por exemplo. Assim, no presente trabalho \u00e9 levantado a problem\u00e1tica de realmente ocorrer a forma\u00e7\u00e3o completa na disciplina de F\u00edsica, neste contexto o projeto pretende investigar via question\u00e1rios, entrevistas e grupos dialogais a maior cr\u00edtica perante \u00e0 disciplina de F\u00edsica, no Ensino B\u00e1sico. Para an\u00e1lise de todos esses dados pretende-se utilizar a t\u00e9cnica de Skinner, fazendo uso da an\u00e1lise Comportamental, portanto em conjunto ser\u00e1 feito observa\u00e7\u00f5es durante as aulas dos alunos envolvidos. Ao fim, depois de todo o processamento de dados, o projeto tem como objetivo moldar uma nova abordagem metodologica para o Ensino de F\u00edsica, no Ensino M\u00e9dio. <\/span><\/p>\n<hr \/>\n<p style=\"text-align: center\"><strong><span style=\"text-decoration: underline\"><span style=\"font-family: 'times new roman', times, serif;font-size: 12pt\">Evolu\u00e7\u00e3o Estelar e a Incorpora\u00e7\u00e3o da Astronomia para Deficientes Visuais.<\/span><\/span><\/strong><\/p>\n<p><span style=\"font-family: 'times new roman', times, serif;font-size: 12pt\"><strong>Petiana:<\/strong>\u00a0Mariana Gabriela Fabiani<\/span><\/p>\n<p><span style=\"font-family: 'times new roman', times, serif;font-size: 12pt\"><strong>Orientador:<\/strong> Prof. Dr. Ricardo Yoshimitsu Miyahara<\/span><\/p>\n<p>&nbsp;<\/p>\n<p style=\"text-align: justify\"><strong><span style=\"font-family: 'times new roman', times, serif;font-size: 12pt\">Resumo:<\/span><\/strong><\/p>\n<p style=\"text-align: justify\"><span style=\"font-family: 'times new roman', times, serif;font-size: 12pt\">Evolu\u00e7\u00e3o Estelar \u00e9 o nome dado para as diferentes fases das estrelas. Como o\u00a0nascimento, a vida e at\u00e9 mesmo a morte das estrelas. Esse fen\u00f4meno ocorre a bilhares de\u00a0anos, e demoram bilhares de anos para se completar todas as fases mencionadas. A vida\u00a0inteira de uma estrela depende principalmente e essencialmente de sua massa. E \u00e9 essa massa\u00a0que determina o que a estrela pode virar depois de \u2018morrer\u2019. Atrav\u00e9s de revis\u00f5es bibliogr\u00e1ficas\u00a0e leituras de artigos cient\u00edficos. A inclus\u00e3o da astronomia para deficientes visuais \u00e9 levar o\u00a0universo para as palmas de suas m\u00e3os. Materiais de tatos ser\u00e3o constru\u00eddos para que seja\u00a0din\u00e2mico o aprendizado de astronomia para os deficientes visuais. Podendo-se assim estimular\u00a0o aprendizado a ci\u00eancia e incentivar a curiosidade para com a astronomia.<\/span><\/p>\n<hr \/>\n<p style=\"text-align: center\"><strong><span style=\"text-decoration: underline\"><span style=\"font-family: 'times new roman', times, serif;font-size: 12pt\">Introdu\u00e7\u00e3o criptografia qu\u00e2ntica atrav\u00e9s da lei de Malus no regime de f\u00f3tons individuais<\/span><\/span><\/strong><\/p>\n<p><span style=\"font-family: 'times new roman', times, serif;font-size: 12pt\"><strong>Petiano:<\/strong> Gabriel Grube dos Santos<\/span><\/p>\n<p><span style=\"font-family: 'times new roman', times, serif;font-size: 12pt\"><strong>Orientador:<\/strong> Prof. Dr. Paulo Jos\u00e9 dos Reis<\/span><\/p>\n<p align=\"justify\">\n<p align=\"justify\"><span style=\"font-family: 'times new roman', times, serif;font-size: 12pt\"><strong>Resumo:<\/strong> <\/span><\/p>\n<p align=\"justify\"><span style=\"font-family: 'times new roman', times, serif;font-size: 12pt\">Com o avan\u00e7o tecnol\u00f3gico dos atuais laborat\u00f3rios e o desenvolvimento da mec\u00e2nica qu\u00e2ntica, podemos ter o controle de sistemas em n\u00edvel qu\u00e2ntico, possibilitando assim \u00e0 manipula\u00e7\u00e3o de \u00e1tomos e f\u00f3tons de maneira individual, nos proporcionando a investiga\u00e7\u00e3o de propriedades somente observadas em escala qu\u00e2ntica, levando assim ao desenvolvimento de novas tecnologias como a computa\u00e7\u00e3o qu\u00e2ntica, criptografia qu\u00e2ntica e comunica\u00e7\u00e3o qu\u00e2ntica. Para que um estudante de f\u00edsica tenha acesso aos conceitos b\u00e1sicos da mec\u00e2nica qu\u00e2ntica \u00e9 necess\u00e1rio que ele tenha desenvolvido de maneira avan\u00e7ada os fundamentos de todas as \u00e1reas da f\u00edsica b\u00e1sica. Por outro lado, as interpreta\u00e7\u00f5es dos resultados obtidos atrav\u00e9s da lei de Malus em um regime de f\u00f3tons individuais se tornam extremamente \u00fateis e podem explicar de uma forma extremamente simples os postulados da mec\u00e2nica qu\u00e2ntica, tornando-se uma ferramenta essencial para o entendimento dos conceitos b\u00e1sicos utilizados nos protocolos de comunica\u00e7\u00e3o qu\u00e2ntica.<\/span><\/p>\n<hr \/>\n<p style=\"text-align: center\" align=\"justify\"><strong><span style=\"text-decoration: underline\"><span style=\"font-family: 'times new roman', times, serif;font-size: 12pt\">Obten\u00e7\u00e3o de nanopart\u00edculas magn\u00e9ticas para desenvolvimento de bioimplantes<\/span><\/span><\/strong><\/p>\n<p align=\"justify\"><span style=\"font-family: 'times new roman', times, serif;font-size: 12pt\"><strong>Petiano:<\/strong> Bruno Belin Dal Santos<\/span><\/p>\n<p align=\"justify\"><span style=\"font-family: 'times new roman', times, serif;font-size: 12pt\"><strong>Orientador:<\/strong> Prof. Dr. Ricardo Yoshimitsu Miyahara<\/span><\/p>\n<p align=\"justify\">\n<p align=\"justify\"><span style=\"font-family: 'times new roman', times, serif;font-size: 12pt\"><strong>Resumo:<\/strong> <\/span><\/p>\n<p align=\"justify\"><span style=\"font-family: 'times new roman', times, serif;font-size: 12pt\">Com o crescente avan\u00e7o nanotecnol\u00f3gico na produ\u00e7\u00e3o de materiais h\u00edbridos, encontramos hoje in\u00fameras aplica\u00e7\u00f5es das nanopart\u00edculas \u00e0s diversas \u00e1reas de pesquisas, principalmente na \u00e1rea m\u00e9dica onde os sistemas biol\u00f3gicos respondem de forma mais eficiente \u00e0s NPs, por apresentarem a mat\u00e9ria em nanoescala. Este trabalho visa o melhoramento da hidroxiapatita (Ca5(PO4)3OH), utilizado como enxerto \u00f3sseo aut\u00f3geno biocompat\u00edvel, atrav\u00e9s da sintetiza\u00e7\u00e3o deste material com o composto magn\u00e9tico Ferrita de Cobalto (CoFe2O4). Atrav\u00e9s desta s\u00edntese, a qual ser\u00e1 feita pelo M\u00e9todo Pechini, visamos obter um composto que responda a campos magn\u00e9ticos externos devido as propriedades magn\u00e9ticas do mesmo, tendo melhorias em sua aplica\u00e7\u00e3o, acelerando o crescimento do enxerto e tendo resultados mais eficientes na recupera\u00e7\u00e3o de les\u00f5es \u00f3sseas.<\/span><\/p>\n<hr \/>\n<p style=\"text-align: center\" align=\"justify\"><strong><span style=\"text-decoration: underline\"><span style=\"font-family: 'times new roman', times, serif;font-size: 12pt\">Sistemas de Bilhares em Ambientes Cl\u00e1ssicos e Qu\u00e2nticos.<\/span><\/span><\/strong><\/p>\n<p align=\"justify\"><span style=\"font-family: 'times new roman', times, serif;font-size: 12pt\"><strong>Petiano:<\/strong> Matheus Henry Przygocki.<\/span><\/p>\n<p align=\"justify\"><span style=\"font-family: 'times new roman', times, serif;font-size: 12pt\"><strong>Orientador:<\/strong> Prof. Dr. Eduardo Vicentini.<\/span><\/p>\n<p align=\"justify\">\n<p align=\"justify\"><span style=\"font-family: 'times new roman', times, serif;font-size: 12pt\"><strong>Resumo:<\/strong>\u00a0<\/span><\/p>\n<p align=\"justify\"><span style=\"font-family: 'times new roman', times, serif;font-size: 12pt\">Os bilhares s\u00e3o sistemas din\u00e2micos que estudam as intera\u00e7\u00f5es entre uma part\u00edcula com\u00a0as fronteiras do sistema. Estas estruturas s\u00e3o altamente vulner\u00e1veis ao estoc\u00e1stico\u00a0(imprediz\u00edvel) e ao caos (desorganiza\u00e7\u00e3o). Al\u00e9m disto, possuem em seu conjunto, toda a\u00a0riqueza que um sistema Hamiltoniano pode prover, fazendo uso tanto da mec\u00e2nica\u00a0cl\u00e1ssica como da mec\u00e2nica qu\u00e2ntica, onde a imprevisibilidade \u00e9 o mais comum. Bilhares\u00a0s\u00e3o tamb\u00e9m usados para se compreender o comportamento de processos de transporte\u00a0em sistemas reais, como redes cristalinas, sistemas biol\u00f3gicos e qu\u00edmicos\u00a0desorganizados, entre outros. Apesar de sua simplicidade, os bilhares necessitam de\u00a0m\u00e9todos num\u00e9ricos e simula\u00e7\u00f5es computacionais para o seu estudo. Nesta etapa de\u00a0trabalho estamos desenvolvendo c\u00f3digos computacionais para simula\u00e7\u00e3o de bilhares e\u00a0para o estudo de m\u00e9todos num\u00e9ricos aplicados a sistemas din\u00e2micos.<\/span><\/p>\n<hr \/>\n<p style=\"text-align: center\" align=\"center\"><strong><span style=\"text-decoration: underline\"><span style=\"font-family: 'times new roman', times, serif;font-size: 12pt\">Bilhares e An\u00e1lise do Espalhamento de El\u00e9trons<\/span><\/span><\/strong><\/p>\n<p style=\"text-align: left\" align=\"center\"><span style=\"font-family: 'times new roman', times, serif;font-size: 12pt\"><strong>Petiano:<\/strong>\u00a0Sanderson Carlos Ribeiro.<\/span><\/p>\n<p style=\"text-align: left\" align=\"center\"><span style=\"font-family: 'times new roman', times, serif;font-size: 12pt\"><strong>Orientador:<\/strong> Prof. Dr. Eduardo Vicentini.<\/span><\/p>\n<p align=\"center\">\n<p style=\"text-align: justify\" align=\"center\"><span style=\"font-family: 'times new roman', times, serif;font-size: 12pt\"><strong>Resumo:<\/strong><\/span><\/p>\n<p style=\"text-align: justify\" align=\"center\"><span style=\"font-family: 'times new roman', times, serif;font-size: 12pt\"> O ser humano ao passar dos anos e com o avan\u00e7o tecnol\u00f3gico se tornou capaz de controlar e manipular nanoestruturas, onde algumas funcionam como sensores, muito utilizados nas \u00e1reas exatas da ci\u00eancia e da terra. Esses sensores podem ser modelados por sistemas bidimensionais simples chamados de bilhares qu\u00e2nticos, principalmente para se determinar os n\u00edveis de energia dessas nanoestruturas. Utilizando o m\u00e9todo de contorno de paredes \u00e9 poss\u00edvel delimitar esse sistema din\u00e2mico e analisar os estados qu\u00e2nticos, tanto fora quanto dentro dessa delimita\u00e7\u00e3o, ap\u00f3s a determina\u00e7\u00e3o de sua fun\u00e7\u00e3o de onda, que \u00e9 uma fun\u00e7\u00e3o complexa, onde quando se aplica o m\u00f3dulo ao quadrado, pode se tornar real, possibilitando descrever a posi\u00e7\u00e3o de qualquer part\u00edcula, no caso o el\u00e9tron, em qualquer instante de tempo, chamada densidade de probabilidade, e assim poder verificar o efeito dos estados ressonantes de cavidades na radia\u00e7\u00e3o espalhada em sensores. O uso de m\u00e9todos num\u00e9ricos \u00e9 muito importante no estudo dos bilhares qu\u00e2nticos, por isso ele ser\u00e1 amplamente utilizado. Essa etapa, tem como principal objetivo estudar o m\u00e9todo que ser\u00e1 utilizado e aplic\u00e1-lo para se obter os resultados e analis\u00e1-los para prepara\u00e7\u00e3o do relat\u00f3rio final.<\/span><\/p>\n<hr \/>\n<p style=\"text-align: center\"><strong><span style=\"text-decoration: underline\"><span style=\"font-family: 'times new roman', times, serif;font-size: 12pt\">Espectroscopia fotoac\u00fastica aplicada na caracteriza\u00e7\u00e3o de pigmentos inorg\u00e2nicos sint\u00e9ticos.<\/span><\/span><\/strong><\/p>\n<p style=\"text-align: left\" align=\"center\"><span style=\"font-family: 'times new roman', times, serif;font-size: 12pt\"><strong>Petiano:<\/strong> Allan Felipe Gaspareto Machado<\/span><\/p>\n<p style=\"text-align: left\" align=\"center\"><span style=\"font-family: 'times new roman', times, serif;font-size: 12pt\"><strong>Orientador:<\/strong> Prof. Dr. Pedro Pablo Gonz\u00e1lez Borrero<\/span><\/p>\n<p style=\"text-align: justify\"><span style=\"font-family: 'times new roman', times, serif;font-size: 12pt\"><strong>Resumo:<\/strong><\/span><\/p>\n<p style=\"text-align: justify\"><span style=\"font-family: 'times new roman', times, serif;font-size: 12pt\"> Neste projeto ser\u00e1 realizado um estudo, por meio da t\u00e9cnica da espectroscopia fotoac\u00fastica (PAS), de amostras de pigmentos inorg\u00e2nicos sint\u00e9ticos produzidos pelo m\u00e9todo de rea\u00e7\u00e3o de combust\u00e3o. Os pigmentos est\u00e3o presentes no cotidiano atrav\u00e9s da cor de materiais e objetos, al\u00e9m de aplica\u00e7\u00f5es que n\u00e3o evidenciam tal propriedade. Atualmente, pigmentos sint\u00e9ticos s\u00e3o os mais fabricados pela sua estabilidade t\u00e9rmica e, em geral, com baixa toxidade ao consumidor e n\u00e3o agressivo ao meio ambiente. A PAS fornece o espectro de absor\u00e7\u00e3o \u00f3ptica da amostra, e a partir dele \u00e9 poss\u00edvel obter informa\u00e7\u00f5es quanto aos compostos que geram as bandas de absor\u00e7\u00e3o observadas. O que \u00e9 esperado no trabalho \u00e9 caracterizar e diferenciar as amostras de pigmentos inorg\u00e2nicos sint\u00e9ticos, a partir das condi\u00e7\u00f5es de s\u00ednteses deles.<\/span><\/p>\n<hr \/>\n<p style=\"text-align: center\"><strong><span style=\"text-decoration: underline\"><span style=\"font-family: 'times new roman', times, serif;font-size: 12pt\">S\u00edntese de Filmes Finos do Composto Multiferr\u00f3ico<\/span><\/span><\/strong><\/p>\n<p style=\"text-align: left\" align=\"center\"><span style=\"font-family: 'times new roman', times, serif;font-size: 12pt\"><strong>Petiano:<\/strong>\u00a0Luciano Cardoso Dias<\/span><\/p>\n<p style=\"text-align: left\" align=\"center\"><span style=\"font-family: 'times new roman', times, serif;font-size: 12pt\"><strong>Orientador:<\/strong> Prof. Dr. Valdirlei Fernandes Freitas<\/span><\/p>\n<p align=\"justify\">\n<p align=\"justify\"><span style=\"font-family: 'times new roman', times, serif;font-size: 12pt\"><strong>Resumo:<\/strong> <\/span><\/p>\n<p align=\"justify\"><span style=\"font-family: 'times new roman', times, serif;font-size: 12pt\">Devido \u00e0 grande concentra\u00e7\u00e3o na inova\u00e7\u00e3o tecnol\u00f3gica de dispositivos que facilitam o dia-a-dia, se torna necess\u00e1rio o desenvolvimento de materiais com propriedades especificas que possam ser utilizados para melhorar o desempenho e principalmente reduzir os custos de tais dispositivos. Os materiais multifuncionais apresentam duas ou mais propriedades, por isso s\u00e3o potenciais candidatos para suprir essa necessidade. Dentro da classe de materiais multifuncionais encontram-se os que possuem duas ou mais propriedades ferr\u00f3icas, denominados multiferr\u00f3icos. As ordens ferr\u00f3icas que um material multiferr\u00f3ico pode possuir s\u00e3o: a ferroeletricidade, o ferro\/antiferromagnetismo e\/ou a ferroelasticidade. Um material que apresente ordenamento ferroel\u00e9trico simultaneamente a ordens magn\u00e9ticas \u00e9 chamado de magnetoel\u00e9trico.<\/span><\/p>\n<p align=\"justify\"><span style=\"font-family: 'times new roman', times, serif;font-size: 12pt\">O BiFeO3 vem se tornando um poss\u00edvel candidato para aplica\u00e7\u00f5es magnetoel\u00e9tricas, al\u00e9m disso tem sido indicado como candidato a uma inovadora aplica\u00e7\u00e3o na \u00e1rea de produ\u00e7\u00e3o de energia el\u00e9trica em conversores fotovoltaicos, que s\u00e3o respons\u00e1veis pela convers\u00e3o de energia solar em energia el\u00e9trica, e vem alcan\u00e7ando \u00edndices superiores aos das convencionais c\u00e9lulas a base de sil\u00edcio. Assim, s\u00ednteses e caracteriza\u00e7\u00f5es de filmes finos ser\u00e3o realizadas a base do composto multiferr\u00f3ico\u00a0BiFeO3 pelos m\u00e9todos de imers\u00e3o no composto e secagem para a forma\u00e7\u00e3o de camadas uniformes do filme (\u201cdip coating\u201d) e a imers\u00e3o submetida a uma rota\u00e7\u00e3o angular (\u201cspin coating\u201d), visando estudar e controlar as vari\u00e1veis desse m\u00e9todo e caracterizar a estrutura dos filmes finos do composto por difratometria de raios X.<\/span><\/p>\n<hr \/>\n<p style=\"text-align: center\"><strong><span style=\"text-decoration: underline\"><span style=\"font-family: 'times new roman', times, serif;font-size: 12pt\">Estudo de Literatura sobre sistema de bilhares<\/span><\/span><\/strong><\/p>\n<p style=\"text-align: left\" align=\"center\"><span style=\"font-family: 'times new roman', times, serif;font-size: 12pt\"><strong>Petiano:<\/strong>\u00a0Gi\u00e1como Alessandro Peracki<\/span><\/p>\n<p style=\"text-align: left\" align=\"center\"><span style=\"font-family: 'times new roman', times, serif;font-size: 12pt\"><strong>Orientador:<\/strong> Prof. Dr. Eduardo Vicentini<\/span><\/p>\n<p align=\"justify\">\n<p align=\"justify\"><span style=\"font-family: 'times new roman', times, serif;font-size: 12pt\"><strong>Resumo:<\/strong><\/span><\/p>\n<p align=\"justify\"><span style=\"font-family: 'times new roman', times, serif;font-size: 12pt\"> Bilhares cl\u00e1ssicos s\u00e3o sistemas dimensionais, onde a din\u00e2mica no espa\u00e7o de fase \u00e9 gerada por trajet\u00f3rias retil\u00edneas, que mudam de dire\u00e7\u00e3o em colis\u00f5es espetaculares com limites do sistema. A principal caracter\u00edstica dos bilhares \u00e9 que todas as suas propriedades din\u00e2micas s\u00e3o derivadas de suas caracter\u00edsticas geom\u00e9tricas. Uma utilidade muito interessante de bilhares \u00e9 que podem ser usados para modelar sistemas f\u00edsicos, como el\u00e9trons em uma rede cristalina. Este ano estaremos fazendo uma revis\u00e3o na Literatura sobre bilhares, e acompanharei dois projetos sobre o assunto como uma pr\u00e9via para realiza\u00e7\u00e3o de um futuro projeto.<\/span><\/p>\n<hr \/>\n<p style=\"text-align: center\" align=\"justify\"><strong><span style=\"text-decoration: underline\"><span style=\"font-family: 'times new roman', times, serif;font-size: 12pt\"> S\u00edntese do composto multiferr\u00f3ico BiFe03 nanoestruturado pelo m\u00e9todo de\u00a0<\/span><span style=\"font-family: 'times new roman', times, serif;font-size: 12pt\">Pechini<\/span><\/span><\/strong><\/p>\n<p style=\"text-align: left\" align=\"center\"><span style=\"font-family: 'times new roman', times, serif;font-size: 12pt\"><strong>Petiano:\u00a0<\/strong> Lhonidas de Senna Junior<\/span><\/p>\n<p style=\"text-align: left\" align=\"center\"><span style=\"font-family: 'times new roman', times, serif;font-size: 12pt\"><strong>Orientador:<\/strong> Prof. Dr. Valdirlei Fernandes Freitas<\/span><\/p>\n<p align=\"justify\">\n<p align=\"justify\"><span style=\"font-family: 'times new roman', times, serif;font-size: 12pt\"><strong>Resumo:<\/strong><\/span><\/p>\n<p align=\"justify\"><span style=\"font-family: 'times new roman', times, serif;font-size: 12pt\"> Nas \u00faltimas d\u00e9cadas os materiais compostos por BiFeO3 (BF) est\u00e3o sendo apontados como poss\u00edveis candidatos para aplica\u00e7\u00f5es magnetoel\u00e9trico, mas ainda suas respostas s\u00e3o limitados para aplica\u00e7\u00e3o em determinados dispositivos comerciais competitivos. Nesse sentido o presente trabalho tem por objetivo aplicar o processo de s\u00edntese de nanopart\u00edculas com o m\u00e9todo de Pechini, ao composto BF, para melhorar tais respostas. De fato, diminuir o tamanho de part\u00edculas pode aumentar as respostas magnetoel\u00e9tricas, por diminuir a energia necess\u00e1ria para reorientar dipolos magn\u00e9ticos e<\/span><br \/>\n<span style=\"font-family: 'times new roman', times, serif;font-size: 12pt\">el\u00e9tricos.<\/span><br \/>\n<span style=\"font-family: 'times new roman', times, serif;font-size: 12pt\">O m\u00e9todo de Pechini \u00e9 uma t\u00e9cnica que consiste em determinados \u00e1cidos carbox\u00edlicos (ex. \u00e1cido c\u00edtrico) que v\u00e3o se quelar com \u00edons met\u00e1licos e sujeitos a uma poliesterifica\u00e7\u00e3o com um poli\u00e1lcool (ex. etilenoglicol) quando aquecidos. A rea\u00e7\u00e3o de poliesterifica\u00e7\u00e3o resulta num pol\u00edmero com v\u00e1rios c\u00e1tions distribu\u00eddos uniformemente em propor\u00e7\u00f5es estequiom\u00e9tricas. Esse pol\u00edmero que cont\u00e9m os c\u00e1tions quelados pode ser calcinado para a obten\u00e7\u00e3o da nanopart\u00edculas desejadas. Este trabalho vem despertando grande interesse acad\u00eamico\/tecnol\u00f3gico, pois dever\u00e1 implementar significativos avan\u00e7os<\/span><br \/>\n<span style=\"font-family: 'times new roman', times, serif;font-size: 12pt\">\u00e0 \u00e1rea. <\/span>[\/vc_column_text][\/vc_column][\/vc_row]<\/p>\n<\/div>","protected":false},"excerpt":{"rendered":"<p>[vc_row][vc_column][vc_column_text] O Ensino-aprendizagem de F\u00edsica: Uma an\u00e1lise Comportamental. Petiana: Gabriele Chomen Costa Orientador: Prof. Dr. Sandro Aparecido dos Santos &nbsp; Resumo: O Ensino-aprendizagem de F\u00edsica para a Educa\u00e7\u00e3o B\u00e1sica, ocorre com certas dificuldades, estas que se propagam por muitos anos, como reflexo disso pode-se perceber que o mercado de trabalho sofre com a falta de [&hellip;]<\/p>\n","protected":false},"author":3,"featured_media":0,"parent":150,"menu_order":0,"comment_status":"closed","ping_status":"open","template":"","meta":{"_exactmetrics_skip_tracking":false,"_exactmetrics_sitenote_active":false,"_exactmetrics_sitenote_note":"","_exactmetrics_sitenote_category":0,"footnotes":"","_links_to":"","_links_to_target":""},"class_list":["post-221","page","type-page","status-publish","hentry"],"_links":{"self":[{"href":"https:\/\/www3.unicentro.br\/petfisica\/wp-json\/wp\/v2\/pages\/221","targetHints":{"allow":["GET"]}}],"collection":[{"href":"https:\/\/www3.unicentro.br\/petfisica\/wp-json\/wp\/v2\/pages"}],"about":[{"href":"https:\/\/www3.unicentro.br\/petfisica\/wp-json\/wp\/v2\/types\/page"}],"author":[{"embeddable":true,"href":"https:\/\/www3.unicentro.br\/petfisica\/wp-json\/wp\/v2\/users\/3"}],"replies":[{"embeddable":true,"href":"https:\/\/www3.unicentro.br\/petfisica\/wp-json\/wp\/v2\/comments?post=221"}],"version-history":[{"count":0,"href":"https:\/\/www3.unicentro.br\/petfisica\/wp-json\/wp\/v2\/pages\/221\/revisions"}],"up":[{"embeddable":true,"href":"https:\/\/www3.unicentro.br\/petfisica\/wp-json\/wp\/v2\/pages\/150"}],"wp:attachment":[{"href":"https:\/\/www3.unicentro.br\/petfisica\/wp-json\/wp\/v2\/media?parent=221"}],"curies":[{"name":"wp","href":"https:\/\/api.w.org\/{rel}","templated":true}]}}