{"id":216,"date":"2017-02-17T00:00:00","date_gmt":"2017-02-17T02:00:00","guid":{"rendered":"https:\/\/www3.unicentro.br\/petfisica\/em-2017\/"},"modified":"2019-09-29T12:09:37","modified_gmt":"2019-09-29T15:09:37","slug":"em-2017","status":"publish","type":"page","link":"https:\/\/www3.unicentro.br\/petfisica\/producao\/em-2017\/","title":{"rendered":"Em 2017"},"content":{"rendered":"<ol>\n<li style=\"text-align: justify\"><span style=\"font-size: 12pt\"><strong>SILV\u00c9RIO, B. A.<\/strong>; MIYAHARA, R. Y.. Entre deuses mitol\u00f3gicos e astros: Contos para o ensino de f\u00edsica. Em XXII Simp\u00f3sio Nacional de Ensino de F\u00edsica, 2017, S\u00e3o Carlos &#8211; SP. Anais da XXII Simp\u00f3sio Nacional de Ensino de F\u00edsica, 2017.<\/span><\/li>\n<li style=\"text-align: justify\"><span style=\"font-size: 12pt\"><strong>COSTA, G. C<\/strong>.; PENTEADO, M. H.; PZYGOCKI, M. H.; RIBEIRO, S. C.; BORRERO, P. P. G.. O perfil e an\u00e1lise da evas\u00e3o dos acad\u00eamicos do curso de Licenciatura em F\u00edsica da Universidade Estadual do Centro-Oeste. Em XX Encontro dos Grupos PET da Regi\u00e3o Sul, 2017, Florian\u00f3polis &#8211; SC. Anais da XX Encontro dos Grupos PET da Regi\u00e3o Sul, 2017.<\/span><\/li>\n<li style=\"text-align: justify\">\n<div dir=\"ltr\"><span style=\"font-size: 12pt\">RIBEIRO, S. C.; DOS SANTOS, G. G.; BORRERO, P. P. G..\u00a0<strong>MATERIAIS INSTRUCIONAIS DE BAIXO CUSTO PARA A REALIZA\u00c7\u00c3O DE EXPERIMENTOS DE F\u00cdSICA<\/strong>. Em V Semana de Integra\u00e7\u00e3o Ensino, Pesquisa e Extens\u00e3o, 2017, Guarapuava &#8211; PR. Anais da V Semana de Integra\u00e7\u00e3o Ensino, Pesquisa e Extens\u00e3o, 2017.<\/span><\/div>\n<\/li>\n<li style=\"text-align: justify\">\n<div dir=\"ltr\"><span style=\"font-size: 12pt\"><b>COSTA, G. C.<\/b>; RIBEIRO, S. C.; BORRERO, P. P. G.\u00a0<strong>UM DILEMA NO CURSO DE F\u00cdSICA: A EVAS\u00c3O E SEUS PORQU\u00caS, COMO COMBAT\u00ca-LA<\/strong>.. Em V Semana de Integra\u00e7\u00e3o Ensino, Pesquisa e Extens\u00e3o, 2017, Guarapuava &#8211; PR. Anais da V Semana de Integra\u00e7\u00e3o Ensino, Pesquisa e Extens\u00e3o, 2017.<\/span><\/div>\n<\/li>\n<li style=\"text-align: justify\"><span style=\"font-family: georgia,palatino,serif;font-size: 12pt\"><b>SANTOS, B. B. D.<\/b>; PRZYGOCKI, M. H.; BORRERO, P. P. G..<b> APLICA\u00c7\u00c3O DE EXPERIMENTOS DE BAIXO CUSTO PARA O ENSINO DE F\u00cdSICA<\/b>.Em XI JoparPET \u2013 Jornada Paranaense dos Grupos PET, 2017, Ponta Grossa \u2013 PR. Anais da XI JoparPET \u2013 Jornada Paranaense dos Grupos PET, 2018.<\/span><\/li>\n<\/ol>\n","protected":false},"excerpt":{"rendered":"<p>SILV\u00c9RIO, B. A.; MIYAHARA, R. Y.. Entre deuses mitol\u00f3gicos e astros: Contos para o ensino de f\u00edsica. Em XXII Simp\u00f3sio Nacional de Ensino de F\u00edsica, 2017, S\u00e3o Carlos &#8211; SP. Anais da XXII Simp\u00f3sio Nacional de Ensino de F\u00edsica, 2017. COSTA, G. C.; PENTEADO, M. H.; PZYGOCKI, M. H.; RIBEIRO, S. C.; BORRERO, P. P. [&hellip;]<\/p>\n","protected":false},"author":3,"featured_media":0,"parent":155,"menu_order":0,"comment_status":"closed","ping_status":"open","template":"","meta":{"_exactmetrics_skip_tracking":false,"_exactmetrics_sitenote_active":false,"_exactmetrics_sitenote_note":"","_exactmetrics_sitenote_category":0,"footnotes":"","_links_to":"","_links_to_target":""},"class_list":["post-216","page","type-page","status-publish","hentry"],"_links":{"self":[{"href":"https:\/\/www3.unicentro.br\/petfisica\/wp-json\/wp\/v2\/pages\/216","targetHints":{"allow":["GET"]}}],"collection":[{"href":"https:\/\/www3.unicentro.br\/petfisica\/wp-json\/wp\/v2\/pages"}],"about":[{"href":"https:\/\/www3.unicentro.br\/petfisica\/wp-json\/wp\/v2\/types\/page"}],"author":[{"embeddable":true,"href":"https:\/\/www3.unicentro.br\/petfisica\/wp-json\/wp\/v2\/users\/3"}],"replies":[{"embeddable":true,"href":"https:\/\/www3.unicentro.br\/petfisica\/wp-json\/wp\/v2\/comments?post=216"}],"version-history":[{"count":0,"href":"https:\/\/www3.unicentro.br\/petfisica\/wp-json\/wp\/v2\/pages\/216\/revisions"}],"up":[{"embeddable":true,"href":"https:\/\/www3.unicentro.br\/petfisica\/wp-json\/wp\/v2\/pages\/155"}],"wp:attachment":[{"href":"https:\/\/www3.unicentro.br\/petfisica\/wp-json\/wp\/v2\/media?parent=216"}],"curies":[{"name":"wp","href":"https:\/\/api.w.org\/{rel}","templated":true}]}}