{"id":209,"date":"2019-08-14T16:07:00","date_gmt":"2019-08-14T19:07:00","guid":{"rendered":"https:\/\/www3.unicentro.br\/petfisica\/apresentacao-6\/"},"modified":"2020-02-12T15:12:40","modified_gmt":"2020-02-12T18:12:40","slug":"apresentacao","status":"publish","type":"page","link":"https:\/\/www3.unicentro.br\/petfisica\/publicacoes\/nobel-em-fisica\/apresentacao\/","title":{"rendered":"O que \u00e9 a atividade &#8220;Nobel em F\u00edsica&#8221;?"},"content":{"rendered":"<div class=\"wpb-content-wrapper\"><p>[vc_row][vc_column][vc_column_text]<\/p>\n<p style=\"text-align: justify\"><span style=\"font-family: times new roman,times,serif;font-size: 12pt\">\u00a0 \u00a0 \u00a0 \u00a0 \u00a0 \u00a0Segundo consta na hist\u00f3ria, em 1864, o qu\u00edmico sueco Alfred Nobel (1833-1896), inventor da dinamite, ap\u00f3s ler o err\u00f4neo obitu\u00e1rio de sua morte publicado em um jornal franc\u00eas, denominando-o como \u201co homem que tornou poss\u00edvel matar muitas pessoas, mais rapidamente, do que qualquer outro que jamais tinha vivido\u201d, decidiu, ent\u00e3o, ao perceber o legado que deixaria para o mundo, incluir em seu testamento, que sua fortuna deveria ser destinada a premiar e reconhecer iniciativas em prol da humanidade, e assim, a partir de 1901, todos os anos, os pr\u00eamios s\u00e3o entregues em uma cerim\u00f4nia no dia 10 de Dezembro, que foi o dia de sua morte em 1896, mas os vencedores s\u00e3o anunciados antes.<\/span><\/p>\n<p style=\"text-align: justify\"><span style=\"font-family: times new roman,times,serif;font-size: 12pt\">\u00a0 \u00a0 \u00a0 \u00a0 \u00a0 O Pr\u00eamio Nobel de F\u00edsica foi concedido 110 vezes para 204 laureados entre 1901 e 2016, sendo que um deles, John Bardeen, recebeu duas vezes o pr\u00eamio, em 1956 e 1972. O primeiro ganhador do Nobel de F\u00edsica foi Wilhelm Conrad R\u00f6ntgen em 1901, e os \u00faltimos, at\u00e9 o ano atual, 2016, foram David J. Thouless, F. Duncan M. Haldane e J. Michael Kosterlitz. Apenas duas mulheres, Marie Curie (1903) e Maria Goeppert-Mayer (1963) foram galardoadas com esse pr\u00eamio. Lawrence Bragg recebeu o pr\u00eamio em 1915, e se tornou o mais jovem laureado da F\u00edsica aos 25 anos, e o mais velho foi Raymond Davis Jr. em 2002.<\/span><\/p>\n<p style=\"text-align: justify\"><span style=\"font-family: times new roman,times,serif;font-size: 12pt\">\u00a0 \u00a0 \u00a0 \u00a0 \u00a0 \u00a0Voc\u00ea pode conferir alguns dos laureados com o pr\u00eamio Nobel de F\u00edsica a seguir, e conferir seus excepcionais trabalhos, ainda presentes nos estudos atuais, e quem sabe eles n\u00e3o te inspiram, e um dia seu nome estar\u00e1 entre eles, pois tudo \u00e9 poss\u00edvel para aquele que se dedica \u00e0 compreens\u00e3o das inc\u00f3gnitas do Universo, e que contribui com o avan\u00e7o do conhecimento humano.<\/span><\/p>\n<p style=\"text-align: justify\"><span style=\"font-family: times new roman,times,serif;font-size: 12pt\">\u00a0 \u00a0 \u00a0 \u00a0 \u00a0 \u00a0 \u00a0 <\/span><\/p>\n<p style=\"text-align: justify\"><span style=\"font-family: times new roman,times,serif;font-size: 12pt\"><strong>Refer\u00eancias:<\/strong><\/span><\/p>\n<p style=\"text-align: left\"><span style=\"font-family: times new roman,times,serif;font-size: 12pt\">MOREIRA, D. <strong>Conhe\u00e7a a origem dos pr\u00eamios Nobel<\/strong>. Dispon\u00edvel em: &lt;http:\/\/www.geniocriador.com.br\/fique-por-dentro\/165-conhe\u00e7a-a-origem-dos-pr\u00eamios-nobel.html#.WAVqB9IrLtS&gt;. Acesso em: 16 de outubro de 2016.<\/span><\/p>\n<p style=\"text-align: left\"><span style=\"font-family: times new roman,times,serif;font-size: 12pt\">MLA style: <strong>All Nobel Prizes in Physics<\/strong>. Nobelprize.org. Dispon\u00edvel em: &lt;http:\/\/www.nobelprize.org\/nobel_prizes\/physics\/laureates\/&gt;. Acesso em: 16 de outubro de 2016.<\/span><\/p>\n<p style=\"text-align: left\"><span style=\"font-family: times new roman,times,serif;font-size: 12pt\">NOVAIS, V. <strong>Pr\u00e9mio Nobel F\u00edsica para estados ex\u00f3ticos da mat\u00e9ria<\/strong>. Dispon\u00edvel em: &lt;http:\/\/observador.pt\/2016\/10\/04\/premio-nobel-fisica-para-transicoes-da-materia-exotica\/&gt;. Acesso em: 16 de outubro de 2016.<\/span><\/p>\n<p>&nbsp;<\/p>\n<p style=\"text-align: right\"><span style=\"font-family: times new roman,times,serif;font-size: 12pt\"><strong>Autor do texto:<\/strong> Sanderson C. Ribeiro<\/span><\/p>\n<p><span style=\"float: none;background-color: #ffffff;color: #333333;cursor: text;font-family: Georgia,'Times New Roman','Bitstream Charter',Times,serif;font-size: 16px;font-style: normal;font-variant: normal;font-weight: 400;letter-spacing: normal;text-align: left;text-decoration: none;text-indent: 0px;text-transform: none\">[\/vc_column_text][\/vc_column][\/vc_row][vc_row][vc_column][vc_facebook][\/vc_column][\/vc_row]<\/span><\/p>\n<\/div>","protected":false},"excerpt":{"rendered":"<p>[vc_row][vc_column][vc_column_text] \u00a0 \u00a0 \u00a0 \u00a0 \u00a0 \u00a0Segundo consta na hist\u00f3ria, em 1864, o qu\u00edmico sueco Alfred Nobel (1833-1896), inventor da dinamite, ap\u00f3s ler o err\u00f4neo obitu\u00e1rio de sua morte publicado em um jornal franc\u00eas, denominando-o como \u201co homem que tornou poss\u00edvel matar muitas pessoas, mais rapidamente, do que qualquer outro que jamais tinha vivido\u201d, decidiu, [&hellip;]<\/p>\n","protected":false},"author":3,"featured_media":0,"parent":208,"menu_order":0,"comment_status":"closed","ping_status":"closed","template":"","meta":{"_exactmetrics_skip_tracking":false,"_exactmetrics_sitenote_active":false,"_exactmetrics_sitenote_note":"","_exactmetrics_sitenote_category":0,"footnotes":"","_links_to":"","_links_to_target":""},"class_list":["post-209","page","type-page","status-publish","hentry"],"_links":{"self":[{"href":"https:\/\/www3.unicentro.br\/petfisica\/wp-json\/wp\/v2\/pages\/209","targetHints":{"allow":["GET"]}}],"collection":[{"href":"https:\/\/www3.unicentro.br\/petfisica\/wp-json\/wp\/v2\/pages"}],"about":[{"href":"https:\/\/www3.unicentro.br\/petfisica\/wp-json\/wp\/v2\/types\/page"}],"author":[{"embeddable":true,"href":"https:\/\/www3.unicentro.br\/petfisica\/wp-json\/wp\/v2\/users\/3"}],"replies":[{"embeddable":true,"href":"https:\/\/www3.unicentro.br\/petfisica\/wp-json\/wp\/v2\/comments?post=209"}],"version-history":[{"count":0,"href":"https:\/\/www3.unicentro.br\/petfisica\/wp-json\/wp\/v2\/pages\/209\/revisions"}],"up":[{"embeddable":true,"href":"https:\/\/www3.unicentro.br\/petfisica\/wp-json\/wp\/v2\/pages\/208"}],"wp:attachment":[{"href":"https:\/\/www3.unicentro.br\/petfisica\/wp-json\/wp\/v2\/media?parent=209"}],"curies":[{"name":"wp","href":"https:\/\/api.w.org\/{rel}","templated":true}]}}