{"id":207,"date":"2016-12-06T00:00:00","date_gmt":"2016-12-06T02:00:00","guid":{"rendered":"https:\/\/www3.unicentro.br\/petfisica\/2016-2-4\/"},"modified":"2021-07-20T16:29:47","modified_gmt":"2021-07-20T19:29:47","slug":"2016-2-4","status":"publish","type":"page","link":"https:\/\/www3.unicentro.br\/petfisica\/atividades\/ciclo-de-seminarios-do-defis\/2016-2-4\/","title":{"rendered":"2016"},"content":{"rendered":"<p style=\"text-align: center\"><span style=\"font-size: 18pt\"><strong><span style=\"font-family: 'times new roman', times, serif\">VIII Ciclo de Semin\u00e1rios do DEFIS<\/span><\/strong><\/span><\/p>\n<p style=\"text-align: center\"><span style=\"font-size: 14pt\"><strong><span style=\"font-family: 'times new roman', times, serif\">Organiza\u00e7\u00e3o: GPET-F\u00edsica<\/span><\/strong><\/span><\/p>\n<p><span style=\"font-family: 'times new roman', times, serif;font-size: 12pt\">Data: 01\/12\/2016<\/span><br \/>\n<span style=\"font-family: 'times new roman', times, serif;font-size: 12pt\">T\u00edtulo:\u00a0<strong>Pigmentos Inorg\u00e2nicos Sint\u00e9ticos (PIS)<\/strong><\/span><br \/>\n<span style=\"font-family: 'times new roman', times, serif;font-size: 12pt\">Palestrante: Prof.\u00a0Dr. Fauze Jac\u00f3 Anaissi (DEQ &#8211; UNICENTRO)<\/span><\/p>\n<p><span style=\"font-family: 'times new roman', times, serif;font-size: 12pt\">Data: 10\/11\/2016<\/span><br \/>\n<span style=\"font-family: 'times new roman', times, serif;font-size: 12pt\">T\u00edtulo:\u00a0<strong>Bilhares Qu\u00e2nticos<\/strong><\/span><br \/>\n<span style=\"font-family: 'times new roman', times, serif;font-size: 12pt\">Palestrante: Prof.\u00a0Dr. Eduardo Vicentini\u00a0(DEFIS &#8211; UNICENTRO)<\/span><\/p>\n<p><span style=\"font-family: 'times new roman', times, serif;font-size: 12pt\">Data: 27\/10\/2016<\/span><br \/>\n<span style=\"font-family: 'times new roman', times, serif;font-size: 12pt\">T\u00edtulo:\u00a0<strong>Natureza da Mat\u00e9ria e F\u00edsica de Part\u00edculas: Uma hist\u00f3ria sendo escrita&#8230;<\/strong><\/span><br \/>\n<span style=\"font-family: 'times new roman', times, serif;font-size: 12pt\">Palestrante: Prof.a \u00a0M.a\u00a0Marcia da Costa (DEFIS &#8211; UNICENTRO)<\/span><\/p>\n<p><span style=\"font-family: 'times new roman', times, serif;font-size: 12pt\">Data: 13\/10\/2016<\/span><br \/>\n<span style=\"font-family: 'times new roman', times, serif;font-size: 12pt\">T\u00edtulo:\u00a0<strong>M\u00e9todos Cromatogr\u00e1ficos empregados nos Laborat\u00f3rios da UNICENTRO<\/strong><\/span><br \/>\n<span style=\"font-family: 'times new roman', times, serif;font-size: 12pt\">Palestrante: \u00a0M.a\u00a0Christiane Schineider Machado Kolc\u00a0(Doutoranda do PPGQ &#8211; UNICENTRO)<\/span><\/p>\n<p><span style=\"font-family: 'times new roman', times, serif;font-size: 12pt\">Data: 29\/09\/2016<\/span><br \/>\n<span style=\"font-family: 'times new roman', times, serif;font-size: 12pt\">T\u00edtulo:\u00a0<strong>\u00d3leos essenciais e Extratos Naturais<\/strong><\/span><br \/>\n<span style=\"font-family: 'times new roman', times, serif;font-size: 12pt\">Palestrante: Prof.a Dr.a Michele Cristiane Mesomo (DEALI &#8211; UNICENTRO)<\/span><\/p>\n<p><span style=\"font-family: 'times new roman', times, serif;font-size: 12pt\">Data: 15\/09\/2016<\/span><br \/>\n<span style=\"font-family: 'times new roman', times, serif;font-size: 12pt\">T\u00edtulo:\u00a0<strong>Obten\u00e7\u00e3o de mon\u00f3litos cer\u00e2micos nanoestruturados via m\u00e9todos f\u00edsicos<\/strong><\/span><br \/>\n<span style=\"font-family: 'times new roman', times, serif;font-size: 12pt\">Palestrante: Prof. Dr.\u00a0Ot\u00e1vio Augusto Protzek (DEFIS &#8211; UNICENTRO)<\/span><\/p>\n<p><span style=\"font-family: 'times new roman', times, serif;font-size: 12pt\">Data: 01\/09\/2016<\/span><br \/>\n<span style=\"font-family: 'times new roman', times, serif;font-size: 12pt\">T\u00edtulo:\u00a0<strong>Uma breve hist\u00f3ria sobre\u00a0um doutorado sandu\u00edche\u00a0<\/strong><\/span><br \/>\n<span style=\"font-family: 'times new roman', times, serif;font-size: 12pt\">Palestrante: Prof.a Dr.a Aline Milan Farias (COECI\/UTFPR)<\/span><\/p>\n<p><span style=\"font-family: 'times new roman', times, serif;font-size: 12pt\">Data: 16\/08\/2016<\/span><br \/>\n<span style=\"font-family: 'times new roman', times, serif;font-size: 12pt\">T\u00edtulo:\u00a0<strong>Curiosidades do Vinho e seus derivados<\/strong><\/span><br \/>\n<span style=\"font-family: 'times new roman', times, serif;font-size: 12pt\">Palestrante: Prof. Dr.\u00a0Marcos Roberto da Rosa\u00a0(DEQ &#8211; UNICENTRO)<\/span><\/p>\n","protected":false},"excerpt":{"rendered":"<p>VIII Ciclo de Semin\u00e1rios do DEFIS Organiza\u00e7\u00e3o: GPET-F\u00edsica Data: 01\/12\/2016 T\u00edtulo:\u00a0Pigmentos Inorg\u00e2nicos Sint\u00e9ticos (PIS) Palestrante: Prof.\u00a0Dr. Fauze Jac\u00f3 Anaissi (DEQ &#8211; UNICENTRO) Data: 10\/11\/2016 T\u00edtulo:\u00a0Bilhares Qu\u00e2nticos Palestrante: Prof.\u00a0Dr. Eduardo Vicentini\u00a0(DEFIS &#8211; UNICENTRO) Data: 27\/10\/2016 T\u00edtulo:\u00a0Natureza da Mat\u00e9ria e F\u00edsica de Part\u00edculas: Uma hist\u00f3ria sendo escrita&#8230; Palestrante: Prof.a \u00a0M.a\u00a0Marcia da Costa (DEFIS &#8211; UNICENTRO) Data: 13\/10\/2016 [&hellip;]<\/p>\n","protected":false},"author":3,"featured_media":0,"parent":151,"menu_order":4,"comment_status":"closed","ping_status":"open","template":"","meta":{"_exactmetrics_skip_tracking":false,"_exactmetrics_sitenote_active":false,"_exactmetrics_sitenote_note":"","_exactmetrics_sitenote_category":0,"footnotes":"","_links_to":"","_links_to_target":""},"class_list":["post-207","page","type-page","status-publish","hentry"],"_links":{"self":[{"href":"https:\/\/www3.unicentro.br\/petfisica\/wp-json\/wp\/v2\/pages\/207","targetHints":{"allow":["GET"]}}],"collection":[{"href":"https:\/\/www3.unicentro.br\/petfisica\/wp-json\/wp\/v2\/pages"}],"about":[{"href":"https:\/\/www3.unicentro.br\/petfisica\/wp-json\/wp\/v2\/types\/page"}],"author":[{"embeddable":true,"href":"https:\/\/www3.unicentro.br\/petfisica\/wp-json\/wp\/v2\/users\/3"}],"replies":[{"embeddable":true,"href":"https:\/\/www3.unicentro.br\/petfisica\/wp-json\/wp\/v2\/comments?post=207"}],"version-history":[{"count":0,"href":"https:\/\/www3.unicentro.br\/petfisica\/wp-json\/wp\/v2\/pages\/207\/revisions"}],"up":[{"embeddable":true,"href":"https:\/\/www3.unicentro.br\/petfisica\/wp-json\/wp\/v2\/pages\/151"}],"wp:attachment":[{"href":"https:\/\/www3.unicentro.br\/petfisica\/wp-json\/wp\/v2\/media?parent=207"}],"curies":[{"name":"wp","href":"https:\/\/api.w.org\/{rel}","templated":true}]}}