{"id":206,"date":"2019-08-14T16:11:00","date_gmt":"2019-08-14T19:11:00","guid":{"rendered":"https:\/\/www3.unicentro.br\/petfisica\/apresentacao-5\/"},"modified":"2022-06-05T01:19:19","modified_gmt":"2022-06-05T04:19:19","slug":"apresentacao","status":"publish","type":"page","link":"https:\/\/www3.unicentro.br\/petfisica\/apresentacao\/","title":{"rendered":"O que \u00e9 a atividade &#8220;Ensino&#8221;?"},"content":{"rendered":"<p style=\"text-align: justify\"><span style=\"font-family: 'times new roman', times, serif;font-size: 12pt\">\u00a0 \u00a0Os projetos de ensino desenvolvidos pelo Grupo PET-F\u00edsica est\u00e3o separados, principalmente, em dois conjuntos: elabora\u00e7\u00e3o de experimentos de baixo custo e produ\u00e7\u00e3o de planos de aula, os quais, por sua vez, constituem o que chamamos de <em>I<\/em><em>nstrumenta\u00e7\u00e3o para o ensino de F\u00edsica<\/em>. Esses projetos foram desenvolvidos com o objetivo de serem uma ferramenta auxiliar no ensino de F\u00edsica. Portanto, podem ser utilizados por professores como material de apoio para suas aulas. Al\u00e9m disso, esses projetos tamb\u00e9m s\u00e3o usados em atividades exclusivas do GPET-F\u00edsica, como o <a href=\"https:\/\/www3.unicentro.br\/petfisica\/galeria\/2019galeria\/#1569336915918-8bc2d2eb-3289\"><em>Ci\u00eancia no Campus<\/em><\/a>.<\/span><\/p>\n<p style=\"text-align: justify\"><span style=\"font-family: 'times new roman', times, serif;font-size: 12pt\">\u00a0 \u00a0Abaixo est\u00e3o descritas as principais caracter\u00edsticas de cada um desses projetos:<\/span><\/p>\n<p style=\"text-align: justify\"><strong><span style=\"font-family: 'times new roman', times, serif;font-size: 12pt\">Elabora\u00e7\u00e3o de experimentos de baixo custo e roteiros:<\/span><\/strong><\/p>\n<p style=\"text-align: justify\"><span style=\"font-family: 'times new roman', times, serif;font-size: 12pt\">\u00a0 \u00a0Esta atividade visa o desenvolvimento de experimentos qualitativos e quantitativos de baixo custo para demonstra\u00e7\u00e3o de conceitos f\u00edsicos. S\u00e3o abordados temas de f\u00edsica b\u00e1sica, f\u00edsica moderna e novas tecnologias, com o objetivo de exemplificar a aplica\u00e7\u00e3o de conceitos f\u00edsicos em equipamentos e fen\u00f4menos que fazem parte do nosso dia a dia. Para tanto, al\u00e9m da confec\u00e7\u00e3o dos experimentos, tamb\u00e9m foram elaborados roteiros que visam orientar a montagem dos mesmos, assim como sugerir uma an\u00e1lise dos resultados obtidos por meio destes.\u00a0<\/span><\/p>\n<p style=\"text-align: justify\"><strong><span style=\"font-family: 'times new roman', times, serif;font-size: 12pt\">Planos de aula:<\/span><\/strong><\/p>\n<p style=\"text-align: justify\"><span style=\"font-family: 'times new roman', times, serif;font-size: 12pt\">\u00a0 \u00a0Os planos de aula foram elaborados com base nos experimentos desenvolvidos pelo GPET &#8211; F\u00edsica, com o objetivo de que estes sejam aplicados em sala de aula, principalmente,\u00a0 no ensino m\u00e9dio. Portanto, cada roteiro experimental possui um plano de aula com sugest\u00f5es de como o professor pode abordar o experimento em paralelo com o conte\u00fado da aula e tamb\u00e9m como avaliar a atividade e o desempenho dos alunos. <\/span><\/p>\n<p style=\"text-align: justify\"><span style=\"font-family: 'times new roman', times, serif;font-size: 12pt\">\u00a0 \u00a0Al\u00e9m disso, os planos de aula contam com uma s\u00edntese de atividades logo no in\u00edcio do documento, o que permite ao leitor obter um panorama geral do que est\u00e1 sendo proposto com o trabalho. Ao decorrer do texto, cada t\u00f3pico apresentado na s\u00edntese de atividades \u00e9 abordado de forma mais detalhada. Portanto, sugere-se a leitura completa do plano de aula.<\/span><\/p>\n<hr \/>\n<p style=\"text-align: justify\"><span style=\"font-family: 'times new roman', times, serif;font-size: 12pt\">\u00a0 \u00a0Tanto os roteiros experimentais quanto os planos de aulas est\u00e3o separados por conte\u00fado geral e podem ser baixados a partir dos links abaixo:<\/span><\/p>\n<ul>\n<li style=\"text-align: justify\"><span style=\"font-family: 'times new roman', times, serif;font-size: 12pt\"><a href=\"https:\/\/www3.unicentro.br\/petfisica\/atividades\/projetos-de-ensino-2\/instrumentacao\/eletromagnetismo\/\"><strong>Eletromagnetismo<\/strong><\/a><strong>;<\/strong><\/span><\/li>\n<li style=\"text-align: justify\"><strong><span style=\"font-family: 'times new roman', times, serif;font-size: 12pt\"><a href=\"https:\/\/www3.unicentro.br\/petfisica\/atividades\/projetos-de-ensino-2\/instrumentacao\/mecanica\/\">Mec\u00e2nica<\/a>;<\/span><\/strong><\/li>\n<li style=\"text-align: justify\"><strong><span style=\"font-family: 'times new roman', times, serif;font-size: 12pt\"><a href=\"https:\/\/www3.unicentro.br\/petfisica\/atividades\/projetos-de-ensino-2\/instrumentacao\/optica-e-ondulatoria\/\">\u00d3ptica e Ondulat\u00f3ria<\/a>;<\/span><\/strong><\/li>\n<li style=\"text-align: justify\"><strong><span style=\"font-family: 'times new roman', times, serif;font-size: 12pt\"><a href=\"https:\/\/www3.unicentro.br\/petfisica\/atividades\/projetos-de-ensino-2\/instrumentacao\/termologia\/\">Termologia<\/a>;<\/span><\/strong><\/li>\n<\/ul>\n","protected":false},"excerpt":{"rendered":"<p>\u00a0 \u00a0Os projetos de ensino desenvolvidos pelo Grupo PET-F\u00edsica est\u00e3o separados, principalmente, em dois conjuntos: elabora\u00e7\u00e3o de experimentos de baixo custo e produ\u00e7\u00e3o de planos de aula, os quais, por sua vez, constituem o que chamamos de Instrumenta\u00e7\u00e3o para o ensino de F\u00edsica. Esses projetos foram desenvolvidos com o objetivo de serem uma ferramenta auxiliar [&hellip;]<\/p>\n","protected":false},"author":3,"featured_media":0,"parent":0,"menu_order":0,"comment_status":"closed","ping_status":"closed","template":"","meta":{"_exactmetrics_skip_tracking":false,"_exactmetrics_sitenote_active":false,"_exactmetrics_sitenote_note":"","_exactmetrics_sitenote_category":0,"footnotes":"","_links_to":"","_links_to_target":""},"class_list":["post-206","page","type-page","status-publish","hentry"],"_links":{"self":[{"href":"https:\/\/www3.unicentro.br\/petfisica\/wp-json\/wp\/v2\/pages\/206","targetHints":{"allow":["GET"]}}],"collection":[{"href":"https:\/\/www3.unicentro.br\/petfisica\/wp-json\/wp\/v2\/pages"}],"about":[{"href":"https:\/\/www3.unicentro.br\/petfisica\/wp-json\/wp\/v2\/types\/page"}],"author":[{"embeddable":true,"href":"https:\/\/www3.unicentro.br\/petfisica\/wp-json\/wp\/v2\/users\/3"}],"replies":[{"embeddable":true,"href":"https:\/\/www3.unicentro.br\/petfisica\/wp-json\/wp\/v2\/comments?post=206"}],"version-history":[{"count":0,"href":"https:\/\/www3.unicentro.br\/petfisica\/wp-json\/wp\/v2\/pages\/206\/revisions"}],"wp:attachment":[{"href":"https:\/\/www3.unicentro.br\/petfisica\/wp-json\/wp\/v2\/media?parent=206"}],"curies":[{"name":"wp","href":"https:\/\/api.w.org\/{rel}","templated":true}]}}