{"id":202,"date":"2016-06-15T00:00:00","date_gmt":"2016-06-15T03:00:00","guid":{"rendered":"https:\/\/www3.unicentro.br\/petfisica\/2016-2-3\/"},"modified":"2018-09-13T13:30:14","modified_gmt":"2018-09-13T16:30:14","slug":"2016-2-3","status":"publish","type":"page","link":"https:\/\/www3.unicentro.br\/petfisica\/atividades\/semana-de-estudos-de-fisica\/2016-2-3\/","title":{"rendered":"2016"},"content":{"rendered":"<p>XIII SEMANA DE ESTUDOS DE F\u00cdSICA e III SIMP\u00d3SIO DE F\u00cdSICA<\/p>\n<p style=\"text-align: justify\">&nbsp; &nbsp; &nbsp; &nbsp; &nbsp; &nbsp; No ano de 2016, o evento XIII Semana de Estudos de F\u00edsica e III Simp\u00f3sio de F\u00edsica foi realizado entre os dias 16 a 20\/05 e organizado pelo Grupo PET F\u00edsica e Departamento de F\u00edsica, com o aux\u00edlio do Grupo PIBID F\u00edsica. Assim como nas edi\u00e7\u00f5es anteriores, os petianos participaram de todas as etapas do planejamento e execu\u00e7\u00e3o, apresentaram as oficinas, coordenaram um minicurso e participaram da mostra de trabalhos cient\u00edficos.<\/p>\n<p style=\"text-align: justify\">&nbsp; &nbsp; &nbsp; &nbsp; &nbsp; &nbsp; Este ano contamos com sete palestras, com as apresenta\u00e7\u00f5es orais dos egressos do curso, o show de intervalo realizado pelo grupo Magia da F\u00edsica em quatro noites, duas oficinas e dois minicursos ministrados no per\u00edodo diurno, al\u00e9m das observa\u00e7\u00f5es astron\u00f4micas ap\u00f3s as palestras.<\/p>\n<p style=\"text-align: justify\">&nbsp; &nbsp; &nbsp; &nbsp; &nbsp;A novidade deste evento foi a Mesa Redonda \u201cViv\u00eancias dos Acad\u00eamicos do Curso de Licenciatura em F\u00edsica\u201d tamb\u00e9m coordenada pelo Grupo PET \u2013 F\u00edsica, onde os veteranos puderam contar suas experi\u00eancias como acad\u00eamicos aos calouros. Nela tamb\u00e9m foram apresentados os grupos PET \u2013F\u00edsica e PIBID \u2013 F\u00edsica aos calouros. Esta foi a atividade mais marcante aos participantes, por\u00e9m todas as demais tamb\u00e9m foram interessantes e instrutivas.<\/p>\n<p style=\"text-align: justify\">&nbsp; &nbsp; &nbsp; &nbsp; Estiveram presentes acad\u00eamicos&nbsp;e professores de diversos departamentos\/institui\u00e7\u00f5es al\u00e9m do Departamento de F\u00edsica, principalmente: do Departamento de Matem\u00e1tica; do Departamento de Qu\u00edmica; do Programa de P\u00f3s-gradua\u00e7\u00e3o em Ensino de Ci\u00eancias; dos cursos de Biologia e de Matem\u00e1tica, ambos da Faculdade Guairac\u00e1; da Universidade Tecnol\u00f3gica Federal do Paran\u00e1 \u2013 UTFPR; do Programa de Desenvolvimento Educacional \u2013 PDE e alunos do ensino m\u00e9dio. O Grupo PET \u2013 F\u00edsica agradece a todos os 152 participantes.<\/p>\n<p><span style=\"font-family: tahoma, arial, helvetica, sans-serif;font-size: 14pt\"><strong>Programa\u00e7\u00e3o:<\/strong> <a href=\"http:\/\/sites.unicentro.br\/wp\/petfisica\/files\/2016\/06\/Folder_Frente.jpg\" target=\"_blank\" rel=\"noopener\">Folder_frente<\/a>&nbsp; &nbsp;<a href=\"http:\/\/sites.unicentro.br\/wp\/petfisica\/files\/2016\/06\/Folder_Tras.jpg\" target=\"_blank\" rel=\"noopener\">Folder_Tras<\/a><\/span><\/p>\n<p><strong><span style=\"font-size: 14pt;font-family: tahoma, arial, helvetica, sans-serif\"><a href=\"http:\/\/anais.unicentro.br\/sefis\/\" target=\"_blank\" rel=\"noopener\">Anais da XIII Semana de F\u00edsica<\/a><\/span><\/strong><\/p>\n","protected":false},"excerpt":{"rendered":"<p>XIII SEMANA DE ESTUDOS DE F\u00cdSICA e III SIMP\u00d3SIO DE F\u00cdSICA &nbsp; &nbsp; &nbsp; &nbsp; &nbsp; &nbsp; No ano de 2016, o evento XIII Semana de Estudos de F\u00edsica e III Simp\u00f3sio de F\u00edsica foi realizado entre os dias 16 a 20\/05 e organizado pelo Grupo PET F\u00edsica e Departamento de F\u00edsica, com o aux\u00edlio [&hellip;]<\/p>\n","protected":false},"author":3,"featured_media":0,"parent":152,"menu_order":0,"comment_status":"closed","ping_status":"open","template":"","meta":{"_exactmetrics_skip_tracking":false,"_exactmetrics_sitenote_active":false,"_exactmetrics_sitenote_note":"","_exactmetrics_sitenote_category":0,"footnotes":"","_links_to":"","_links_to_target":""},"class_list":["post-202","page","type-page","status-publish","hentry"],"_links":{"self":[{"href":"https:\/\/www3.unicentro.br\/petfisica\/wp-json\/wp\/v2\/pages\/202","targetHints":{"allow":["GET"]}}],"collection":[{"href":"https:\/\/www3.unicentro.br\/petfisica\/wp-json\/wp\/v2\/pages"}],"about":[{"href":"https:\/\/www3.unicentro.br\/petfisica\/wp-json\/wp\/v2\/types\/page"}],"author":[{"embeddable":true,"href":"https:\/\/www3.unicentro.br\/petfisica\/wp-json\/wp\/v2\/users\/3"}],"replies":[{"embeddable":true,"href":"https:\/\/www3.unicentro.br\/petfisica\/wp-json\/wp\/v2\/comments?post=202"}],"version-history":[{"count":0,"href":"https:\/\/www3.unicentro.br\/petfisica\/wp-json\/wp\/v2\/pages\/202\/revisions"}],"up":[{"embeddable":true,"href":"https:\/\/www3.unicentro.br\/petfisica\/wp-json\/wp\/v2\/pages\/152"}],"wp:attachment":[{"href":"https:\/\/www3.unicentro.br\/petfisica\/wp-json\/wp\/v2\/media?parent=202"}],"curies":[{"name":"wp","href":"https:\/\/api.w.org\/{rel}","templated":true}]}}