{"id":201,"date":"2016-06-06T00:00:00","date_gmt":"2016-06-06T03:00:00","guid":{"rendered":"https:\/\/www3.unicentro.br\/petfisica\/2014-2-3\/"},"modified":"2018-09-13T13:30:14","modified_gmt":"2018-09-13T16:30:14","slug":"2014-2-3","status":"publish","type":"page","link":"https:\/\/www3.unicentro.br\/petfisica\/atividades\/semana-de-estudos-de-fisica\/2014-2-3\/","title":{"rendered":"2014"},"content":{"rendered":"<p>XII SEMANA DE ESTUDOS DE F\u00cdSICA<\/p>\n<p style=\"text-align: justify\">No ano de 2014, o evento foi realizado na semana de 07 a 11\/04 e foi organizado pelo PET F\u00edsica e pelo PIBID F\u00edsica, sob coordena\u00e7\u00e3o dos professores F\u00e1bio L. Melquiades e Eduardo Vicentini. Os petianos participaram de todas as etapas do planejamento e execu\u00e7\u00e3o, apresentaram oficinas e participaram da mostra de trabalhos cient\u00edficos.<\/p>\n<p style=\"text-align: justify\">Al\u00e9m das palestras e oficinas, neste ano tivemos como novidade da apresenta\u00e7\u00e3o de trabalhos orais de egressos do curso que defenderam seus mestrados recentemente.&nbsp;&nbsp; Tamb\u00e9m tivemos o show do intervalo, coordenado pelo Prof. Rodrigo, onde o grupo Magia da F\u00edsica apresentou m\u00e1gicas contextualizadas com temas da f\u00edsica, al\u00e9m da Banda Cat\u00e1strofe do Ultravioleta se apresentando na abertura. Em algumas noites, quando as nuvens permitiram, foi poss\u00edvel fazer observa\u00e7\u00f5es astron\u00f4micas, sob coordena\u00e7\u00e3o do Prof. Ricardo. Veja todas as atividades e os trabalhos apresentados na forma de poster nos links abaixo.<br \/>\nTodas as atividades foram muito interessantes, mas o mais marcante foi a grande participa\u00e7\u00e3o dos acad\u00eamicos e professores, totalizando em torno de 160 pessoas . Obrigado a todos.<\/p>\n<p><a href=\"http:\/\/sites.unicentro.br\/wp\/petfisica\/files\/2011\/08\/Folder_pag1e2_2014_2.pdf\">Programa\u00e7\u00e3o SEFIS 2014<\/a><\/p>\n<p><a title=\"Anais da XII SEFIS\" href=\"http:\/\/anais.unicentro.br\/sefis\/\" target=\"_blank\" rel=\"noopener\">Anais da XII SEFIS<\/a><\/p>\n","protected":false},"excerpt":{"rendered":"<p>XII SEMANA DE ESTUDOS DE F\u00cdSICA No ano de 2014, o evento foi realizado na semana de 07 a 11\/04 e foi organizado pelo PET F\u00edsica e pelo PIBID F\u00edsica, sob coordena\u00e7\u00e3o dos professores F\u00e1bio L. Melquiades e Eduardo Vicentini. Os petianos participaram de todas as etapas do planejamento e execu\u00e7\u00e3o, apresentaram oficinas e participaram [&hellip;]<\/p>\n","protected":false},"author":3,"featured_media":0,"parent":152,"menu_order":0,"comment_status":"closed","ping_status":"open","template":"","meta":{"_exactmetrics_skip_tracking":false,"_exactmetrics_sitenote_active":false,"_exactmetrics_sitenote_note":"","_exactmetrics_sitenote_category":0,"footnotes":"","_links_to":"","_links_to_target":""},"class_list":["post-201","page","type-page","status-publish","hentry"],"_links":{"self":[{"href":"https:\/\/www3.unicentro.br\/petfisica\/wp-json\/wp\/v2\/pages\/201","targetHints":{"allow":["GET"]}}],"collection":[{"href":"https:\/\/www3.unicentro.br\/petfisica\/wp-json\/wp\/v2\/pages"}],"about":[{"href":"https:\/\/www3.unicentro.br\/petfisica\/wp-json\/wp\/v2\/types\/page"}],"author":[{"embeddable":true,"href":"https:\/\/www3.unicentro.br\/petfisica\/wp-json\/wp\/v2\/users\/3"}],"replies":[{"embeddable":true,"href":"https:\/\/www3.unicentro.br\/petfisica\/wp-json\/wp\/v2\/comments?post=201"}],"version-history":[{"count":0,"href":"https:\/\/www3.unicentro.br\/petfisica\/wp-json\/wp\/v2\/pages\/201\/revisions"}],"up":[{"embeddable":true,"href":"https:\/\/www3.unicentro.br\/petfisica\/wp-json\/wp\/v2\/pages\/152"}],"wp:attachment":[{"href":"https:\/\/www3.unicentro.br\/petfisica\/wp-json\/wp\/v2\/media?parent=201"}],"curies":[{"name":"wp","href":"https:\/\/api.w.org\/{rel}","templated":true}]}}