{"id":200,"date":"2019-08-14T16:06:00","date_gmt":"2019-08-14T19:06:00","guid":{"rendered":"https:\/\/www3.unicentro.br\/petfisica\/apresentacao-4\/"},"modified":"2022-06-05T01:40:00","modified_gmt":"2022-06-05T04:40:00","slug":"apresentacao","status":"publish","type":"page","link":"https:\/\/www3.unicentro.br\/petfisica\/atividades\/semana-de-estudos-de-fisica\/apresentacao\/","title":{"rendered":"O que \u00e9 a atividade &#8220;Semana de Estudos de F\u00edsica&#8221;?"},"content":{"rendered":"<p style=\"text-align: justify\">\u00a0 <span style=\"font-family: 'times new roman', times, serif;font-size: 12pt\">\u00a0O Departamento de F\u00edsica (DEFIS) e o Grupo PET\/F\u00edsica promovem, a cada dois anos, a Semana de Estudos e Simp\u00f3sio de F\u00edsica, com o objetivo de integra\u00e7\u00e3o entre alunos do curso, comunidade acad\u00eamica e comunidade em geral. Visa. tamb\u00e9m. oferecer aos acad\u00eamicos uma vis\u00e3o mais ampla dos conte\u00fados de sala de aula, por meio de palestras, oficinas e minicursos voltados \u00e0 F\u00edsica Aplicada e ao Ensino de F\u00edsica.<\/span><\/p>\n","protected":false},"excerpt":{"rendered":"<p>\u00a0 \u00a0O Departamento de F\u00edsica (DEFIS) e o Grupo PET\/F\u00edsica promovem, a cada dois anos, a Semana de Estudos e Simp\u00f3sio de F\u00edsica, com o objetivo de integra\u00e7\u00e3o entre alunos do curso, comunidade acad\u00eamica e comunidade em geral. Visa. tamb\u00e9m. oferecer aos acad\u00eamicos uma vis\u00e3o mais ampla dos conte\u00fados de sala de aula, por meio [&hellip;]<\/p>\n","protected":false},"author":3,"featured_media":0,"parent":152,"menu_order":0,"comment_status":"closed","ping_status":"closed","template":"","meta":{"_exactmetrics_skip_tracking":false,"_exactmetrics_sitenote_active":false,"_exactmetrics_sitenote_note":"","_exactmetrics_sitenote_category":0,"footnotes":"","_links_to":"","_links_to_target":""},"class_list":["post-200","page","type-page","status-publish","hentry"],"_links":{"self":[{"href":"https:\/\/www3.unicentro.br\/petfisica\/wp-json\/wp\/v2\/pages\/200","targetHints":{"allow":["GET"]}}],"collection":[{"href":"https:\/\/www3.unicentro.br\/petfisica\/wp-json\/wp\/v2\/pages"}],"about":[{"href":"https:\/\/www3.unicentro.br\/petfisica\/wp-json\/wp\/v2\/types\/page"}],"author":[{"embeddable":true,"href":"https:\/\/www3.unicentro.br\/petfisica\/wp-json\/wp\/v2\/users\/3"}],"replies":[{"embeddable":true,"href":"https:\/\/www3.unicentro.br\/petfisica\/wp-json\/wp\/v2\/comments?post=200"}],"version-history":[{"count":0,"href":"https:\/\/www3.unicentro.br\/petfisica\/wp-json\/wp\/v2\/pages\/200\/revisions"}],"up":[{"embeddable":true,"href":"https:\/\/www3.unicentro.br\/petfisica\/wp-json\/wp\/v2\/pages\/152"}],"wp:attachment":[{"href":"https:\/\/www3.unicentro.br\/petfisica\/wp-json\/wp\/v2\/media?parent=200"}],"curies":[{"name":"wp","href":"https:\/\/api.w.org\/{rel}","templated":true}]}}