{"id":198,"date":"2016-05-27T00:00:00","date_gmt":"2016-05-27T03:00:00","guid":{"rendered":"https:\/\/www3.unicentro.br\/petfisica\/em-2016\/"},"modified":"2018-09-13T11:55:42","modified_gmt":"2018-09-13T14:55:42","slug":"em-2016","status":"publish","type":"page","link":"https:\/\/www3.unicentro.br\/petfisica\/producao\/em-2016\/","title":{"rendered":"Em 2016"},"content":{"rendered":"<ol>\n<li style=\"text-align: justify\"><strong>COSTA, G. C.<\/strong>; BORRERO, P. P. G.; FREITAS, V. F.. Caracteriza\u00e7\u00e3o do PZT via Espectroscopia Fotoac\u00fastica. Em XIII Semana de Estudos de F\u00edsica e III Simp\u00f3sio de F\u00edsica da Unicentro, 2016, Guarapuava -PR. Anais da XIII Semana de Estudos de F\u00edsica e III Simp\u00f3sio de F\u00edsica da Unicentro, 2016.<\/li>\n<li style=\"text-align: justify\"><strong>COSTA, G. C.<\/strong>; BORRERO, P. P. G.; FREITAS, V. F.. Caracteriza\u00e7\u00e3o de Cer\u00e2micas Ferroel\u00e9tricas de Titanatozirconato de Chumbo&nbsp;via Espectroscopia Fotoac\u00fastica. Em XXV Encontro Anual de Inicia\u00e7\u00e3o Cient\u00edfica da Unicentro, 2016, Guarapuava -PR. XXV Encontro Anual de Inicia\u00e7\u00e3o Cient\u00edfica da Unicentro, 2016.<\/li>\n<li style=\"text-align: justify\"><strong>GOMES, A.<\/strong>; SZPUNAR, M. W. G.; BONADIO, T. G. M.; FREITAS, V. F.; MIYAHARA, R. Y.. Influ\u00eancia da Moagem de Part\u00edculas de Biocer\u00e2micas. Em XIII Semana de Estudos de F\u00edsica e III Simp\u00f3sio de F\u00edsica da Unicentro, 2016, Guarapuava -PR. Anais da XIII Semana de Estudos de F\u00edsica e III Simp\u00f3sio de F\u00edsica da Unicentro, 2016.<\/li>\n<li style=\"text-align: justify\"><strong>GOMES, A.<\/strong>; MIYAHARA, R.Y.; BONADIO, T.G.M..Desenvolvimento de comp\u00f3sitos argila-hidroxiapatita para fins biom\u00e9dicos. Em VI Encontro Anual de Inicia\u00e7\u00e3o Tecnol\u00f3gica e Inova\u00e7\u00e3o. UEL, 2016, Londrina &#8211; PR.<\/li>\n<li style=\"text-align: justify\"><strong>PENTEADO, M. H.;<\/strong> THOMEN, D. M. N.; COSTA, G. C.; BORRERO, P. P. G. O Perfil do Aluno do Curso de Licenciatura em F\u00edsica da UNICENTRO em 2015 e 2016. Em 9\u00ba Sal\u00e3o de Extens\u00e3o e Cultura, 2016, Guarapuava &#8211; PR. Anais do IX Sal\u00e3o de Extens\u00e3o e Cultura. Unicentro, 2016.<\/li>\n<li style=\"text-align: justify\"><strong>PENTEADO, M. H.<\/strong>; VICENTINI, E.. Aproxima\u00e7\u00f5es de Deutsch e Debye para Potencial Coulombiano no Estudo de Din\u00e2mica Molecular de Plasma. Em XIII Semana de Estudos de F\u00edsica e III Simp\u00f3sio de F\u00edsica da Unicentro, 2016, Guarapuava -PR. Anais da XIII Semana de Estudos de F\u00edsica e III Simp\u00f3sio de F\u00edsica da Unicentro, 2016.<\/li>\n<li style=\"text-align: justify\"><strong>SILV\u00c9RIO, B. A.<\/strong>; MIYAHARA, R. Y.. Entre deuses mitol\u00f3gicos e astros: Contos para o ensino de f\u00edsica. Em XIII Semana de Estudos de F\u00edsica e III Simp\u00f3sio de F\u00edsica da Unicentro, 2016, Guarapuava -PR. Anais da XIII Semana de Estudos de F\u00edsica e III Simp\u00f3sio de F\u00edsica da Unicentro, 2016.<\/li>\n<li style=\"text-align: justify\"><strong>SILV\u00c9RIO, B. A.<\/strong>; MIYAHARA, R. Y.. Entre deuses mitol\u00f3gicos e astros: Contos para o ensino de f\u00edsica. Em XXV Encontro Anual de Inicia\u00e7\u00e3o Cient\u00edfica da Unicentro, 2016, Guarapuava -PR. XXV Encontro Anual de Inicia\u00e7\u00e3o Cient\u00edfica da Unicentro, 2016.<\/li>\n<li style=\"text-align: justify\"><strong>SZPUNAR, M. W. G.<\/strong>; FREITAS, V. F.. Caracteriza\u00e7\u00e3o da Histerese Ferroel\u00e9trica do Composto BiFeO3-PbTiO3 Dopado com Diferentes Percentuais de La. Em XIII Semana de Estudos de F\u00edsica e III Simp\u00f3sio de F\u00edsica da Unicentro, 2016, Guarapuava -PR. Anais da XIII Semana de Estudos de F\u00edsica e III Simp\u00f3sio de F\u00edsica da Unicentro, 2016.<\/li>\n<li style=\"text-align: justify\"><strong>SZPUNAR, M. W. G.<\/strong>; FREITAS, V. F.. Caracteriza\u00e7\u00e3o da Histerese Ferroel\u00e9trica do Composto BiFeO3-PbTiO3 Dopado com Diferentes Percentuais de La. Em XXV Encontro Anual de Inicia\u00e7\u00e3o Cient\u00edfica da Unicentro, 2016, Guarapuava -PR. XXV Encontro Anual de Inicia\u00e7\u00e3o Cient\u00edfica da Unicentro, 2016.<\/li>\n<li style=\"text-align: justify\"><strong>THOMEN, D. M. N.<\/strong>; FREITAS, V. F.. Obten\u00e7\u00e3o do Composto BiFeO3-PbTiO3 Nanoestruturado. Em XIII Semana de Estudos de F\u00edsica e III Simp\u00f3sio de F\u00edsica da Unicentro, 2016, Guarapuava -PR. Anais da XIII Semana de Estudos de F\u00edsica e III Simp\u00f3sio de F\u00edsica da Unicentro, 2016.<\/li>\n<li style=\"text-align: justify\"><strong>THOMEN, D. M. N.<\/strong>; FREITAS, V. F.. Obten\u00e7\u00e3o do Composto BiFeO3-PbTiO3 Nanoestruturado. Em XXV Encontro Anual de Inicia\u00e7\u00e3o Cient\u00edfica da Unicentro, 2016, Guarapuava -PR. XXV Encontro Anual de Inicia\u00e7\u00e3o Cient\u00edfica da Unicentro, 2016.<\/li>\n<li style=\"text-align: justify\"><strong>THOMEN, D. M. N.<\/strong>; COSTA, G. C.; BORRERO, P. P. G. An\u00e1lise do Desempenho dos Estudantes Matriculados no Primeiro Ano do Curso de Licenciatura em F\u00edsica no Ano de 2015. Em XIII Semana de Estudos de F\u00edsica e III Simp\u00f3sio de F\u00edsica da Unicentro, 2016, Guarapuava -PR. Anais da XIII Semana de Estudos de F\u00edsica e III Simp\u00f3sio de F\u00edsica da Unicentro, 2016.<\/li>\n<li style=\"text-align: justify\"><strong>WITCHEMICHEN, D. H.;<\/strong> BASTOS, R. O. Medida de RN-222 no Ar pela T\u00e9cnica do Carv\u00e3o Ativado. XXV Encontro Anual de Inicia\u00e7\u00e3o Cient\u00edfica da Unicentro, 2016, Guarapuava -PR. XXV Encontro Anual de Inicia\u00e7\u00e3o Cient\u00edfica da Unicentro, 2016.<\/li>\n<\/ol>\n","protected":false},"excerpt":{"rendered":"<p>COSTA, G. C.; BORRERO, P. P. G.; FREITAS, V. F.. Caracteriza\u00e7\u00e3o do PZT via Espectroscopia Fotoac\u00fastica. Em XIII Semana de Estudos de F\u00edsica e III Simp\u00f3sio de F\u00edsica da Unicentro, 2016, Guarapuava -PR. Anais da XIII Semana de Estudos de F\u00edsica e III Simp\u00f3sio de F\u00edsica da Unicentro, 2016. COSTA, G. C.; BORRERO, P. P. [&hellip;]<\/p>\n","protected":false},"author":3,"featured_media":0,"parent":155,"menu_order":0,"comment_status":"closed","ping_status":"open","template":"","meta":{"_exactmetrics_skip_tracking":false,"_exactmetrics_sitenote_active":false,"_exactmetrics_sitenote_note":"","_exactmetrics_sitenote_category":0,"footnotes":"","_links_to":"","_links_to_target":""},"class_list":["post-198","page","type-page","status-publish","hentry"],"_links":{"self":[{"href":"https:\/\/www3.unicentro.br\/petfisica\/wp-json\/wp\/v2\/pages\/198","targetHints":{"allow":["GET"]}}],"collection":[{"href":"https:\/\/www3.unicentro.br\/petfisica\/wp-json\/wp\/v2\/pages"}],"about":[{"href":"https:\/\/www3.unicentro.br\/petfisica\/wp-json\/wp\/v2\/types\/page"}],"author":[{"embeddable":true,"href":"https:\/\/www3.unicentro.br\/petfisica\/wp-json\/wp\/v2\/users\/3"}],"replies":[{"embeddable":true,"href":"https:\/\/www3.unicentro.br\/petfisica\/wp-json\/wp\/v2\/comments?post=198"}],"version-history":[{"count":0,"href":"https:\/\/www3.unicentro.br\/petfisica\/wp-json\/wp\/v2\/pages\/198\/revisions"}],"up":[{"embeddable":true,"href":"https:\/\/www3.unicentro.br\/petfisica\/wp-json\/wp\/v2\/pages\/155"}],"wp:attachment":[{"href":"https:\/\/www3.unicentro.br\/petfisica\/wp-json\/wp\/v2\/media?parent=198"}],"curies":[{"name":"wp","href":"https:\/\/api.w.org\/{rel}","templated":true}]}}