{"id":197,"date":"2016-06-28T00:00:00","date_gmt":"2016-06-28T03:00:00","guid":{"rendered":"https:\/\/www3.unicentro.br\/petfisica\/2016-2-2\/"},"modified":"2026-01-05T21:48:10","modified_gmt":"2026-01-06T00:48:10","slug":"2016-2-2","status":"publish","type":"page","link":"https:\/\/www3.unicentro.br\/petfisica\/atividades\/extensao\/2016-2-2\/","title":{"rendered":"Extens\u00e3o 2016"},"content":{"rendered":"<div>\n<p style=\"text-align: justify\"><span style=\"text-decoration: underline\"><strong><span style=\"font-family: 'times new roman', times, serif;font-size: 12pt\">Semin\u00e1rio dos Grupos PET da UNICENTRO<\/span><\/strong><\/span><\/p>\n<p style=\"text-align: justify\"><span style=\"font-family: 'times new roman', times, serif;font-size: 12pt\">O Semin\u00e1rio dos Grupos PET da UNICENTRO aconteceu no dia 24\/11\/2016 durante o IX S\u00e3o de Extens\u00e3o e Cultura. Nesse evento foram apresentadas as atividades que desenvolvem cada Grupo. O Grupo PET F\u00edsica, representado pelas petianas Ala\u00edne Gomes e Diana Maria Navroski Thomen, detalhou todas as atividades que v\u00eam sendo realizadas pelo Grupo. O Semin\u00e1rio contou com a participa\u00e7\u00e3o de mais de 50 petianos e dos tutores dos outros Grupos. O evento foi um meio positivo de intera\u00e7\u00e3o entre os petianos da UNICENTRO, combinando novas a\u00e7\u00f5es para o melhoramento do Programa.<\/span><\/p>\n<hr \/>\n<p style=\"text-align: justify\"><span style=\"text-decoration: underline\"><strong><span style=\"font-family: 'times new roman', times, serif;font-size: 12pt\">Cursinho comunit\u00e1rio Pr\u00e9-ENEM<\/span><\/strong><\/span><\/p>\n<p style=\"text-align: justify\"><span style=\"font-family: 'times new roman', times, serif;font-size: 12pt\">\u00a0 \u00a0 \u00a0 \u00a0 \u00a0No dia 22 de Outubro de 2016, o Grupo PET-F\u00edsica ministrou aulas preparat\u00f3rias para o ENEM.\u00a0 Foram divididos entre todo o Grupo as tem\u00e1ticas, e conceitos que estavam dispon\u00edveis no edital do ENEM e a partir disso as aulas foram planejadas. \u00a0O p\u00fablico alvo, foram alunos do Quilombo Paiol da Teia, assim como participantes do Cursinho da UNICENTRO e demais interessados.<\/span><\/p>\n<p style=\"text-align: justify\"><span style=\"font-family: 'times new roman', times, serif;font-size: 12pt\">\u00a0 \u00a0 \u00a0 \u00a0 \u00a0 \u00a0 O cursinho j\u00e1 estava ocorrendo aos s\u00e1bados haviam aulas, e os petianos do Grupo-PET F\u00edsica ficaram respons\u00e1veis pelo dia 22. Haviam aproximadamente 10 alunos, o que deixou mais pr\u00e1tico a rela\u00e7\u00e3o professor-aluno.<\/span><\/p>\n<p style=\"text-align: justify\"><span style=\"font-family: 'times new roman', times, serif;font-size: 12pt\">\u00a0 \u00a0 \u00a0 \u00a0 \u00a0 \u00a0O Grupo-PET F\u00edsica achou proveitoso a experi\u00eancia, uma vez que, como curso de licenciatura, tem-se a oportunidade de aperfei\u00e7oar ainda mais o papel de professor, praticando.<\/span><\/p>\n<p style=\"text-align: justify\"><span style=\"font-family: 'times new roman', times, serif;font-size: 12pt\">\u00a0 \u00a0 \u00a0 \u00a0 \u00a0 \u00a0 \u00a0Desejamos a todos uma boa prova!<\/span><\/p>\n<hr \/>\n<p style=\"text-align: justify\"><span style=\"text-decoration: underline\"><strong><span style=\"font-family: 'times new roman', times, serif;font-size: 12pt\">Visita de Alunos da Escola Guairac\u00e1<\/span><\/strong><\/span><\/p>\n<p style=\"text-align: justify\"><span style=\"font-family: 'times new roman', times, serif;font-size: 12pt\">\u00a0 \u00a0 \u00a0 \u00a0 \u00a0 \u00a0 \u00a0 No dia 15 de junho de 2016, 3 alunos do primeiro ano do ensino m\u00e9dio, da Escola Guairac\u00e1, visitaram as depend\u00eancias do curso de f\u00edsica da Unicentro, acompanhados por 3 aulas da pedagogia da faculdade Guairac\u00e1. A visita foi organizada pelas mesmas, com o intuito de mostrar a realidade de cada curso superior para os alunos do primeiro ano, para isso os aluno responderam um teste vocacional e foram encaminhados aos cursos que o teste sugeriu como resposta. Durante a visita, foi apresentado os laborat\u00f3rios did\u00e1ticos de f\u00edsica experimental, alguns laborat\u00f3rios de pesquisa. A petiana, Ala\u00edne Gomes, conversou com os alunos sobre o programa PET e suas experi\u00eancias no Grupo PET \u2013 F\u00edsica.<\/span><\/p>\n<hr \/>\n<p style=\"text-align: justify\"><span style=\"text-decoration: underline\"><strong><span style=\"font-family: 'times new roman', times, serif;font-size: 12pt\">Visita t\u00e9cnica do Col\u00e9gio Estadual Professora J\u00falia H. de Souza<\/span><\/strong><\/span><\/p>\n<p style=\"text-align: justify\"><span style=\"font-family: 'times new roman', times, serif;font-size: 12pt\">\u00a0 \u00a0 \u00a0 \u00a0 \u00a0 \u00a0 \u00a0Os petianos do Grupo PET-F\u00edsica organizar\u00e3o e apresentam os laborat\u00f3rios did\u00e1ticos e algumas experi\u00eancias aos alunos da educa\u00e7\u00e3o b\u00e1sica do Col\u00e9gio Est. Prof\u00aa J\u00falia H. de Souza\u200f. A visita ocorreu na manh\u00e3 do dia 03 de junho de 2016, havia cerca de 40 alunos, que vieram diretamente de Pitanga para visitar o campus.<\/span><\/p>\n<p style=\"text-align: justify\"><span style=\"font-family: 'times new roman', times, serif;font-size: 12pt\">\u00a0 \u00a0 \u00a0 \u00a0 \u00a0 As professoras respons\u00e1veis Elenita (F\u00edsica) e Claudia (Pedagoga), comentaram sobre a import\u00e2ncia para os alunos que est\u00e3o no ensino m\u00e9dio terem esse contato com a vida acad\u00eamica, at\u00e9 mesmo para melhor decidirem qual \u00e1rea escolher para uma poss\u00edvel gradua\u00e7\u00e3o. O grupo de alunos foram separados em 3, e distribu\u00eddos em 3 laborat\u00f3rios onde viram experi\u00eancias sobre mec\u00e2nica, \u00f3ptica e eletricidade.<\/span><\/p>\n<p style=\"text-align: justify\"><span style=\"font-family: 'times new roman', times, serif;font-size: 12pt\">\u00a0 \u00a0 \u00a0 \u00a0 \u00a0 \u00a0 Os petianos tamb\u00e9m ficaram contentes com a visita, uma vez que tiveram oportunidade de confraternizar com o pessoal, de modo a explicar os conceitos f\u00edsicos das experi\u00eancias mas tamb\u00e9m para comentar sobre a viv\u00eancia do acad\u00eamico de f\u00edsica. Ainda como curso de licenciatura, puderam mais uma vez aprimorar explica\u00e7\u00f5es e envolvimento com os alunos do ensino m\u00e9dio.<\/span><\/p>\n<hr \/>\n<p style=\"text-align: justify\"><span style=\"text-decoration: underline\"><strong><span style=\"font-family: 'times new roman', times, serif;font-size: 12pt\">Visita t\u00e9cnica ao Quilombo de Ivaporunduva<\/span><\/strong><\/span><\/p>\n<p style=\"text-align: justify\"><span style=\"font-family: 'times new roman', times, serif;font-size: 12pt\">\u00a0 \u00a0 \u00a0 \u00a0 \u00a0 \u00a0 \u00a0 Durante os dias 1, 2 e 3 de abril de 2016, dois membros do Grupo PET \u2013 F\u00edsica fizeram uma visita t\u00e9cnina, juntamente com o Grupo PET \u2013 Geografia, para o Quilombo de Ivaporunduva. O Quilombo de Ivaporunduva esta localizado no Munic\u00edpio de Eldorado S\u00e3o Paulo, na SP 165, Eldorado\/Iporanga, \u00e0s margens do Rio Ribeira de Iguape. Composta por 80 fam\u00edlias, a Comunidade de Ivaporunduva tem uma popula\u00e7\u00e3o de 308 pessoas, sendo 80 crian\u00e7as, 195 adultos e 33 idosos. A sobreviv\u00eancia dessas fam\u00edlias \u00e9 conseguida com o cultivo tradicional de ro\u00e7a: arroz, mandioca, milho, feij\u00e3o, verduras e legumes para uso pr\u00f3prio. Para o consumo e gera\u00e7\u00e3o de renda produzem banana org\u00e2nica e artesanato, recebem grupos escolares para turismo, al\u00e9m de algumas pessoas que s\u00e3o funcion\u00e1rias da prefeitura e aposentadas.<\/span><\/p>\n<p style=\"text-align: justify\"><span style=\"font-family: 'times new roman', times, serif;font-size: 12pt\">Ala\u00edne: \u201cConhecer como um povo que foi t\u00e3o excluido, lutando pela sua dignidade, e vivendo daquilo que conseguiram por direito \u00e9 muito enriquecedor. Foi uma oportunidade singular poder vivenciar a hist\u00f3ria dos antepassados do quilombo pela trilha do ouro, por como a vila foi constru\u00edda\u201d.<\/span><\/p>\n<p style=\"text-align: justify\"><span style=\"font-family: 'times new roman', times, serif;font-size: 12pt\">B\u00e1rbara: \u201cEsta visita foi uma experi\u00eancia enriquecedora, sempre admirei a cultura e, principalmente, a luta do povo quilombola e estar l\u00e1, conversando com eles, conhecendo as suas hist\u00f3rias, aumentou ainda mais minha fascina\u00e7\u00e3o. Al\u00e9m de estar em um lugar maravilhoso, que para cada lado encontra-se uma \u00f3tima foto\u201d.<\/span><\/p>\n<p style=\"text-align: justify\"><span style=\"font-family: 'times new roman', times, serif;font-size: 12pt\">\u00a0 \u00a0 \u00a0 \u00a0 \u00a0 \u00a0 \u00a0 O Grupo PET \u2013 F\u00edsica agradece ao Grupo PET Geografia pela oportunidade de integra\u00e7\u00e3o entre os PETs e crescimento pessoal dos envolvidos na visita.<\/span><\/p>\n<hr \/>\n<p style=\"text-align: justify\"><span style=\"text-decoration: underline\"><strong><span style=\"font-family: 'times new roman', times, serif;font-size: 12pt\">A\u00e7\u00e3o Social do grupo PET<\/span><\/strong><\/span><\/p>\n<\/div>\n<div>\n<p style=\"text-align: justify\"><span style=\"font-family: 'times new roman', times, serif;font-size: 12pt\">\u00a0 \u00a0 \u00a0 \u00a0 \u00a0 \u00a0 No dia 15 de abril, o Grupo PET-F\u00edsica, em conjunto com o Grupo PET-Geografia se deslocou at\u00e9 a hemocentro de Guarapuava para realizar doa\u00e7\u00e3o de sangue. Pelo intuito nobre,\u00a0 os\u00a0petianos\u00a0se solidarizaram com a causa, uma vez que a\u00a0falta do estoque de sangue em um hospital pode levar ao cancelamento de cirurgias e de procedimentos.\u00a0Em cada doa\u00e7\u00e3o, s\u00e3o coletados aproximadamente 450 ml de sangue, e nela h\u00e1 condi\u00e7\u00f5es de salvar at\u00e9 mesmo quatro vidas, visto que o material \u00e9 separado em hem\u00e1cias, plaquetas, plasma e\u00a0crioprecipitado\u00a0que podem ser utilizados em diversas situa\u00e7\u00f5es cl\u00ednicas. A\u00a0experi\u00eancia\u00a0em si foi algo incr\u00edvel para todos, e a agulha nem pareceu t\u00e3o grande, por termos sido tratados t\u00e3o bem!\u00a0Antes de doarmos sangue respondemos um\u00a0question\u00e1rio\u00a0e fizemos alguns exames, algo que ser\u00e1 reaproveitado para cuidar\u00a0mais ainda\u00a0da\u00a0sa\u00fade.\u00a0Apesar da ansiedade de alguns\u00a0nenhum\u00a0petiano\u00a0desmaiou,\u00a0e\u00a0ainda recebemos lanche\u00a0pr\u00e9\u00a0e p\u00f3s doa\u00e7\u00e3o, para continuarmos fortes.\u00a0Por ter sido uma boa\u00a0experi\u00eancia, todos pretendemos doar sangue com mais frequ\u00eancia.<\/span><\/p>\n<\/div>\n","protected":false},"excerpt":{"rendered":"<p>Semin\u00e1rio dos Grupos PET da UNICENTRO O Semin\u00e1rio dos Grupos PET da UNICENTRO aconteceu no dia 24\/11\/2016 durante o IX S\u00e3o de Extens\u00e3o e Cultura. Nesse evento foram apresentadas as atividades que desenvolvem cada Grupo. O Grupo PET F\u00edsica, representado pelas petianas Ala\u00edne Gomes e Diana Maria Navroski Thomen, detalhou todas as atividades que v\u00eam [&hellip;]<\/p>\n","protected":false},"author":3,"featured_media":0,"parent":190,"menu_order":0,"comment_status":"closed","ping_status":"open","template":"","meta":{"_exactmetrics_skip_tracking":false,"_exactmetrics_sitenote_active":false,"_exactmetrics_sitenote_note":"","_exactmetrics_sitenote_category":0,"footnotes":"","_links_to":"","_links_to_target":""},"class_list":["post-197","page","type-page","status-publish","hentry"],"_links":{"self":[{"href":"https:\/\/www3.unicentro.br\/petfisica\/wp-json\/wp\/v2\/pages\/197","targetHints":{"allow":["GET"]}}],"collection":[{"href":"https:\/\/www3.unicentro.br\/petfisica\/wp-json\/wp\/v2\/pages"}],"about":[{"href":"https:\/\/www3.unicentro.br\/petfisica\/wp-json\/wp\/v2\/types\/page"}],"author":[{"embeddable":true,"href":"https:\/\/www3.unicentro.br\/petfisica\/wp-json\/wp\/v2\/users\/3"}],"replies":[{"embeddable":true,"href":"https:\/\/www3.unicentro.br\/petfisica\/wp-json\/wp\/v2\/comments?post=197"}],"version-history":[{"count":1,"href":"https:\/\/www3.unicentro.br\/petfisica\/wp-json\/wp\/v2\/pages\/197\/revisions"}],"predecessor-version":[{"id":16438,"href":"https:\/\/www3.unicentro.br\/petfisica\/wp-json\/wp\/v2\/pages\/197\/revisions\/16438"}],"up":[{"embeddable":true,"href":"https:\/\/www3.unicentro.br\/petfisica\/wp-json\/wp\/v2\/pages\/190"}],"wp:attachment":[{"href":"https:\/\/www3.unicentro.br\/petfisica\/wp-json\/wp\/v2\/media?parent=197"}],"curies":[{"name":"wp","href":"https:\/\/api.w.org\/{rel}","templated":true}]}}