{"id":192,"date":"2015-12-21T00:00:00","date_gmt":"2015-12-21T02:00:00","guid":{"rendered":"https:\/\/www3.unicentro.br\/petfisica\/2015-2-3\/"},"modified":"2026-01-05T21:47:28","modified_gmt":"2026-01-06T00:47:28","slug":"2015-2-3","status":"publish","type":"page","link":"https:\/\/www3.unicentro.br\/petfisica\/atividades\/extensao\/2015-2-3\/","title":{"rendered":"Extens\u00e3o 2015"},"content":{"rendered":"<p style=\"text-align: justify\"><span style=\"text-decoration: underline\"><strong><span style=\"font-family: 'times new roman', times, serif;font-size: 12pt\">Visita T\u00e9cnica\u00a0<\/span><\/strong><\/span><\/p>\n<p style=\"text-align: justify\"><span style=\"font-family: 'times new roman', times, serif;font-size: 12pt\">O Grupo PET-F\u00edsica fez uma visita t\u00e9cnica na empresa Decamp, no dia 11 de dezembro de 2015. A visita teve por objetivo proporcionar uma vis\u00e3o ampla das aplica\u00e7\u00f5es da F\u00edsica na ind\u00fastria. Durante a visita foi observado as etapas do projeto e processo de fabrica\u00e7\u00e3o de uma turbina Francis Horizontal de uma Central Geradora Hidrel\u00e9trica (CGH).<\/span><\/p>\n<p style=\"text-align: justify\"><span style=\"font-family: 'times new roman', times, serif;font-size: 12pt\">A Decamp \u00e9 uma empresa do ramo da metalmec\u00e2nico, localizada na regi\u00e3o central do Paran\u00e1, as margens da BR-277, principal corredor de escoamento do Estado, a qual \u00e9 voltada a diversos segmentos industriais, dando \u00eanfase aos setores, madeireiro, papel e celulose, qu\u00edmico, \u00e1lcool e a\u00e7\u00facar, agroneg\u00f3cio, frigorifico, minera\u00e7\u00e3o e gera\u00e7\u00e3o de energia (t\u00e9rmica e h\u00eddrica). Conta com uma \u00e1rea de 24 mil metros quadrados dos quais 8 mil s\u00e3o edificados e abrigam as \u00e1reas de usinagem e caldeiraria. A empresa tem 4 anos e conta com aproximadamente 40 funcion\u00e1rios.<\/span><\/p>\n<hr \/>\n<p style=\"text-align: justify\"><span style=\"text-decoration: underline\"><strong><span style=\"font-family: 'times new roman', times, serif;font-size: 12pt\">Semana de Integra\u00e7\u00e3o Ensino, Pesquisa e Extens\u00e3o<\/span><\/strong><\/span><\/p>\n<ol>\n<li style=\"text-align: justify\"><span style=\"font-family: 'times new roman', times, serif;font-size: 12pt\"><span style=\"font-family: 'times new roman', times, serif;font-size: 12pt\">Oficina Mitos da F\u00edsica 2.0<\/span><\/span>\n<p style=\"text-align: justify\"><span style=\"font-family: 'times new roman', times, serif;font-size: 12pt\">Na Semana de Integra\u00e7\u00e3o Ensino, Pesquisa e Extens\u00e3o, SIEPE, o Grupo PET F\u00edsica ministrou a oficina Mitos da F\u00edsica 2.0. Ela aconteceu no dia 28 de outubro de 2015. Essa Oficina foi subdividida em cinco diferentes grupos de Mitos, associando cada um deles a fen\u00f4menos de mec\u00e2nica ou calor ou radia\u00e7\u00e3o ou eletromagnetismo ou termodin\u00e2mica, isto \u00e9, a fen\u00f4menos de f\u00edsica geral e f\u00edsica moderna.<\/span><\/p>\n<p style=\"text-align: justify\"><span style=\"font-family: 'times new roman', times, serif;font-size: 12pt\">A oficina desenvolveu-se interagindo com o p\u00fablico presente, mostrando que nem sempre o senso comum possui a explica\u00e7\u00e3o correta para os fen\u00f4menos observados no seu dia-a-dia.<\/span><\/p>\n<p style=\"text-align: justify\"><span style=\"font-family: 'times new roman', times, serif;font-size: 12pt\">Participantes: 33 pessoas, em sua maioria acad\u00eamicos da UNICENTRO.<\/span><\/p>\n<\/li>\n<li>\u00a0Monitorias<span style=\"font-family: times new roman, times, serif\">\u00a0:\u00a0<\/span><span style=\"font-family: times new roman, times, serif\"><span style=\"font-family: times new roman, times, serif\"><span style=\"font-family: 'times new roman', times, serif;font-size: 12pt\">Todos os petianos participaram como monitores durante a SIEPE, auxiliando os apresentadores e debatedores durante as sess\u00f5es<\/span><\/span>\u00a0<\/span><\/li>\n<li><span style=\"font-family: 'times new roman', times, serif;font-size: 12pt\">Semin\u00e1rio dos Grupos PET da UNICENTRO<\/span><\/li>\n<\/ol>\n<p style=\"text-align: justify;padding-left: 30px\"><span style=\"font-family: 'times new roman', times, serif;font-size: 12pt\">O Semin\u00e1rio dos Grupos PET da UNICENTRO aconteceu no dia 29\/10\/2015. Nesse evento foram apresentadas as atividades que desenvolvem cada Grupo. O PET F\u00edsica, por meio de seu tutor e dos petianos, detalhou todas as atividades que v\u00eam sendo realizadas pelo Grupo. O Semin\u00e1rio contou com a participa\u00e7\u00e3o de mais de 80 petianos e dos tutores dos outros Grupos. O evento foi um meio positivo de intera\u00e7\u00e3o entre os petianos da UNICENTRO, combinando novas a\u00e7\u00f5es para o melhoramento do Programa.<\/span><\/p>\n<hr \/>\n<p style=\"text-align: justify\"><span style=\"text-decoration: underline\"><strong><span style=\"font-family: 'times new roman', times, serif;font-size: 12pt\">Semana Nacional de Ci\u00eancia e Tecnologia<\/span><\/strong><\/span><\/p>\n<p style=\"text-align: justify\"><span style=\"font-family: 'times new roman', times, serif;font-size: 12pt\">A Semana Nacional de Ci\u00eancia e Tecnologia (SNCT) \u00e9 coordenada pelo Minist\u00e9rio de Ci\u00eancia, Tecnologia e Inova\u00e7\u00e3o. A UNICENTRO participa anualmente por meio da Ag\u00eancia de Inova\u00e7\u00e3o Tecnol\u00f3gica da Unicentro, Novatec. Neste ano, \u201cLuz, Ci\u00eancia e Vida\u201d foi o tema escolhido para a SNCT. A motiva\u00e7\u00e3o para essa escolha baseou-se na decis\u00e3o da Assembleia Geral das Na\u00e7\u00f5es Unidas, que proclamou 2015 como o Ano Internacional da Luz, com objetivo de celebr\u00e1-la como mat\u00e9ria da ci\u00eancia e do desenvolvimento. A Semana aconteceu de 19 a 25 de outubro.<\/span><\/p>\n<p style=\"text-align: justify\"><span style=\"font-family: 'times new roman', times, serif;font-size: 12pt\">O objetivo dessa Semana foi aproximar a ci\u00eancia e tecnologia da popula\u00e7\u00e3o em linguagem acess\u00edvel a ela\u00a0e estimular a curiosidade que motivem a popula\u00e7\u00e3o a discutir as implica\u00e7\u00f5es sociais da ci\u00eancia e aprofundar seus conhecimentos sobre o tema.<\/span><\/p>\n<p style=\"text-align: justify\"><span style=\"font-family: 'times new roman', times, serif;font-size: 12pt\">Durante cada per\u00edodo, o Grupo PET &#8211; F\u00edsica participou ministrando palestra e apresentando experimentos relacionados com a luz e suas implica\u00e7\u00f5es tecnol\u00f3gicas.<\/span><\/p>\n<p style=\"text-align: justify\"><span style=\"font-family: 'times new roman', times, serif;font-size: 12pt\">Participantes: 255 estudantes da rede p\u00fablica e privada de Guarapuava e regi\u00e3o.<\/span><\/p>\n","protected":false},"excerpt":{"rendered":"<p>Visita T\u00e9cnica\u00a0 O Grupo PET-F\u00edsica fez uma visita t\u00e9cnica na empresa Decamp, no dia 11 de dezembro de 2015. A visita teve por objetivo proporcionar uma vis\u00e3o ampla das aplica\u00e7\u00f5es da F\u00edsica na ind\u00fastria. Durante a visita foi observado as etapas do projeto e processo de fabrica\u00e7\u00e3o de uma turbina Francis Horizontal de uma Central [&hellip;]<\/p>\n","protected":false},"author":3,"featured_media":0,"parent":190,"menu_order":0,"comment_status":"closed","ping_status":"open","template":"","meta":{"_exactmetrics_skip_tracking":false,"_exactmetrics_sitenote_active":false,"_exactmetrics_sitenote_note":"","_exactmetrics_sitenote_category":0,"footnotes":"","_links_to":"","_links_to_target":""},"class_list":["post-192","page","type-page","status-publish","hentry"],"_links":{"self":[{"href":"https:\/\/www3.unicentro.br\/petfisica\/wp-json\/wp\/v2\/pages\/192","targetHints":{"allow":["GET"]}}],"collection":[{"href":"https:\/\/www3.unicentro.br\/petfisica\/wp-json\/wp\/v2\/pages"}],"about":[{"href":"https:\/\/www3.unicentro.br\/petfisica\/wp-json\/wp\/v2\/types\/page"}],"author":[{"embeddable":true,"href":"https:\/\/www3.unicentro.br\/petfisica\/wp-json\/wp\/v2\/users\/3"}],"replies":[{"embeddable":true,"href":"https:\/\/www3.unicentro.br\/petfisica\/wp-json\/wp\/v2\/comments?post=192"}],"version-history":[{"count":1,"href":"https:\/\/www3.unicentro.br\/petfisica\/wp-json\/wp\/v2\/pages\/192\/revisions"}],"predecessor-version":[{"id":16437,"href":"https:\/\/www3.unicentro.br\/petfisica\/wp-json\/wp\/v2\/pages\/192\/revisions\/16437"}],"up":[{"embeddable":true,"href":"https:\/\/www3.unicentro.br\/petfisica\/wp-json\/wp\/v2\/pages\/190"}],"wp:attachment":[{"href":"https:\/\/www3.unicentro.br\/petfisica\/wp-json\/wp\/v2\/media?parent=192"}],"curies":[{"name":"wp","href":"https:\/\/api.w.org\/{rel}","templated":true}]}}